{"id":644,"date":"2026-04-12T10:12:57","date_gmt":"2026-04-12T10:12:57","guid":{"rendered":"https:\/\/xn--trngiaminh-bl3e.azdigi.shop\/?post_type=product&#038;p=644"},"modified":"2026-04-23T16:57:30","modified_gmt":"2026-04-23T16:57:30","slug":"banh-trang-tron-ngu-vi-combo-2-phan","status":"publish","type":"product","link":"https:\/\/xn--trngiaminh-bl3e.azdigi.shop\/?product=banh-trang-tron-ngu-vi-combo-2-phan","title":{"rendered":"COMBO 2 PH\u1ea6N \u2013 TI\u1ebeT KI\u1ec6M 10%"},"content":{"rendered":"<h1 data-section-id=\"10jr7bo\" data-start=\"106\" data-end=\"190\">\u00a0B\u00e1nh tr\u00e1ng tr\u1ed9n ng\u0169 v\u1ecb Gia B\u1ea3o COMBO 2 ph\u1ea7n \u2013 \u0111\u1eadm \u0111\u00e0, b\u00e9o th\u01a1m, chu\u1ea9n v\u1ecb T\u00e2y Ninh<\/h1>\n<h2 data-section-id=\"1ykssp9\" data-start=\"192\" data-end=\"219\">\ud83d\udccc Gi\u1edbi thi\u1ec7u s\u1ea3n ph\u1ea9m<\/h2>\n<p data-section-id=\"10jr7bo\" data-start=\"106\" data-end=\"190\"><a href=\"https:\/\/vi.wikipedia.org\/wiki\/B%C3%A1nh_tr%C3%A1ng\">B\u00e1nh tr\u00e1ng<\/a> tr\u1ed9n ng\u0169 v\u1ecb Gia B\u1ea3o COMBO 2 ph\u1ea7n \u00a0l\u00e0 m\u00f3n \u0103n v\u1eb7t h\u1ea5p d\u1eabn v\u1edbi s\u1ef1 k\u1ebft h\u1ee3p gi\u1eefa b\u00e1nh tr\u00e1ng d\u1ebbo t\u00f4m T\u00e2y Ninh v\u00e0 l\u1edbp b\u01a1 b\u00e9o ng\u1eady. S\u1ea3n ph\u1ea9m mang \u0111\u1ebfn h\u01b0\u01a1ng v\u1ecb ng\u0169 v\u1ecb \u0111\u1eb7c tr\u01b0ng, \u0111\u1eadm \u0111\u00e0 v\u00e0 c\u1ef1c k\u1ef3 cu\u1ed1n, ph\u00f9 h\u1ee3p cho nh\u1eefng ai th\u00edch \u0111\u1ed3 \u0103n v\u1eb7t l\u1ea1 mi\u1ec7ng nh\u01b0ng v\u1eabn d\u1ec5 \u0103n.<\/p>\n<hr data-start=\"488\" data-end=\"491\" \/>\n<h2 data-section-id=\"k214mm\" data-start=\"493\" data-end=\"516\">\u2b50 \u0110\u1eb7c \u0111i\u1ec3m n\u1ed5i b\u1eadt<\/h2>\n<p data-start=\"518\" data-end=\"597\">\ud83d\udc49 <strong data-start=\"521\" data-end=\"552\">B\u00e1nh tr\u00e1ng d\u1ebbo t\u00f4m T\u00e2y Ninh<\/strong><br data-start=\"552\" data-end=\"555\" \/>D\u1ebbo m\u1ec1m, th\u01a1m nh\u1eb9 v\u1ecb t\u00f4m, kh\u00f4ng kh\u00f4 c\u1ee9ng<\/p>\n<p data-start=\"599\" data-end=\"674\">\ud83d\udc49 <strong data-start=\"602\" data-end=\"627\">B\u01a1 b\u00e9o k\u1ebft h\u1ee3p ng\u0169 v\u1ecb<\/strong><br data-start=\"627\" data-end=\"630\" \/>H\u00e0i h\u00f2a gi\u1eefa cay \u2013 m\u1eb7n \u2013 ng\u1ecdt \u2013 chua \u2013 b\u00e9o<\/p>\n<p data-start=\"676\" data-end=\"738\">\ud83d\udc49 <strong data-start=\"679\" data-end=\"708\">H\u01b0\u01a1ng v\u1ecb \u0111\u1eadm \u0111\u00e0, d\u1ec5 ghi\u1ec1n<\/strong><br data-start=\"708\" data-end=\"711\" \/>\u0102n m\u1ed9t l\u1ea7n l\u00e0 nh\u1edb lu\u00f4n \ud83d\ude0f<\/p>\n<p data-start=\"740\" data-end=\"820\">\ud83d\udc49 <strong data-start=\"743\" data-end=\"775\">\u0110\u00f3ng g\u00f3i ti\u1ec7n l\u1ee3i d\u1ea1ng combo<\/strong><br data-start=\"775\" data-end=\"778\" \/>Ph\u00f9 h\u1ee3p mang \u0111i ch\u01a1i, \u0103n v\u1eb7t c\u00f9ng b\u1ea1n b\u00e8<\/p>\n<hr data-start=\"822\" data-end=\"825\" \/>\n<h2 data-section-id=\"aif1n3\" data-start=\"827\" data-end=\"858\">\ud83d\udd25 V\u00ec sao n\u00ean ch\u1ecdn COMBO 2 ph\u1ea7n ?<\/h2>\n<p>H\u01b0\u01a1ng v\u1ecb ng\u0169 v\u1ecb \u0111\u1ed9c \u0111\u00e1o, kh\u00e1c bi\u1ec7t<\/p>\n<p>Nguy\u00ean li\u1ec7u ch\u1ecdn l\u1ecdc, \u0111\u1ea3m b\u1ea3o an to\u00e0n<\/p>\n<p>Ph\u00f9 h\u1ee3p \u0103n v\u1eb7t, t\u1ee5 t\u1eadp, picnic<\/p>\n<p>\u0110\u01b0\u1ee3c nhi\u1ec1u ng\u01b0\u1eddi y\u00eau th\u00edch<\/p>\n<p data-start=\"1008\" data-end=\"1022\">\ud83d\udc49 Xem th\u00eam:<\/p>\n<ul data-start=\"1023\" data-end=\"1129\">\n<li data-section-id=\"snncb2\" data-start=\"1023\" data-end=\"1050\">\/banh-trang-bo-combo-03<\/li>\n<li data-section-id=\"snnamk\" data-start=\"1051\" data-end=\"1078\">\/banh-trang-bo-combo-01<\/li>\n<li data-section-id=\"dvml04\" data-start=\"1079\" data-end=\"1104\">\/banh-trang-bo-hot-ga<\/li>\n<li data-section-id=\"764mls\" data-start=\"1105\" data-end=\"1129\">\/banh-trang-sieu-cay<\/li>\n<\/ul>\n<hr data-start=\"1131\" data-end=\"1134\" \/>\n<h2 data-section-id=\"1r8xp2s\" data-start=\"1136\" data-end=\"1157\">\ud83c\udf7d\ufe0f C\u00e1ch s\u1eed d\u1ee5ng<\/h2>\n<ul data-start=\"1159\" data-end=\"1250\">\n<li data-section-id=\"778ojj\" data-start=\"1159\" data-end=\"1181\">M\u1edf t\u00fai v\u00e0 tr\u1ed9n \u0111\u1ec1u<\/li>\n<li data-section-id=\"1k8gdex\" data-start=\"1182\" data-end=\"1250\">\u0102n ngay ho\u1eb7c \u0103n k\u00e8m:\n<ul data-start=\"1207\" data-end=\"1250\">\n<li data-section-id=\"4kbdea\" data-start=\"1207\" data-end=\"1218\">Rau r\u0103m<\/li>\n<li data-section-id=\"htwiug\" data-start=\"1221\" data-end=\"1234\">\u0110\u1eadu ph\u1ed9ng<\/li>\n<li data-section-id=\"wlm5b7\" data-start=\"1237\" data-end=\"1250\">Tr\u1ee9ng c\u00fat<\/li>\n<\/ul>\n<\/li>\n<\/ul>\n<p data-start=\"1252\" data-end=\"1277\">\ud83d\udc49 T\u0103ng \u0111\u1ed9 ngon v\u00e0 \u0111\u1eadm v\u1ecb<\/p>\n<hr data-start=\"1279\" data-end=\"1282\" \/>\n<h2 data-section-id=\"17zqm0i\" data-start=\"1284\" data-end=\"1299\">\ud83d\udcaa L\u1ee3i \u00edch<\/h2>\n<ul data-start=\"1301\" data-end=\"1409\">\n<li data-section-id=\"1grqtc3\" data-start=\"1301\" data-end=\"1329\">B\u1ed5 sung n\u0103ng l\u01b0\u1ee3ng nhanh<\/li>\n<li data-section-id=\"1oju8x8\" data-start=\"1330\" data-end=\"1362\">Ti\u1ec7n l\u1ee3i, kh\u00f4ng c\u1ea7n ch\u1ebf bi\u1ebfn<\/li>\n<li data-section-id=\"wnamfz\" data-start=\"1363\" data-end=\"1409\">Ph\u00f9 h\u1ee3p h\u1ecdc sinh, sinh vi\u00ean, d\u00e2n v\u0103n ph\u00f2ng<\/li>\n<\/ul>\n<hr data-start=\"1411\" data-end=\"1414\" \/>\n<h2 data-section-id=\"1akwto9\" data-start=\"1416\" data-end=\"1432\">\ud83d\udce6 B\u1ea3o qu\u1ea3n<\/h2>\n<ul data-start=\"1434\" data-end=\"1516\">\n<li data-section-id=\"13oxbi1\" data-start=\"1434\" data-end=\"1464\">\u0110\u1ec3 n\u01a1i kh\u00f4 r\u00e1o, tho\u00e1ng m\u00e1t<\/li>\n<li data-section-id=\"14b2v40\" data-start=\"1465\" data-end=\"1493\">Tr\u00e1nh \u00e1nh n\u1eafng tr\u1ef1c ti\u1ebfp<\/li>\n<li data-section-id=\"d5oggr\" data-start=\"1494\" data-end=\"1516\">\u0110\u1eady k\u00edn sau khi m\u1edf<\/li>\n<\/ul>\n<hr data-start=\"1518\" data-end=\"1521\" \/>\n<h2 data-section-id=\"13y1ass\" data-start=\"1523\" data-end=\"1539\">\ud83c\udfaf K\u1ebft lu\u1eadn<\/h2>\n<h1 data-section-id=\"10jr7bo\" data-start=\"106\" data-end=\"190\">B\u00e1nh tr\u00e1ng tr\u1ed9n ng\u0169 v\u1ecb Gia B\u1ea3o COMBO 2 ph\u1ea7n<\/h1>\n<p data-start=\"1541\" data-end=\"1623\">\ud83d\udc49 D\u1ebbo \u2013 b\u00e9o \u2013 \u0111\u1eadm v\u1ecb \u2013 c\u1ef1c cu\u1ed1n<\/p>\n<p data-start=\"1625\" data-end=\"1658\">\ud83d\udd25 Combo \u0103n v\u1eb7t kh\u00f4ng th\u1ec3 b\u1ecf qua!<\/p>\n<hr data-start=\"1660\" data-end=\"1663\" \/>\n<h1 data-section-id=\"1i1pi1j\" data-start=\"1665\" data-end=\"1678\"><\/h1>\n","protected":false},"excerpt":{"rendered":"<div>Combo nhi\u1ec1u ph\u1ea7n b\u00e1nh tr\u00e1ng tr\u1ed9n, ti\u1ebft ki\u1ec7m h\u01a1n mua l\u1ebb.<\/div>\n<div><\/div>\n<div>\ud83d\udc49 Ph\u00f9 h\u1ee3p \u0103n nh\u00f3m, b\u1ea1n b\u00e8<\/div>\n<div>\ud83d\udc49 Gi\u00e1 r\u1ebb h\u01a1n khi mua ri\u00eang t\u1eebng ph\u1ea7n<\/div>\n","protected":false},"featured_media":945,"comment_status":"open","ping_status":"closed","template":"","meta":[],"product_brand":[],"product_cat":[42],"product_tag":[],"class_list":{"0":"post-644","1":"product","2":"type-product","3":"status-publish","4":"has-post-thumbnail","6":"product_cat-combo","8":"first","9":"instock","10":"sale","11":"shipping-taxable","12":"purchasable","13":"product-type-variable"},"yoast_head":"<!-- This site is optimized with the Yoast SEO plugin v27.0 - https:\/\/yoast.com\/product\/yoast-seo-wordpress\/ -->\n<title>B\u00e1nh tr\u00e1ng tr\u1ed9n ng\u0169 v\u1ecb Gia B\u1ea3o COMBO 2 ph\u1ea7n<\/title>\n<meta name=\"description\" content=\"B\u00e1nh tr\u00e1ng tr\u1ed9n ng\u0169 v\u1ecb Gia B\u1ea3o COMBO 2 ph\u1ea7n d\u1ebbo m\u1ec1m, b\u00e9o th\u01a1m, \u0111\u1eadm v\u1ecb chu\u1ea9n T\u00e2y Ninh. M\u00f3n \u0103n v\u1eb7t h\u1ea5p d\u1eabn, ti\u1ec7n l\u1ee3i, ph\u00f9 h\u1ee3p m\u1ecdi \u0111\u1ed1i t\u01b0\u1ee3ng.\" \/>\n<meta name=\"robots\" content=\"index, follow, max-snippet:-1, max-image-preview:large, max-video-preview:-1\" \/>\n<link rel=\"canonical\" href=\"https:\/\/xn--trngiaminh-bl3e.azdigi.shop\/?product=banh-trang-tron-ngu-vi-combo-2-phan\" \/>\n<meta property=\"og:locale\" content=\"vi_VN\" \/>\n<meta property=\"og:type\" content=\"article\" \/>\n<meta property=\"og:title\" content=\"B\u00e1nh tr\u00e1ng tr\u1ed9n ng\u0169 v\u1ecb Gia B\u1ea3o COMBO 2 ph\u1ea7n\" \/>\n<meta property=\"og:description\" content=\"B\u00e1nh tr\u00e1ng tr\u1ed9n ng\u0169 v\u1ecb Gia B\u1ea3o COMBO 2 ph\u1ea7n d\u1ebbo m\u1ec1m, b\u00e9o th\u01a1m, \u0111\u1eadm v\u1ecb chu\u1ea9n T\u00e2y Ninh. M\u00f3n \u0103n v\u1eb7t h\u1ea5p d\u1eabn, ti\u1ec7n l\u1ee3i, ph\u00f9 h\u1ee3p m\u1ecdi \u0111\u1ed1i t\u01b0\u1ee3ng.\" \/>\n<meta property=\"og:url\" content=\"https:\/\/xn--trngiaminh-bl3e.azdigi.shop\/?product=banh-trang-tron-ngu-vi-combo-2-phan\" \/>\n<meta property=\"og:site_name\" content=\"banhtrang\" \/>\n<meta property=\"article:modified_time\" content=\"2026-04-23T16:57:30+00:00\" \/>\n<meta property=\"og:image\" content=\"https:\/\/xn--trngiaminh-bl3e.azdigi.shop\/wp-content\/uploads\/2026\/04\/ChatGPT-Image-15_28_19-22-thg-4-2026.png\" \/>\n\t<meta property=\"og:image:width\" content=\"1254\" \/>\n\t<meta property=\"og:image:height\" content=\"1254\" \/>\n\t<meta property=\"og:image:type\" content=\"image\/png\" \/>\n<meta name=\"twitter:card\" content=\"summary_large_image\" \/>\n<meta name=\"twitter:label1\" content=\"\u01af\u1edbc t\u00ednh th\u1eddi gian \u0111\u1ecdc\" \/>\n\t<meta name=\"twitter:data1\" content=\"2 ph\u00fat\" \/>\n<script type=\"application\/ld+json\" class=\"yoast-schema-graph\">{\"@context\":\"https:\/\/schema.org\",\"@graph\":[{\"@type\":\"WebPage\",\"@id\":\"https:\/\/xn--trngiaminh-bl3e.azdigi.shop\/?product=banh-trang-tron-ngu-vi-combo-2-phan\",\"url\":\"https:\/\/xn--trngiaminh-bl3e.azdigi.shop\/?product=banh-trang-tron-ngu-vi-combo-2-phan\",\"name\":\"B\u00e1nh tr\u00e1ng tr\u1ed9n ng\u0169 v\u1ecb Gia B\u1ea3o COMBO 2 ph\u1ea7n\",\"isPartOf\":{\"@id\":\"https:\/\/xn--trngiaminh-bl3e.azdigi.shop\/#website\"},\"primaryImageOfPage\":{\"@id\":\"https:\/\/xn--trngiaminh-bl3e.azdigi.shop\/?product=banh-trang-tron-ngu-vi-combo-2-phan#primaryimage\"},\"image\":{\"@id\":\"https:\/\/xn--trngiaminh-bl3e.azdigi.shop\/?product=banh-trang-tron-ngu-vi-combo-2-phan#primaryimage\"},\"thumbnailUrl\":\"https:\/\/xn--trngiaminh-bl3e.azdigi.shop\/wp-content\/uploads\/2026\/04\/ChatGPT-Image-15_28_19-22-thg-4-2026.png\",\"datePublished\":\"2026-04-12T10:12:57+00:00\",\"dateModified\":\"2026-04-23T16:57:30+00:00\",\"description\":\"B\u00e1nh tr\u00e1ng tr\u1ed9n ng\u0169 v\u1ecb Gia B\u1ea3o COMBO 2 ph\u1ea7n d\u1ebbo m\u1ec1m, b\u00e9o th\u01a1m, \u0111\u1eadm v\u1ecb chu\u1ea9n T\u00e2y Ninh. M\u00f3n \u0103n v\u1eb7t h\u1ea5p d\u1eabn, ti\u1ec7n l\u1ee3i, ph\u00f9 h\u1ee3p m\u1ecdi \u0111\u1ed1i t\u01b0\u1ee3ng.\",\"breadcrumb\":{\"@id\":\"https:\/\/xn--trngiaminh-bl3e.azdigi.shop\/?product=banh-trang-tron-ngu-vi-combo-2-phan#breadcrumb\"},\"inLanguage\":\"vi\",\"potentialAction\":[{\"@type\":\"ReadAction\",\"target\":[\"https:\/\/xn--trngiaminh-bl3e.azdigi.shop\/?product=banh-trang-tron-ngu-vi-combo-2-phan\"]}]},{\"@type\":\"ImageObject\",\"inLanguage\":\"vi\",\"@id\":\"https:\/\/xn--trngiaminh-bl3e.azdigi.shop\/?product=banh-trang-tron-ngu-vi-combo-2-phan#primaryimage\",\"url\":\"https:\/\/xn--trngiaminh-bl3e.azdigi.shop\/wp-content\/uploads\/2026\/04\/ChatGPT-Image-15_28_19-22-thg-4-2026.png\",\"contentUrl\":\"https:\/\/xn--trngiaminh-bl3e.azdigi.shop\/wp-content\/uploads\/2026\/04\/ChatGPT-Image-15_28_19-22-thg-4-2026.png\",\"width\":1254,\"height\":1254},{\"@type\":\"BreadcrumbList\",\"@id\":\"https:\/\/xn--trngiaminh-bl3e.azdigi.shop\/?product=banh-trang-tron-ngu-vi-combo-2-phan#breadcrumb\",\"itemListElement\":[{\"@type\":\"ListItem\",\"position\":1,\"name\":\"Trang ch\u1ee7\",\"item\":\"https:\/\/xn--trngiaminh-bl3e.azdigi.shop\/\"},{\"@type\":\"ListItem\",\"position\":2,\"name\":\"C\u1eeda h\u00e0ng\",\"item\":\"https:\/\/xn--trngiaminh-bl3e.azdigi.shop\/?page_id=220\"},{\"@type\":\"ListItem\",\"position\":3,\"name\":\"COMBO 2 PH\u1ea6N \u2013 TI\u1ebeT KI\u1ec6M 10%\"}]},{\"@type\":\"WebSite\",\"@id\":\"https:\/\/xn--trngiaminh-bl3e.azdigi.shop\/#website\",\"url\":\"https:\/\/xn--trngiaminh-bl3e.azdigi.shop\/\",\"name\":\"banhtrang\",\"description\":\"Mua \u0110i \u0110\u1eebng Ng\u1ea1i\",\"potentialAction\":[{\"@type\":\"SearchAction\",\"target\":{\"@type\":\"EntryPoint\",\"urlTemplate\":\"https:\/\/xn--trngiaminh-bl3e.azdigi.shop\/?s={search_term_string}\"},\"query-input\":{\"@type\":\"PropertyValueSpecification\",\"valueRequired\":true,\"valueName\":\"search_term_string\"}}],\"inLanguage\":\"vi\"}]}<\/script>\n<!-- \/ Yoast SEO plugin. -->","yoast_head_json":{"title":"B\u00e1nh tr\u00e1ng tr\u1ed9n ng\u0169 v\u1ecb Gia B\u1ea3o COMBO 2 ph\u1ea7n","description":"B\u00e1nh tr\u00e1ng tr\u1ed9n ng\u0169 v\u1ecb Gia B\u1ea3o COMBO 2 ph\u1ea7n d\u1ebbo m\u1ec1m, b\u00e9o th\u01a1m, \u0111\u1eadm v\u1ecb chu\u1ea9n T\u00e2y Ninh. M\u00f3n \u0103n v\u1eb7t h\u1ea5p d\u1eabn, ti\u1ec7n l\u1ee3i, ph\u00f9 h\u1ee3p m\u1ecdi \u0111\u1ed1i t\u01b0\u1ee3ng.","robots":{"index":"index","follow":"follow","max-snippet":"max-snippet:-1","max-image-preview":"max-image-preview:large","max-video-preview":"max-video-preview:-1"},"canonical":"https:\/\/xn--trngiaminh-bl3e.azdigi.shop\/?product=banh-trang-tron-ngu-vi-combo-2-phan","og_locale":"vi_VN","og_type":"article","og_title":"B\u00e1nh tr\u00e1ng tr\u1ed9n ng\u0169 v\u1ecb Gia B\u1ea3o COMBO 2 ph\u1ea7n","og_description":"B\u00e1nh tr\u00e1ng tr\u1ed9n ng\u0169 v\u1ecb Gia B\u1ea3o COMBO 2 ph\u1ea7n d\u1ebbo m\u1ec1m, b\u00e9o th\u01a1m, \u0111\u1eadm v\u1ecb chu\u1ea9n T\u00e2y Ninh. M\u00f3n \u0103n v\u1eb7t h\u1ea5p d\u1eabn, ti\u1ec7n l\u1ee3i, ph\u00f9 h\u1ee3p m\u1ecdi \u0111\u1ed1i t\u01b0\u1ee3ng.","og_url":"https:\/\/xn--trngiaminh-bl3e.azdigi.shop\/?product=banh-trang-tron-ngu-vi-combo-2-phan","og_site_name":"banhtrang","article_modified_time":"2026-04-23T16:57:30+00:00","og_image":[{"width":1254,"height":1254,"url":"https:\/\/xn--trngiaminh-bl3e.azdigi.shop\/wp-content\/uploads\/2026\/04\/ChatGPT-Image-15_28_19-22-thg-4-2026.png","type":"image\/png"}],"twitter_card":"summary_large_image","twitter_misc":{"\u01af\u1edbc t\u00ednh th\u1eddi gian \u0111\u1ecdc":"2 ph\u00fat"},"schema":{"@context":"https:\/\/schema.org","@graph":[{"@type":"WebPage","@id":"https:\/\/xn--trngiaminh-bl3e.azdigi.shop\/?product=banh-trang-tron-ngu-vi-combo-2-phan","url":"https:\/\/xn--trngiaminh-bl3e.azdigi.shop\/?product=banh-trang-tron-ngu-vi-combo-2-phan","name":"B\u00e1nh tr\u00e1ng tr\u1ed9n ng\u0169 v\u1ecb Gia B\u1ea3o COMBO 2 ph\u1ea7n","isPartOf":{"@id":"https:\/\/xn--trngiaminh-bl3e.azdigi.shop\/#website"},"primaryImageOfPage":{"@id":"https:\/\/xn--trngiaminh-bl3e.azdigi.shop\/?product=banh-trang-tron-ngu-vi-combo-2-phan#primaryimage"},"image":{"@id":"https:\/\/xn--trngiaminh-bl3e.azdigi.shop\/?product=banh-trang-tron-ngu-vi-combo-2-phan#primaryimage"},"thumbnailUrl":"https:\/\/xn--trngiaminh-bl3e.azdigi.shop\/wp-content\/uploads\/2026\/04\/ChatGPT-Image-15_28_19-22-thg-4-2026.png","datePublished":"2026-04-12T10:12:57+00:00","dateModified":"2026-04-23T16:57:30+00:00","description":"B\u00e1nh tr\u00e1ng tr\u1ed9n ng\u0169 v\u1ecb Gia B\u1ea3o COMBO 2 ph\u1ea7n d\u1ebbo m\u1ec1m, b\u00e9o th\u01a1m, \u0111\u1eadm v\u1ecb chu\u1ea9n T\u00e2y Ninh. M\u00f3n \u0103n v\u1eb7t h\u1ea5p d\u1eabn, ti\u1ec7n l\u1ee3i, ph\u00f9 h\u1ee3p m\u1ecdi \u0111\u1ed1i t\u01b0\u1ee3ng.","breadcrumb":{"@id":"https:\/\/xn--trngiaminh-bl3e.azdigi.shop\/?product=banh-trang-tron-ngu-vi-combo-2-phan#breadcrumb"},"inLanguage":"vi","potentialAction":[{"@type":"ReadAction","target":["https:\/\/xn--trngiaminh-bl3e.azdigi.shop\/?product=banh-trang-tron-ngu-vi-combo-2-phan"]}]},{"@type":"ImageObject","inLanguage":"vi","@id":"https:\/\/xn--trngiaminh-bl3e.azdigi.shop\/?product=banh-trang-tron-ngu-vi-combo-2-phan#primaryimage","url":"https:\/\/xn--trngiaminh-bl3e.azdigi.shop\/wp-content\/uploads\/2026\/04\/ChatGPT-Image-15_28_19-22-thg-4-2026.png","contentUrl":"https:\/\/xn--trngiaminh-bl3e.azdigi.shop\/wp-content\/uploads\/2026\/04\/ChatGPT-Image-15_28_19-22-thg-4-2026.png","width":1254,"height":1254},{"@type":"BreadcrumbList","@id":"https:\/\/xn--trngiaminh-bl3e.azdigi.shop\/?product=banh-trang-tron-ngu-vi-combo-2-phan#breadcrumb","itemListElement":[{"@type":"ListItem","position":1,"name":"Trang ch\u1ee7","item":"https:\/\/xn--trngiaminh-bl3e.azdigi.shop\/"},{"@type":"ListItem","position":2,"name":"C\u1eeda h\u00e0ng","item":"https:\/\/xn--trngiaminh-bl3e.azdigi.shop\/?page_id=220"},{"@type":"ListItem","position":3,"name":"COMBO 2 PH\u1ea6N \u2013 TI\u1ebeT KI\u1ec6M 10%"}]},{"@type":"WebSite","@id":"https:\/\/xn--trngiaminh-bl3e.azdigi.shop\/#website","url":"https:\/\/xn--trngiaminh-bl3e.azdigi.shop\/","name":"banhtrang","description":"Mua \u0110i \u0110\u1eebng Ng\u1ea1i","potentialAction":[{"@type":"SearchAction","target":{"@type":"EntryPoint","urlTemplate":"https:\/\/xn--trngiaminh-bl3e.azdigi.shop\/?s={search_term_string}"},"query-input":{"@type":"PropertyValueSpecification","valueRequired":true,"valueName":"search_term_string"}}],"inLanguage":"vi"}]}},"_links":{"self":[{"href":"https:\/\/xn--trngiaminh-bl3e.azdigi.shop\/index.php?rest_route=\/wp\/v2\/product\/644","targetHints":{"allow":["GET"]}}],"collection":[{"href":"https:\/\/xn--trngiaminh-bl3e.azdigi.shop\/index.php?rest_route=\/wp\/v2\/product"}],"about":[{"href":"https:\/\/xn--trngiaminh-bl3e.azdigi.shop\/index.php?rest_route=\/wp\/v2\/types\/product"}],"replies":[{"embeddable":true,"href":"https:\/\/xn--trngiaminh-bl3e.azdigi.shop\/index.php?rest_route=%2Fwp%2Fv2%2Fcomments&post=644"}],"wp:featuredmedia":[{"embeddable":true,"href":"https:\/\/xn--trngiaminh-bl3e.azdigi.shop\/index.php?rest_route=\/wp\/v2\/media\/945"}],"wp:attachment":[{"href":"https:\/\/xn--trngiaminh-bl3e.azdigi.shop\/index.php?rest_route=%2Fwp%2Fv2%2Fmedia&parent=644"}],"wp:term":[{"taxonomy":"product_brand","embeddable":true,"href":"https:\/\/xn--trngiaminh-bl3e.azdigi.shop\/index.php?rest_route=%2Fwp%2Fv2%2Fproduct_brand&post=644"},{"taxonomy":"product_cat","embeddable":true,"href":"https:\/\/xn--trngiaminh-bl3e.azdigi.shop\/index.php?rest_route=%2Fwp%2Fv2%2Fproduct_cat&post=644"},{"taxonomy":"product_tag","embeddable":true,"href":"https:\/\/xn--trngiaminh-bl3e.azdigi.shop\/index.php?rest_route=%2Fwp%2Fv2%2Fproduct_tag&post=644"}],"curies":[{"name":"wp","href":"https:\/\/api.w.org\/{rel}","templated":true}]}}