{"id":585,"date":"2026-04-12T09:47:59","date_gmt":"2026-04-12T09:47:59","guid":{"rendered":"https:\/\/xn--trngiaminh-bl3e.azdigi.shop\/?post_type=product&#038;p=585"},"modified":"2026-04-23T16:59:39","modified_gmt":"2026-04-23T16:59:39","slug":"banh-trang-bo-hot-ga-gia-bao-hop-5-tui","status":"publish","type":"product","link":"https:\/\/xn--trngiaminh-bl3e.azdigi.shop\/?product=banh-trang-bo-hot-ga-gia-bao-hop-5-tui","title":{"rendered":"B\u00e1nh tr\u00e1ng b\u01a1 h\u1ed9t g\u00e0 (5 T\u00fai) c\u1ef1c ngon l\u00e0m t\u1eeb b\u00e1nh tr\u00e1ng ph\u01a1i s\u01b0\u01a1ng d\u1ebbo m\u1ec1m b\u00e1nh tr\u00e1ng Gia B\u1ea3o"},"content":{"rendered":"<h1 data-section-id=\"192byoa\" data-start=\"109\" data-end=\"185\">\ud83e\udd5a B\u00e1nh tr\u00e1ng b\u01a1 h\u1ed9t g\u00e0 Gia B\u1ea3o (h\u1ed9p 5 t\u00fai) \u2013 b\u00e9o th\u01a1m, ti\u1ec7n l\u1ee3i, chu\u1ea9n v\u1ecb<\/h1>\n<h2 data-section-id=\"1ykssp9\" data-start=\"187\" data-end=\"214\">\ud83d\udccc Gi\u1edbi thi\u1ec7u s\u1ea3n ph\u1ea9m<\/h2>\n<p data-start=\"215\" data-end=\"473\"><strong data-start=\"215\" data-end=\"259\"><a href=\"https:\/\/www.bing.com\/search?pglt=299&amp;q=banh+trang+wiki&amp;cvid=b4fd032b22e948e68027e408fbcbcc6b&amp;gs_lcrp=EgRlZGdlKgYIABBFGDkyBggAEEUYOdIBCDIxMjZqMGoxqAIAsAIA&amp;FORM=ANSPA1&amp;PC=U531\">B\u00e1nh tr\u00e1ng<\/a> b\u01a1 h\u1ed9t g\u00e0 Gia B\u1ea3o (h\u1ed9p 5 t\u00fai)<\/strong> l\u00e0 m\u00f3n \u0103n v\u1eb7t \u0111ang \u0111\u01b0\u1ee3c \u01b0a chu\u1ed9ng nh\u1edd h\u01b0\u01a1ng v\u1ecb b\u00e9o th\u01a1m, \u0111\u1eadm \u0111\u00e0 v\u00e0 c\u1ef1c k\u1ef3 ti\u1ec7n l\u1ee3i. S\u1ea3n ph\u1ea9m \u0111\u01b0\u1ee3c l\u00e0m t\u1eeb b\u00e1nh tr\u00e1ng ph\u01a1i s\u01b0\u01a1ng k\u1ebft h\u1ee3p c\u00f9ng b\u01a1 v\u00e0 h\u1ed9t g\u00e0, mang \u0111\u1ebfn tr\u1ea3i nghi\u1ec7m \u0103n v\u1eb7t h\u1ea5p d\u1eabn, ph\u00f9 h\u1ee3p m\u1ecdi \u0111\u1ed1i t\u01b0\u1ee3ng.<\/p>\n<hr data-start=\"475\" data-end=\"478\" \/>\n<h2 data-section-id=\"ocijou\" data-start=\"480\" data-end=\"501\">\u2b50 \u0110\u1eb7c \u0111i\u1ec3m n\u1ed5i b\u1eadt<\/h2>\n<p data-start=\"503\" data-end=\"584\">\ud83d\udc49 <strong data-start=\"506\" data-end=\"539\">B\u00e1nh tr\u00e1ng ph\u01a1i s\u01b0\u01a1ng d\u1ebbo m\u1ec1m<\/strong><br data-start=\"539\" data-end=\"542\" \/>Gi\u1eef nguy\u00ean \u0111\u1ed9 d\u1ebbo, kh\u00f4ng kh\u00f4 c\u1ee9ng, d\u1ec5 \u0103n<\/p>\n<p data-start=\"586\" data-end=\"656\">\ud83d\udc49 <strong data-start=\"589\" data-end=\"618\">B\u01a1 b\u00e9o + h\u1ed9t g\u00e0 th\u01a1m ngon<\/strong><br data-start=\"618\" data-end=\"621\" \/>T\u1ea1o v\u1ecb b\u00e9o ng\u1eady, b\u00f9i b\u00f9i c\u1ef1c cu\u1ed1n<\/p>\n<p data-start=\"658\" data-end=\"742\">\ud83d\udc49 <strong data-start=\"661\" data-end=\"692\">\u0110\u00f3ng g\u00f3i h\u1ed9p 5 t\u00fai ti\u1ec7n l\u1ee3i<\/strong><br data-start=\"692\" data-end=\"695\" \/>D\u1ec5 chia nh\u1ecf, mang \u0111i h\u1ecdc, \u0111i l\u00e0m ho\u1eb7c du l\u1ecbch<\/p>\n<p data-start=\"744\" data-end=\"811\">\ud83d\udc49 <strong data-start=\"747\" data-end=\"770\">Nguy\u00ean li\u1ec7u an to\u00e0n<\/strong><br data-start=\"770\" data-end=\"773\" \/>\u0110\u1ea3m b\u1ea3o v\u1ec7 sinh, kh\u00f4ng ch\u1ea5t b\u1ea3o qu\u1ea3n<\/p>\n<hr data-start=\"813\" data-end=\"816\" \/>\n<h2 data-section-id=\"sadbbg\" data-start=\"818\" data-end=\"869\">\ud83d\udd25 V\u00ec sao n\u00ean ch\u1ecdn b\u00e1nh tr\u00e1ng b\u01a1 h\u1ed9t g\u00e0 Gia B\u1ea3o?<\/h2>\n<ul data-start=\"871\" data-end=\"1016\">\n<li data-section-id=\"t60wcl\" data-start=\"871\" data-end=\"911\">H\u01b0\u01a1ng v\u1ecb b\u00e9o th\u01a1m, d\u1ec5 \u0103n, kh\u00f4ng ng\u00e1n<\/li>\n<li data-section-id=\"1bud0yh\" data-start=\"912\" data-end=\"945\">Ph\u00f9 h\u1ee3p \u0103n v\u1eb7t, t\u1ee5 t\u1eadp b\u1ea1n b\u00e8<\/li>\n<li data-section-id=\"1489aq3\" data-start=\"946\" data-end=\"985\">Thi\u1ebft k\u1ebf h\u1ed9p ti\u1ec7n l\u1ee3i, b\u1ea3o qu\u1ea3n t\u1ed1t<\/li>\n<li data-section-id=\"10smqoy\" data-start=\"986\" data-end=\"1016\">\u0110\u01b0\u1ee3c nhi\u1ec1u ng\u01b0\u1eddi y\u00eau th\u00edch<\/li>\n<\/ul>\n<p data-start=\"1018\" data-end=\"1032\">\ud83d\udc49 Xem th\u00eam:<\/p>\n<ul data-start=\"1033\" data-end=\"1118\">\n<li data-section-id=\"snncb2\" data-start=\"1033\" data-end=\"1060\">\/banh-trang-bo-combo-03<\/li>\n<li data-section-id=\"snnamk\" data-start=\"1061\" data-end=\"1088\">\/banh-trang-bo-combo-01<\/li>\n<li data-section-id=\"yy9pq1\" data-start=\"1089\" data-end=\"1118\">\/banh-trang-bo-tom-ngu-vi<\/li>\n<\/ul>\n<hr data-start=\"1120\" data-end=\"1123\" \/>\n<h2 data-section-id=\"1eeuh4k\" data-start=\"1125\" data-end=\"1144\">\ud83c\udf7d\ufe0f C\u00e1ch s\u1eed d\u1ee5ng<\/h2>\n<ul data-start=\"1146\" data-end=\"1239\">\n<li data-section-id=\"1w6qr06\" data-start=\"1146\" data-end=\"1176\">M\u1edf t\u00fai v\u00e0 th\u01b0\u1edfng th\u1ee9c ngay<\/li>\n<li data-section-id=\"118xg3s\" data-start=\"1177\" data-end=\"1239\">C\u00f3 th\u1ec3 \u0103n k\u00e8m:\n<ul data-start=\"1196\" data-end=\"1239\">\n<li data-section-id=\"4kbdea\" data-start=\"1196\" data-end=\"1207\">Rau r\u0103m<\/li>\n<li data-section-id=\"htwiug\" data-start=\"1210\" data-end=\"1223\">\u0110\u1eadu ph\u1ed9ng<\/li>\n<li data-section-id=\"wlm5b7\" data-start=\"1226\" data-end=\"1239\">Tr\u1ee9ng c\u00fat<\/li>\n<\/ul>\n<\/li>\n<\/ul>\n<p data-start=\"1241\" data-end=\"1278\">\ud83d\udc49 Gi\u00fap m\u00f3n \u0103n th\u00eam \u0111\u1eadm v\u1ecb v\u00e0 h\u1ea5p d\u1eabn<\/p>\n<hr data-start=\"1280\" data-end=\"1283\" \/>\n<h2 data-section-id=\"jql7qq\" data-start=\"1285\" data-end=\"1298\">\ud83d\udcaa L\u1ee3i \u00edch<\/h2>\n<ul data-start=\"1300\" data-end=\"1408\">\n<li data-section-id=\"1grqtc3\" data-start=\"1300\" data-end=\"1328\">B\u1ed5 sung n\u0103ng l\u01b0\u1ee3ng nhanh<\/li>\n<li data-section-id=\"1oju8x8\" data-start=\"1329\" data-end=\"1361\">Ti\u1ec7n l\u1ee3i, kh\u00f4ng c\u1ea7n ch\u1ebf bi\u1ebfn<\/li>\n<li data-section-id=\"wnamfz\" data-start=\"1362\" data-end=\"1408\">Ph\u00f9 h\u1ee3p h\u1ecdc sinh, sinh vi\u00ean, d\u00e2n v\u0103n ph\u00f2ng<\/li>\n<\/ul>\n<hr data-start=\"1410\" data-end=\"1413\" \/>\n<h2 data-section-id=\"scmlrt\" data-start=\"1415\" data-end=\"1429\">\ud83d\udce6 B\u1ea3o qu\u1ea3n<\/h2>\n<ul data-start=\"1431\" data-end=\"1513\">\n<li data-section-id=\"13oxbi1\" data-start=\"1431\" data-end=\"1461\">\u0110\u1ec3 n\u01a1i kh\u00f4 r\u00e1o, tho\u00e1ng m\u00e1t<\/li>\n<li data-section-id=\"14b2v40\" data-start=\"1462\" data-end=\"1490\">Tr\u00e1nh \u00e1nh n\u1eafng tr\u1ef1c ti\u1ebfp<\/li>\n<li data-section-id=\"d5oggr\" data-start=\"1491\" data-end=\"1513\">\u0110\u1eady k\u00edn sau khi m\u1edf<\/li>\n<\/ul>\n<hr data-start=\"1515\" data-end=\"1518\" \/>\n<h2 data-section-id=\"ah0rfw\" data-start=\"1520\" data-end=\"1534\">\ud83c\udfaf K\u1ebft lu\u1eadn<\/h2>\n<p data-start=\"1536\" data-end=\"1614\"><strong data-start=\"1536\" data-end=\"1580\">B\u00e1nh tr\u00e1ng b\u01a1 h\u1ed9t g\u00e0 Gia B\u1ea3o (h\u1ed9p 5 t\u00fai)<\/strong><br data-start=\"1580\" data-end=\"1583\" \/>\ud83d\udc49 B\u00e9o \u2013 b\u00f9i \u2013 d\u1ebbo \u2013 ti\u1ec7n l\u1ee3i<\/p>\n<p data-start=\"1616\" data-end=\"1652\">\ud83d\udd25 M\u00f3n \u0103n v\u1eb7t c\u1ef1c cu\u1ed1n, \u0103n l\u00e0 ghi\u1ec1<\/p>\n","protected":false},"excerpt":{"rendered":"<p>\ud83e\udd5a B\u00e1nh tr\u00e1ng b\u01a1 h\u1ed9t g\u00e0 Gia B\u1ea3o (h\u1ed9p 5 t\u00fai) \u2013 b\u00e9o th\u01a1m, ti\u1ec7n l\u1ee3i, chu\u1ea9n v\u1ecb \ud83d\udccc Gi\u1edbi thi\u1ec7u s\u1ea3n ph\u1ea9m B\u00e1nh tr\u00e1ng b\u01a1 h\u1ed9t g\u00e0 Gia B\u1ea3o (h\u1ed9p 5 t\u00fai) l\u00e0 m\u00f3n \u0103n v\u1eb7t \u0111ang \u0111\u01b0\u1ee3c \u01b0a chu\u1ed9ng nh\u1edd h\u01b0\u01a1ng v\u1ecb b\u00e9o th\u01a1m, \u0111\u1eadm \u0111\u00e0 v\u00e0 c\u1ef1c k\u1ef3 ti\u1ec7n l\u1ee3i. S\u1ea3n ph\u1ea9m [&#8230;]\n","protected":false},"featured_media":610,"comment_status":"open","ping_status":"closed","template":"","meta":[],"product_brand":[],"product_cat":[41],"product_tag":[],"class_list":{"0":"post-585","1":"product","2":"type-product","3":"status-publish","4":"has-post-thumbnail","6":"product_cat-banh-trang-an-lien","8":"first","9":"instock","10":"sale","11":"shipping-taxable","12":"purchasable","13":"product-type-variable"},"yoast_head":"<!-- This site is optimized with the Yoast SEO plugin v27.0 - https:\/\/yoast.com\/product\/yoast-seo-wordpress\/ -->\n<title>B\u00e1nh tr\u00e1ng b\u01a1 h\u1ed9t g\u00e0 Gia B\u1ea3o h\u1ed9p 5 t\u00fai b\u00e9o th\u01a1m ti\u1ec7n l\u1ee3i<\/title>\n<meta name=\"description\" content=\"B\u00e1nh tr\u00e1ng b\u01a1 h\u1ed9t g\u00e0 Gia B\u1ea3o h\u1ed9p 5 t\u00fai d\u1ebbo m\u1ec1m, b\u00e9o th\u01a1m, ti\u1ec7n l\u1ee3i. M\u00f3n \u0103n v\u1eb7t h\u1ea5p d\u1eabn, ph\u00f9 h\u1ee3p h\u1ecdc sinh, sinh vi\u00ean v\u00e0 d\u00e2n v\u0103n ph\u00f2ng.\" \/>\n<meta name=\"robots\" content=\"index, follow, max-snippet:-1, max-image-preview:large, max-video-preview:-1\" \/>\n<link rel=\"canonical\" href=\"https:\/\/xn--trngiaminh-bl3e.azdigi.shop\/?product=banh-trang-bo-hot-ga-gia-bao-hop-5-tui\" \/>\n<meta property=\"og:locale\" content=\"vi_VN\" \/>\n<meta property=\"og:type\" content=\"article\" \/>\n<meta property=\"og:title\" content=\"B\u00e1nh tr\u00e1ng b\u01a1 h\u1ed9t g\u00e0 Gia B\u1ea3o h\u1ed9p 5 t\u00fai b\u00e9o th\u01a1m ti\u1ec7n l\u1ee3i\" \/>\n<meta property=\"og:description\" content=\"B\u00e1nh tr\u00e1ng b\u01a1 h\u1ed9t g\u00e0 Gia B\u1ea3o h\u1ed9p 5 t\u00fai d\u1ebbo m\u1ec1m, b\u00e9o th\u01a1m, ti\u1ec7n l\u1ee3i. M\u00f3n \u0103n v\u1eb7t h\u1ea5p d\u1eabn, ph\u00f9 h\u1ee3p h\u1ecdc sinh, sinh vi\u00ean v\u00e0 d\u00e2n v\u0103n ph\u00f2ng.\" \/>\n<meta property=\"og:url\" content=\"https:\/\/xn--trngiaminh-bl3e.azdigi.shop\/?product=banh-trang-bo-hot-ga-gia-bao-hop-5-tui\" \/>\n<meta property=\"og:site_name\" content=\"banhtrang\" \/>\n<meta property=\"article:modified_time\" content=\"2026-04-23T16:59:39+00:00\" \/>\n<meta property=\"og:image\" content=\"https:\/\/xn--trngiaminh-bl3e.azdigi.shop\/wp-content\/uploads\/2026\/04\/Gemini_Generated_Image_ej318fej318fej31.png\" \/>\n\t<meta property=\"og:image:width\" content=\"1024\" \/>\n\t<meta property=\"og:image:height\" content=\"1038\" \/>\n\t<meta property=\"og:image:type\" content=\"image\/png\" \/>\n<meta name=\"twitter:card\" content=\"summary_large_image\" \/>\n<meta name=\"twitter:label1\" content=\"\u01af\u1edbc t\u00ednh th\u1eddi gian \u0111\u1ecdc\" \/>\n\t<meta name=\"twitter:data1\" content=\"2 ph\u00fat\" \/>\n<script type=\"application\/ld+json\" class=\"yoast-schema-graph\">{\"@context\":\"https:\/\/schema.org\",\"@graph\":[{\"@type\":\"WebPage\",\"@id\":\"https:\/\/xn--trngiaminh-bl3e.azdigi.shop\/?product=banh-trang-bo-hot-ga-gia-bao-hop-5-tui\",\"url\":\"https:\/\/xn--trngiaminh-bl3e.azdigi.shop\/?product=banh-trang-bo-hot-ga-gia-bao-hop-5-tui\",\"name\":\"B\u00e1nh tr\u00e1ng b\u01a1 h\u1ed9t g\u00e0 Gia B\u1ea3o h\u1ed9p 5 t\u00fai b\u00e9o th\u01a1m ti\u1ec7n l\u1ee3i\",\"isPartOf\":{\"@id\":\"https:\/\/xn--trngiaminh-bl3e.azdigi.shop\/#website\"},\"primaryImageOfPage\":{\"@id\":\"https:\/\/xn--trngiaminh-bl3e.azdigi.shop\/?product=banh-trang-bo-hot-ga-gia-bao-hop-5-tui#primaryimage\"},\"image\":{\"@id\":\"https:\/\/xn--trngiaminh-bl3e.azdigi.shop\/?product=banh-trang-bo-hot-ga-gia-bao-hop-5-tui#primaryimage\"},\"thumbnailUrl\":\"https:\/\/xn--trngiaminh-bl3e.azdigi.shop\/wp-content\/uploads\/2026\/04\/Gemini_Generated_Image_ej318fej318fej31.png\",\"datePublished\":\"2026-04-12T09:47:59+00:00\",\"dateModified\":\"2026-04-23T16:59:39+00:00\",\"description\":\"B\u00e1nh tr\u00e1ng b\u01a1 h\u1ed9t g\u00e0 Gia B\u1ea3o h\u1ed9p 5 t\u00fai d\u1ebbo m\u1ec1m, b\u00e9o th\u01a1m, ti\u1ec7n l\u1ee3i. M\u00f3n \u0103n v\u1eb7t h\u1ea5p d\u1eabn, ph\u00f9 h\u1ee3p h\u1ecdc sinh, sinh vi\u00ean v\u00e0 d\u00e2n v\u0103n ph\u00f2ng.\",\"breadcrumb\":{\"@id\":\"https:\/\/xn--trngiaminh-bl3e.azdigi.shop\/?product=banh-trang-bo-hot-ga-gia-bao-hop-5-tui#breadcrumb\"},\"inLanguage\":\"vi\",\"potentialAction\":[{\"@type\":\"ReadAction\",\"target\":[\"https:\/\/xn--trngiaminh-bl3e.azdigi.shop\/?product=banh-trang-bo-hot-ga-gia-bao-hop-5-tui\"]}]},{\"@type\":\"ImageObject\",\"inLanguage\":\"vi\",\"@id\":\"https:\/\/xn--trngiaminh-bl3e.azdigi.shop\/?product=banh-trang-bo-hot-ga-gia-bao-hop-5-tui#primaryimage\",\"url\":\"https:\/\/xn--trngiaminh-bl3e.azdigi.shop\/wp-content\/uploads\/2026\/04\/Gemini_Generated_Image_ej318fej318fej31.png\",\"contentUrl\":\"https:\/\/xn--trngiaminh-bl3e.azdigi.shop\/wp-content\/uploads\/2026\/04\/Gemini_Generated_Image_ej318fej318fej31.png\",\"width\":1024,\"height\":1038},{\"@type\":\"BreadcrumbList\",\"@id\":\"https:\/\/xn--trngiaminh-bl3e.azdigi.shop\/?product=banh-trang-bo-hot-ga-gia-bao-hop-5-tui#breadcrumb\",\"itemListElement\":[{\"@type\":\"ListItem\",\"position\":1,\"name\":\"Trang ch\u1ee7\",\"item\":\"https:\/\/xn--trngiaminh-bl3e.azdigi.shop\/\"},{\"@type\":\"ListItem\",\"position\":2,\"name\":\"C\u1eeda h\u00e0ng\",\"item\":\"https:\/\/xn--trngiaminh-bl3e.azdigi.shop\/?page_id=220\"},{\"@type\":\"ListItem\",\"position\":3,\"name\":\"B\u00e1nh tr\u00e1ng b\u01a1 h\u1ed9t g\u00e0 (5 T\u00fai) c\u1ef1c ngon l\u00e0m t\u1eeb b\u00e1nh tr\u00e1ng ph\u01a1i s\u01b0\u01a1ng d\u1ebbo m\u1ec1m b\u00e1nh tr\u00e1ng Gia B\u1ea3o\"}]},{\"@type\":\"WebSite\",\"@id\":\"https:\/\/xn--trngiaminh-bl3e.azdigi.shop\/#website\",\"url\":\"https:\/\/xn--trngiaminh-bl3e.azdigi.shop\/\",\"name\":\"banhtrang\",\"description\":\"Mua \u0110i \u0110\u1eebng Ng\u1ea1i\",\"potentialAction\":[{\"@type\":\"SearchAction\",\"target\":{\"@type\":\"EntryPoint\",\"urlTemplate\":\"https:\/\/xn--trngiaminh-bl3e.azdigi.shop\/?s={search_term_string}\"},\"query-input\":{\"@type\":\"PropertyValueSpecification\",\"valueRequired\":true,\"valueName\":\"search_term_string\"}}],\"inLanguage\":\"vi\"}]}<\/script>\n<!-- \/ Yoast SEO plugin. -->","yoast_head_json":{"title":"B\u00e1nh tr\u00e1ng b\u01a1 h\u1ed9t g\u00e0 Gia B\u1ea3o h\u1ed9p 5 t\u00fai b\u00e9o th\u01a1m ti\u1ec7n l\u1ee3i","description":"B\u00e1nh tr\u00e1ng b\u01a1 h\u1ed9t g\u00e0 Gia B\u1ea3o h\u1ed9p 5 t\u00fai d\u1ebbo m\u1ec1m, b\u00e9o th\u01a1m, ti\u1ec7n l\u1ee3i. M\u00f3n \u0103n v\u1eb7t h\u1ea5p d\u1eabn, ph\u00f9 h\u1ee3p h\u1ecdc sinh, sinh vi\u00ean v\u00e0 d\u00e2n v\u0103n ph\u00f2ng.","robots":{"index":"index","follow":"follow","max-snippet":"max-snippet:-1","max-image-preview":"max-image-preview:large","max-video-preview":"max-video-preview:-1"},"canonical":"https:\/\/xn--trngiaminh-bl3e.azdigi.shop\/?product=banh-trang-bo-hot-ga-gia-bao-hop-5-tui","og_locale":"vi_VN","og_type":"article","og_title":"B\u00e1nh tr\u00e1ng b\u01a1 h\u1ed9t g\u00e0 Gia B\u1ea3o h\u1ed9p 5 t\u00fai b\u00e9o th\u01a1m ti\u1ec7n l\u1ee3i","og_description":"B\u00e1nh tr\u00e1ng b\u01a1 h\u1ed9t g\u00e0 Gia B\u1ea3o h\u1ed9p 5 t\u00fai d\u1ebbo m\u1ec1m, b\u00e9o th\u01a1m, ti\u1ec7n l\u1ee3i. M\u00f3n \u0103n v\u1eb7t h\u1ea5p d\u1eabn, ph\u00f9 h\u1ee3p h\u1ecdc sinh, sinh vi\u00ean v\u00e0 d\u00e2n v\u0103n ph\u00f2ng.","og_url":"https:\/\/xn--trngiaminh-bl3e.azdigi.shop\/?product=banh-trang-bo-hot-ga-gia-bao-hop-5-tui","og_site_name":"banhtrang","article_modified_time":"2026-04-23T16:59:39+00:00","og_image":[{"width":1024,"height":1038,"url":"https:\/\/xn--trngiaminh-bl3e.azdigi.shop\/wp-content\/uploads\/2026\/04\/Gemini_Generated_Image_ej318fej318fej31.png","type":"image\/png"}],"twitter_card":"summary_large_image","twitter_misc":{"\u01af\u1edbc t\u00ednh th\u1eddi gian \u0111\u1ecdc":"2 ph\u00fat"},"schema":{"@context":"https:\/\/schema.org","@graph":[{"@type":"WebPage","@id":"https:\/\/xn--trngiaminh-bl3e.azdigi.shop\/?product=banh-trang-bo-hot-ga-gia-bao-hop-5-tui","url":"https:\/\/xn--trngiaminh-bl3e.azdigi.shop\/?product=banh-trang-bo-hot-ga-gia-bao-hop-5-tui","name":"B\u00e1nh tr\u00e1ng b\u01a1 h\u1ed9t g\u00e0 Gia B\u1ea3o h\u1ed9p 5 t\u00fai b\u00e9o th\u01a1m ti\u1ec7n l\u1ee3i","isPartOf":{"@id":"https:\/\/xn--trngiaminh-bl3e.azdigi.shop\/#website"},"primaryImageOfPage":{"@id":"https:\/\/xn--trngiaminh-bl3e.azdigi.shop\/?product=banh-trang-bo-hot-ga-gia-bao-hop-5-tui#primaryimage"},"image":{"@id":"https:\/\/xn--trngiaminh-bl3e.azdigi.shop\/?product=banh-trang-bo-hot-ga-gia-bao-hop-5-tui#primaryimage"},"thumbnailUrl":"https:\/\/xn--trngiaminh-bl3e.azdigi.shop\/wp-content\/uploads\/2026\/04\/Gemini_Generated_Image_ej318fej318fej31.png","datePublished":"2026-04-12T09:47:59+00:00","dateModified":"2026-04-23T16:59:39+00:00","description":"B\u00e1nh tr\u00e1ng b\u01a1 h\u1ed9t g\u00e0 Gia B\u1ea3o h\u1ed9p 5 t\u00fai d\u1ebbo m\u1ec1m, b\u00e9o th\u01a1m, ti\u1ec7n l\u1ee3i. M\u00f3n \u0103n v\u1eb7t h\u1ea5p d\u1eabn, ph\u00f9 h\u1ee3p h\u1ecdc sinh, sinh vi\u00ean v\u00e0 d\u00e2n v\u0103n ph\u00f2ng.","breadcrumb":{"@id":"https:\/\/xn--trngiaminh-bl3e.azdigi.shop\/?product=banh-trang-bo-hot-ga-gia-bao-hop-5-tui#breadcrumb"},"inLanguage":"vi","potentialAction":[{"@type":"ReadAction","target":["https:\/\/xn--trngiaminh-bl3e.azdigi.shop\/?product=banh-trang-bo-hot-ga-gia-bao-hop-5-tui"]}]},{"@type":"ImageObject","inLanguage":"vi","@id":"https:\/\/xn--trngiaminh-bl3e.azdigi.shop\/?product=banh-trang-bo-hot-ga-gia-bao-hop-5-tui#primaryimage","url":"https:\/\/xn--trngiaminh-bl3e.azdigi.shop\/wp-content\/uploads\/2026\/04\/Gemini_Generated_Image_ej318fej318fej31.png","contentUrl":"https:\/\/xn--trngiaminh-bl3e.azdigi.shop\/wp-content\/uploads\/2026\/04\/Gemini_Generated_Image_ej318fej318fej31.png","width":1024,"height":1038},{"@type":"BreadcrumbList","@id":"https:\/\/xn--trngiaminh-bl3e.azdigi.shop\/?product=banh-trang-bo-hot-ga-gia-bao-hop-5-tui#breadcrumb","itemListElement":[{"@type":"ListItem","position":1,"name":"Trang ch\u1ee7","item":"https:\/\/xn--trngiaminh-bl3e.azdigi.shop\/"},{"@type":"ListItem","position":2,"name":"C\u1eeda h\u00e0ng","item":"https:\/\/xn--trngiaminh-bl3e.azdigi.shop\/?page_id=220"},{"@type":"ListItem","position":3,"name":"B\u00e1nh tr\u00e1ng b\u01a1 h\u1ed9t g\u00e0 (5 T\u00fai) c\u1ef1c ngon l\u00e0m t\u1eeb b\u00e1nh tr\u00e1ng ph\u01a1i s\u01b0\u01a1ng d\u1ebbo m\u1ec1m b\u00e1nh tr\u00e1ng Gia B\u1ea3o"}]},{"@type":"WebSite","@id":"https:\/\/xn--trngiaminh-bl3e.azdigi.shop\/#website","url":"https:\/\/xn--trngiaminh-bl3e.azdigi.shop\/","name":"banhtrang","description":"Mua \u0110i \u0110\u1eebng Ng\u1ea1i","potentialAction":[{"@type":"SearchAction","target":{"@type":"EntryPoint","urlTemplate":"https:\/\/xn--trngiaminh-bl3e.azdigi.shop\/?s={search_term_string}"},"query-input":{"@type":"PropertyValueSpecification","valueRequired":true,"valueName":"search_term_string"}}],"inLanguage":"vi"}]}},"_links":{"self":[{"href":"https:\/\/xn--trngiaminh-bl3e.azdigi.shop\/index.php?rest_route=\/wp\/v2\/product\/585","targetHints":{"allow":["GET"]}}],"collection":[{"href":"https:\/\/xn--trngiaminh-bl3e.azdigi.shop\/index.php?rest_route=\/wp\/v2\/product"}],"about":[{"href":"https:\/\/xn--trngiaminh-bl3e.azdigi.shop\/index.php?rest_route=\/wp\/v2\/types\/product"}],"replies":[{"embeddable":true,"href":"https:\/\/xn--trngiaminh-bl3e.azdigi.shop\/index.php?rest_route=%2Fwp%2Fv2%2Fcomments&post=585"}],"wp:featuredmedia":[{"embeddable":true,"href":"https:\/\/xn--trngiaminh-bl3e.azdigi.shop\/index.php?rest_route=\/wp\/v2\/media\/610"}],"wp:attachment":[{"href":"https:\/\/xn--trngiaminh-bl3e.azdigi.shop\/index.php?rest_route=%2Fwp%2Fv2%2Fmedia&parent=585"}],"wp:term":[{"taxonomy":"product_brand","embeddable":true,"href":"https:\/\/xn--trngiaminh-bl3e.azdigi.shop\/index.php?rest_route=%2Fwp%2Fv2%2Fproduct_brand&post=585"},{"taxonomy":"product_cat","embeddable":true,"href":"https:\/\/xn--trngiaminh-bl3e.azdigi.shop\/index.php?rest_route=%2Fwp%2Fv2%2Fproduct_cat&post=585"},{"taxonomy":"product_tag","embeddable":true,"href":"https:\/\/xn--trngiaminh-bl3e.azdigi.shop\/index.php?rest_route=%2Fwp%2Fv2%2Fproduct_tag&post=585"}],"curies":[{"name":"wp","href":"https:\/\/api.w.org\/{rel}","templated":true}]}}