{"id":583,"date":"2026-04-12T07:57:11","date_gmt":"2026-04-12T07:57:11","guid":{"rendered":"https:\/\/xn--trngiaminh-bl3e.azdigi.shop\/?post_type=product&#038;p=583"},"modified":"2026-04-23T17:02:51","modified_gmt":"2026-04-23T17:02:51","slug":"banh-trang-bo-gia-bao-combo-03","status":"publish","type":"product","link":"https:\/\/xn--trngiaminh-bl3e.azdigi.shop\/?product=banh-trang-bo-gia-bao-combo-03","title":{"rendered":"\ud83d\udd25 B\u00c1NH TR\u00c1NG TR\u1ed8N GIA B\u1ea2O 1 PH\u1ea6N (\u0102N LI\u1ec0N \u2013 FULL TOPPING)"},"content":{"rendered":"<h2 data-section-id=\"156pqeo\" data-start=\"165\" data-end=\"228\">\ud83e\uddc8 B\u00c1NH TR\u00c1NG TR\u1ed8N GIA B\u1ea2O \u2013 1 PH\u1ea6N (\u0102N LI\u1ec0N)\u2013 B\u00e9o th\u01a1m \u0111\u1eadm v\u1ecb T\u00e2y Ninh<\/h2>\n<p data-start=\"230\" data-end=\"435\"><strong data-start=\"230\" data-end=\"264\"><a href=\"https:\/\/www.bing.com\/search?pglt=299&amp;q=banh+trang+wiki&amp;cvid=b4fd032b22e948e68027e408fbcbcc6b&amp;gs_lcrp=EgRlZGdlKgYIABBFGDkyBggAEEUYOdIBCDIxMjZqMGoxqAIAsAIA&amp;FORM=ANSPA1&amp;PC=U531\">B\u00e1nh tr\u00e1ng<\/a> <\/strong>tr\u1ed9n l\u00e0 m\u00f3n \u0103n v\u1eb7t h\u1ea5p d\u1eabn v\u1edbi s\u1ef1 k\u1ebft h\u1ee3p gi\u1eefa b\u00e1nh tr\u00e1ng d\u1ebbo t\u00f4m v\u00e0 l\u1edbp b\u01a1 b\u00e9o ng\u1eady. H\u01b0\u01a1ng v\u1ecb h\u00e0i h\u00f2a, th\u01a1m ngon, ph\u00f9 h\u1ee3p cho nh\u1eefng ai y\u00eau th\u00edch \u0111\u1ed3 \u0103n v\u1eb7t \u0111\u1eadm v\u1ecb v\u00e0 ti\u1ec7n l\u1ee3i.<\/p>\n<hr data-start=\"437\" data-end=\"440\" \/>\n<h2 data-section-id=\"ocijou\" data-start=\"442\" data-end=\"463\">\u2b50 \u0110\u1eb7c \u0111i\u1ec3m n\u1ed5i b\u1eadt<\/h2>\n<p data-start=\"465\" data-end=\"543\">\ud83d\udc49 <strong data-start=\"468\" data-end=\"498\">B\u00e1nh tr\u00e1ng d\u1ebbo t\u00f4m cao c\u1ea5p<\/strong><br data-start=\"498\" data-end=\"501\" \/>D\u1ebbo m\u1ec1m, th\u01a1m nh\u1eb9 v\u1ecb t\u00f4m, kh\u00f4ng kh\u00f4 c\u1ee9ng<\/p>\n<p data-start=\"545\" data-end=\"613\">\ud83d\udc49 <strong data-start=\"548\" data-end=\"571\">B\u01a1 b\u00e9o ng\u1eady h\u1ea5p d\u1eabn<\/strong><br data-start=\"571\" data-end=\"574\" \/>T\u1ea1o \u0111\u1ed9 b\u00e9o v\u1eeba ph\u1ea3i, \u0103n kh\u00f4ng ng\u00e1n \ud83d\ude0f<\/p>\n<p data-start=\"615\" data-end=\"681\">\ud83d\udc49 <strong data-start=\"618\" data-end=\"636\">Gia v\u1ecb h\u00e0i h\u00f2a<\/strong><br data-start=\"636\" data-end=\"639\" \/>K\u1ebft h\u1ee3p v\u1eeba \u0111\u1ee7, mang l\u1ea1i h\u01b0\u01a1ng v\u1ecb \u0111\u1eadm \u0111\u00e0<\/p>\n<p data-start=\"683\" data-end=\"752\">\ud83d\udc49 <strong data-start=\"686\" data-end=\"704\">Combo ti\u1ec7n l\u1ee3i<\/strong><br data-start=\"704\" data-end=\"707\" \/>Ph\u00f9 h\u1ee3p \u0103n v\u1eb7t, t\u1ee5 t\u1eadp b\u1ea1n b\u00e8, mang \u0111i ch\u01a1i<\/p>\n<hr data-start=\"754\" data-end=\"757\" \/>\n<h2 data-section-id=\"xx5e2a\" data-start=\"759\" data-end=\"794\">\ud83d\udd25 V\u00ec sao n\u00ean ch\u1ecdn s\u1ea3n ph\u1ea9m n\u00e0y?<\/h2>\n<ul data-start=\"796\" data-end=\"924\">\n<li data-section-id=\"c83dt5\" data-start=\"796\" data-end=\"828\">Chu\u1ea9n v\u1ecb b\u00e1nh tr\u00e1ng T\u00e2y Ninh<\/li>\n<li data-section-id=\"1h32hrl\" data-start=\"829\" data-end=\"857\">H\u01b0\u01a1ng v\u1ecb b\u00e9o th\u01a1m, d\u1ec5 \u0103n<\/li>\n<li data-section-id=\"1sleakp\" data-start=\"858\" data-end=\"893\">Ph\u00f9 h\u1ee3p \u0103n v\u1eb7t, picnic, du l\u1ecbch<\/li>\n<li data-section-id=\"10smqoy\" data-start=\"894\" data-end=\"924\">\u0110\u01b0\u1ee3c nhi\u1ec1u ng\u01b0\u1eddi y\u00eau th\u00edch<\/li>\n<\/ul>\n<p data-start=\"926\" data-end=\"940\">\ud83d\udc49 Xem th\u00eam:<\/p>\n<ul data-start=\"941\" data-end=\"1023\">\n<li data-section-id=\"snnamk\" data-start=\"941\" data-end=\"968\">\/banh-trang-bo-combo-01<\/li>\n<li data-section-id=\"yy9pq1\" data-start=\"969\" data-end=\"998\">\/banh-trang-bo-tom-ngu-vi<\/li>\n<li data-section-id=\"764mls\" data-start=\"999\" data-end=\"1023\">\/banh-trang-sieu-cay<\/li>\n<\/ul>\n<hr data-start=\"1025\" data-end=\"1028\" \/>\n<h2 data-section-id=\"1eeuh4k\" data-start=\"1030\" data-end=\"1049\">\ud83c\udf7d\ufe0f C\u00e1ch s\u1eed d\u1ee5ng<\/h2>\n<ul data-start=\"1051\" data-end=\"1140\">\n<li data-section-id=\"778ojj\" data-start=\"1051\" data-end=\"1073\">M\u1edf t\u00fai v\u00e0 tr\u1ed9n \u0111\u1ec1u<\/li>\n<li data-section-id=\"rlt8ru\" data-start=\"1074\" data-end=\"1140\">\u0102n li\u1ec1n ho\u1eb7c th\u00eam:\n<ul data-start=\"1097\" data-end=\"1140\">\n<li data-section-id=\"wlm5b7\" data-start=\"1097\" data-end=\"1110\">Tr\u1ee9ng c\u00fat<\/li>\n<li data-section-id=\"4kbdea\" data-start=\"1113\" data-end=\"1124\">Rau r\u0103m<\/li>\n<li data-section-id=\"htwiug\" data-start=\"1127\" data-end=\"1140\">\u0110\u1eadu ph\u1ed9ng<\/li>\n<\/ul>\n<\/li>\n<\/ul>\n<p data-start=\"1142\" data-end=\"1168\">\ud83d\udc49 Gi\u00fap m\u00f3n \u0103n th\u00eam \u0111\u1eadm v\u1ecb<\/p>\n<hr data-start=\"1170\" data-end=\"1173\" \/>\n<h2 data-section-id=\"jql7qq\" data-start=\"1175\" data-end=\"1188\">\ud83d\udcaa L\u1ee3i \u00edch<\/h2>\n<ul data-start=\"1190\" data-end=\"1298\">\n<li data-section-id=\"1oju8x8\" data-start=\"1190\" data-end=\"1222\">Ti\u1ec7n l\u1ee3i, kh\u00f4ng c\u1ea7n ch\u1ebf bi\u1ebfn<\/li>\n<li data-section-id=\"1h32hrl\" data-start=\"1223\" data-end=\"1251\">H\u01b0\u01a1ng v\u1ecb b\u00e9o th\u01a1m, d\u1ec5 \u0103n<\/li>\n<li data-section-id=\"wnamfz\" data-start=\"1252\" data-end=\"1298\">Ph\u00f9 h\u1ee3p h\u1ecdc sinh, sinh vi\u00ean, d\u00e2n v\u0103n ph\u00f2ng<\/li>\n<\/ul>\n<p data-start=\"1300\" data-end=\"1335\">\ud83d\udc49 Th\u00edch h\u1ee3p \u0103n v\u1eb7t m\u1ecdi l\u00fac m\u1ecdi n\u01a1i<\/p>\n<hr data-start=\"1337\" data-end=\"1340\" \/>\n<h2 data-section-id=\"1x21myq\" data-start=\"1342\" data-end=\"1356\">\ud83c\udf81 K\u1ebft lu\u1eadn<\/h2>\n<p data-start=\"1358\" data-end=\"1424\"><strong data-start=\"1358\" data-end=\"1392\">B \u00c1NH TR\u00c1NG TR\u1ed8N GIA B\u1ea2O \u2013 1 PH\u1ea6N (\u0102N LI\u1ec0N)<\/strong><\/p>\n<p data-start=\"1358\" data-end=\"1424\">\ud83d\udc49 B\u00e9o \u2013 th\u01a1m \u2013 d\u1ebbo \u2013 d\u1ec5 \u0103n<\/p>\n<p data-start=\"1426\" data-end=\"1465\">\ud83d\udd25 Combo \u0103n v\u1eb7t si\u00eau cu\u1ed1n, \u0103n l\u00e0 ghi\u1ec1n!<\/p>\n","protected":false},"excerpt":{"rendered":"<div>Combo b\u00e1nh tr\u00e1ng tr\u1ed9n Gia B\u1ea3o \u0111\u00e3 chu\u1ea9n b\u1ecb \u0111\u1ea7y \u0111\u1ee7 nguy\u00ean li\u1ec7u, ch\u1ec9 c\u1ea7n tr\u1ed9n l\u00e0 \u0103n ngay.<\/div>\n<div><\/div>\n<div>G\u1ed3m:<\/div>\n<div>&#8211; B\u00e1nh tr\u00e1ng d\u1ebbo<\/div>\n<div>&#8211; Mu\u1ed1i t\u00f4m<\/div>\n<div>&#8211; T\u1ecfi phi<\/div>\n<div>&#8211; Kh\u00f4 b\u00f2<\/div>\n<div>&#8211; Sa t\u1ebf<\/div>\n<div><\/div>\n<div>\ud83d\udc49 Ti\u1ec7n l\u1ee3i \u2013 nhanh g\u1ecdn \u2013 ph\u00f9 h\u1ee3p \u0103n v\u1eb7t<\/div>\n<div>\ud83d\udc49 Ph\u00f9 h\u1ee3p cho sinh vi\u00ean, d\u00e2n v\u0103n ph\u00f2ng<\/div>\n","protected":false},"featured_media":964,"comment_status":"open","ping_status":"closed","template":"","meta":[],"product_brand":[],"product_cat":[42],"product_tag":[],"class_list":{"0":"post-583","1":"product","2":"type-product","3":"status-publish","4":"has-post-thumbnail","6":"product_cat-combo","8":"first","9":"instock","10":"sale","11":"shipping-taxable","12":"purchasable","13":"product-type-variable"},"yoast_head":"<!-- This site is optimized with the Yoast SEO plugin v27.0 - https:\/\/yoast.com\/product\/yoast-seo-wordpress\/ -->\n<title>B\u00c1NH TR\u00c1NG TR\u1ed8N GIA B\u1ea2O 1 PH\u1ea6N b\u00e9o th\u01a1m \u0111\u1eadm v\u1ecb chu\u1ea9n<\/title>\n<meta name=\"description\" content=\"B\u00c1NH TR\u00c1NG TR\u1ed8N GIA B\u1ea2O 1 PH\u1ea6N d\u1ebbo m\u1ec1m, b\u00e9o th\u01a1m, \u0111\u1eadm v\u1ecb chu\u1ea9n T\u00e2y Ninh. M\u00f3n \u0103n v\u1eb7t ti\u1ec7n l\u1ee3i, d\u1ec5 \u0103n, ph\u00f9 h\u1ee3p h\u1ecdc sinh, sinh vi\u00ean v\u00e0 d\u00e2n v\u0103n ph\u00f2ng.\" \/>\n<meta name=\"robots\" content=\"index, follow, max-snippet:-1, max-image-preview:large, max-video-preview:-1\" \/>\n<link rel=\"canonical\" href=\"https:\/\/xn--trngiaminh-bl3e.azdigi.shop\/?product=banh-trang-bo-gia-bao-combo-03\" \/>\n<meta property=\"og:locale\" content=\"vi_VN\" \/>\n<meta property=\"og:type\" content=\"article\" \/>\n<meta property=\"og:title\" content=\"B\u00c1NH TR\u00c1NG TR\u1ed8N GIA B\u1ea2O 1 PH\u1ea6N b\u00e9o th\u01a1m \u0111\u1eadm v\u1ecb chu\u1ea9n\" \/>\n<meta property=\"og:description\" content=\"B\u00c1NH TR\u00c1NG TR\u1ed8N GIA B\u1ea2O 1 PH\u1ea6N d\u1ebbo m\u1ec1m, b\u00e9o th\u01a1m, \u0111\u1eadm v\u1ecb chu\u1ea9n T\u00e2y Ninh. M\u00f3n \u0103n v\u1eb7t ti\u1ec7n l\u1ee3i, d\u1ec5 \u0103n, ph\u00f9 h\u1ee3p h\u1ecdc sinh, sinh vi\u00ean v\u00e0 d\u00e2n v\u0103n ph\u00f2ng.\" \/>\n<meta property=\"og:url\" content=\"https:\/\/xn--trngiaminh-bl3e.azdigi.shop\/?product=banh-trang-bo-gia-bao-combo-03\" \/>\n<meta property=\"og:site_name\" content=\"banhtrang\" \/>\n<meta property=\"article:modified_time\" content=\"2026-04-23T17:02:51+00:00\" \/>\n<meta property=\"og:image\" content=\"https:\/\/xn--trngiaminh-bl3e.azdigi.shop\/wp-content\/uploads\/2026\/04\/ChatGPT-Image-17_57_37-22-thg-4-2026.png\" \/>\n\t<meta property=\"og:image:width\" content=\"1254\" \/>\n\t<meta property=\"og:image:height\" content=\"1254\" \/>\n\t<meta property=\"og:image:type\" content=\"image\/png\" \/>\n<meta name=\"twitter:card\" content=\"summary_large_image\" \/>\n<meta name=\"twitter:label1\" content=\"\u01af\u1edbc t\u00ednh th\u1eddi gian \u0111\u1ecdc\" \/>\n\t<meta name=\"twitter:data1\" content=\"2 ph\u00fat\" \/>\n<script type=\"application\/ld+json\" class=\"yoast-schema-graph\">{\"@context\":\"https:\/\/schema.org\",\"@graph\":[{\"@type\":\"WebPage\",\"@id\":\"https:\/\/xn--trngiaminh-bl3e.azdigi.shop\/?product=banh-trang-bo-gia-bao-combo-03\",\"url\":\"https:\/\/xn--trngiaminh-bl3e.azdigi.shop\/?product=banh-trang-bo-gia-bao-combo-03\",\"name\":\"B\u00c1NH TR\u00c1NG TR\u1ed8N GIA B\u1ea2O 1 PH\u1ea6N b\u00e9o th\u01a1m \u0111\u1eadm v\u1ecb chu\u1ea9n\",\"isPartOf\":{\"@id\":\"https:\/\/xn--trngiaminh-bl3e.azdigi.shop\/#website\"},\"primaryImageOfPage\":{\"@id\":\"https:\/\/xn--trngiaminh-bl3e.azdigi.shop\/?product=banh-trang-bo-gia-bao-combo-03#primaryimage\"},\"image\":{\"@id\":\"https:\/\/xn--trngiaminh-bl3e.azdigi.shop\/?product=banh-trang-bo-gia-bao-combo-03#primaryimage\"},\"thumbnailUrl\":\"https:\/\/xn--trngiaminh-bl3e.azdigi.shop\/wp-content\/uploads\/2026\/04\/ChatGPT-Image-17_57_37-22-thg-4-2026.png\",\"datePublished\":\"2026-04-12T07:57:11+00:00\",\"dateModified\":\"2026-04-23T17:02:51+00:00\",\"description\":\"B\u00c1NH TR\u00c1NG TR\u1ed8N GIA B\u1ea2O 1 PH\u1ea6N d\u1ebbo m\u1ec1m, b\u00e9o th\u01a1m, \u0111\u1eadm v\u1ecb chu\u1ea9n T\u00e2y Ninh. M\u00f3n \u0103n v\u1eb7t ti\u1ec7n l\u1ee3i, d\u1ec5 \u0103n, ph\u00f9 h\u1ee3p h\u1ecdc sinh, sinh vi\u00ean v\u00e0 d\u00e2n v\u0103n ph\u00f2ng.\",\"breadcrumb\":{\"@id\":\"https:\/\/xn--trngiaminh-bl3e.azdigi.shop\/?product=banh-trang-bo-gia-bao-combo-03#breadcrumb\"},\"inLanguage\":\"vi\",\"potentialAction\":[{\"@type\":\"ReadAction\",\"target\":[\"https:\/\/xn--trngiaminh-bl3e.azdigi.shop\/?product=banh-trang-bo-gia-bao-combo-03\"]}]},{\"@type\":\"ImageObject\",\"inLanguage\":\"vi\",\"@id\":\"https:\/\/xn--trngiaminh-bl3e.azdigi.shop\/?product=banh-trang-bo-gia-bao-combo-03#primaryimage\",\"url\":\"https:\/\/xn--trngiaminh-bl3e.azdigi.shop\/wp-content\/uploads\/2026\/04\/ChatGPT-Image-17_57_37-22-thg-4-2026.png\",\"contentUrl\":\"https:\/\/xn--trngiaminh-bl3e.azdigi.shop\/wp-content\/uploads\/2026\/04\/ChatGPT-Image-17_57_37-22-thg-4-2026.png\",\"width\":1254,\"height\":1254},{\"@type\":\"BreadcrumbList\",\"@id\":\"https:\/\/xn--trngiaminh-bl3e.azdigi.shop\/?product=banh-trang-bo-gia-bao-combo-03#breadcrumb\",\"itemListElement\":[{\"@type\":\"ListItem\",\"position\":1,\"name\":\"Trang ch\u1ee7\",\"item\":\"https:\/\/xn--trngiaminh-bl3e.azdigi.shop\/\"},{\"@type\":\"ListItem\",\"position\":2,\"name\":\"C\u1eeda h\u00e0ng\",\"item\":\"https:\/\/xn--trngiaminh-bl3e.azdigi.shop\/?page_id=220\"},{\"@type\":\"ListItem\",\"position\":3,\"name\":\"\ud83d\udd25 B\u00c1NH TR\u00c1NG TR\u1ed8N GIA B\u1ea2O 1 PH\u1ea6N (\u0102N LI\u1ec0N \u2013 FULL TOPPING)\"}]},{\"@type\":\"WebSite\",\"@id\":\"https:\/\/xn--trngiaminh-bl3e.azdigi.shop\/#website\",\"url\":\"https:\/\/xn--trngiaminh-bl3e.azdigi.shop\/\",\"name\":\"banhtrang\",\"description\":\"Mua \u0110i \u0110\u1eebng Ng\u1ea1i\",\"potentialAction\":[{\"@type\":\"SearchAction\",\"target\":{\"@type\":\"EntryPoint\",\"urlTemplate\":\"https:\/\/xn--trngiaminh-bl3e.azdigi.shop\/?s={search_term_string}\"},\"query-input\":{\"@type\":\"PropertyValueSpecification\",\"valueRequired\":true,\"valueName\":\"search_term_string\"}}],\"inLanguage\":\"vi\"}]}<\/script>\n<!-- \/ Yoast SEO plugin. -->","yoast_head_json":{"title":"B\u00c1NH TR\u00c1NG TR\u1ed8N GIA B\u1ea2O 1 PH\u1ea6N b\u00e9o th\u01a1m \u0111\u1eadm v\u1ecb chu\u1ea9n","description":"B\u00c1NH TR\u00c1NG TR\u1ed8N GIA B\u1ea2O 1 PH\u1ea6N d\u1ebbo m\u1ec1m, b\u00e9o th\u01a1m, \u0111\u1eadm v\u1ecb chu\u1ea9n T\u00e2y Ninh. M\u00f3n \u0103n v\u1eb7t ti\u1ec7n l\u1ee3i, d\u1ec5 \u0103n, ph\u00f9 h\u1ee3p h\u1ecdc sinh, sinh vi\u00ean v\u00e0 d\u00e2n v\u0103n ph\u00f2ng.","robots":{"index":"index","follow":"follow","max-snippet":"max-snippet:-1","max-image-preview":"max-image-preview:large","max-video-preview":"max-video-preview:-1"},"canonical":"https:\/\/xn--trngiaminh-bl3e.azdigi.shop\/?product=banh-trang-bo-gia-bao-combo-03","og_locale":"vi_VN","og_type":"article","og_title":"B\u00c1NH TR\u00c1NG TR\u1ed8N GIA B\u1ea2O 1 PH\u1ea6N b\u00e9o th\u01a1m \u0111\u1eadm v\u1ecb chu\u1ea9n","og_description":"B\u00c1NH TR\u00c1NG TR\u1ed8N GIA B\u1ea2O 1 PH\u1ea6N d\u1ebbo m\u1ec1m, b\u00e9o th\u01a1m, \u0111\u1eadm v\u1ecb chu\u1ea9n T\u00e2y Ninh. M\u00f3n \u0103n v\u1eb7t ti\u1ec7n l\u1ee3i, d\u1ec5 \u0103n, ph\u00f9 h\u1ee3p h\u1ecdc sinh, sinh vi\u00ean v\u00e0 d\u00e2n v\u0103n ph\u00f2ng.","og_url":"https:\/\/xn--trngiaminh-bl3e.azdigi.shop\/?product=banh-trang-bo-gia-bao-combo-03","og_site_name":"banhtrang","article_modified_time":"2026-04-23T17:02:51+00:00","og_image":[{"width":1254,"height":1254,"url":"https:\/\/xn--trngiaminh-bl3e.azdigi.shop\/wp-content\/uploads\/2026\/04\/ChatGPT-Image-17_57_37-22-thg-4-2026.png","type":"image\/png"}],"twitter_card":"summary_large_image","twitter_misc":{"\u01af\u1edbc t\u00ednh th\u1eddi gian \u0111\u1ecdc":"2 ph\u00fat"},"schema":{"@context":"https:\/\/schema.org","@graph":[{"@type":"WebPage","@id":"https:\/\/xn--trngiaminh-bl3e.azdigi.shop\/?product=banh-trang-bo-gia-bao-combo-03","url":"https:\/\/xn--trngiaminh-bl3e.azdigi.shop\/?product=banh-trang-bo-gia-bao-combo-03","name":"B\u00c1NH TR\u00c1NG TR\u1ed8N GIA B\u1ea2O 1 PH\u1ea6N b\u00e9o th\u01a1m \u0111\u1eadm v\u1ecb chu\u1ea9n","isPartOf":{"@id":"https:\/\/xn--trngiaminh-bl3e.azdigi.shop\/#website"},"primaryImageOfPage":{"@id":"https:\/\/xn--trngiaminh-bl3e.azdigi.shop\/?product=banh-trang-bo-gia-bao-combo-03#primaryimage"},"image":{"@id":"https:\/\/xn--trngiaminh-bl3e.azdigi.shop\/?product=banh-trang-bo-gia-bao-combo-03#primaryimage"},"thumbnailUrl":"https:\/\/xn--trngiaminh-bl3e.azdigi.shop\/wp-content\/uploads\/2026\/04\/ChatGPT-Image-17_57_37-22-thg-4-2026.png","datePublished":"2026-04-12T07:57:11+00:00","dateModified":"2026-04-23T17:02:51+00:00","description":"B\u00c1NH TR\u00c1NG TR\u1ed8N GIA B\u1ea2O 1 PH\u1ea6N d\u1ebbo m\u1ec1m, b\u00e9o th\u01a1m, \u0111\u1eadm v\u1ecb chu\u1ea9n T\u00e2y Ninh. M\u00f3n \u0103n v\u1eb7t ti\u1ec7n l\u1ee3i, d\u1ec5 \u0103n, ph\u00f9 h\u1ee3p h\u1ecdc sinh, sinh vi\u00ean v\u00e0 d\u00e2n v\u0103n ph\u00f2ng.","breadcrumb":{"@id":"https:\/\/xn--trngiaminh-bl3e.azdigi.shop\/?product=banh-trang-bo-gia-bao-combo-03#breadcrumb"},"inLanguage":"vi","potentialAction":[{"@type":"ReadAction","target":["https:\/\/xn--trngiaminh-bl3e.azdigi.shop\/?product=banh-trang-bo-gia-bao-combo-03"]}]},{"@type":"ImageObject","inLanguage":"vi","@id":"https:\/\/xn--trngiaminh-bl3e.azdigi.shop\/?product=banh-trang-bo-gia-bao-combo-03#primaryimage","url":"https:\/\/xn--trngiaminh-bl3e.azdigi.shop\/wp-content\/uploads\/2026\/04\/ChatGPT-Image-17_57_37-22-thg-4-2026.png","contentUrl":"https:\/\/xn--trngiaminh-bl3e.azdigi.shop\/wp-content\/uploads\/2026\/04\/ChatGPT-Image-17_57_37-22-thg-4-2026.png","width":1254,"height":1254},{"@type":"BreadcrumbList","@id":"https:\/\/xn--trngiaminh-bl3e.azdigi.shop\/?product=banh-trang-bo-gia-bao-combo-03#breadcrumb","itemListElement":[{"@type":"ListItem","position":1,"name":"Trang ch\u1ee7","item":"https:\/\/xn--trngiaminh-bl3e.azdigi.shop\/"},{"@type":"ListItem","position":2,"name":"C\u1eeda h\u00e0ng","item":"https:\/\/xn--trngiaminh-bl3e.azdigi.shop\/?page_id=220"},{"@type":"ListItem","position":3,"name":"\ud83d\udd25 B\u00c1NH TR\u00c1NG TR\u1ed8N GIA B\u1ea2O 1 PH\u1ea6N (\u0102N LI\u1ec0N \u2013 FULL TOPPING)"}]},{"@type":"WebSite","@id":"https:\/\/xn--trngiaminh-bl3e.azdigi.shop\/#website","url":"https:\/\/xn--trngiaminh-bl3e.azdigi.shop\/","name":"banhtrang","description":"Mua \u0110i \u0110\u1eebng Ng\u1ea1i","potentialAction":[{"@type":"SearchAction","target":{"@type":"EntryPoint","urlTemplate":"https:\/\/xn--trngiaminh-bl3e.azdigi.shop\/?s={search_term_string}"},"query-input":{"@type":"PropertyValueSpecification","valueRequired":true,"valueName":"search_term_string"}}],"inLanguage":"vi"}]}},"_links":{"self":[{"href":"https:\/\/xn--trngiaminh-bl3e.azdigi.shop\/index.php?rest_route=\/wp\/v2\/product\/583","targetHints":{"allow":["GET"]}}],"collection":[{"href":"https:\/\/xn--trngiaminh-bl3e.azdigi.shop\/index.php?rest_route=\/wp\/v2\/product"}],"about":[{"href":"https:\/\/xn--trngiaminh-bl3e.azdigi.shop\/index.php?rest_route=\/wp\/v2\/types\/product"}],"replies":[{"embeddable":true,"href":"https:\/\/xn--trngiaminh-bl3e.azdigi.shop\/index.php?rest_route=%2Fwp%2Fv2%2Fcomments&post=583"}],"wp:featuredmedia":[{"embeddable":true,"href":"https:\/\/xn--trngiaminh-bl3e.azdigi.shop\/index.php?rest_route=\/wp\/v2\/media\/964"}],"wp:attachment":[{"href":"https:\/\/xn--trngiaminh-bl3e.azdigi.shop\/index.php?rest_route=%2Fwp%2Fv2%2Fmedia&parent=583"}],"wp:term":[{"taxonomy":"product_brand","embeddable":true,"href":"https:\/\/xn--trngiaminh-bl3e.azdigi.shop\/index.php?rest_route=%2Fwp%2Fv2%2Fproduct_brand&post=583"},{"taxonomy":"product_cat","embeddable":true,"href":"https:\/\/xn--trngiaminh-bl3e.azdigi.shop\/index.php?rest_route=%2Fwp%2Fv2%2Fproduct_cat&post=583"},{"taxonomy":"product_tag","embeddable":true,"href":"https:\/\/xn--trngiaminh-bl3e.azdigi.shop\/index.php?rest_route=%2Fwp%2Fv2%2Fproduct_tag&post=583"}],"curies":[{"name":"wp","href":"https:\/\/api.w.org\/{rel}","templated":true}]}}