{"id":565,"date":"2026-04-11T23:00:54","date_gmt":"2026-04-11T23:00:54","guid":{"rendered":"https:\/\/xn--trngiaminh-bl3e.azdigi.shop\/?post_type=product&#038;p=565"},"modified":"2026-04-23T17:03:02","modified_gmt":"2026-04-23T17:03:02","slug":"banh-trang-tron-sa-te-ngu-vi-combo-3-phan","status":"publish","type":"product","link":"https:\/\/xn--trngiaminh-bl3e.azdigi.shop\/?product=banh-trang-tron-sa-te-ngu-vi-combo-3-phan","title":{"rendered":"COMBO 3 PH\u1ea6N B\u00c1NH TR\u00c1NG TR\u1ed8N SA T\u1ebe NG\u0168 V\u1eca \u2013 139K \ud83d\udd25"},"content":{"rendered":"<h2 data-section-id=\"1cz73rc\" data-start=\"166\" data-end=\"236\">\u00a0B\u00c1NH TR\u00c1NG TR\u1ed8N Gia B\u1ea3o COMBO 3 PH\u1ea6N CH\u1ec8 139K \ud83d\udd25\u2013 Cay \u0111\u1eadm v\u1ecb si\u00eau cu\u1ed1n<\/h2>\n<p data-start=\"238\" data-end=\"460\"><strong data-start=\"238\" data-end=\"282\"><a href=\"https:\/\/www.bing.com\/search?q=b\u00e1nh%20tr\u00e1ng%20wiki&amp;qs=n&amp;form=QBRE&amp;sp=-1&amp;ghc=1&amp;lq=0&amp;pq=b\u00e1nh%20tr\u00e1ng%20wik&amp;sc=12-14&amp;sk=&amp;cvid=CCCB9A30943049C2A60F3073236E22AE\">B\u00e1nh tr\u00e1ng<\/a> sa t\u1ebf ng\u0169 v\u1ecb Gia B\u1ea3o<\/strong><\/p>\n<h2 data-section-id=\"1cz73rc\" data-start=\"166\" data-end=\"236\">COMBO 3 PH\u1ea6N CH\u1ec8 139K \ud83d\udd25l\u00e0 s\u1ef1 k\u1ebft h\u1ee3p ho\u00e0n h\u1ea3o gi\u1eefa b\u00e1nh tr\u00e1ng ph\u01a1i s\u01b0\u01a1ng d\u1ebbo m\u1ec1m v\u00e0 gia v\u1ecb sa t\u1ebf \u0111\u1eadm \u0111\u00e0. V\u1edbi h\u01b0\u01a1ng v\u1ecb ng\u0169 v\u1ecb \u0111\u1eb7c tr\u01b0ng, s\u1ea3n ph\u1ea9m mang \u0111\u1ebfn tr\u1ea3i nghi\u1ec7m \u0103n v\u1eb7t c\u1ef1c k\u1ef3 h\u1ea5p d\u1eabn v\u00e0 kh\u00f3 qu\u00ean.<\/h2>\n<hr data-start=\"462\" data-end=\"465\" \/>\n<h2 data-section-id=\"ocijou\" data-start=\"467\" data-end=\"488\">\u2b50 \u0110\u1eb7c \u0111i\u1ec3m n\u1ed5i b\u1eadt<\/h2>\n<p data-start=\"490\" data-end=\"589\">\ud83d\udc49 <strong data-start=\"493\" data-end=\"526\">B\u00e1nh tr\u00e1ng ph\u01a1i s\u01b0\u01a1ng cao c\u1ea5p<\/strong><br data-start=\"526\" data-end=\"529\" \/>D\u1ebbo m\u1ec1m, kh\u00f4ng kh\u00f4 c\u1ee9ng, gi\u1eef \u0111\u01b0\u1ee3c v\u1ecb th\u01a1m t\u1ef1 nhi\u00ean c\u1ee7a g\u1ea1o<\/p>\n<p data-start=\"591\" data-end=\"681\">\ud83d\udc49 <strong data-start=\"594\" data-end=\"620\">Sa t\u1ebf ng\u0169 v\u1ecb \u0111\u1eb7c tr\u01b0ng<\/strong><br data-start=\"620\" data-end=\"623\" \/>K\u1ebft h\u1ee3p cay \u2013 m\u1eb7n \u2013 ng\u1ecdt \u2013 chua \u2013 \u0111\u1eadm v\u1ecb, \u0103n r\u1ea5t cu\u1ed1n \ud83d\ude0f<\/p>\n<p data-start=\"683\" data-end=\"745\">\ud83d\udc49 <strong data-start=\"686\" data-end=\"704\">Gia v\u1ecb h\u00e0i h\u00f2a<\/strong><br data-start=\"704\" data-end=\"707\" \/>Kh\u00f4ng qu\u00e1 g\u1eaft, ph\u00f9 h\u1ee3p nhi\u1ec1u kh\u1ea9u v\u1ecb<\/p>\n<p data-start=\"747\" data-end=\"816\">\ud83d\udc49 <strong data-start=\"750\" data-end=\"768\">Combo ti\u1ec7n l\u1ee3i<\/strong><br data-start=\"768\" data-end=\"771\" \/>Ph\u00f9 h\u1ee3p \u0103n v\u1eb7t, t\u1ee5 t\u1eadp b\u1ea1n b\u00e8, mang \u0111i ch\u01a1i<\/p>\n<hr data-start=\"818\" data-end=\"821\" \/>\n<h2 data-section-id=\"xx5e2a\" data-start=\"823\" data-end=\"858\">\ud83d\udd25 V\u00ec sao n\u00ean ch\u1ecdn s\u1ea3n ph\u1ea9m n\u00e0y?<\/h2>\n<ul data-start=\"860\" data-end=\"988\">\n<li data-section-id=\"c83dt5\" data-start=\"860\" data-end=\"892\">Chu\u1ea9n v\u1ecb b\u00e1nh tr\u00e1ng T\u00e2y Ninh<\/li>\n<li data-section-id=\"dkvjt1\" data-start=\"893\" data-end=\"919\">H\u01b0\u01a1ng v\u1ecb \u0111\u1eadm \u0111\u00e0, d\u1ec5 \u0103n<\/li>\n<li data-section-id=\"12dm3ha\" data-start=\"920\" data-end=\"957\">Ph\u00f9 h\u1ee3p \u0103n v\u1eb7t, du l\u1ecbch, d\u00e3 ngo\u1ea1i<\/li>\n<li data-section-id=\"10smqoy\" data-start=\"958\" data-end=\"988\">\u0110\u01b0\u1ee3c nhi\u1ec1u ng\u01b0\u1eddi y\u00eau th\u00edch<\/li>\n<\/ul>\n<p data-start=\"990\" data-end=\"1004\">\ud83d\udc49 Xem th\u00eam:<\/p>\n<ul data-start=\"1005\" data-end=\"1080\">\n<li data-section-id=\"coz3vm\" data-start=\"1005\" data-end=\"1031\">\/banh-trang-bo-gia-bao<\/li>\n<li data-section-id=\"764mls\" data-start=\"1032\" data-end=\"1056\">\/banh-trang-sieu-cay<\/li>\n<li data-section-id=\"wcfbsp\" data-start=\"1057\" data-end=\"1080\">\/banh-trang-deo-tom<\/li>\n<\/ul>\n<hr data-start=\"1082\" data-end=\"1085\" \/>\n<h2 data-section-id=\"1eeuh4k\" data-start=\"1087\" data-end=\"1106\">\ud83c\udf7d\ufe0f C\u00e1ch s\u1eed d\u1ee5ng<\/h2>\n<ul data-start=\"1108\" data-end=\"1197\">\n<li data-section-id=\"778ojj\" data-start=\"1108\" data-end=\"1130\">M\u1edf t\u00fai v\u00e0 tr\u1ed9n \u0111\u1ec1u<\/li>\n<li data-section-id=\"rlt8ru\" data-start=\"1131\" data-end=\"1197\">\u0102n li\u1ec1n ho\u1eb7c th\u00eam:\n<ul data-start=\"1154\" data-end=\"1197\">\n<li data-section-id=\"wlm5b7\" data-start=\"1154\" data-end=\"1167\">Tr\u1ee9ng c\u00fat<\/li>\n<li data-section-id=\"4kbdea\" data-start=\"1170\" data-end=\"1181\">Rau r\u0103m<\/li>\n<li data-section-id=\"htwiug\" data-start=\"1184\" data-end=\"1197\">\u0110\u1eadu ph\u1ed9ng<\/li>\n<\/ul>\n<\/li>\n<\/ul>\n<p data-start=\"1199\" data-end=\"1225\">\ud83d\udc49 Gi\u00fap m\u00f3n \u0103n th\u00eam \u0111\u1eadm v\u1ecb<\/p>\n<hr data-start=\"1227\" data-end=\"1230\" \/>\n<h2 data-section-id=\"jql7qq\" data-start=\"1232\" data-end=\"1245\">\ud83d\udcaa L\u1ee3i \u00edch<\/h2>\n<ul data-start=\"1247\" data-end=\"1353\">\n<li data-section-id=\"1oju8x8\" data-start=\"1247\" data-end=\"1279\">Ti\u1ec7n l\u1ee3i, kh\u00f4ng c\u1ea7n ch\u1ebf bi\u1ebfn<\/li>\n<li data-section-id=\"dkvjt1\" data-start=\"1280\" data-end=\"1306\">H\u01b0\u01a1ng v\u1ecb \u0111\u1eadm \u0111\u00e0, d\u1ec5 \u0103n<\/li>\n<li data-section-id=\"wnamfz\" data-start=\"1307\" data-end=\"1353\">Ph\u00f9 h\u1ee3p h\u1ecdc sinh, sinh vi\u00ean, d\u00e2n v\u0103n ph\u00f2ng<\/li>\n<\/ul>\n<p data-start=\"1355\" data-end=\"1390\">\ud83d\udc49 Th\u00edch h\u1ee3p \u0103n v\u1eb7t m\u1ecdi l\u00fac m\u1ecdi n\u01a1i<\/p>\n<hr data-start=\"1392\" data-end=\"1395\" \/>\n<h2 data-section-id=\"1x21myq\" data-start=\"1397\" data-end=\"1411\">\ud83c\udf81 K\u1ebft lu\u1eadn<\/h2>\n<p data-start=\"1413\" data-end=\"1495\"><strong data-start=\"1413\" data-end=\"1457\">B\u00e1nh tr\u00e1ng sa t\u1ebf ng\u0169 v\u1ecb Gia B\u1ea3o COMBO 3 ph\u1ea7n\u00a0<\/strong><br data-start=\"1457\" data-end=\"1460\" \/>\ud83d\udc49 Cay \u2013 \u0111\u1eadm v\u1ecb \u2013 d\u1ebbo m\u1ec1m \u2013 d\u1ec5 \u0103n<\/p>\n<p data-start=\"1497\" data-end=\"1536\">\ud83d\udd25 Combo \u0103n v\u1eb7t si\u00eau cu\u1ed1n, \u0103n l\u00e0 ghi\u1ec1n!<\/p>\n","protected":false},"excerpt":{"rendered":"<div>Combo nhi\u1ec1u ph\u1ea7n b\u00e1nh tr\u00e1ng tr\u1ed9n, ti\u1ebft ki\u1ec7m h\u01a1n mua l\u1ebb.<\/div>\n<div><\/div>\n<div>\ud83d\udc49 Ph\u00f9 h\u1ee3p \u0103n nh\u00f3m, b\u1ea1n b\u00e8<\/div>\n<div>\ud83d\udc49 Gi\u00e1 r\u1ebb h\u01a1n khi mua ri\u00eang t\u1eebng ph\u1ea7n<\/div>\n","protected":false},"featured_media":947,"comment_status":"open","ping_status":"closed","template":"","meta":[],"product_brand":[],"product_cat":[42],"product_tag":[],"class_list":{"0":"post-565","1":"product","2":"type-product","3":"status-publish","4":"has-post-thumbnail","6":"product_cat-combo","8":"first","9":"instock","10":"sale","11":"shipping-taxable","12":"purchasable","13":"product-type-variable"},"yoast_head":"<!-- This site is optimized with the Yoast SEO plugin v27.0 - https:\/\/yoast.com\/product\/yoast-seo-wordpress\/ -->\n<title>B\u00e1nh tr\u00e1ng tr\u1ed9n sa t\u1ebf ng\u0169 v\u1ecb COMBO 3 ph\u1ea7n<\/title>\n<meta name=\"description\" content=\"B\u00e1nh tr\u00e1ng tr\u1ed9n sa t\u1ebf ng\u0169 v\u1ecb COMBO 3 ph\u1ea7n d\u1ebbo m\u1ec1m, cay \u0111\u1eadm v\u1ecb chu\u1ea9n T\u00e2y Ninh. M\u00f3n \u0103n v\u1eb7t ti\u1ec7n l\u1ee3i, d\u1ec5 \u0103n, ph\u00f9 h\u1ee3p h\u1ecdc sinh, sinh vi\u00ean v\u00e0 d\u00e2n v\u0103n ph\u00f2ng.\" \/>\n<meta name=\"robots\" content=\"index, follow, max-snippet:-1, max-image-preview:large, max-video-preview:-1\" \/>\n<link rel=\"canonical\" href=\"https:\/\/xn--trngiaminh-bl3e.azdigi.shop\/?product=banh-trang-tron-sa-te-ngu-vi-combo-3-phan\" \/>\n<meta property=\"og:locale\" content=\"vi_VN\" \/>\n<meta property=\"og:type\" content=\"article\" \/>\n<meta property=\"og:title\" content=\"B\u00e1nh tr\u00e1ng tr\u1ed9n sa t\u1ebf ng\u0169 v\u1ecb COMBO 3 ph\u1ea7n\" \/>\n<meta property=\"og:description\" content=\"B\u00e1nh tr\u00e1ng tr\u1ed9n sa t\u1ebf ng\u0169 v\u1ecb COMBO 3 ph\u1ea7n d\u1ebbo m\u1ec1m, cay \u0111\u1eadm v\u1ecb chu\u1ea9n T\u00e2y Ninh. M\u00f3n \u0103n v\u1eb7t ti\u1ec7n l\u1ee3i, d\u1ec5 \u0103n, ph\u00f9 h\u1ee3p h\u1ecdc sinh, sinh vi\u00ean v\u00e0 d\u00e2n v\u0103n ph\u00f2ng.\" \/>\n<meta property=\"og:url\" content=\"https:\/\/xn--trngiaminh-bl3e.azdigi.shop\/?product=banh-trang-tron-sa-te-ngu-vi-combo-3-phan\" \/>\n<meta property=\"og:site_name\" content=\"banhtrang\" \/>\n<meta property=\"article:modified_time\" content=\"2026-04-23T17:03:02+00:00\" \/>\n<meta property=\"og:image\" content=\"https:\/\/xn--trngiaminh-bl3e.azdigi.shop\/wp-content\/uploads\/2026\/04\/ChatGPT-Image-15_55_41-22-thg-4-2026.png\" \/>\n\t<meta property=\"og:image:width\" content=\"1254\" \/>\n\t<meta property=\"og:image:height\" content=\"1254\" \/>\n\t<meta property=\"og:image:type\" content=\"image\/png\" \/>\n<meta name=\"twitter:card\" content=\"summary_large_image\" \/>\n<meta name=\"twitter:label1\" content=\"\u01af\u1edbc t\u00ednh th\u1eddi gian \u0111\u1ecdc\" \/>\n\t<meta name=\"twitter:data1\" content=\"2 ph\u00fat\" \/>\n<script type=\"application\/ld+json\" class=\"yoast-schema-graph\">{\"@context\":\"https:\/\/schema.org\",\"@graph\":[{\"@type\":\"WebPage\",\"@id\":\"https:\/\/xn--trngiaminh-bl3e.azdigi.shop\/?product=banh-trang-tron-sa-te-ngu-vi-combo-3-phan\",\"url\":\"https:\/\/xn--trngiaminh-bl3e.azdigi.shop\/?product=banh-trang-tron-sa-te-ngu-vi-combo-3-phan\",\"name\":\"B\u00e1nh tr\u00e1ng tr\u1ed9n sa t\u1ebf ng\u0169 v\u1ecb COMBO 3 ph\u1ea7n\",\"isPartOf\":{\"@id\":\"https:\/\/xn--trngiaminh-bl3e.azdigi.shop\/#website\"},\"primaryImageOfPage\":{\"@id\":\"https:\/\/xn--trngiaminh-bl3e.azdigi.shop\/?product=banh-trang-tron-sa-te-ngu-vi-combo-3-phan#primaryimage\"},\"image\":{\"@id\":\"https:\/\/xn--trngiaminh-bl3e.azdigi.shop\/?product=banh-trang-tron-sa-te-ngu-vi-combo-3-phan#primaryimage\"},\"thumbnailUrl\":\"https:\/\/xn--trngiaminh-bl3e.azdigi.shop\/wp-content\/uploads\/2026\/04\/ChatGPT-Image-15_55_41-22-thg-4-2026.png\",\"datePublished\":\"2026-04-11T23:00:54+00:00\",\"dateModified\":\"2026-04-23T17:03:02+00:00\",\"description\":\"B\u00e1nh tr\u00e1ng tr\u1ed9n sa t\u1ebf ng\u0169 v\u1ecb COMBO 3 ph\u1ea7n d\u1ebbo m\u1ec1m, cay \u0111\u1eadm v\u1ecb chu\u1ea9n T\u00e2y Ninh. M\u00f3n \u0103n v\u1eb7t ti\u1ec7n l\u1ee3i, d\u1ec5 \u0103n, ph\u00f9 h\u1ee3p h\u1ecdc sinh, sinh vi\u00ean v\u00e0 d\u00e2n v\u0103n ph\u00f2ng.\",\"breadcrumb\":{\"@id\":\"https:\/\/xn--trngiaminh-bl3e.azdigi.shop\/?product=banh-trang-tron-sa-te-ngu-vi-combo-3-phan#breadcrumb\"},\"inLanguage\":\"vi\",\"potentialAction\":[{\"@type\":\"ReadAction\",\"target\":[\"https:\/\/xn--trngiaminh-bl3e.azdigi.shop\/?product=banh-trang-tron-sa-te-ngu-vi-combo-3-phan\"]}]},{\"@type\":\"ImageObject\",\"inLanguage\":\"vi\",\"@id\":\"https:\/\/xn--trngiaminh-bl3e.azdigi.shop\/?product=banh-trang-tron-sa-te-ngu-vi-combo-3-phan#primaryimage\",\"url\":\"https:\/\/xn--trngiaminh-bl3e.azdigi.shop\/wp-content\/uploads\/2026\/04\/ChatGPT-Image-15_55_41-22-thg-4-2026.png\",\"contentUrl\":\"https:\/\/xn--trngiaminh-bl3e.azdigi.shop\/wp-content\/uploads\/2026\/04\/ChatGPT-Image-15_55_41-22-thg-4-2026.png\",\"width\":1254,\"height\":1254},{\"@type\":\"BreadcrumbList\",\"@id\":\"https:\/\/xn--trngiaminh-bl3e.azdigi.shop\/?product=banh-trang-tron-sa-te-ngu-vi-combo-3-phan#breadcrumb\",\"itemListElement\":[{\"@type\":\"ListItem\",\"position\":1,\"name\":\"Trang ch\u1ee7\",\"item\":\"https:\/\/xn--trngiaminh-bl3e.azdigi.shop\/\"},{\"@type\":\"ListItem\",\"position\":2,\"name\":\"C\u1eeda h\u00e0ng\",\"item\":\"https:\/\/xn--trngiaminh-bl3e.azdigi.shop\/?page_id=220\"},{\"@type\":\"ListItem\",\"position\":3,\"name\":\"COMBO 3 PH\u1ea6N B\u00c1NH TR\u00c1NG TR\u1ed8N SA T\u1ebe NG\u0168 V\u1eca \u2013 139K \ud83d\udd25\"}]},{\"@type\":\"WebSite\",\"@id\":\"https:\/\/xn--trngiaminh-bl3e.azdigi.shop\/#website\",\"url\":\"https:\/\/xn--trngiaminh-bl3e.azdigi.shop\/\",\"name\":\"banhtrang\",\"description\":\"Mua \u0110i \u0110\u1eebng Ng\u1ea1i\",\"potentialAction\":[{\"@type\":\"SearchAction\",\"target\":{\"@type\":\"EntryPoint\",\"urlTemplate\":\"https:\/\/xn--trngiaminh-bl3e.azdigi.shop\/?s={search_term_string}\"},\"query-input\":{\"@type\":\"PropertyValueSpecification\",\"valueRequired\":true,\"valueName\":\"search_term_string\"}}],\"inLanguage\":\"vi\"}]}<\/script>\n<!-- \/ Yoast SEO plugin. -->","yoast_head_json":{"title":"B\u00e1nh tr\u00e1ng tr\u1ed9n sa t\u1ebf ng\u0169 v\u1ecb COMBO 3 ph\u1ea7n","description":"B\u00e1nh tr\u00e1ng tr\u1ed9n sa t\u1ebf ng\u0169 v\u1ecb COMBO 3 ph\u1ea7n d\u1ebbo m\u1ec1m, cay \u0111\u1eadm v\u1ecb chu\u1ea9n T\u00e2y Ninh. M\u00f3n \u0103n v\u1eb7t ti\u1ec7n l\u1ee3i, d\u1ec5 \u0103n, ph\u00f9 h\u1ee3p h\u1ecdc sinh, sinh vi\u00ean v\u00e0 d\u00e2n v\u0103n ph\u00f2ng.","robots":{"index":"index","follow":"follow","max-snippet":"max-snippet:-1","max-image-preview":"max-image-preview:large","max-video-preview":"max-video-preview:-1"},"canonical":"https:\/\/xn--trngiaminh-bl3e.azdigi.shop\/?product=banh-trang-tron-sa-te-ngu-vi-combo-3-phan","og_locale":"vi_VN","og_type":"article","og_title":"B\u00e1nh tr\u00e1ng tr\u1ed9n sa t\u1ebf ng\u0169 v\u1ecb COMBO 3 ph\u1ea7n","og_description":"B\u00e1nh tr\u00e1ng tr\u1ed9n sa t\u1ebf ng\u0169 v\u1ecb COMBO 3 ph\u1ea7n d\u1ebbo m\u1ec1m, cay \u0111\u1eadm v\u1ecb chu\u1ea9n T\u00e2y Ninh. M\u00f3n \u0103n v\u1eb7t ti\u1ec7n l\u1ee3i, d\u1ec5 \u0103n, ph\u00f9 h\u1ee3p h\u1ecdc sinh, sinh vi\u00ean v\u00e0 d\u00e2n v\u0103n ph\u00f2ng.","og_url":"https:\/\/xn--trngiaminh-bl3e.azdigi.shop\/?product=banh-trang-tron-sa-te-ngu-vi-combo-3-phan","og_site_name":"banhtrang","article_modified_time":"2026-04-23T17:03:02+00:00","og_image":[{"width":1254,"height":1254,"url":"https:\/\/xn--trngiaminh-bl3e.azdigi.shop\/wp-content\/uploads\/2026\/04\/ChatGPT-Image-15_55_41-22-thg-4-2026.png","type":"image\/png"}],"twitter_card":"summary_large_image","twitter_misc":{"\u01af\u1edbc t\u00ednh th\u1eddi gian \u0111\u1ecdc":"2 ph\u00fat"},"schema":{"@context":"https:\/\/schema.org","@graph":[{"@type":"WebPage","@id":"https:\/\/xn--trngiaminh-bl3e.azdigi.shop\/?product=banh-trang-tron-sa-te-ngu-vi-combo-3-phan","url":"https:\/\/xn--trngiaminh-bl3e.azdigi.shop\/?product=banh-trang-tron-sa-te-ngu-vi-combo-3-phan","name":"B\u00e1nh tr\u00e1ng tr\u1ed9n sa t\u1ebf ng\u0169 v\u1ecb COMBO 3 ph\u1ea7n","isPartOf":{"@id":"https:\/\/xn--trngiaminh-bl3e.azdigi.shop\/#website"},"primaryImageOfPage":{"@id":"https:\/\/xn--trngiaminh-bl3e.azdigi.shop\/?product=banh-trang-tron-sa-te-ngu-vi-combo-3-phan#primaryimage"},"image":{"@id":"https:\/\/xn--trngiaminh-bl3e.azdigi.shop\/?product=banh-trang-tron-sa-te-ngu-vi-combo-3-phan#primaryimage"},"thumbnailUrl":"https:\/\/xn--trngiaminh-bl3e.azdigi.shop\/wp-content\/uploads\/2026\/04\/ChatGPT-Image-15_55_41-22-thg-4-2026.png","datePublished":"2026-04-11T23:00:54+00:00","dateModified":"2026-04-23T17:03:02+00:00","description":"B\u00e1nh tr\u00e1ng tr\u1ed9n sa t\u1ebf ng\u0169 v\u1ecb COMBO 3 ph\u1ea7n d\u1ebbo m\u1ec1m, cay \u0111\u1eadm v\u1ecb chu\u1ea9n T\u00e2y Ninh. M\u00f3n \u0103n v\u1eb7t ti\u1ec7n l\u1ee3i, d\u1ec5 \u0103n, ph\u00f9 h\u1ee3p h\u1ecdc sinh, sinh vi\u00ean v\u00e0 d\u00e2n v\u0103n ph\u00f2ng.","breadcrumb":{"@id":"https:\/\/xn--trngiaminh-bl3e.azdigi.shop\/?product=banh-trang-tron-sa-te-ngu-vi-combo-3-phan#breadcrumb"},"inLanguage":"vi","potentialAction":[{"@type":"ReadAction","target":["https:\/\/xn--trngiaminh-bl3e.azdigi.shop\/?product=banh-trang-tron-sa-te-ngu-vi-combo-3-phan"]}]},{"@type":"ImageObject","inLanguage":"vi","@id":"https:\/\/xn--trngiaminh-bl3e.azdigi.shop\/?product=banh-trang-tron-sa-te-ngu-vi-combo-3-phan#primaryimage","url":"https:\/\/xn--trngiaminh-bl3e.azdigi.shop\/wp-content\/uploads\/2026\/04\/ChatGPT-Image-15_55_41-22-thg-4-2026.png","contentUrl":"https:\/\/xn--trngiaminh-bl3e.azdigi.shop\/wp-content\/uploads\/2026\/04\/ChatGPT-Image-15_55_41-22-thg-4-2026.png","width":1254,"height":1254},{"@type":"BreadcrumbList","@id":"https:\/\/xn--trngiaminh-bl3e.azdigi.shop\/?product=banh-trang-tron-sa-te-ngu-vi-combo-3-phan#breadcrumb","itemListElement":[{"@type":"ListItem","position":1,"name":"Trang ch\u1ee7","item":"https:\/\/xn--trngiaminh-bl3e.azdigi.shop\/"},{"@type":"ListItem","position":2,"name":"C\u1eeda h\u00e0ng","item":"https:\/\/xn--trngiaminh-bl3e.azdigi.shop\/?page_id=220"},{"@type":"ListItem","position":3,"name":"COMBO 3 PH\u1ea6N B\u00c1NH TR\u00c1NG TR\u1ed8N SA T\u1ebe NG\u0168 V\u1eca \u2013 139K \ud83d\udd25"}]},{"@type":"WebSite","@id":"https:\/\/xn--trngiaminh-bl3e.azdigi.shop\/#website","url":"https:\/\/xn--trngiaminh-bl3e.azdigi.shop\/","name":"banhtrang","description":"Mua \u0110i \u0110\u1eebng Ng\u1ea1i","potentialAction":[{"@type":"SearchAction","target":{"@type":"EntryPoint","urlTemplate":"https:\/\/xn--trngiaminh-bl3e.azdigi.shop\/?s={search_term_string}"},"query-input":{"@type":"PropertyValueSpecification","valueRequired":true,"valueName":"search_term_string"}}],"inLanguage":"vi"}]}},"_links":{"self":[{"href":"https:\/\/xn--trngiaminh-bl3e.azdigi.shop\/index.php?rest_route=\/wp\/v2\/product\/565","targetHints":{"allow":["GET"]}}],"collection":[{"href":"https:\/\/xn--trngiaminh-bl3e.azdigi.shop\/index.php?rest_route=\/wp\/v2\/product"}],"about":[{"href":"https:\/\/xn--trngiaminh-bl3e.azdigi.shop\/index.php?rest_route=\/wp\/v2\/types\/product"}],"replies":[{"embeddable":true,"href":"https:\/\/xn--trngiaminh-bl3e.azdigi.shop\/index.php?rest_route=%2Fwp%2Fv2%2Fcomments&post=565"}],"wp:featuredmedia":[{"embeddable":true,"href":"https:\/\/xn--trngiaminh-bl3e.azdigi.shop\/index.php?rest_route=\/wp\/v2\/media\/947"}],"wp:attachment":[{"href":"https:\/\/xn--trngiaminh-bl3e.azdigi.shop\/index.php?rest_route=%2Fwp%2Fv2%2Fmedia&parent=565"}],"wp:term":[{"taxonomy":"product_brand","embeddable":true,"href":"https:\/\/xn--trngiaminh-bl3e.azdigi.shop\/index.php?rest_route=%2Fwp%2Fv2%2Fproduct_brand&post=565"},{"taxonomy":"product_cat","embeddable":true,"href":"https:\/\/xn--trngiaminh-bl3e.azdigi.shop\/index.php?rest_route=%2Fwp%2Fv2%2Fproduct_cat&post=565"},{"taxonomy":"product_tag","embeddable":true,"href":"https:\/\/xn--trngiaminh-bl3e.azdigi.shop\/index.php?rest_route=%2Fwp%2Fv2%2Fproduct_tag&post=565"}],"curies":[{"name":"wp","href":"https:\/\/api.w.org\/{rel}","templated":true}]}}