{"id":530,"date":"2026-04-11T22:45:55","date_gmt":"2026-04-11T22:45:55","guid":{"rendered":"https:\/\/xn--trngiaminh-bl3e.azdigi.shop\/?post_type=product&#038;p=530"},"modified":"2026-04-11T22:46:24","modified_gmt":"2026-04-11T22:46:24","slug":"banh-trang-tron-toi-phi-gia-bao-250g-2","status":"publish","type":"product","link":"https:\/\/xn--trngiaminh-bl3e.azdigi.shop\/?product=banh-trang-tron-toi-phi-gia-bao-250g-2","title":{"rendered":"B\u00e1nh Tr\u00e1ng Tr\u1ed9n T\u1ecfi Phi (T\u00fai 250G) Ch\u1ea5t L\u01b0\u1ee3ng Cao C\u1ea5p Th\u01b0\u01a1ng Hi\u1ec7u \u0110\u1eb3ng C\u1ea5p H\u00e0ng \u0110\u1ea7u B\u00e1nh Tr\u00e1ng Gia B\u1ea3o"},"content":{"rendered":"<h2 data-section-id=\"15q3ol\" data-start=\"159\" data-end=\"231\">\ud83c\udf36\ufe0f B\u00e1nh tr\u00e1ng tr\u1ed9n t\u1ecfi phi Gia B\u1ea3o 250g \u2013 Th\u01a1m l\u1eebng \u0111\u1eadm v\u1ecb si\u00eau cu\u1ed1n<\/h2>\n<p data-start=\"233\" data-end=\"451\"><strong data-start=\"233\" data-end=\"273\"><a href=\"https:\/\/www.bing.com\/search?q=b\u00e1nh%20tr\u00e1ng%20wiki&amp;qs=n&amp;form=QBRE&amp;sp=-1&amp;ghc=1&amp;lq=0&amp;pq=b\u00e1nh%20tr\u00e1ng%20wik&amp;sc=12-14&amp;sk=&amp;cvid=CCCB9A30943049C2A60F3073236E22AE\">B\u00e1nh tr\u00e1ng<\/a> tr\u1ed9n t\u1ecfi phi Gia B\u1ea3o 250g<\/strong> l\u00e0 m\u00f3n \u0103n v\u1eb7t h\u1ea5p d\u1eabn v\u1edbi h\u01b0\u01a1ng th\u01a1m \u0111\u1eb7c tr\u01b0ng c\u1ee7a t\u1ecfi phi k\u1ebft h\u1ee3p c\u00f9ng b\u00e1nh tr\u00e1ng m\u1ec1m dai. S\u1ea3n ph\u1ea9m mang \u0111\u1ebfn tr\u1ea3i nghi\u1ec7m \u0103n v\u1eb7t \u0111\u1eadm \u0111\u00e0, ti\u1ec7n l\u1ee3i v\u00e0 ph\u00f9 h\u1ee3p cho nhi\u1ec1u \u0111\u1ed1i t\u01b0\u1ee3ng.<\/p>\n<hr data-start=\"453\" data-end=\"456\" \/>\n<h2 data-section-id=\"ocijou\" data-start=\"458\" data-end=\"479\">\u2b50 \u0110\u1eb7c \u0111i\u1ec3m n\u1ed5i b\u1eadt<\/h2>\n<p data-start=\"481\" data-end=\"569\">\ud83d\udc49 <strong data-start=\"484\" data-end=\"514\">H\u01b0\u01a1ng v\u1ecb t\u1ecfi phi \u0111\u1eb7c tr\u01b0ng<\/strong><br data-start=\"514\" data-end=\"517\" \/>Th\u01a1m l\u1eebng, cay nh\u1eb9, t\u1ea1o c\u1ea3m gi\u00e1c \u0103n c\u1ef1c k\u1ef3 cu\u1ed1n \ud83d\ude0f<\/p>\n<p data-start=\"571\" data-end=\"658\">\ud83d\udc49 <strong data-start=\"574\" data-end=\"603\">B\u00e1nh tr\u00e1ng ch\u1ea5t l\u01b0\u1ee3ng cao<\/strong><br data-start=\"603\" data-end=\"606\" \/>M\u1ec1m dai, kh\u00f4ng kh\u00f4 c\u1ee9ng, gi\u1eef \u0111\u01b0\u1ee3c v\u1ecb ngon t\u1ef1 nhi\u00ean<\/p>\n<p data-start=\"660\" data-end=\"723\">\ud83d\udc49 <strong data-start=\"663\" data-end=\"681\">Gia v\u1ecb h\u00e0i h\u00f2a<\/strong><br data-start=\"681\" data-end=\"684\" \/>K\u1ebft h\u1ee3p v\u1eeba \u0111\u1ee7, kh\u00f4ng qu\u00e1 m\u1eb7n hay g\u1eaft<\/p>\n<p data-start=\"725\" data-end=\"786\">\ud83d\udc49 <strong data-start=\"728\" data-end=\"749\">\u0110\u00f3ng g\u00f3i ti\u1ec7n l\u1ee3i<\/strong><br data-start=\"749\" data-end=\"752\" \/>H\u0169 250g d\u1ec5 mang theo v\u00e0 b\u1ea3o qu\u1ea3n<\/p>\n<hr data-start=\"788\" data-end=\"791\" \/>\n<h2 data-section-id=\"xx5e2a\" data-start=\"793\" data-end=\"828\">\ud83d\udd25 V\u00ec sao n\u00ean ch\u1ecdn s\u1ea3n ph\u1ea9m n\u00e0y?<\/h2>\n<ul data-start=\"830\" data-end=\"956\">\n<li data-section-id=\"1vc8t7c\" data-start=\"830\" data-end=\"867\">Chu\u1ea9n v\u1ecb b\u00e1nh tr\u00e1ng tr\u1ed9n T\u00e2y Ninh<\/li>\n<li data-section-id=\"s2zwnd\" data-start=\"868\" data-end=\"903\">Ph\u00f9 h\u1ee3p \u0103n v\u1eb7t, \u0111i ch\u01a1i, t\u1ee5 t\u1eadp<\/li>\n<li data-section-id=\"17hupn4\" data-start=\"904\" data-end=\"925\">D\u1ec5 \u0103n, kh\u00f4ng ng\u00e1n<\/li>\n<li data-section-id=\"10smqoy\" data-start=\"926\" data-end=\"956\">\u0110\u01b0\u1ee3c nhi\u1ec1u ng\u01b0\u1eddi y\u00eau th\u00edch<\/li>\n<\/ul>\n<p data-start=\"958\" data-end=\"972\">\ud83d\udc49 Xem th\u00eam:<\/p>\n<ul data-start=\"973\" data-end=\"1058\">\n<li data-section-id=\"1wziwo1\" data-start=\"973\" data-end=\"1000\">\/banh-trang-tron-kho-ga<\/li>\n<li data-section-id=\"cnqho9\" data-start=\"1001\" data-end=\"1029\">\/banh-trang-tron-pho-mai<\/li>\n<li data-section-id=\"s2xpgx\" data-start=\"1030\" data-end=\"1058\">\/banh-trang-tron-tom-kho<\/li>\n<\/ul>\n<hr data-start=\"1060\" data-end=\"1063\" \/>\n<h2 data-section-id=\"1eeuh4k\" data-start=\"1065\" data-end=\"1084\">\ud83c\udf7d\ufe0f C\u00e1ch s\u1eed d\u1ee5ng<\/h2>\n<ul data-start=\"1086\" data-end=\"1175\">\n<li data-section-id=\"xc3jwp\" data-start=\"1086\" data-end=\"1108\">M\u1edf n\u1eafp v\u00e0 tr\u1ed9n \u0111\u1ec1u<\/li>\n<li data-section-id=\"r2c06j\" data-start=\"1109\" data-end=\"1175\">\u0102n li\u1ec1n ho\u1eb7c th\u00eam:\n<ul data-start=\"1132\" data-end=\"1175\">\n<li data-section-id=\"wlm5b7\" data-start=\"1132\" data-end=\"1145\">Tr\u1ee9ng c\u00fat<\/li>\n<li data-section-id=\"4kbdea\" data-start=\"1148\" data-end=\"1159\">Rau r\u0103m<\/li>\n<li data-section-id=\"lwiomh\" data-start=\"1162\" data-end=\"1175\">Xo\u00e0i xanh<\/li>\n<\/ul>\n<\/li>\n<\/ul>\n<p data-start=\"1177\" data-end=\"1203\">\ud83d\udc49 Gi\u00fap m\u00f3n \u0103n th\u00eam \u0111\u1eadm v\u1ecb<\/p>\n<hr data-start=\"1205\" data-end=\"1208\" \/>\n<h2 data-section-id=\"jql7qq\" data-start=\"1210\" data-end=\"1223\">\ud83d\udcaa L\u1ee3i \u00edch<\/h2>\n<ul data-start=\"1225\" data-end=\"1323\">\n<li data-section-id=\"1oju8x8\" data-start=\"1225\" data-end=\"1257\">Ti\u1ec7n l\u1ee3i, kh\u00f4ng c\u1ea7n ch\u1ebf bi\u1ebfn<\/li>\n<li data-section-id=\"12t8h9l\" data-start=\"1258\" data-end=\"1276\">H\u01b0\u01a1ng v\u1ecb d\u1ec5 \u0103n<\/li>\n<li data-section-id=\"wnamfz\" data-start=\"1277\" data-end=\"1323\">Ph\u00f9 h\u1ee3p h\u1ecdc sinh, sinh vi\u00ean, d\u00e2n v\u0103n ph\u00f2ng<\/li>\n<\/ul>\n<p data-start=\"1325\" data-end=\"1352\">\ud83d\udc49 Th\u00edch h\u1ee3p \u0103n v\u1eb7t m\u1ecdi l\u00fac<\/p>\n<hr data-start=\"1354\" data-end=\"1357\" \/>\n<h2 data-section-id=\"1x21myq\" data-start=\"1359\" data-end=\"1373\">\ud83c\udf81 K\u1ebft lu\u1eadn<\/h2>\n<p data-start=\"1375\" data-end=\"1450\"><strong data-start=\"1375\" data-end=\"1415\">B\u00e1nh tr\u00e1ng tr\u1ed9n t\u1ecfi phi Gia B\u1ea3o 250g<\/strong><br data-start=\"1415\" data-end=\"1418\" \/>\ud83d\udc49 Th\u01a1m \u2013 cay \u2013 \u0111\u1eadm v\u1ecb \u2013 d\u1ec5 \u0103n<\/p>\n<p data-start=\"1452\" data-end=\"1488\">\ud83d\udd25 M\u00f3n \u0103n v\u1eb7t qu\u1ed1c d\u00e2n, \u0103n l\u00e0 ghi\u1ec1n!<\/p>\n","protected":false},"excerpt":{"rendered":"<p>\ud83c\udf36\ufe0f B\u00e1nh tr\u00e1ng tr\u1ed9n t\u1ecfi phi Gia B\u1ea3o 250g \u2013 Th\u01a1m l\u1eebng \u0111\u1eadm v\u1ecb si\u00eau cu\u1ed1n B\u00e1nh tr\u00e1ng tr\u1ed9n t\u1ecfi phi Gia B\u1ea3o 250g l\u00e0 m\u00f3n \u0103n v\u1eb7t h\u1ea5p d\u1eabn v\u1edbi h\u01b0\u01a1ng th\u01a1m \u0111\u1eb7c tr\u01b0ng c\u1ee7a t\u1ecfi phi k\u1ebft h\u1ee3p c\u00f9ng b\u00e1nh tr\u00e1ng m\u1ec1m dai. S\u1ea3n ph\u1ea9m mang \u0111\u1ebfn tr\u1ea3i nghi\u1ec7m \u0103n v\u1eb7t \u0111\u1eadm \u0111\u00e0, [&#8230;]\n","protected":false},"featured_media":531,"comment_status":"open","ping_status":"closed","template":"","meta":[],"product_brand":[],"product_cat":[29],"product_tag":[],"class_list":{"0":"post-530","1":"product","2":"type-product","3":"status-publish","4":"has-post-thumbnail","6":"product_cat-chua-phan-loai","8":"first","9":"instock","10":"sale","11":"shipping-taxable","12":"purchasable","13":"product-type-variable"},"yoast_head":"<!-- This site is optimized with the Yoast SEO plugin v27.0 - https:\/\/yoast.com\/product\/yoast-seo-wordpress\/ -->\n<title>B\u00e1nh tr\u00e1ng tr\u1ed9n t\u1ecfi phi 250g th\u01a1m cay \u0111\u1eadm v\u1ecb chu\u1ea9n T\u00e2y Ninh<\/title>\n<meta name=\"description\" content=\"b\u00e1nh tr\u00e1ng tr\u1ed9n t\u1ecfi phi Gia B\u1ea3o 250g th\u01a1m l\u1eebng, cay nh\u1eb9, \u0111\u1eadm v\u1ecb chu\u1ea9n T\u00e2y Ninh. M\u00f3n \u0103n v\u1eb7t ti\u1ec7n l\u1ee3i, d\u1ec5 \u0103n, ph\u00f9 h\u1ee3p h\u1ecdc sinh, sinh vi\u00ean v\u00e0 d\u00e2n v\u0103n ph\u00f2ng.\" \/>\n<meta name=\"robots\" content=\"index, follow, max-snippet:-1, max-image-preview:large, max-video-preview:-1\" \/>\n<link rel=\"canonical\" href=\"https:\/\/xn--trngiaminh-bl3e.azdigi.shop\/?product=banh-trang-tron-toi-phi-gia-bao-250g-2\" \/>\n<meta property=\"og:locale\" content=\"vi_VN\" \/>\n<meta property=\"og:type\" content=\"article\" \/>\n<meta property=\"og:title\" content=\"B\u00e1nh tr\u00e1ng tr\u1ed9n t\u1ecfi phi 250g th\u01a1m cay \u0111\u1eadm v\u1ecb chu\u1ea9n T\u00e2y Ninh\" \/>\n<meta property=\"og:description\" content=\"b\u00e1nh tr\u00e1ng tr\u1ed9n t\u1ecfi phi Gia B\u1ea3o 250g th\u01a1m l\u1eebng, cay nh\u1eb9, \u0111\u1eadm v\u1ecb chu\u1ea9n T\u00e2y Ninh. M\u00f3n \u0103n v\u1eb7t ti\u1ec7n l\u1ee3i, d\u1ec5 \u0103n, ph\u00f9 h\u1ee3p h\u1ecdc sinh, sinh vi\u00ean v\u00e0 d\u00e2n v\u0103n ph\u00f2ng.\" \/>\n<meta property=\"og:url\" content=\"https:\/\/xn--trngiaminh-bl3e.azdigi.shop\/?product=banh-trang-tron-toi-phi-gia-bao-250g-2\" \/>\n<meta property=\"og:site_name\" content=\"banhtrang\" \/>\n<meta property=\"article:modified_time\" content=\"2026-04-11T22:46:24+00:00\" \/>\n<meta property=\"og:image\" content=\"https:\/\/xn--trngiaminh-bl3e.azdigi.shop\/wp-content\/uploads\/2026\/04\/Gemini_Generated_Image_4r3hao4r3hao4r3h.png\" \/>\n\t<meta property=\"og:image:width\" content=\"1027\" \/>\n\t<meta property=\"og:image:height\" content=\"1024\" \/>\n\t<meta property=\"og:image:type\" content=\"image\/png\" \/>\n<meta name=\"twitter:card\" content=\"summary_large_image\" \/>\n<meta name=\"twitter:label1\" content=\"\u01af\u1edbc t\u00ednh th\u1eddi gian \u0111\u1ecdc\" \/>\n\t<meta name=\"twitter:data1\" content=\"2 ph\u00fat\" \/>\n<script type=\"application\/ld+json\" class=\"yoast-schema-graph\">{\"@context\":\"https:\/\/schema.org\",\"@graph\":[{\"@type\":\"WebPage\",\"@id\":\"https:\/\/xn--trngiaminh-bl3e.azdigi.shop\/?product=banh-trang-tron-toi-phi-gia-bao-250g-2\",\"url\":\"https:\/\/xn--trngiaminh-bl3e.azdigi.shop\/?product=banh-trang-tron-toi-phi-gia-bao-250g-2\",\"name\":\"B\u00e1nh tr\u00e1ng tr\u1ed9n t\u1ecfi phi 250g th\u01a1m cay \u0111\u1eadm v\u1ecb chu\u1ea9n T\u00e2y Ninh\",\"isPartOf\":{\"@id\":\"https:\/\/xn--trngiaminh-bl3e.azdigi.shop\/#website\"},\"primaryImageOfPage\":{\"@id\":\"https:\/\/xn--trngiaminh-bl3e.azdigi.shop\/?product=banh-trang-tron-toi-phi-gia-bao-250g-2#primaryimage\"},\"image\":{\"@id\":\"https:\/\/xn--trngiaminh-bl3e.azdigi.shop\/?product=banh-trang-tron-toi-phi-gia-bao-250g-2#primaryimage\"},\"thumbnailUrl\":\"https:\/\/xn--trngiaminh-bl3e.azdigi.shop\/wp-content\/uploads\/2026\/04\/Gemini_Generated_Image_4r3hao4r3hao4r3h.png\",\"datePublished\":\"2026-04-11T22:45:55+00:00\",\"dateModified\":\"2026-04-11T22:46:24+00:00\",\"description\":\"b\u00e1nh tr\u00e1ng tr\u1ed9n t\u1ecfi phi Gia B\u1ea3o 250g th\u01a1m l\u1eebng, cay nh\u1eb9, \u0111\u1eadm v\u1ecb chu\u1ea9n T\u00e2y Ninh. M\u00f3n \u0103n v\u1eb7t ti\u1ec7n l\u1ee3i, d\u1ec5 \u0103n, ph\u00f9 h\u1ee3p h\u1ecdc sinh, sinh vi\u00ean v\u00e0 d\u00e2n v\u0103n ph\u00f2ng.\",\"breadcrumb\":{\"@id\":\"https:\/\/xn--trngiaminh-bl3e.azdigi.shop\/?product=banh-trang-tron-toi-phi-gia-bao-250g-2#breadcrumb\"},\"inLanguage\":\"vi\",\"potentialAction\":[{\"@type\":\"ReadAction\",\"target\":[\"https:\/\/xn--trngiaminh-bl3e.azdigi.shop\/?product=banh-trang-tron-toi-phi-gia-bao-250g-2\"]}]},{\"@type\":\"ImageObject\",\"inLanguage\":\"vi\",\"@id\":\"https:\/\/xn--trngiaminh-bl3e.azdigi.shop\/?product=banh-trang-tron-toi-phi-gia-bao-250g-2#primaryimage\",\"url\":\"https:\/\/xn--trngiaminh-bl3e.azdigi.shop\/wp-content\/uploads\/2026\/04\/Gemini_Generated_Image_4r3hao4r3hao4r3h.png\",\"contentUrl\":\"https:\/\/xn--trngiaminh-bl3e.azdigi.shop\/wp-content\/uploads\/2026\/04\/Gemini_Generated_Image_4r3hao4r3hao4r3h.png\",\"width\":1027,\"height\":1024},{\"@type\":\"BreadcrumbList\",\"@id\":\"https:\/\/xn--trngiaminh-bl3e.azdigi.shop\/?product=banh-trang-tron-toi-phi-gia-bao-250g-2#breadcrumb\",\"itemListElement\":[{\"@type\":\"ListItem\",\"position\":1,\"name\":\"Trang ch\u1ee7\",\"item\":\"https:\/\/xn--trngiaminh-bl3e.azdigi.shop\/\"},{\"@type\":\"ListItem\",\"position\":2,\"name\":\"C\u1eeda h\u00e0ng\",\"item\":\"https:\/\/xn--trngiaminh-bl3e.azdigi.shop\/?page_id=220\"},{\"@type\":\"ListItem\",\"position\":3,\"name\":\"B\u00e1nh Tr\u00e1ng Tr\u1ed9n T\u1ecfi Phi (T\u00fai 250G) Ch\u1ea5t L\u01b0\u1ee3ng Cao C\u1ea5p Th\u01b0\u01a1ng Hi\u1ec7u \u0110\u1eb3ng C\u1ea5p H\u00e0ng \u0110\u1ea7u B\u00e1nh Tr\u00e1ng Gia B\u1ea3o\"}]},{\"@type\":\"WebSite\",\"@id\":\"https:\/\/xn--trngiaminh-bl3e.azdigi.shop\/#website\",\"url\":\"https:\/\/xn--trngiaminh-bl3e.azdigi.shop\/\",\"name\":\"banhtrang\",\"description\":\"Mua \u0110i \u0110\u1eebng Ng\u1ea1i\",\"potentialAction\":[{\"@type\":\"SearchAction\",\"target\":{\"@type\":\"EntryPoint\",\"urlTemplate\":\"https:\/\/xn--trngiaminh-bl3e.azdigi.shop\/?s={search_term_string}\"},\"query-input\":{\"@type\":\"PropertyValueSpecification\",\"valueRequired\":true,\"valueName\":\"search_term_string\"}}],\"inLanguage\":\"vi\"}]}<\/script>\n<!-- \/ Yoast SEO plugin. -->","yoast_head_json":{"title":"B\u00e1nh tr\u00e1ng tr\u1ed9n t\u1ecfi phi 250g th\u01a1m cay \u0111\u1eadm v\u1ecb chu\u1ea9n T\u00e2y Ninh","description":"b\u00e1nh tr\u00e1ng tr\u1ed9n t\u1ecfi phi Gia B\u1ea3o 250g th\u01a1m l\u1eebng, cay nh\u1eb9, \u0111\u1eadm v\u1ecb chu\u1ea9n T\u00e2y Ninh. M\u00f3n \u0103n v\u1eb7t ti\u1ec7n l\u1ee3i, d\u1ec5 \u0103n, ph\u00f9 h\u1ee3p h\u1ecdc sinh, sinh vi\u00ean v\u00e0 d\u00e2n v\u0103n ph\u00f2ng.","robots":{"index":"index","follow":"follow","max-snippet":"max-snippet:-1","max-image-preview":"max-image-preview:large","max-video-preview":"max-video-preview:-1"},"canonical":"https:\/\/xn--trngiaminh-bl3e.azdigi.shop\/?product=banh-trang-tron-toi-phi-gia-bao-250g-2","og_locale":"vi_VN","og_type":"article","og_title":"B\u00e1nh tr\u00e1ng tr\u1ed9n t\u1ecfi phi 250g th\u01a1m cay \u0111\u1eadm v\u1ecb chu\u1ea9n T\u00e2y Ninh","og_description":"b\u00e1nh tr\u00e1ng tr\u1ed9n t\u1ecfi phi Gia B\u1ea3o 250g th\u01a1m l\u1eebng, cay nh\u1eb9, \u0111\u1eadm v\u1ecb chu\u1ea9n T\u00e2y Ninh. M\u00f3n \u0103n v\u1eb7t ti\u1ec7n l\u1ee3i, d\u1ec5 \u0103n, ph\u00f9 h\u1ee3p h\u1ecdc sinh, sinh vi\u00ean v\u00e0 d\u00e2n v\u0103n ph\u00f2ng.","og_url":"https:\/\/xn--trngiaminh-bl3e.azdigi.shop\/?product=banh-trang-tron-toi-phi-gia-bao-250g-2","og_site_name":"banhtrang","article_modified_time":"2026-04-11T22:46:24+00:00","og_image":[{"width":1027,"height":1024,"url":"https:\/\/xn--trngiaminh-bl3e.azdigi.shop\/wp-content\/uploads\/2026\/04\/Gemini_Generated_Image_4r3hao4r3hao4r3h.png","type":"image\/png"}],"twitter_card":"summary_large_image","twitter_misc":{"\u01af\u1edbc t\u00ednh th\u1eddi gian \u0111\u1ecdc":"2 ph\u00fat"},"schema":{"@context":"https:\/\/schema.org","@graph":[{"@type":"WebPage","@id":"https:\/\/xn--trngiaminh-bl3e.azdigi.shop\/?product=banh-trang-tron-toi-phi-gia-bao-250g-2","url":"https:\/\/xn--trngiaminh-bl3e.azdigi.shop\/?product=banh-trang-tron-toi-phi-gia-bao-250g-2","name":"B\u00e1nh tr\u00e1ng tr\u1ed9n t\u1ecfi phi 250g th\u01a1m cay \u0111\u1eadm v\u1ecb chu\u1ea9n T\u00e2y Ninh","isPartOf":{"@id":"https:\/\/xn--trngiaminh-bl3e.azdigi.shop\/#website"},"primaryImageOfPage":{"@id":"https:\/\/xn--trngiaminh-bl3e.azdigi.shop\/?product=banh-trang-tron-toi-phi-gia-bao-250g-2#primaryimage"},"image":{"@id":"https:\/\/xn--trngiaminh-bl3e.azdigi.shop\/?product=banh-trang-tron-toi-phi-gia-bao-250g-2#primaryimage"},"thumbnailUrl":"https:\/\/xn--trngiaminh-bl3e.azdigi.shop\/wp-content\/uploads\/2026\/04\/Gemini_Generated_Image_4r3hao4r3hao4r3h.png","datePublished":"2026-04-11T22:45:55+00:00","dateModified":"2026-04-11T22:46:24+00:00","description":"b\u00e1nh tr\u00e1ng tr\u1ed9n t\u1ecfi phi Gia B\u1ea3o 250g th\u01a1m l\u1eebng, cay nh\u1eb9, \u0111\u1eadm v\u1ecb chu\u1ea9n T\u00e2y Ninh. M\u00f3n \u0103n v\u1eb7t ti\u1ec7n l\u1ee3i, d\u1ec5 \u0103n, ph\u00f9 h\u1ee3p h\u1ecdc sinh, sinh vi\u00ean v\u00e0 d\u00e2n v\u0103n ph\u00f2ng.","breadcrumb":{"@id":"https:\/\/xn--trngiaminh-bl3e.azdigi.shop\/?product=banh-trang-tron-toi-phi-gia-bao-250g-2#breadcrumb"},"inLanguage":"vi","potentialAction":[{"@type":"ReadAction","target":["https:\/\/xn--trngiaminh-bl3e.azdigi.shop\/?product=banh-trang-tron-toi-phi-gia-bao-250g-2"]}]},{"@type":"ImageObject","inLanguage":"vi","@id":"https:\/\/xn--trngiaminh-bl3e.azdigi.shop\/?product=banh-trang-tron-toi-phi-gia-bao-250g-2#primaryimage","url":"https:\/\/xn--trngiaminh-bl3e.azdigi.shop\/wp-content\/uploads\/2026\/04\/Gemini_Generated_Image_4r3hao4r3hao4r3h.png","contentUrl":"https:\/\/xn--trngiaminh-bl3e.azdigi.shop\/wp-content\/uploads\/2026\/04\/Gemini_Generated_Image_4r3hao4r3hao4r3h.png","width":1027,"height":1024},{"@type":"BreadcrumbList","@id":"https:\/\/xn--trngiaminh-bl3e.azdigi.shop\/?product=banh-trang-tron-toi-phi-gia-bao-250g-2#breadcrumb","itemListElement":[{"@type":"ListItem","position":1,"name":"Trang ch\u1ee7","item":"https:\/\/xn--trngiaminh-bl3e.azdigi.shop\/"},{"@type":"ListItem","position":2,"name":"C\u1eeda h\u00e0ng","item":"https:\/\/xn--trngiaminh-bl3e.azdigi.shop\/?page_id=220"},{"@type":"ListItem","position":3,"name":"B\u00e1nh Tr\u00e1ng Tr\u1ed9n T\u1ecfi Phi (T\u00fai 250G) Ch\u1ea5t L\u01b0\u1ee3ng Cao C\u1ea5p Th\u01b0\u01a1ng Hi\u1ec7u \u0110\u1eb3ng C\u1ea5p H\u00e0ng \u0110\u1ea7u B\u00e1nh Tr\u00e1ng Gia B\u1ea3o"}]},{"@type":"WebSite","@id":"https:\/\/xn--trngiaminh-bl3e.azdigi.shop\/#website","url":"https:\/\/xn--trngiaminh-bl3e.azdigi.shop\/","name":"banhtrang","description":"Mua \u0110i \u0110\u1eebng Ng\u1ea1i","potentialAction":[{"@type":"SearchAction","target":{"@type":"EntryPoint","urlTemplate":"https:\/\/xn--trngiaminh-bl3e.azdigi.shop\/?s={search_term_string}"},"query-input":{"@type":"PropertyValueSpecification","valueRequired":true,"valueName":"search_term_string"}}],"inLanguage":"vi"}]}},"_links":{"self":[{"href":"https:\/\/xn--trngiaminh-bl3e.azdigi.shop\/index.php?rest_route=\/wp\/v2\/product\/530","targetHints":{"allow":["GET"]}}],"collection":[{"href":"https:\/\/xn--trngiaminh-bl3e.azdigi.shop\/index.php?rest_route=\/wp\/v2\/product"}],"about":[{"href":"https:\/\/xn--trngiaminh-bl3e.azdigi.shop\/index.php?rest_route=\/wp\/v2\/types\/product"}],"replies":[{"embeddable":true,"href":"https:\/\/xn--trngiaminh-bl3e.azdigi.shop\/index.php?rest_route=%2Fwp%2Fv2%2Fcomments&post=530"}],"wp:featuredmedia":[{"embeddable":true,"href":"https:\/\/xn--trngiaminh-bl3e.azdigi.shop\/index.php?rest_route=\/wp\/v2\/media\/531"}],"wp:attachment":[{"href":"https:\/\/xn--trngiaminh-bl3e.azdigi.shop\/index.php?rest_route=%2Fwp%2Fv2%2Fmedia&parent=530"}],"wp:term":[{"taxonomy":"product_brand","embeddable":true,"href":"https:\/\/xn--trngiaminh-bl3e.azdigi.shop\/index.php?rest_route=%2Fwp%2Fv2%2Fproduct_brand&post=530"},{"taxonomy":"product_cat","embeddable":true,"href":"https:\/\/xn--trngiaminh-bl3e.azdigi.shop\/index.php?rest_route=%2Fwp%2Fv2%2Fproduct_cat&post=530"},{"taxonomy":"product_tag","embeddable":true,"href":"https:\/\/xn--trngiaminh-bl3e.azdigi.shop\/index.php?rest_route=%2Fwp%2Fv2%2Fproduct_tag&post=530"}],"curies":[{"name":"wp","href":"https:\/\/api.w.org\/{rel}","templated":true}]}}