{"id":441,"date":"2026-04-11T20:28:56","date_gmt":"2026-04-11T20:28:56","guid":{"rendered":"https:\/\/xn--trngiaminh-bl3e.azdigi.shop\/?post_type=product&#038;p=441"},"modified":"2026-04-23T17:05:50","modified_gmt":"2026-04-23T17:05:50","slug":"banh-trang-muoi-nhuyen-hanh-phi-gia-bao-350g","status":"publish","type":"product","link":"https:\/\/xn--trngiaminh-bl3e.azdigi.shop\/?product=banh-trang-muoi-nhuyen-hanh-phi-gia-bao-350g","title":{"rendered":"B\u00e1nh Tr\u00e1ng Mu\u1ed1i Nhuy\u1ec5n Cao C\u1ea5p H\u00e0nh Phi T\u00fai 350g L\u00e0m T\u1eeb B\u00e1nh Tr\u00e1ng Ph\u01a1i S\u01b0\u01a1ng Cao C\u1ea5p Th\u01b0\u01a1ng Hi\u1ec7u B\u00e1nh Tr\u00e1ng Gia B\u1ea3o"},"content":{"rendered":"<h2 data-section-id=\"80yhg8\" data-start=\"141\" data-end=\"211\">\ud83c\udf36\ufe0f B\u00e1nh tr\u00e1ng mu\u1ed1i nhuy\u1ec5n h\u00e0nh phi Gia B\u1ea3o 350g \u2013 Th\u01a1m gi\u00f2n \u0111\u1eadm v\u1ecb<\/h2>\n<p data-start=\"213\" data-end=\"448\"><strong data-start=\"213\" data-end=\"261\"><a href=\"https:\/\/www.bing.com\/search?q=b\u00e1nh%20tr\u00e1ng%20wiki&amp;qs=n&amp;form=QBRE&amp;sp=-1&amp;ghc=1&amp;lq=0&amp;pq=b\u00e1nh%20tr\u00e1ng%20wik&amp;sc=12-14&amp;sk=&amp;cvid=CCCB9A30943049C2A60F3073236E22AE\">B\u00e1nh tr\u00e1ng<\/a> mu\u1ed1i nhuy\u1ec5n h\u00e0nh phi Gia B\u1ea3o 350g<\/strong> l\u00e0 m\u00f3n \u0103n v\u1eb7t h\u1ea5p d\u1eabn v\u1edbi v\u1ecb m\u1eb7n cay v\u1eeba ph\u1ea3i, k\u1ebft h\u1ee3p c\u00f9ng h\u00e0nh phi gi\u00f2n r\u1ee5m c\u1ef1c k\u1ef3 cu\u1ed1n. N\u1ebfu b\u1ea1n \u0111ang t\u00ecm m\u1ed9t m\u00f3n \u0103n v\u1eb7t ti\u1ec7n l\u1ee3i, d\u1ec5 \u0103n m\u00e0 v\u1eabn \u0111\u1eadm v\u1ecb th\u00ec \u0111\u00e2y l\u00e0 l\u1ef1a ch\u1ecdn r\u1ea5t \u0111\u00e1ng th\u1eed.<\/p>\n<hr data-start=\"450\" data-end=\"453\" \/>\n<h2 data-section-id=\"ocijou\" data-start=\"455\" data-end=\"476\">\u2b50 \u0110\u1eb7c \u0111i\u1ec3m n\u1ed5i b\u1eadt<\/h2>\n<p data-start=\"478\" data-end=\"574\">\ud83d\udc49 <strong data-start=\"481\" data-end=\"514\">B\u00e1nh tr\u00e1ng ph\u01a1i s\u01b0\u01a1ng cao c\u1ea5p<\/strong><br data-start=\"514\" data-end=\"517\" \/>D\u1ebbo m\u1ec1m, kh\u00f4ng kh\u00f4, gi\u1eef \u0111\u01b0\u1ee3c h\u01b0\u01a1ng th\u01a1m t\u1ef1 nhi\u00ean c\u1ee7a g\u1ea1o.<\/p>\n<p data-start=\"576\" data-end=\"657\">\ud83d\udc49 <strong data-start=\"579\" data-end=\"601\">Mu\u1ed1i nhuy\u1ec5n \u0111\u1eadm \u0111\u00e0<\/strong><br data-start=\"601\" data-end=\"604\" \/>Gia v\u1ecb h\u00e0i h\u00f2a, kh\u00f4ng qu\u00e1 g\u1eaft, ph\u00f9 h\u1ee3p nhi\u1ec1u kh\u1ea9u v\u1ecb.<\/p>\n<p data-start=\"659\" data-end=\"731\">\ud83d\udc49 <strong data-start=\"662\" data-end=\"684\">H\u00e0nh phi gi\u00f2n th\u01a1m<\/strong><br data-start=\"684\" data-end=\"687\" \/>T\u1ea1o \u0111i\u1ec3m nh\u1ea5n h\u1ea5p d\u1eabn, \u0103n r\u1ea5t \u201cb\u1eaft mi\u1ec7ng\u201d \ud83d\ude0f<\/p>\n<p data-start=\"733\" data-end=\"808\">\ud83d\udc49 <strong data-start=\"736\" data-end=\"766\">Nguy\u00ean li\u1ec7u s\u1ea1ch \u2013 an to\u00e0n<\/strong><br data-start=\"766\" data-end=\"769\" \/>Ch\u1ecdn l\u1ecdc k\u1ef9, \u0111\u1ea3m b\u1ea3o v\u1ec7 sinh th\u1ef1c ph\u1ea9m.<\/p>\n<hr data-start=\"810\" data-end=\"813\" \/>\n<h2 data-section-id=\"xx5e2a\" data-start=\"815\" data-end=\"850\">\ud83d\udd25 V\u00ec sao n\u00ean ch\u1ecdn s\u1ea3n ph\u1ea9m n\u00e0y?<\/h2>\n<ul data-start=\"852\" data-end=\"970\">\n<li data-section-id=\"c83dt5\" data-start=\"852\" data-end=\"884\">Chu\u1ea9n v\u1ecb b\u00e1nh tr\u00e1ng T\u00e2y Ninh<\/li>\n<li data-section-id=\"aolzrv\" data-start=\"885\" data-end=\"915\">\u0110\u00f3ng g\u00f3i t\u00fai 350g ti\u1ec7n l\u1ee3i<\/li>\n<li data-section-id=\"e4e114\" data-start=\"916\" data-end=\"948\">Ph\u00f9 h\u1ee3p \u0103n v\u1eb7t, mang \u0111i ch\u01a1i<\/li>\n<li data-section-id=\"17hupn4\" data-start=\"949\" data-end=\"970\">D\u1ec5 \u0103n, kh\u00f4ng ng\u00e1n<\/li>\n<\/ul>\n<p data-start=\"972\" data-end=\"986\">\ud83d\udc49 Xem th\u00eam:<\/p>\n<ul data-start=\"987\" data-end=\"1102\">\n<li data-section-id=\"t914w\" data-start=\"987\" data-end=\"1034\">\/banh-trang-muoi-nhuyen-gia-bao-kho-bo-350g<\/li>\n<li data-section-id=\"1awefsx\" data-start=\"1035\" data-end=\"1075\">\/banh-trang-muoi-nhuyen-gia-bao-420g<\/li>\n<li data-section-id=\"coz3vm\" data-start=\"1076\" data-end=\"1102\">\/banh-trang-bo-gia-bao<\/li>\n<\/ul>\n<hr data-start=\"1104\" data-end=\"1107\" \/>\n<h2 data-section-id=\"1eeuh4k\" data-start=\"1109\" data-end=\"1128\">\ud83c\udf7d\ufe0f C\u00e1ch s\u1eed d\u1ee5ng<\/h2>\n<ul data-start=\"1130\" data-end=\"1215\">\n<li data-section-id=\"s9p7py\" data-start=\"1130\" data-end=\"1156\">\u0102n li\u1ec1n sau khi m\u1edf t\u00fai<\/li>\n<li data-section-id=\"1bcqilt\" data-start=\"1157\" data-end=\"1215\">C\u00f3 th\u1ec3 \u0103n k\u00e8m:\n<ul data-start=\"1176\" data-end=\"1215\">\n<li data-section-id=\"wlm5b7\" data-start=\"1176\" data-end=\"1189\">Tr\u1ee9ng c\u00fat<\/li>\n<li data-section-id=\"4kbdea\" data-start=\"1192\" data-end=\"1203\">Rau r\u0103m<\/li>\n<li data-section-id=\"1u60xsh\" data-start=\"1206\" data-end=\"1215\">Sa t\u1ebf<\/li>\n<\/ul>\n<\/li>\n<\/ul>\n<p data-start=\"1217\" data-end=\"1243\">\ud83d\udc49 Gi\u00fap m\u00f3n \u0103n th\u00eam \u0111\u1eadm v\u1ecb<\/p>\n<hr data-start=\"1245\" data-end=\"1248\" \/>\n<h2 data-section-id=\"jql7qq\" data-start=\"1250\" data-end=\"1263\">\ud83d\udcaa L\u1ee3i \u00edch<\/h2>\n<ul data-start=\"1265\" data-end=\"1354\">\n<li data-section-id=\"1m7fhlf\" data-start=\"1265\" data-end=\"1288\">Nhanh g\u1ecdn, ti\u1ec7n l\u1ee3i<\/li>\n<li data-section-id=\"12t8h9l\" data-start=\"1289\" data-end=\"1307\">H\u01b0\u01a1ng v\u1ecb d\u1ec5 \u0103n<\/li>\n<li data-section-id=\"wnamfz\" data-start=\"1308\" data-end=\"1354\">Ph\u00f9 h\u1ee3p h\u1ecdc sinh, sinh vi\u00ean, d\u00e2n v\u0103n ph\u00f2ng<\/li>\n<\/ul>\n<p data-start=\"1356\" data-end=\"1411\">\ud83d\udc49 Th\u00edch h\u1ee3p \u0103n v\u1eb7t m\u1ed7i ng\u00e0y ho\u1eb7c mang theo khi \u0111i ch\u01a1i<\/p>\n<hr data-start=\"1413\" data-end=\"1416\" \/>\n<h2 data-section-id=\"1x21myq\" data-start=\"1418\" data-end=\"1432\">\ud83c\udf81 K\u1ebft lu\u1eadn<\/h2>\n<p data-start=\"1434\" data-end=\"1517\"><strong data-start=\"1434\" data-end=\"1482\">B\u00e1nh tr\u00e1ng mu\u1ed1i nhuy\u1ec5n h\u00e0nh phi Gia B\u1ea3o 350g<\/strong><br data-start=\"1482\" data-end=\"1485\" \/>\ud83d\udc49 D\u1ebbo \u2013 th\u01a1m \u2013 \u0111\u1eadm v\u1ecb \u2013 d\u1ec5 \u0103n<\/p>\n<p data-start=\"1519\" data-end=\"1560\">\ud83d\udd25 M\u00f3n \u0103n v\u1eb7t \u0111\u01a1n gi\u1ea3n nh\u01b0ng c\u1ef1c k\u1ef3 cu\u1ed1n!<\/p>\n","protected":false},"excerpt":{"rendered":"<p>\ud83c\udf36\ufe0f B\u00e1nh tr\u00e1ng mu\u1ed1i nhuy\u1ec5n h\u00e0nh phi Gia B\u1ea3o 350g \u2013 Th\u01a1m gi\u00f2n \u0111\u1eadm v\u1ecb B\u00e1nh tr\u00e1ng mu\u1ed1i nhuy\u1ec5n h\u00e0nh phi Gia B\u1ea3o 350g l\u00e0 m\u00f3n \u0103n v\u1eb7t h\u1ea5p d\u1eabn v\u1edbi v\u1ecb m\u1eb7n cay v\u1eeba ph\u1ea3i, k\u1ebft h\u1ee3p c\u00f9ng h\u00e0nh phi gi\u00f2n r\u1ee5m c\u1ef1c k\u1ef3 cu\u1ed1n. N\u1ebfu b\u1ea1n \u0111ang t\u00ecm m\u1ed9t m\u00f3n \u0103n v\u1eb7t ti\u1ec7n [&#8230;]\n","protected":false},"featured_media":442,"comment_status":"open","ping_status":"closed","template":"","meta":[],"product_brand":[],"product_cat":[40],"product_tag":[],"class_list":{"0":"post-441","1":"product","2":"type-product","3":"status-publish","4":"has-post-thumbnail","6":"product_cat-banh-trang-muoi","8":"first","9":"instock","10":"sale","11":"shipping-taxable","12":"purchasable","13":"product-type-variable"},"yoast_head":"<!-- This site is optimized with the Yoast SEO plugin v27.0 - https:\/\/yoast.com\/product\/yoast-seo-wordpress\/ -->\n<title>B\u00e1nh tr\u00e1ng mu\u1ed1i nhuy\u1ec5n h\u00e0nh phi Gia B\u1ea3o 350g th\u01a1m gi\u00f2n \u0111\u1eadm v\u1ecb<\/title>\n<meta name=\"description\" content=\"B\u00e1nh tr\u00e1ng mu\u1ed1i nhuy\u1ec5n h\u00e0nh phi Gia B\u1ea3o 350g d\u1ebbo m\u1ec1m, th\u01a1m gi\u00f2n, \u0111\u1eadm v\u1ecb chu\u1ea9n T\u00e2y Ninh. M\u00f3n \u0103n v\u1eb7t ti\u1ec7n l\u1ee3i, ngon, d\u1ec5 \u0103n, ph\u00f9 h\u1ee3p m\u1ecdi \u0111\u1ed1i t\u01b0\u1ee3ng.\" \/>\n<meta name=\"robots\" content=\"index, follow, max-snippet:-1, max-image-preview:large, max-video-preview:-1\" \/>\n<link rel=\"canonical\" href=\"https:\/\/xn--trngiaminh-bl3e.azdigi.shop\/?product=banh-trang-muoi-nhuyen-hanh-phi-gia-bao-350g\" \/>\n<meta property=\"og:locale\" content=\"vi_VN\" \/>\n<meta property=\"og:type\" content=\"article\" \/>\n<meta property=\"og:title\" content=\"B\u00e1nh tr\u00e1ng mu\u1ed1i nhuy\u1ec5n h\u00e0nh phi Gia B\u1ea3o 350g th\u01a1m gi\u00f2n \u0111\u1eadm v\u1ecb\" \/>\n<meta property=\"og:description\" content=\"B\u00e1nh tr\u00e1ng mu\u1ed1i nhuy\u1ec5n h\u00e0nh phi Gia B\u1ea3o 350g d\u1ebbo m\u1ec1m, th\u01a1m gi\u00f2n, \u0111\u1eadm v\u1ecb chu\u1ea9n T\u00e2y Ninh. M\u00f3n \u0103n v\u1eb7t ti\u1ec7n l\u1ee3i, ngon, d\u1ec5 \u0103n, ph\u00f9 h\u1ee3p m\u1ecdi \u0111\u1ed1i t\u01b0\u1ee3ng.\" \/>\n<meta property=\"og:url\" content=\"https:\/\/xn--trngiaminh-bl3e.azdigi.shop\/?product=banh-trang-muoi-nhuyen-hanh-phi-gia-bao-350g\" \/>\n<meta property=\"og:site_name\" content=\"banhtrang\" \/>\n<meta property=\"article:modified_time\" content=\"2026-04-23T17:05:50+00:00\" \/>\n<meta property=\"og:image\" content=\"https:\/\/xn--trngiaminh-bl3e.azdigi.shop\/wp-content\/uploads\/2026\/04\/Gemini_Generated_Image_kdq0ukkdq0ukkdq0-1016x1024.png\" \/>\n\t<meta property=\"og:image:width\" content=\"1016\" \/>\n\t<meta property=\"og:image:height\" content=\"1024\" \/>\n\t<meta property=\"og:image:type\" content=\"image\/png\" \/>\n<meta name=\"twitter:card\" content=\"summary_large_image\" \/>\n<meta name=\"twitter:label1\" content=\"\u01af\u1edbc t\u00ednh th\u1eddi gian \u0111\u1ecdc\" \/>\n\t<meta name=\"twitter:data1\" content=\"2 ph\u00fat\" \/>\n<script type=\"application\/ld+json\" class=\"yoast-schema-graph\">{\"@context\":\"https:\/\/schema.org\",\"@graph\":[{\"@type\":\"WebPage\",\"@id\":\"https:\/\/xn--trngiaminh-bl3e.azdigi.shop\/?product=banh-trang-muoi-nhuyen-hanh-phi-gia-bao-350g\",\"url\":\"https:\/\/xn--trngiaminh-bl3e.azdigi.shop\/?product=banh-trang-muoi-nhuyen-hanh-phi-gia-bao-350g\",\"name\":\"B\u00e1nh tr\u00e1ng mu\u1ed1i nhuy\u1ec5n h\u00e0nh phi Gia B\u1ea3o 350g th\u01a1m gi\u00f2n \u0111\u1eadm v\u1ecb\",\"isPartOf\":{\"@id\":\"https:\/\/xn--trngiaminh-bl3e.azdigi.shop\/#website\"},\"primaryImageOfPage\":{\"@id\":\"https:\/\/xn--trngiaminh-bl3e.azdigi.shop\/?product=banh-trang-muoi-nhuyen-hanh-phi-gia-bao-350g#primaryimage\"},\"image\":{\"@id\":\"https:\/\/xn--trngiaminh-bl3e.azdigi.shop\/?product=banh-trang-muoi-nhuyen-hanh-phi-gia-bao-350g#primaryimage\"},\"thumbnailUrl\":\"https:\/\/xn--trngiaminh-bl3e.azdigi.shop\/wp-content\/uploads\/2026\/04\/Gemini_Generated_Image_kdq0ukkdq0ukkdq0.png\",\"datePublished\":\"2026-04-11T20:28:56+00:00\",\"dateModified\":\"2026-04-23T17:05:50+00:00\",\"description\":\"B\u00e1nh tr\u00e1ng mu\u1ed1i nhuy\u1ec5n h\u00e0nh phi Gia B\u1ea3o 350g d\u1ebbo m\u1ec1m, th\u01a1m gi\u00f2n, \u0111\u1eadm v\u1ecb chu\u1ea9n T\u00e2y Ninh. M\u00f3n \u0103n v\u1eb7t ti\u1ec7n l\u1ee3i, ngon, d\u1ec5 \u0103n, ph\u00f9 h\u1ee3p m\u1ecdi \u0111\u1ed1i t\u01b0\u1ee3ng.\",\"breadcrumb\":{\"@id\":\"https:\/\/xn--trngiaminh-bl3e.azdigi.shop\/?product=banh-trang-muoi-nhuyen-hanh-phi-gia-bao-350g#breadcrumb\"},\"inLanguage\":\"vi\",\"potentialAction\":[{\"@type\":\"ReadAction\",\"target\":[\"https:\/\/xn--trngiaminh-bl3e.azdigi.shop\/?product=banh-trang-muoi-nhuyen-hanh-phi-gia-bao-350g\"]}]},{\"@type\":\"ImageObject\",\"inLanguage\":\"vi\",\"@id\":\"https:\/\/xn--trngiaminh-bl3e.azdigi.shop\/?product=banh-trang-muoi-nhuyen-hanh-phi-gia-bao-350g#primaryimage\",\"url\":\"https:\/\/xn--trngiaminh-bl3e.azdigi.shop\/wp-content\/uploads\/2026\/04\/Gemini_Generated_Image_kdq0ukkdq0ukkdq0.png\",\"contentUrl\":\"https:\/\/xn--trngiaminh-bl3e.azdigi.shop\/wp-content\/uploads\/2026\/04\/Gemini_Generated_Image_kdq0ukkdq0ukkdq0.png\",\"width\":1024,\"height\":1032},{\"@type\":\"BreadcrumbList\",\"@id\":\"https:\/\/xn--trngiaminh-bl3e.azdigi.shop\/?product=banh-trang-muoi-nhuyen-hanh-phi-gia-bao-350g#breadcrumb\",\"itemListElement\":[{\"@type\":\"ListItem\",\"position\":1,\"name\":\"Trang ch\u1ee7\",\"item\":\"https:\/\/xn--trngiaminh-bl3e.azdigi.shop\/\"},{\"@type\":\"ListItem\",\"position\":2,\"name\":\"C\u1eeda h\u00e0ng\",\"item\":\"https:\/\/xn--trngiaminh-bl3e.azdigi.shop\/?page_id=220\"},{\"@type\":\"ListItem\",\"position\":3,\"name\":\"B\u00e1nh Tr\u00e1ng Mu\u1ed1i Nhuy\u1ec5n Cao C\u1ea5p H\u00e0nh Phi T\u00fai 350g L\u00e0m T\u1eeb B\u00e1nh Tr\u00e1ng Ph\u01a1i S\u01b0\u01a1ng Cao C\u1ea5p Th\u01b0\u01a1ng Hi\u1ec7u B\u00e1nh Tr\u00e1ng Gia B\u1ea3o\"}]},{\"@type\":\"WebSite\",\"@id\":\"https:\/\/xn--trngiaminh-bl3e.azdigi.shop\/#website\",\"url\":\"https:\/\/xn--trngiaminh-bl3e.azdigi.shop\/\",\"name\":\"banhtrang\",\"description\":\"Mua \u0110i \u0110\u1eebng Ng\u1ea1i\",\"potentialAction\":[{\"@type\":\"SearchAction\",\"target\":{\"@type\":\"EntryPoint\",\"urlTemplate\":\"https:\/\/xn--trngiaminh-bl3e.azdigi.shop\/?s={search_term_string}\"},\"query-input\":{\"@type\":\"PropertyValueSpecification\",\"valueRequired\":true,\"valueName\":\"search_term_string\"}}],\"inLanguage\":\"vi\"}]}<\/script>\n<!-- \/ Yoast SEO plugin. -->","yoast_head_json":{"title":"B\u00e1nh tr\u00e1ng mu\u1ed1i nhuy\u1ec5n h\u00e0nh phi Gia B\u1ea3o 350g th\u01a1m gi\u00f2n \u0111\u1eadm v\u1ecb","description":"B\u00e1nh tr\u00e1ng mu\u1ed1i nhuy\u1ec5n h\u00e0nh phi Gia B\u1ea3o 350g d\u1ebbo m\u1ec1m, th\u01a1m gi\u00f2n, \u0111\u1eadm v\u1ecb chu\u1ea9n T\u00e2y Ninh. M\u00f3n \u0103n v\u1eb7t ti\u1ec7n l\u1ee3i, ngon, d\u1ec5 \u0103n, ph\u00f9 h\u1ee3p m\u1ecdi \u0111\u1ed1i t\u01b0\u1ee3ng.","robots":{"index":"index","follow":"follow","max-snippet":"max-snippet:-1","max-image-preview":"max-image-preview:large","max-video-preview":"max-video-preview:-1"},"canonical":"https:\/\/xn--trngiaminh-bl3e.azdigi.shop\/?product=banh-trang-muoi-nhuyen-hanh-phi-gia-bao-350g","og_locale":"vi_VN","og_type":"article","og_title":"B\u00e1nh tr\u00e1ng mu\u1ed1i nhuy\u1ec5n h\u00e0nh phi Gia B\u1ea3o 350g th\u01a1m gi\u00f2n \u0111\u1eadm v\u1ecb","og_description":"B\u00e1nh tr\u00e1ng mu\u1ed1i nhuy\u1ec5n h\u00e0nh phi Gia B\u1ea3o 350g d\u1ebbo m\u1ec1m, th\u01a1m gi\u00f2n, \u0111\u1eadm v\u1ecb chu\u1ea9n T\u00e2y Ninh. M\u00f3n \u0103n v\u1eb7t ti\u1ec7n l\u1ee3i, ngon, d\u1ec5 \u0103n, ph\u00f9 h\u1ee3p m\u1ecdi \u0111\u1ed1i t\u01b0\u1ee3ng.","og_url":"https:\/\/xn--trngiaminh-bl3e.azdigi.shop\/?product=banh-trang-muoi-nhuyen-hanh-phi-gia-bao-350g","og_site_name":"banhtrang","article_modified_time":"2026-04-23T17:05:50+00:00","og_image":[{"width":1016,"height":1024,"url":"https:\/\/xn--trngiaminh-bl3e.azdigi.shop\/wp-content\/uploads\/2026\/04\/Gemini_Generated_Image_kdq0ukkdq0ukkdq0-1016x1024.png","type":"image\/png"}],"twitter_card":"summary_large_image","twitter_misc":{"\u01af\u1edbc t\u00ednh th\u1eddi gian \u0111\u1ecdc":"2 ph\u00fat"},"schema":{"@context":"https:\/\/schema.org","@graph":[{"@type":"WebPage","@id":"https:\/\/xn--trngiaminh-bl3e.azdigi.shop\/?product=banh-trang-muoi-nhuyen-hanh-phi-gia-bao-350g","url":"https:\/\/xn--trngiaminh-bl3e.azdigi.shop\/?product=banh-trang-muoi-nhuyen-hanh-phi-gia-bao-350g","name":"B\u00e1nh tr\u00e1ng mu\u1ed1i nhuy\u1ec5n h\u00e0nh phi Gia B\u1ea3o 350g th\u01a1m gi\u00f2n \u0111\u1eadm v\u1ecb","isPartOf":{"@id":"https:\/\/xn--trngiaminh-bl3e.azdigi.shop\/#website"},"primaryImageOfPage":{"@id":"https:\/\/xn--trngiaminh-bl3e.azdigi.shop\/?product=banh-trang-muoi-nhuyen-hanh-phi-gia-bao-350g#primaryimage"},"image":{"@id":"https:\/\/xn--trngiaminh-bl3e.azdigi.shop\/?product=banh-trang-muoi-nhuyen-hanh-phi-gia-bao-350g#primaryimage"},"thumbnailUrl":"https:\/\/xn--trngiaminh-bl3e.azdigi.shop\/wp-content\/uploads\/2026\/04\/Gemini_Generated_Image_kdq0ukkdq0ukkdq0.png","datePublished":"2026-04-11T20:28:56+00:00","dateModified":"2026-04-23T17:05:50+00:00","description":"B\u00e1nh tr\u00e1ng mu\u1ed1i nhuy\u1ec5n h\u00e0nh phi Gia B\u1ea3o 350g d\u1ebbo m\u1ec1m, th\u01a1m gi\u00f2n, \u0111\u1eadm v\u1ecb chu\u1ea9n T\u00e2y Ninh. M\u00f3n \u0103n v\u1eb7t ti\u1ec7n l\u1ee3i, ngon, d\u1ec5 \u0103n, ph\u00f9 h\u1ee3p m\u1ecdi \u0111\u1ed1i t\u01b0\u1ee3ng.","breadcrumb":{"@id":"https:\/\/xn--trngiaminh-bl3e.azdigi.shop\/?product=banh-trang-muoi-nhuyen-hanh-phi-gia-bao-350g#breadcrumb"},"inLanguage":"vi","potentialAction":[{"@type":"ReadAction","target":["https:\/\/xn--trngiaminh-bl3e.azdigi.shop\/?product=banh-trang-muoi-nhuyen-hanh-phi-gia-bao-350g"]}]},{"@type":"ImageObject","inLanguage":"vi","@id":"https:\/\/xn--trngiaminh-bl3e.azdigi.shop\/?product=banh-trang-muoi-nhuyen-hanh-phi-gia-bao-350g#primaryimage","url":"https:\/\/xn--trngiaminh-bl3e.azdigi.shop\/wp-content\/uploads\/2026\/04\/Gemini_Generated_Image_kdq0ukkdq0ukkdq0.png","contentUrl":"https:\/\/xn--trngiaminh-bl3e.azdigi.shop\/wp-content\/uploads\/2026\/04\/Gemini_Generated_Image_kdq0ukkdq0ukkdq0.png","width":1024,"height":1032},{"@type":"BreadcrumbList","@id":"https:\/\/xn--trngiaminh-bl3e.azdigi.shop\/?product=banh-trang-muoi-nhuyen-hanh-phi-gia-bao-350g#breadcrumb","itemListElement":[{"@type":"ListItem","position":1,"name":"Trang ch\u1ee7","item":"https:\/\/xn--trngiaminh-bl3e.azdigi.shop\/"},{"@type":"ListItem","position":2,"name":"C\u1eeda h\u00e0ng","item":"https:\/\/xn--trngiaminh-bl3e.azdigi.shop\/?page_id=220"},{"@type":"ListItem","position":3,"name":"B\u00e1nh Tr\u00e1ng Mu\u1ed1i Nhuy\u1ec5n Cao C\u1ea5p H\u00e0nh Phi T\u00fai 350g L\u00e0m T\u1eeb B\u00e1nh Tr\u00e1ng Ph\u01a1i S\u01b0\u01a1ng Cao C\u1ea5p Th\u01b0\u01a1ng Hi\u1ec7u B\u00e1nh Tr\u00e1ng Gia B\u1ea3o"}]},{"@type":"WebSite","@id":"https:\/\/xn--trngiaminh-bl3e.azdigi.shop\/#website","url":"https:\/\/xn--trngiaminh-bl3e.azdigi.shop\/","name":"banhtrang","description":"Mua \u0110i \u0110\u1eebng Ng\u1ea1i","potentialAction":[{"@type":"SearchAction","target":{"@type":"EntryPoint","urlTemplate":"https:\/\/xn--trngiaminh-bl3e.azdigi.shop\/?s={search_term_string}"},"query-input":{"@type":"PropertyValueSpecification","valueRequired":true,"valueName":"search_term_string"}}],"inLanguage":"vi"}]}},"_links":{"self":[{"href":"https:\/\/xn--trngiaminh-bl3e.azdigi.shop\/index.php?rest_route=\/wp\/v2\/product\/441","targetHints":{"allow":["GET"]}}],"collection":[{"href":"https:\/\/xn--trngiaminh-bl3e.azdigi.shop\/index.php?rest_route=\/wp\/v2\/product"}],"about":[{"href":"https:\/\/xn--trngiaminh-bl3e.azdigi.shop\/index.php?rest_route=\/wp\/v2\/types\/product"}],"replies":[{"embeddable":true,"href":"https:\/\/xn--trngiaminh-bl3e.azdigi.shop\/index.php?rest_route=%2Fwp%2Fv2%2Fcomments&post=441"}],"wp:featuredmedia":[{"embeddable":true,"href":"https:\/\/xn--trngiaminh-bl3e.azdigi.shop\/index.php?rest_route=\/wp\/v2\/media\/442"}],"wp:attachment":[{"href":"https:\/\/xn--trngiaminh-bl3e.azdigi.shop\/index.php?rest_route=%2Fwp%2Fv2%2Fmedia&parent=441"}],"wp:term":[{"taxonomy":"product_brand","embeddable":true,"href":"https:\/\/xn--trngiaminh-bl3e.azdigi.shop\/index.php?rest_route=%2Fwp%2Fv2%2Fproduct_brand&post=441"},{"taxonomy":"product_cat","embeddable":true,"href":"https:\/\/xn--trngiaminh-bl3e.azdigi.shop\/index.php?rest_route=%2Fwp%2Fv2%2Fproduct_cat&post=441"},{"taxonomy":"product_tag","embeddable":true,"href":"https:\/\/xn--trngiaminh-bl3e.azdigi.shop\/index.php?rest_route=%2Fwp%2Fv2%2Fproduct_tag&post=441"}],"curies":[{"name":"wp","href":"https:\/\/api.w.org\/{rel}","templated":true}]}}