{"id":392,"date":"2026-04-11T19:31:26","date_gmt":"2026-04-11T19:31:26","guid":{"rendered":"https:\/\/xn--trngiaminh-bl3e.azdigi.shop\/?post_type=product&#038;p=392"},"modified":"2026-04-23T17:04:48","modified_gmt":"2026-04-23T17:04:48","slug":"banh-trang-muoi-nhuyen-gia-bao-420g","status":"publish","type":"product","link":"https:\/\/xn--trngiaminh-bl3e.azdigi.shop\/?product=banh-trang-muoi-nhuyen-gia-bao-420g","title":{"rendered":"B\u00e1nh Tr\u00e1ng Mu\u1ed1i Nhuy\u1ec5n Cao C\u1ea5p H\u00e0nh Phi Kh\u00f4 B\u00f2 T\u00fai 420g L\u00e0m T\u1eeb B\u00e1nh Tr\u00e1ng Ph\u01a1i S\u01b0\u01a1ng Cao C\u1ea5p Th\u01b0\u01a1ng Hi\u1ec7u B\u00e1nh Tr\u00e1ng Gia B\u1ea3o"},"content":{"rendered":"<h2 data-section-id=\"20ojog\" data-start=\"102\" data-end=\"176\">\ud83c\udf36\ufe0f <a href=\"https:\/\/www.bing.com\/search?q=b\u00e1nh%20tr\u00e1ng%20wiki&amp;qs=n&amp;form=QBRE&amp;sp=-1&amp;ghc=1&amp;lq=0&amp;pq=b\u00e1nh%20tr\u00e1ng%20wik&amp;sc=12-14&amp;sk=&amp;cvid=CCCB9A30943049C2A60F3073236E22AE\">B\u00e1nh tr\u00e1ng<\/a> mu\u1ed1i nhuy\u1ec5n Gia B\u1ea3o h\u00e0nh phi kh\u00f4 b\u00f2 420g \u0111\u1eadm v\u1ecb T\u00e2y Ninh<\/h2>\n<p data-start=\"178\" data-end=\"434\"><strong data-start=\"178\" data-end=\"233\">B\u00e1nh tr\u00e1ng mu\u1ed1i nhuy\u1ec5n Gia B\u1ea3o h\u00e0nh phi kh\u00f4 b\u00f2 420g<\/strong> l\u00e0 m\u00f3n \u0103n v\u1eb7t \u0111\u1eadm v\u1ecb, k\u1ebft h\u1ee3p ho\u00e0n h\u1ea3o gi\u1eefa b\u00e1nh tr\u00e1ng d\u1ebbo m\u1ec1m, gia v\u1ecb cay m\u1eb7n v\u00e0 topping h\u1ea5p d\u1eabn. \u0110\u00e2y l\u00e0 l\u1ef1a ch\u1ecdn l\u00fd t\u01b0\u1edfng cho nh\u1eefng ai th\u00edch \u0103n v\u1eb7t ti\u1ec7n l\u1ee3i nh\u01b0ng v\u1eabn \u0111\u1ea3m b\u1ea3o ch\u1ea5t l\u01b0\u1ee3ng v\u00e0 h\u01b0\u01a1ng v\u1ecb.<\/p>\n<hr data-start=\"436\" data-end=\"439\" \/>\n<h2 data-section-id=\"ocijou\" data-start=\"441\" data-end=\"462\">\u2b50 \u0110\u1eb7c \u0111i\u1ec3m n\u1ed5i b\u1eadt<\/h2>\n<p data-start=\"464\" data-end=\"543\">\ud83d\udc49 <strong data-start=\"467\" data-end=\"500\">B\u00e1nh tr\u00e1ng ph\u01a1i s\u01b0\u01a1ng cao c\u1ea5p<\/strong><br data-start=\"500\" data-end=\"503\" \/>D\u1ebbo m\u1ec1m t\u1ef1 nhi\u00ean, kh\u00f4ng kh\u00f4 c\u1ee9ng, d\u1ec5 \u0103n.<\/p>\n<p data-start=\"545\" data-end=\"628\">\ud83d\udc49 <strong data-start=\"548\" data-end=\"577\">Gia v\u1ecb mu\u1ed1i nhuy\u1ec5n \u0111\u1eadm \u0111\u00e0<\/strong><br data-start=\"577\" data-end=\"580\" \/>Mang l\u1ea1i v\u1ecb m\u1eb7n cay h\u00e0i h\u00f2a, k\u00edch th\u00edch v\u1ecb gi\u00e1c.<\/p>\n<p data-start=\"630\" data-end=\"707\">\ud83d\udc49 <strong data-start=\"633\" data-end=\"664\">H\u00e0nh phi &amp; kh\u00f4 b\u00f2 th\u01a1m ngon<\/strong><br data-start=\"664\" data-end=\"667\" \/>Gi\u00f2n, cay nh\u1eb9, t\u1ea1o c\u1ea3m gi\u00e1c \u0103n r\u1ea5t cu\u1ed1n.<\/p>\n<p data-start=\"709\" data-end=\"789\">\ud83d\udc49 <strong data-start=\"712\" data-end=\"742\">Nguy\u00ean li\u1ec7u s\u1ea1ch \u2013 an to\u00e0n<\/strong><br data-start=\"742\" data-end=\"745\" \/>\u0110\u01b0\u1ee3c ch\u1ecdn l\u1ecdc k\u1ef9, \u0111\u1ea3m b\u1ea3o v\u1ec7 sinh th\u1ef1c ph\u1ea9m.<\/p>\n<hr data-start=\"791\" data-end=\"794\" \/>\n<h2 data-section-id=\"xx5e2a\" data-start=\"796\" data-end=\"831\">\ud83d\udd25 V\u00ec sao n\u00ean ch\u1ecdn s\u1ea3n ph\u1ea9m n\u00e0y?<\/h2>\n<ul data-start=\"833\" data-end=\"970\">\n<li data-section-id=\"c83dt5\" data-start=\"833\" data-end=\"865\">Chu\u1ea9n v\u1ecb b\u00e1nh tr\u00e1ng T\u00e2y Ninh<\/li>\n<li data-section-id=\"1jlij0c\" data-start=\"866\" data-end=\"892\">\u0110\u00f3ng g\u00f3i 420g ti\u1ec7n l\u1ee3i<\/li>\n<li data-section-id=\"1qwins9\" data-start=\"893\" data-end=\"934\">Ph\u00f9 h\u1ee3p \u0103n v\u1eb7t, mang \u0111i ch\u01a1i, du l\u1ecbch<\/li>\n<li data-section-id=\"gh4fl0\" data-start=\"935\" data-end=\"970\">\u0110\u01b0\u1ee3c nhi\u1ec1u kh\u00e1ch h\u00e0ng \u01b0a chu\u1ed9ng<\/li>\n<\/ul>\n<p data-start=\"972\" data-end=\"986\">\ud83d\udc49 Xem th\u00eam:<\/p>\n<ul data-start=\"987\" data-end=\"1064\">\n<li data-section-id=\"coz3vm\" data-start=\"987\" data-end=\"1013\">\/banh-trang-bo-gia-bao<\/li>\n<li data-section-id=\"1u80p1e\" data-start=\"1014\" data-end=\"1037\">\/banh-trang-toi-phi<\/li>\n<li data-section-id=\"1ojtn1b\" data-start=\"1038\" data-end=\"1064\">\/banh-trang-phoi-suong<\/li>\n<\/ul>\n<hr data-start=\"1066\" data-end=\"1069\" \/>\n<h2 data-section-id=\"1eeuh4k\" data-start=\"1071\" data-end=\"1090\">\ud83c\udf7d\ufe0f C\u00e1ch s\u1eed d\u1ee5ng<\/h2>\n<ul data-start=\"1092\" data-end=\"1215\">\n<li data-section-id=\"s9p7py\" data-start=\"1092\" data-end=\"1118\">\u0102n li\u1ec1n sau khi m\u1edf t\u00fai<\/li>\n<li data-section-id=\"1w5z3y1\" data-start=\"1119\" data-end=\"1215\">C\u00f3 th\u1ec3 th\u00eam tr\u1ee9ng c\u00fat, rau r\u0103m ho\u1eb7c sa t\u1ebf \u0111\u1ec3 t\u0103ng h\u01b0\u01a1ng v\u1ecb<br data-start=\"1179\" data-end=\"1182\" \/>\ud83d\udc49 Gi\u00fap m\u00f3n \u0103n tr\u1edf n\u00ean \u0111\u1eadm \u0111\u00e0 h\u01a1n<\/li>\n<\/ul>\n<hr data-start=\"1217\" data-end=\"1220\" \/>\n<h2 data-section-id=\"jql7qq\" data-start=\"1222\" data-end=\"1235\">\ud83d\udcaa L\u1ee3i \u00edch<\/h2>\n<ul data-start=\"1237\" data-end=\"1319\">\n<li data-section-id=\"1m7fhlf\" data-start=\"1237\" data-end=\"1260\">Nhanh g\u1ecdn, ti\u1ec7n l\u1ee3i<\/li>\n<li data-section-id=\"4u295p\" data-start=\"1261\" data-end=\"1291\">H\u01b0\u01a1ng v\u1ecb d\u1ec5 \u0103n, kh\u00f4ng ng\u00e1n<\/li>\n<li data-section-id=\"oo5zhq\" data-start=\"1292\" data-end=\"1319\">Ph\u00f9 h\u1ee3p nhi\u1ec1u \u0111\u1ed1i t\u01b0\u1ee3ng<\/li>\n<\/ul>\n<p data-start=\"1321\" data-end=\"1437\">\ud83d\udc49 S\u1ea3n ph\u1ea9m \u0111\u1eb7c bi\u1ec7t ph\u00f9 h\u1ee3p v\u1edbi h\u1ecdc sinh, sinh vi\u00ean, d\u00e2n v\u0103n ph\u00f2ng ho\u1eb7c nh\u1eefng ai th\u00edch \u0103n v\u1eb7t nhanh nh\u01b0ng v\u1eabn ngon.<\/p>\n<hr data-start=\"1439\" data-end=\"1442\" \/>\n<h2 data-section-id=\"1x21myq\" data-start=\"1444\" data-end=\"1458\">\ud83c\udf81 K\u1ebft lu\u1eadn<\/h2>\n<p data-start=\"1460\" data-end=\"1554\"><strong data-start=\"1460\" data-end=\"1515\">B\u00e1nh tr\u00e1ng mu\u1ed1i nhuy\u1ec5n Gia B\u1ea3o h\u00e0nh phi kh\u00f4 b\u00f2 420g<\/strong><br data-start=\"1515\" data-end=\"1518\" \/>\ud83d\udc49 D\u1ebbo \u2013 \u0111\u1eadm v\u1ecb \u2013 d\u1ec5 \u0103n \u2013 ti\u1ec7n l\u1ee3i<\/p>\n<p data-start=\"1556\" data-end=\"1612\">\ud83d\udd25 M\u1ed9t m\u00f3n \u0103n v\u1eb7t \u0111\u00e1ng th\u1eed cho m\u1ecdi t\u00edn \u0111\u1ed3 m\u00ea b\u00e1nh tr\u00e1ng. V\u1ecb v\u1eady h\u00e3y th\u1eed ngay \u0111i !<\/p>\n","protected":false},"excerpt":{"rendered":"<p>\ud83c\udf36\ufe0f B\u00e1nh tr\u00e1ng mu\u1ed1i nhuy\u1ec5n Gia B\u1ea3o h\u00e0nh phi kh\u00f4 b\u00f2 420g \u0111\u1eadm v\u1ecb T\u00e2y Ninh B\u00e1nh tr\u00e1ng mu\u1ed1i nhuy\u1ec5n Gia B\u1ea3o h\u00e0nh phi kh\u00f4 b\u00f2 420g l\u00e0 m\u00f3n \u0103n v\u1eb7t \u0111\u1eadm v\u1ecb, k\u1ebft h\u1ee3p ho\u00e0n h\u1ea3o gi\u1eefa b\u00e1nh tr\u00e1ng d\u1ebbo m\u1ec1m, gia v\u1ecb cay m\u1eb7n v\u00e0 topping h\u1ea5p d\u1eabn. \u0110\u00e2y l\u00e0 l\u1ef1a ch\u1ecdn l\u00fd [&#8230;]\n","protected":false},"featured_media":393,"comment_status":"open","ping_status":"closed","template":"","meta":[],"product_brand":[],"product_cat":[40],"product_tag":[],"class_list":{"0":"post-392","1":"product","2":"type-product","3":"status-publish","4":"has-post-thumbnail","6":"product_cat-banh-trang-muoi","8":"first","9":"instock","10":"sale","11":"shipping-taxable","12":"purchasable","13":"product-type-variable"},"yoast_head":"<!-- This site is optimized with the Yoast SEO plugin v27.0 - https:\/\/yoast.com\/product\/yoast-seo-wordpress\/ -->\n<title>B\u00e1nh tr\u00e1ng mu\u1ed1i nhuy\u1ec5n 420g c\u1ef1c ngon l\u00e0m t\u1eeb Gia B\u1ea3o<\/title>\n<meta name=\"description\" content=\"B\u00e1nh tr\u00e1ng mu\u1ed1i nhuy\u1ec5n Gia B\u1ea3o h\u00e0nh phi kh\u00f4 b\u00f2 420g \u0111\u1eadm v\u1ecb, cay nh\u1eb9, d\u1ebbo m\u1ec1m chu\u1ea9n T\u00e2y Ninh. M\u00f3n \u0103n v\u1eb7t ti\u1ec7n l\u1ee3i, ngon, ch\u1ea5t l\u01b0\u1ee3ng.\" \/>\n<meta name=\"robots\" content=\"index, follow, max-snippet:-1, max-image-preview:large, max-video-preview:-1\" \/>\n<link rel=\"canonical\" href=\"https:\/\/xn--trngiaminh-bl3e.azdigi.shop\/?product=banh-trang-muoi-nhuyen-gia-bao-420g\" \/>\n<meta property=\"og:locale\" content=\"vi_VN\" \/>\n<meta property=\"og:type\" content=\"article\" \/>\n<meta property=\"og:title\" content=\"B\u00e1nh tr\u00e1ng mu\u1ed1i nhuy\u1ec5n 420g c\u1ef1c ngon l\u00e0m t\u1eeb Gia B\u1ea3o\" \/>\n<meta property=\"og:description\" content=\"B\u00e1nh tr\u00e1ng mu\u1ed1i nhuy\u1ec5n Gia B\u1ea3o h\u00e0nh phi kh\u00f4 b\u00f2 420g \u0111\u1eadm v\u1ecb, cay nh\u1eb9, d\u1ebbo m\u1ec1m chu\u1ea9n T\u00e2y Ninh. M\u00f3n \u0103n v\u1eb7t ti\u1ec7n l\u1ee3i, ngon, ch\u1ea5t l\u01b0\u1ee3ng.\" \/>\n<meta property=\"og:url\" content=\"https:\/\/xn--trngiaminh-bl3e.azdigi.shop\/?product=banh-trang-muoi-nhuyen-gia-bao-420g\" \/>\n<meta property=\"og:site_name\" content=\"banhtrang\" \/>\n<meta property=\"article:modified_time\" content=\"2026-04-23T17:04:48+00:00\" \/>\n<meta property=\"og:image\" content=\"https:\/\/xn--trngiaminh-bl3e.azdigi.shop\/wp-content\/uploads\/2026\/04\/Gemini_Generated_Image_2e059m2e059m2e05.png\" \/>\n\t<meta property=\"og:image:width\" content=\"1020\" \/>\n\t<meta property=\"og:image:height\" content=\"1021\" \/>\n\t<meta property=\"og:image:type\" content=\"image\/png\" \/>\n<meta name=\"twitter:card\" content=\"summary_large_image\" \/>\n<meta name=\"twitter:label1\" content=\"\u01af\u1edbc t\u00ednh th\u1eddi gian \u0111\u1ecdc\" \/>\n\t<meta name=\"twitter:data1\" content=\"2 ph\u00fat\" \/>\n<script type=\"application\/ld+json\" class=\"yoast-schema-graph\">{\"@context\":\"https:\/\/schema.org\",\"@graph\":[{\"@type\":\"WebPage\",\"@id\":\"https:\/\/xn--trngiaminh-bl3e.azdigi.shop\/?product=banh-trang-muoi-nhuyen-gia-bao-420g\",\"url\":\"https:\/\/xn--trngiaminh-bl3e.azdigi.shop\/?product=banh-trang-muoi-nhuyen-gia-bao-420g\",\"name\":\"B\u00e1nh tr\u00e1ng mu\u1ed1i nhuy\u1ec5n 420g c\u1ef1c ngon l\u00e0m t\u1eeb Gia B\u1ea3o\",\"isPartOf\":{\"@id\":\"https:\/\/xn--trngiaminh-bl3e.azdigi.shop\/#website\"},\"primaryImageOfPage\":{\"@id\":\"https:\/\/xn--trngiaminh-bl3e.azdigi.shop\/?product=banh-trang-muoi-nhuyen-gia-bao-420g#primaryimage\"},\"image\":{\"@id\":\"https:\/\/xn--trngiaminh-bl3e.azdigi.shop\/?product=banh-trang-muoi-nhuyen-gia-bao-420g#primaryimage\"},\"thumbnailUrl\":\"https:\/\/xn--trngiaminh-bl3e.azdigi.shop\/wp-content\/uploads\/2026\/04\/Gemini_Generated_Image_2e059m2e059m2e05.png\",\"datePublished\":\"2026-04-11T19:31:26+00:00\",\"dateModified\":\"2026-04-23T17:04:48+00:00\",\"description\":\"B\u00e1nh tr\u00e1ng mu\u1ed1i nhuy\u1ec5n Gia B\u1ea3o h\u00e0nh phi kh\u00f4 b\u00f2 420g \u0111\u1eadm v\u1ecb, cay nh\u1eb9, d\u1ebbo m\u1ec1m chu\u1ea9n T\u00e2y Ninh. M\u00f3n \u0103n v\u1eb7t ti\u1ec7n l\u1ee3i, ngon, ch\u1ea5t l\u01b0\u1ee3ng.\",\"breadcrumb\":{\"@id\":\"https:\/\/xn--trngiaminh-bl3e.azdigi.shop\/?product=banh-trang-muoi-nhuyen-gia-bao-420g#breadcrumb\"},\"inLanguage\":\"vi\",\"potentialAction\":[{\"@type\":\"ReadAction\",\"target\":[\"https:\/\/xn--trngiaminh-bl3e.azdigi.shop\/?product=banh-trang-muoi-nhuyen-gia-bao-420g\"]}]},{\"@type\":\"ImageObject\",\"inLanguage\":\"vi\",\"@id\":\"https:\/\/xn--trngiaminh-bl3e.azdigi.shop\/?product=banh-trang-muoi-nhuyen-gia-bao-420g#primaryimage\",\"url\":\"https:\/\/xn--trngiaminh-bl3e.azdigi.shop\/wp-content\/uploads\/2026\/04\/Gemini_Generated_Image_2e059m2e059m2e05.png\",\"contentUrl\":\"https:\/\/xn--trngiaminh-bl3e.azdigi.shop\/wp-content\/uploads\/2026\/04\/Gemini_Generated_Image_2e059m2e059m2e05.png\",\"width\":1024,\"height\":1025},{\"@type\":\"BreadcrumbList\",\"@id\":\"https:\/\/xn--trngiaminh-bl3e.azdigi.shop\/?product=banh-trang-muoi-nhuyen-gia-bao-420g#breadcrumb\",\"itemListElement\":[{\"@type\":\"ListItem\",\"position\":1,\"name\":\"Trang ch\u1ee7\",\"item\":\"https:\/\/xn--trngiaminh-bl3e.azdigi.shop\/\"},{\"@type\":\"ListItem\",\"position\":2,\"name\":\"C\u1eeda h\u00e0ng\",\"item\":\"https:\/\/xn--trngiaminh-bl3e.azdigi.shop\/?page_id=220\"},{\"@type\":\"ListItem\",\"position\":3,\"name\":\"B\u00e1nh Tr\u00e1ng Mu\u1ed1i Nhuy\u1ec5n Cao C\u1ea5p H\u00e0nh Phi Kh\u00f4 B\u00f2 T\u00fai 420g L\u00e0m T\u1eeb B\u00e1nh Tr\u00e1ng Ph\u01a1i S\u01b0\u01a1ng Cao C\u1ea5p Th\u01b0\u01a1ng Hi\u1ec7u B\u00e1nh Tr\u00e1ng Gia B\u1ea3o\"}]},{\"@type\":\"WebSite\",\"@id\":\"https:\/\/xn--trngiaminh-bl3e.azdigi.shop\/#website\",\"url\":\"https:\/\/xn--trngiaminh-bl3e.azdigi.shop\/\",\"name\":\"banhtrang\",\"description\":\"Mua \u0110i \u0110\u1eebng Ng\u1ea1i\",\"potentialAction\":[{\"@type\":\"SearchAction\",\"target\":{\"@type\":\"EntryPoint\",\"urlTemplate\":\"https:\/\/xn--trngiaminh-bl3e.azdigi.shop\/?s={search_term_string}\"},\"query-input\":{\"@type\":\"PropertyValueSpecification\",\"valueRequired\":true,\"valueName\":\"search_term_string\"}}],\"inLanguage\":\"vi\"}]}<\/script>\n<!-- \/ Yoast SEO plugin. -->","yoast_head_json":{"title":"B\u00e1nh tr\u00e1ng mu\u1ed1i nhuy\u1ec5n 420g c\u1ef1c ngon l\u00e0m t\u1eeb Gia B\u1ea3o","description":"B\u00e1nh tr\u00e1ng mu\u1ed1i nhuy\u1ec5n Gia B\u1ea3o h\u00e0nh phi kh\u00f4 b\u00f2 420g \u0111\u1eadm v\u1ecb, cay nh\u1eb9, d\u1ebbo m\u1ec1m chu\u1ea9n T\u00e2y Ninh. M\u00f3n \u0103n v\u1eb7t ti\u1ec7n l\u1ee3i, ngon, ch\u1ea5t l\u01b0\u1ee3ng.","robots":{"index":"index","follow":"follow","max-snippet":"max-snippet:-1","max-image-preview":"max-image-preview:large","max-video-preview":"max-video-preview:-1"},"canonical":"https:\/\/xn--trngiaminh-bl3e.azdigi.shop\/?product=banh-trang-muoi-nhuyen-gia-bao-420g","og_locale":"vi_VN","og_type":"article","og_title":"B\u00e1nh tr\u00e1ng mu\u1ed1i nhuy\u1ec5n 420g c\u1ef1c ngon l\u00e0m t\u1eeb Gia B\u1ea3o","og_description":"B\u00e1nh tr\u00e1ng mu\u1ed1i nhuy\u1ec5n Gia B\u1ea3o h\u00e0nh phi kh\u00f4 b\u00f2 420g \u0111\u1eadm v\u1ecb, cay nh\u1eb9, d\u1ebbo m\u1ec1m chu\u1ea9n T\u00e2y Ninh. M\u00f3n \u0103n v\u1eb7t ti\u1ec7n l\u1ee3i, ngon, ch\u1ea5t l\u01b0\u1ee3ng.","og_url":"https:\/\/xn--trngiaminh-bl3e.azdigi.shop\/?product=banh-trang-muoi-nhuyen-gia-bao-420g","og_site_name":"banhtrang","article_modified_time":"2026-04-23T17:04:48+00:00","og_image":[{"url":"https:\/\/xn--trngiaminh-bl3e.azdigi.shop\/wp-content\/uploads\/2026\/04\/Gemini_Generated_Image_2e059m2e059m2e05.png","width":1020,"height":1021,"type":"image\/png"}],"twitter_card":"summary_large_image","twitter_misc":{"\u01af\u1edbc t\u00ednh th\u1eddi gian \u0111\u1ecdc":"2 ph\u00fat"},"schema":{"@context":"https:\/\/schema.org","@graph":[{"@type":"WebPage","@id":"https:\/\/xn--trngiaminh-bl3e.azdigi.shop\/?product=banh-trang-muoi-nhuyen-gia-bao-420g","url":"https:\/\/xn--trngiaminh-bl3e.azdigi.shop\/?product=banh-trang-muoi-nhuyen-gia-bao-420g","name":"B\u00e1nh tr\u00e1ng mu\u1ed1i nhuy\u1ec5n 420g c\u1ef1c ngon l\u00e0m t\u1eeb Gia B\u1ea3o","isPartOf":{"@id":"https:\/\/xn--trngiaminh-bl3e.azdigi.shop\/#website"},"primaryImageOfPage":{"@id":"https:\/\/xn--trngiaminh-bl3e.azdigi.shop\/?product=banh-trang-muoi-nhuyen-gia-bao-420g#primaryimage"},"image":{"@id":"https:\/\/xn--trngiaminh-bl3e.azdigi.shop\/?product=banh-trang-muoi-nhuyen-gia-bao-420g#primaryimage"},"thumbnailUrl":"https:\/\/xn--trngiaminh-bl3e.azdigi.shop\/wp-content\/uploads\/2026\/04\/Gemini_Generated_Image_2e059m2e059m2e05.png","datePublished":"2026-04-11T19:31:26+00:00","dateModified":"2026-04-23T17:04:48+00:00","description":"B\u00e1nh tr\u00e1ng mu\u1ed1i nhuy\u1ec5n Gia B\u1ea3o h\u00e0nh phi kh\u00f4 b\u00f2 420g \u0111\u1eadm v\u1ecb, cay nh\u1eb9, d\u1ebbo m\u1ec1m chu\u1ea9n T\u00e2y Ninh. M\u00f3n \u0103n v\u1eb7t ti\u1ec7n l\u1ee3i, ngon, ch\u1ea5t l\u01b0\u1ee3ng.","breadcrumb":{"@id":"https:\/\/xn--trngiaminh-bl3e.azdigi.shop\/?product=banh-trang-muoi-nhuyen-gia-bao-420g#breadcrumb"},"inLanguage":"vi","potentialAction":[{"@type":"ReadAction","target":["https:\/\/xn--trngiaminh-bl3e.azdigi.shop\/?product=banh-trang-muoi-nhuyen-gia-bao-420g"]}]},{"@type":"ImageObject","inLanguage":"vi","@id":"https:\/\/xn--trngiaminh-bl3e.azdigi.shop\/?product=banh-trang-muoi-nhuyen-gia-bao-420g#primaryimage","url":"https:\/\/xn--trngiaminh-bl3e.azdigi.shop\/wp-content\/uploads\/2026\/04\/Gemini_Generated_Image_2e059m2e059m2e05.png","contentUrl":"https:\/\/xn--trngiaminh-bl3e.azdigi.shop\/wp-content\/uploads\/2026\/04\/Gemini_Generated_Image_2e059m2e059m2e05.png","width":1024,"height":1025},{"@type":"BreadcrumbList","@id":"https:\/\/xn--trngiaminh-bl3e.azdigi.shop\/?product=banh-trang-muoi-nhuyen-gia-bao-420g#breadcrumb","itemListElement":[{"@type":"ListItem","position":1,"name":"Trang ch\u1ee7","item":"https:\/\/xn--trngiaminh-bl3e.azdigi.shop\/"},{"@type":"ListItem","position":2,"name":"C\u1eeda h\u00e0ng","item":"https:\/\/xn--trngiaminh-bl3e.azdigi.shop\/?page_id=220"},{"@type":"ListItem","position":3,"name":"B\u00e1nh Tr\u00e1ng Mu\u1ed1i Nhuy\u1ec5n Cao C\u1ea5p H\u00e0nh Phi Kh\u00f4 B\u00f2 T\u00fai 420g L\u00e0m T\u1eeb B\u00e1nh Tr\u00e1ng Ph\u01a1i S\u01b0\u01a1ng Cao C\u1ea5p Th\u01b0\u01a1ng Hi\u1ec7u B\u00e1nh Tr\u00e1ng Gia B\u1ea3o"}]},{"@type":"WebSite","@id":"https:\/\/xn--trngiaminh-bl3e.azdigi.shop\/#website","url":"https:\/\/xn--trngiaminh-bl3e.azdigi.shop\/","name":"banhtrang","description":"Mua \u0110i \u0110\u1eebng Ng\u1ea1i","potentialAction":[{"@type":"SearchAction","target":{"@type":"EntryPoint","urlTemplate":"https:\/\/xn--trngiaminh-bl3e.azdigi.shop\/?s={search_term_string}"},"query-input":{"@type":"PropertyValueSpecification","valueRequired":true,"valueName":"search_term_string"}}],"inLanguage":"vi"}]}},"_links":{"self":[{"href":"https:\/\/xn--trngiaminh-bl3e.azdigi.shop\/index.php?rest_route=\/wp\/v2\/product\/392","targetHints":{"allow":["GET"]}}],"collection":[{"href":"https:\/\/xn--trngiaminh-bl3e.azdigi.shop\/index.php?rest_route=\/wp\/v2\/product"}],"about":[{"href":"https:\/\/xn--trngiaminh-bl3e.azdigi.shop\/index.php?rest_route=\/wp\/v2\/types\/product"}],"replies":[{"embeddable":true,"href":"https:\/\/xn--trngiaminh-bl3e.azdigi.shop\/index.php?rest_route=%2Fwp%2Fv2%2Fcomments&post=392"}],"wp:featuredmedia":[{"embeddable":true,"href":"https:\/\/xn--trngiaminh-bl3e.azdigi.shop\/index.php?rest_route=\/wp\/v2\/media\/393"}],"wp:attachment":[{"href":"https:\/\/xn--trngiaminh-bl3e.azdigi.shop\/index.php?rest_route=%2Fwp%2Fv2%2Fmedia&parent=392"}],"wp:term":[{"taxonomy":"product_brand","embeddable":true,"href":"https:\/\/xn--trngiaminh-bl3e.azdigi.shop\/index.php?rest_route=%2Fwp%2Fv2%2Fproduct_brand&post=392"},{"taxonomy":"product_cat","embeddable":true,"href":"https:\/\/xn--trngiaminh-bl3e.azdigi.shop\/index.php?rest_route=%2Fwp%2Fv2%2Fproduct_cat&post=392"},{"taxonomy":"product_tag","embeddable":true,"href":"https:\/\/xn--trngiaminh-bl3e.azdigi.shop\/index.php?rest_route=%2Fwp%2Fv2%2Fproduct_tag&post=392"}],"curies":[{"name":"wp","href":"https:\/\/api.w.org\/{rel}","templated":true}]}}