{"id":342,"date":"2026-04-11T19:00:28","date_gmt":"2026-04-11T19:00:28","guid":{"rendered":"https:\/\/xn--trngiaminh-bl3e.azdigi.shop\/?post_type=product&#038;p=342"},"modified":"2026-04-23T17:05:07","modified_gmt":"2026-04-23T17:05:07","slug":"banh-trang-phoi-suong-kg","status":"publish","type":"product","link":"https:\/\/xn--trngiaminh-bl3e.azdigi.shop\/?product=banh-trang-phoi-suong-kg","title":{"rendered":"B\u00e1nh tr\u00e1ng ph\u01a1i s\u01b0\u01a1ng T\u00fai 1KG cao c\u1ea5p d\u1ebbo m\u1ec1m ngon th\u01b0\u01a1ng hi\u1ec7u \u0111\u1eb3ng c\u1ea5p h\u00e0ng \u0111\u1ea7u b\u00e1nh tr\u00e1ng Gia B\u1ea3o"},"content":{"rendered":"<h2 data-section-id=\"idgw6y\" data-start=\"68\" data-end=\"105\">\ud83c\udf3f B\u00c1NH TR\u00c1NG PH\u01a0I S\u01af\u01a0NG Kg \u2013 GIA B\u1ea2O<\/h2>\n<p data-start=\"107\" data-end=\"249\"><a href=\"https:\/\/www.bing.com\/search?q=b\u00e1nh%20tr\u00e1ng%20wiki&amp;qs=n&amp;form=QBRE&amp;sp=-1&amp;ghc=1&amp;lq=0&amp;pq=b\u00e1nh%20tr\u00e1ng%20wik&amp;sc=12-14&amp;sk=&amp;cvid=CCCB9A30943049C2A60F3073236E22AE\">B\u00e1nh tr\u00e1ng<\/a> ph\u01a1i s\u01b0\u01a1ng Kg l\u00e0 m\u00f3n \u0103n \u0111\u1eadm ch\u1ea5t mi\u1ec1n qu\u00ea Vi\u1ec7t Nam, nay \u0111\u01b0\u1ee3c n\u00e2ng c\u1ea5p v\u1edbi ch\u1ea5t l\u01b0\u1ee3ng cao c\u1ea5p t\u1eeb <strong data-start=\"186\" data-end=\"208\">B\u00e1nh Tr\u00e1ng Gia B\u1ea3o<\/strong> \u2013 d\u1ebbo m\u1ec1m, th\u01a1m ngon, chu\u1ea9n v\u1ecb T\u00e2y Ninh.<\/p>\n<p data-start=\"251\" data-end=\"316\">S\u1ea3n ph\u1ea9m \u0111\u1eb7c bi\u1ec7t ngon h\u01a1n khi d\u00f9ng k\u00e8m <strong data-start=\"291\" data-end=\"312\">mu\u1ed1i t\u00f4m T\u00e2y Ninh<\/strong> \ud83c\udf36\ufe0f<\/p>\n<h2 data-section-id=\"ohl6p0\" data-start=\"323\" data-end=\"346\">\ud83d\udd25 C\u00e1c lo\u1ea1i \u0111ang c\u00f3:<\/h2>\n<ul data-start=\"347\" data-end=\"472\">\n<li data-section-id=\"166t48c\" data-start=\"347\" data-end=\"376\">B\u00e1nh tr\u00e1ng d\u1ebbo t\u00f4m <strong data-start=\"368\" data-end=\"376\">500g<\/strong><\/li>\n<li data-section-id=\"15he8i6\" data-start=\"377\" data-end=\"406\">B\u00e1nh tr\u00e1ng d\u1ebbo t\u00f4m <strong data-start=\"398\" data-end=\"406\">250g<\/strong><\/li>\n<li data-section-id=\"k551mz\" data-start=\"407\" data-end=\"439\">B\u00e1nh tr\u00e1ng ph\u01a1i s\u01b0\u01a1ng <strong data-start=\"431\" data-end=\"439\">400g<\/strong><\/li>\n<li data-section-id=\"iugjf1\" data-start=\"440\" data-end=\"472\">B\u00e1nh tr\u00e1ng ph\u01a1i s\u01b0\u01a1ng <strong data-start=\"464\" data-end=\"472\">200g<\/strong><\/li>\n<\/ul>\n<h2 data-section-id=\"1slvuof\" data-start=\"479\" data-end=\"500\">\u2b50 \u0110\u1eb6C \u0110I\u1ec2M N\u1ed4I B\u1eacT<\/h2>\n<p data-start=\"502\" data-end=\"594\">\ud83d\udc49 <strong data-start=\"505\" data-end=\"529\">Nguy\u00ean li\u1ec7u t\u1ef1 nhi\u00ean<\/strong><br data-start=\"529\" data-end=\"532\" \/>L\u00e0m t\u1eeb <strong data-start=\"539\" data-end=\"562\">b\u1ed9t g\u1ea1o nguy\u00ean ch\u1ea5t<\/strong>, an to\u00e0n v\u00e0 \u0111\u1ea3m b\u1ea3o dinh d\u01b0\u1ee1ng.<\/p>\n<p data-start=\"596\" data-end=\"728\">\ud83d\udc49 <strong data-start=\"599\" data-end=\"626\">Ph\u01a1i s\u01b0\u01a1ng truy\u1ec1n th\u1ed1ng<\/strong><br data-start=\"626\" data-end=\"629\" \/>Quy tr\u00ecnh th\u1ee7 c\u00f4ng: ph\u01a1i n\u1eafng \u2192 ph\u01a1i s\u01b0\u01a1ng<br data-start=\"671\" data-end=\"674\" \/>\ud83d\udc49 Gi\u1eef \u0111\u01b0\u1ee3c \u0111\u1ed9 <strong data-start=\"689\" data-end=\"717\">d\u1ebbo \u2013 m\u1ec1m \u2013 th\u01a1m m\u00f9i g\u1ea1o<\/strong> \u0111\u1eb7c tr\u01b0ng.<\/p>\n<p data-start=\"730\" data-end=\"826\">\ud83d\udc49 <strong data-start=\"733\" data-end=\"761\">\u0102n k\u00e8m mu\u1ed1i t\u00f4m c\u1ef1c cu\u1ed1n<\/strong><br data-start=\"761\" data-end=\"764\" \/>V\u1ecb d\u1ebbo c\u1ee7a b\u00e1nh + v\u1ecb m\u1eb7n cay c\u1ee7a mu\u1ed1i t\u00f4m = <strong data-start=\"808\" data-end=\"823\">\u0103n l\u00e0 ghi\u1ec1n<\/strong> \ud83d\ude0f<\/p>\n<p data-start=\"828\" data-end=\"922\">\ud83d\udc49 <strong data-start=\"831\" data-end=\"858\">\u0110\u00f3ng g\u00f3i h\u00fat ch\u00e2n kh\u00f4ng<\/strong><br data-start=\"858\" data-end=\"861\" \/>Gi\u1eef b\u00e1nh lu\u00f4n m\u1ec1m, kh\u00f4ng kh\u00f4, d\u1ec5 b\u1ea3o qu\u1ea3n v\u00e0 s\u1eed d\u1ee5ng l\u00e2u d\u00e0i.<\/p>\n<p data-start=\"924\" data-end=\"1019\">\ud83d\udc49 <strong data-start=\"927\" data-end=\"949\">Th\u01b0\u01a1ng hi\u1ec7u uy t\u00edn<\/strong><br data-start=\"949\" data-end=\"952\" \/><strong data-start=\"952\" data-end=\"963\">Gia B\u1ea3o<\/strong> cam k\u1ebft mang \u0111\u1ebfn s\u1ea3n ph\u1ea9m <strong data-start=\"990\" data-end=\"1018\">s\u1ea1ch \u2013 ngon \u2013 ch\u1ea5t l\u01b0\u1ee3ng<\/strong>.<\/p>\n<h2 data-section-id=\"17a4fyp\" data-start=\"1026\" data-end=\"1049\">\ud83c\udf7d\ufe0f C\u00c1CH TH\u01af\u1edeNG TH\u1ee8C<\/h2>\n<ul data-start=\"1051\" data-end=\"1135\">\n<li data-section-id=\"1nn38ss\" data-start=\"1051\" data-end=\"1081\">\u0102n tr\u1ef1c ti\u1ebfp ch\u1ea5m mu\u1ed1i t\u00f4m<\/li>\n<li data-section-id=\"1c5ktqc\" data-start=\"1082\" data-end=\"1106\">Cu\u1ed1n rau s\u1ed1ng + th\u1ecbt<\/li>\n<li data-section-id=\"8knh30\" data-start=\"1107\" data-end=\"1135\">Tr\u1ed9n sa t\u1ebf, b\u01a1, h\u00e0nh phi<\/li>\n<\/ul>\n<p data-start=\"1137\" data-end=\"1177\">\ud83d\udc49 \u0102n ch\u01a1i, \u0103n v\u1eb7t hay \u0103n no \u0111\u1ec1u h\u1ee3p h\u1ebft<\/p>\n<h2 data-section-id=\"jpy237\" data-start=\"1184\" data-end=\"1197\">\ud83d\udcaa L\u1ee2I \u00cdCH<\/h2>\n<ul data-start=\"1199\" data-end=\"1269\">\n<li data-section-id=\"1m7fhlf\" data-start=\"1199\" data-end=\"1222\">Nhanh g\u1ecdn, ti\u1ec7n l\u1ee3i<\/li>\n<li data-section-id=\"1x9yvbe\" data-start=\"1223\" data-end=\"1244\">Ngon mi\u1ec7ng, d\u1ec5 \u0103n<\/li>\n<li data-section-id=\"3634gy\" data-start=\"1245\" data-end=\"1269\">Ph\u00f9 h\u1ee3p m\u1ecdi l\u1ee9a tu\u1ed5i<\/li>\n<\/ul>\n<h2 data-section-id=\"1elftya\" data-start=\"1276\" data-end=\"1290\">\ud83c\udf81 K\u1ebeT LU\u1eacN<\/h2>\n<p data-start=\"1292\" data-end=\"1365\"><strong data-start=\"1292\" data-end=\"1327\">B\u00e1nh tr\u00e1ng ph\u01a1i s\u01b0\u01a1ng \u2013 Gia B\u1ea3o<\/strong><br data-start=\"1327\" data-end=\"1330\" \/>\ud83d\udc49 D\u1ebbo \u2013 th\u01a1m \u2013 chu\u1ea9n v\u1ecb T\u00e2y Ninh<\/p>\n","protected":false},"excerpt":{"rendered":"<p>\ud83c\udf3f B\u00c1NH TR\u00c1NG PH\u01a0I S\u01af\u01a0NG Kg \u2013 GIA B\u1ea2O B\u00e1nh tr\u00e1ng ph\u01a1i s\u01b0\u01a1ng Kg l\u00e0 m\u00f3n \u0103n \u0111\u1eadm ch\u1ea5t mi\u1ec1n qu\u00ea Vi\u1ec7t Nam, nay \u0111\u01b0\u1ee3c n\u00e2ng c\u1ea5p v\u1edbi ch\u1ea5t l\u01b0\u1ee3ng cao c\u1ea5p t\u1eeb B\u00e1nh Tr\u00e1ng Gia B\u1ea3o \u2013 d\u1ebbo m\u1ec1m, th\u01a1m ngon, chu\u1ea9n v\u1ecb T\u00e2y Ninh. S\u1ea3n ph\u1ea9m \u0111\u1eb7c bi\u1ec7t ngon h\u01a1n khi d\u00f9ng k\u00e8m [&#8230;]\n","protected":false},"featured_media":343,"comment_status":"open","ping_status":"closed","template":"","meta":[],"product_brand":[],"product_cat":[40],"product_tag":[],"class_list":{"0":"post-342","1":"product","2":"type-product","3":"status-publish","4":"has-post-thumbnail","6":"product_cat-banh-trang-muoi","8":"first","9":"instock","10":"sale","11":"shipping-taxable","12":"purchasable","13":"product-type-variable"},"yoast_head":"<!-- This site is optimized with the Yoast SEO plugin v27.0 - https:\/\/yoast.com\/product\/yoast-seo-wordpress\/ -->\n<title>B\u00e1nh tr\u00e1ng ph\u01a1i s\u01b0\u01a1ng Kg c\u1ef1c d\u1ebbo ngon l\u00e0m t\u1eeb Gia B\u1ea3o<\/title>\n<meta name=\"description\" content=\"H\u00e3y th\u01b0\u1edfng th\u1ee9c B\u00e1nh Tr\u00e1ng Ph\u01a1i S\u01b0\u01a1ng theo Kg Gia B\u1ea3o \u0111\u1ec3 c\u1ea3m nh\u1eadn s\u1ef1 tinh t\u00fay c\u1ee7a \u1ea9m th\u1ef1c Vi\u1ec7t Nam v\u00e0 chia s\u1ebb ni\u1ec1m vui \u1ea9m th\u1ef1c c\u00f9ng nh\u1eefng ng\u01b0\u1eddi th\u00e2n y\u00eau\" \/>\n<meta name=\"robots\" content=\"index, follow, max-snippet:-1, max-image-preview:large, max-video-preview:-1\" \/>\n<link rel=\"canonical\" href=\"https:\/\/xn--trngiaminh-bl3e.azdigi.shop\/?product=banh-trang-phoi-suong-kg\" \/>\n<meta property=\"og:locale\" content=\"vi_VN\" \/>\n<meta property=\"og:type\" content=\"article\" \/>\n<meta property=\"og:title\" content=\"B\u00e1nh tr\u00e1ng ph\u01a1i s\u01b0\u01a1ng Kg c\u1ef1c d\u1ebbo ngon l\u00e0m t\u1eeb Gia B\u1ea3o\" \/>\n<meta property=\"og:description\" content=\"H\u00e3y th\u01b0\u1edfng th\u1ee9c B\u00e1nh Tr\u00e1ng Ph\u01a1i S\u01b0\u01a1ng theo Kg Gia B\u1ea3o \u0111\u1ec3 c\u1ea3m nh\u1eadn s\u1ef1 tinh t\u00fay c\u1ee7a \u1ea9m th\u1ef1c Vi\u1ec7t Nam v\u00e0 chia s\u1ebb ni\u1ec1m vui \u1ea9m th\u1ef1c c\u00f9ng nh\u1eefng ng\u01b0\u1eddi th\u00e2n y\u00eau\" \/>\n<meta property=\"og:url\" content=\"https:\/\/xn--trngiaminh-bl3e.azdigi.shop\/?product=banh-trang-phoi-suong-kg\" \/>\n<meta property=\"og:site_name\" content=\"banhtrang\" \/>\n<meta property=\"article:modified_time\" content=\"2026-04-23T17:05:07+00:00\" \/>\n<meta property=\"og:image\" content=\"https:\/\/xn--trngiaminh-bl3e.azdigi.shop\/wp-content\/uploads\/2026\/04\/Gemini_Generated_Image_p1ghlbp1ghlbp1gh.png\" \/>\n\t<meta property=\"og:image:width\" content=\"1024\" \/>\n\t<meta property=\"og:image:height\" content=\"1034\" \/>\n\t<meta property=\"og:image:type\" content=\"image\/png\" \/>\n<meta name=\"twitter:card\" content=\"summary_large_image\" \/>\n<meta name=\"twitter:label1\" content=\"\u01af\u1edbc t\u00ednh th\u1eddi gian \u0111\u1ecdc\" \/>\n\t<meta name=\"twitter:data1\" content=\"2 ph\u00fat\" \/>\n<script type=\"application\/ld+json\" class=\"yoast-schema-graph\">{\"@context\":\"https:\/\/schema.org\",\"@graph\":[{\"@type\":\"WebPage\",\"@id\":\"https:\/\/xn--trngiaminh-bl3e.azdigi.shop\/?product=banh-trang-phoi-suong-kg\",\"url\":\"https:\/\/xn--trngiaminh-bl3e.azdigi.shop\/?product=banh-trang-phoi-suong-kg\",\"name\":\"B\u00e1nh tr\u00e1ng ph\u01a1i s\u01b0\u01a1ng Kg c\u1ef1c d\u1ebbo ngon l\u00e0m t\u1eeb Gia B\u1ea3o\",\"isPartOf\":{\"@id\":\"https:\/\/xn--trngiaminh-bl3e.azdigi.shop\/#website\"},\"primaryImageOfPage\":{\"@id\":\"https:\/\/xn--trngiaminh-bl3e.azdigi.shop\/?product=banh-trang-phoi-suong-kg#primaryimage\"},\"image\":{\"@id\":\"https:\/\/xn--trngiaminh-bl3e.azdigi.shop\/?product=banh-trang-phoi-suong-kg#primaryimage\"},\"thumbnailUrl\":\"https:\/\/xn--trngiaminh-bl3e.azdigi.shop\/wp-content\/uploads\/2026\/04\/Gemini_Generated_Image_p1ghlbp1ghlbp1gh.png\",\"datePublished\":\"2026-04-11T19:00:28+00:00\",\"dateModified\":\"2026-04-23T17:05:07+00:00\",\"description\":\"H\u00e3y th\u01b0\u1edfng th\u1ee9c B\u00e1nh Tr\u00e1ng Ph\u01a1i S\u01b0\u01a1ng theo Kg Gia B\u1ea3o \u0111\u1ec3 c\u1ea3m nh\u1eadn s\u1ef1 tinh t\u00fay c\u1ee7a \u1ea9m th\u1ef1c Vi\u1ec7t Nam v\u00e0 chia s\u1ebb ni\u1ec1m vui \u1ea9m th\u1ef1c c\u00f9ng nh\u1eefng ng\u01b0\u1eddi th\u00e2n y\u00eau\",\"breadcrumb\":{\"@id\":\"https:\/\/xn--trngiaminh-bl3e.azdigi.shop\/?product=banh-trang-phoi-suong-kg#breadcrumb\"},\"inLanguage\":\"vi\",\"potentialAction\":[{\"@type\":\"ReadAction\",\"target\":[\"https:\/\/xn--trngiaminh-bl3e.azdigi.shop\/?product=banh-trang-phoi-suong-kg\"]}]},{\"@type\":\"ImageObject\",\"inLanguage\":\"vi\",\"@id\":\"https:\/\/xn--trngiaminh-bl3e.azdigi.shop\/?product=banh-trang-phoi-suong-kg#primaryimage\",\"url\":\"https:\/\/xn--trngiaminh-bl3e.azdigi.shop\/wp-content\/uploads\/2026\/04\/Gemini_Generated_Image_p1ghlbp1ghlbp1gh.png\",\"contentUrl\":\"https:\/\/xn--trngiaminh-bl3e.azdigi.shop\/wp-content\/uploads\/2026\/04\/Gemini_Generated_Image_p1ghlbp1ghlbp1gh.png\",\"width\":1024,\"height\":1034},{\"@type\":\"BreadcrumbList\",\"@id\":\"https:\/\/xn--trngiaminh-bl3e.azdigi.shop\/?product=banh-trang-phoi-suong-kg#breadcrumb\",\"itemListElement\":[{\"@type\":\"ListItem\",\"position\":1,\"name\":\"Trang ch\u1ee7\",\"item\":\"https:\/\/xn--trngiaminh-bl3e.azdigi.shop\/\"},{\"@type\":\"ListItem\",\"position\":2,\"name\":\"C\u1eeda h\u00e0ng\",\"item\":\"https:\/\/xn--trngiaminh-bl3e.azdigi.shop\/?page_id=220\"},{\"@type\":\"ListItem\",\"position\":3,\"name\":\"B\u00e1nh tr\u00e1ng ph\u01a1i s\u01b0\u01a1ng T\u00fai 1KG cao c\u1ea5p d\u1ebbo m\u1ec1m ngon th\u01b0\u01a1ng hi\u1ec7u \u0111\u1eb3ng c\u1ea5p h\u00e0ng \u0111\u1ea7u b\u00e1nh tr\u00e1ng Gia B\u1ea3o\"}]},{\"@type\":\"WebSite\",\"@id\":\"https:\/\/xn--trngiaminh-bl3e.azdigi.shop\/#website\",\"url\":\"https:\/\/xn--trngiaminh-bl3e.azdigi.shop\/\",\"name\":\"banhtrang\",\"description\":\"Mua \u0110i \u0110\u1eebng Ng\u1ea1i\",\"potentialAction\":[{\"@type\":\"SearchAction\",\"target\":{\"@type\":\"EntryPoint\",\"urlTemplate\":\"https:\/\/xn--trngiaminh-bl3e.azdigi.shop\/?s={search_term_string}\"},\"query-input\":{\"@type\":\"PropertyValueSpecification\",\"valueRequired\":true,\"valueName\":\"search_term_string\"}}],\"inLanguage\":\"vi\"}]}<\/script>\n<!-- \/ Yoast SEO plugin. -->","yoast_head_json":{"title":"B\u00e1nh tr\u00e1ng ph\u01a1i s\u01b0\u01a1ng Kg c\u1ef1c d\u1ebbo ngon l\u00e0m t\u1eeb Gia B\u1ea3o","description":"H\u00e3y th\u01b0\u1edfng th\u1ee9c B\u00e1nh Tr\u00e1ng Ph\u01a1i S\u01b0\u01a1ng theo Kg Gia B\u1ea3o \u0111\u1ec3 c\u1ea3m nh\u1eadn s\u1ef1 tinh t\u00fay c\u1ee7a \u1ea9m th\u1ef1c Vi\u1ec7t Nam v\u00e0 chia s\u1ebb ni\u1ec1m vui \u1ea9m th\u1ef1c c\u00f9ng nh\u1eefng ng\u01b0\u1eddi th\u00e2n y\u00eau","robots":{"index":"index","follow":"follow","max-snippet":"max-snippet:-1","max-image-preview":"max-image-preview:large","max-video-preview":"max-video-preview:-1"},"canonical":"https:\/\/xn--trngiaminh-bl3e.azdigi.shop\/?product=banh-trang-phoi-suong-kg","og_locale":"vi_VN","og_type":"article","og_title":"B\u00e1nh tr\u00e1ng ph\u01a1i s\u01b0\u01a1ng Kg c\u1ef1c d\u1ebbo ngon l\u00e0m t\u1eeb Gia B\u1ea3o","og_description":"H\u00e3y th\u01b0\u1edfng th\u1ee9c B\u00e1nh Tr\u00e1ng Ph\u01a1i S\u01b0\u01a1ng theo Kg Gia B\u1ea3o \u0111\u1ec3 c\u1ea3m nh\u1eadn s\u1ef1 tinh t\u00fay c\u1ee7a \u1ea9m th\u1ef1c Vi\u1ec7t Nam v\u00e0 chia s\u1ebb ni\u1ec1m vui \u1ea9m th\u1ef1c c\u00f9ng nh\u1eefng ng\u01b0\u1eddi th\u00e2n y\u00eau","og_url":"https:\/\/xn--trngiaminh-bl3e.azdigi.shop\/?product=banh-trang-phoi-suong-kg","og_site_name":"banhtrang","article_modified_time":"2026-04-23T17:05:07+00:00","og_image":[{"width":1024,"height":1034,"url":"https:\/\/xn--trngiaminh-bl3e.azdigi.shop\/wp-content\/uploads\/2026\/04\/Gemini_Generated_Image_p1ghlbp1ghlbp1gh.png","type":"image\/png"}],"twitter_card":"summary_large_image","twitter_misc":{"\u01af\u1edbc t\u00ednh th\u1eddi gian \u0111\u1ecdc":"2 ph\u00fat"},"schema":{"@context":"https:\/\/schema.org","@graph":[{"@type":"WebPage","@id":"https:\/\/xn--trngiaminh-bl3e.azdigi.shop\/?product=banh-trang-phoi-suong-kg","url":"https:\/\/xn--trngiaminh-bl3e.azdigi.shop\/?product=banh-trang-phoi-suong-kg","name":"B\u00e1nh tr\u00e1ng ph\u01a1i s\u01b0\u01a1ng Kg c\u1ef1c d\u1ebbo ngon l\u00e0m t\u1eeb Gia B\u1ea3o","isPartOf":{"@id":"https:\/\/xn--trngiaminh-bl3e.azdigi.shop\/#website"},"primaryImageOfPage":{"@id":"https:\/\/xn--trngiaminh-bl3e.azdigi.shop\/?product=banh-trang-phoi-suong-kg#primaryimage"},"image":{"@id":"https:\/\/xn--trngiaminh-bl3e.azdigi.shop\/?product=banh-trang-phoi-suong-kg#primaryimage"},"thumbnailUrl":"https:\/\/xn--trngiaminh-bl3e.azdigi.shop\/wp-content\/uploads\/2026\/04\/Gemini_Generated_Image_p1ghlbp1ghlbp1gh.png","datePublished":"2026-04-11T19:00:28+00:00","dateModified":"2026-04-23T17:05:07+00:00","description":"H\u00e3y th\u01b0\u1edfng th\u1ee9c B\u00e1nh Tr\u00e1ng Ph\u01a1i S\u01b0\u01a1ng theo Kg Gia B\u1ea3o \u0111\u1ec3 c\u1ea3m nh\u1eadn s\u1ef1 tinh t\u00fay c\u1ee7a \u1ea9m th\u1ef1c Vi\u1ec7t Nam v\u00e0 chia s\u1ebb ni\u1ec1m vui \u1ea9m th\u1ef1c c\u00f9ng nh\u1eefng ng\u01b0\u1eddi th\u00e2n y\u00eau","breadcrumb":{"@id":"https:\/\/xn--trngiaminh-bl3e.azdigi.shop\/?product=banh-trang-phoi-suong-kg#breadcrumb"},"inLanguage":"vi","potentialAction":[{"@type":"ReadAction","target":["https:\/\/xn--trngiaminh-bl3e.azdigi.shop\/?product=banh-trang-phoi-suong-kg"]}]},{"@type":"ImageObject","inLanguage":"vi","@id":"https:\/\/xn--trngiaminh-bl3e.azdigi.shop\/?product=banh-trang-phoi-suong-kg#primaryimage","url":"https:\/\/xn--trngiaminh-bl3e.azdigi.shop\/wp-content\/uploads\/2026\/04\/Gemini_Generated_Image_p1ghlbp1ghlbp1gh.png","contentUrl":"https:\/\/xn--trngiaminh-bl3e.azdigi.shop\/wp-content\/uploads\/2026\/04\/Gemini_Generated_Image_p1ghlbp1ghlbp1gh.png","width":1024,"height":1034},{"@type":"BreadcrumbList","@id":"https:\/\/xn--trngiaminh-bl3e.azdigi.shop\/?product=banh-trang-phoi-suong-kg#breadcrumb","itemListElement":[{"@type":"ListItem","position":1,"name":"Trang ch\u1ee7","item":"https:\/\/xn--trngiaminh-bl3e.azdigi.shop\/"},{"@type":"ListItem","position":2,"name":"C\u1eeda h\u00e0ng","item":"https:\/\/xn--trngiaminh-bl3e.azdigi.shop\/?page_id=220"},{"@type":"ListItem","position":3,"name":"B\u00e1nh tr\u00e1ng ph\u01a1i s\u01b0\u01a1ng T\u00fai 1KG cao c\u1ea5p d\u1ebbo m\u1ec1m ngon th\u01b0\u01a1ng hi\u1ec7u \u0111\u1eb3ng c\u1ea5p h\u00e0ng \u0111\u1ea7u b\u00e1nh tr\u00e1ng Gia B\u1ea3o"}]},{"@type":"WebSite","@id":"https:\/\/xn--trngiaminh-bl3e.azdigi.shop\/#website","url":"https:\/\/xn--trngiaminh-bl3e.azdigi.shop\/","name":"banhtrang","description":"Mua \u0110i \u0110\u1eebng Ng\u1ea1i","potentialAction":[{"@type":"SearchAction","target":{"@type":"EntryPoint","urlTemplate":"https:\/\/xn--trngiaminh-bl3e.azdigi.shop\/?s={search_term_string}"},"query-input":{"@type":"PropertyValueSpecification","valueRequired":true,"valueName":"search_term_string"}}],"inLanguage":"vi"}]}},"_links":{"self":[{"href":"https:\/\/xn--trngiaminh-bl3e.azdigi.shop\/index.php?rest_route=\/wp\/v2\/product\/342","targetHints":{"allow":["GET"]}}],"collection":[{"href":"https:\/\/xn--trngiaminh-bl3e.azdigi.shop\/index.php?rest_route=\/wp\/v2\/product"}],"about":[{"href":"https:\/\/xn--trngiaminh-bl3e.azdigi.shop\/index.php?rest_route=\/wp\/v2\/types\/product"}],"replies":[{"embeddable":true,"href":"https:\/\/xn--trngiaminh-bl3e.azdigi.shop\/index.php?rest_route=%2Fwp%2Fv2%2Fcomments&post=342"}],"wp:featuredmedia":[{"embeddable":true,"href":"https:\/\/xn--trngiaminh-bl3e.azdigi.shop\/index.php?rest_route=\/wp\/v2\/media\/343"}],"wp:attachment":[{"href":"https:\/\/xn--trngiaminh-bl3e.azdigi.shop\/index.php?rest_route=%2Fwp%2Fv2%2Fmedia&parent=342"}],"wp:term":[{"taxonomy":"product_brand","embeddable":true,"href":"https:\/\/xn--trngiaminh-bl3e.azdigi.shop\/index.php?rest_route=%2Fwp%2Fv2%2Fproduct_brand&post=342"},{"taxonomy":"product_cat","embeddable":true,"href":"https:\/\/xn--trngiaminh-bl3e.azdigi.shop\/index.php?rest_route=%2Fwp%2Fv2%2Fproduct_cat&post=342"},{"taxonomy":"product_tag","embeddable":true,"href":"https:\/\/xn--trngiaminh-bl3e.azdigi.shop\/index.php?rest_route=%2Fwp%2Fv2%2Fproduct_tag&post=342"}],"curies":[{"name":"wp","href":"https:\/\/api.w.org\/{rel}","templated":true}]}}