{"id":319,"date":"2026-04-11T17:38:03","date_gmt":"2026-04-11T17:38:03","guid":{"rendered":"https:\/\/xn--trngiaminh-bl3e.azdigi.shop\/?post_type=product&#038;p=319"},"modified":"2026-04-23T17:06:06","modified_gmt":"2026-04-23T17:06:06","slug":"banh-trang-deo-tom","status":"publish","type":"product","link":"https:\/\/xn--trngiaminh-bl3e.azdigi.shop\/?product=banh-trang-deo-tom","title":{"rendered":"B\u00e1nh tr\u00e1ng d\u1ebbo t\u00f4m T\u00fai 500G cao c\u1ea5p d\u1ebbo m\u1ec1m ngon th\u01b0\u01a1ng hi\u1ec7u \u0111\u1eb3ng c\u1ea5p h\u00e0ng \u0111\u1ea7u b\u00e1nh tr\u00e1ng Gia B\u1ea3o"},"content":{"rendered":"<h2 data-section-id=\"liglyt\" data-start=\"65\" data-end=\"119\">\ud83e\udd90 B\u00c1NH TR\u00c1NG D\u1ebaO T\u00d4M T\u00c2Y NINH \u2013 GIA B\u1ea2O (T\u00daI 500G)<\/h2>\n<p data-start=\"121\" data-end=\"258\">Ch\u00e0o m\u1eebng b\u1ea1n \u0111\u1ebfn v\u1edbi d\u00f2ng <strong data-start=\"148\" data-end=\"178\"><a href=\"https:\/\/www.bing.com\/search?q=b\u00e1nh%20tr\u00e1ng%20wiki&amp;qs=n&amp;form=QBRE&amp;sp=-1&amp;ghc=1&amp;lq=0&amp;pq=b\u00e1nh%20tr\u00e1ng%20wik&amp;sc=12-14&amp;sk=&amp;cvid=CCCB9A30943049C2A60F3073236E22AE\">b\u00e1nh tr\u00e1ng<\/a> d\u1ebbo t\u00f4m cao c\u1ea5p<\/strong> t\u1eeb th\u01b0\u01a1ng hi\u1ec7u <strong data-start=\"194\" data-end=\"216\">B\u00e1nh Tr\u00e1ng Gia B\u1ea3o<\/strong> \u2013 chu\u1ea9n v\u1ecb T\u00e2y Ninh, th\u01a1m ngon kh\u00f3 c\u01b0\u1ee1ng.<\/p>\n<p data-start=\"260\" data-end=\"364\">S\u1ea3n ph\u1ea9m \u0111\u01b0\u1ee3c \u0111\u00f3ng g\u00f3i <strong data-start=\"283\" data-end=\"301\">h\u00fat ch\u00e2n kh\u00f4ng<\/strong>, gi\u00fap gi\u1eef tr\u1ecdn \u0111\u1ed9 d\u1ebbo, th\u01a1m v\u00e0 t\u01b0\u01a1i m\u1edbi trong t\u1eebng mi\u1ebfng b\u00e1nh.<\/p>\n<hr data-start=\"366\" data-end=\"369\" \/>\n<h2 data-section-id=\"ohl6p0\" data-start=\"371\" data-end=\"394\">\ud83d\udd25 C\u00e1c lo\u1ea1i \u0111ang c\u00f3:<\/h2>\n<ul data-start=\"395\" data-end=\"522\">\n<li data-section-id=\"15he8i6\" data-start=\"395\" data-end=\"424\">B\u00e1nh tr\u00e1ng d\u1ebbo t\u00f4m <strong data-start=\"416\" data-end=\"424\">250g<\/strong><\/li>\n<li data-section-id=\"1gookw5\" data-start=\"425\" data-end=\"456\">B\u00e1nh tr\u00e1ng <strong data-start=\"438\" data-end=\"456\">ph\u01a1i s\u01b0\u01a1ng 1kg<\/strong><\/li>\n<li data-section-id=\"10cc2ob\" data-start=\"457\" data-end=\"489\">B\u00e1nh tr\u00e1ng <strong data-start=\"470\" data-end=\"489\">ph\u01a1i s\u01b0\u01a1ng 400g<\/strong><\/li>\n<li data-section-id=\"z1nkgd\" data-start=\"490\" data-end=\"522\">B\u00e1nh tr\u00e1ng <strong data-start=\"503\" data-end=\"522\">ph\u01a1i s\u01b0\u01a1ng 200g<\/strong><\/li>\n<\/ul>\n<hr data-start=\"524\" data-end=\"527\" \/>\n<h2 data-section-id=\"1slvuof\" data-start=\"529\" data-end=\"550\">\u2b50 \u0110\u1eb6C \u0110I\u1ec2M N\u1ed4I B\u1eacT<\/h2>\n<p data-start=\"552\" data-end=\"624\">\ud83d\udc49 <strong data-start=\"555\" data-end=\"576\">Chu\u1ea9n v\u1ecb T\u00e2y Ninh<\/strong><br data-start=\"576\" data-end=\"579\" \/>D\u1ebbo m\u1ec1m, dai nh\u1eb9, th\u01a1m m\u00f9i t\u00f4m \u2013 \u0103n l\u00e0 ghi\u1ec1n.<\/p>\n<p data-start=\"626\" data-end=\"735\">\ud83d\udc49 <strong data-start=\"629\" data-end=\"655\">Nguy\u00ean li\u1ec7u ch\u1ea5t l\u01b0\u1ee3ng<\/strong><br data-start=\"655\" data-end=\"658\" \/>L\u00e0m t\u1eeb <strong data-start=\"665\" data-end=\"696\">t\u00f4m t\u01b0\u01a1i + b\u1ed9t g\u1ea1o ch\u1ecdn l\u1ecdc<\/strong>, kh\u00f4ng ch\u1ea5t b\u1ea3o qu\u1ea3n, \u0111\u1ea3m b\u1ea3o an to\u00e0n.<\/p>\n<p data-start=\"737\" data-end=\"834\">\ud83d\udc49 <strong data-start=\"740\" data-end=\"767\">\u0110\u00f3ng g\u00f3i h\u00fat ch\u00e2n kh\u00f4ng<\/strong><br data-start=\"767\" data-end=\"770\" \/>Gi\u1eef b\u00e1nh lu\u00f4n <strong data-start=\"784\" data-end=\"815\">m\u1ec1m \u2013 kh\u00f4ng kh\u00f4 \u2013 kh\u00f4ng m\u1ed1c<\/strong>, b\u1ea3o qu\u1ea3n l\u00e2u h\u01a1n.<\/p>\n<p data-start=\"836\" data-end=\"911\">\ud83d\udc49 <strong data-start=\"839\" data-end=\"861\">Ti\u1ec7n l\u1ee3i mang theo<\/strong><br data-start=\"861\" data-end=\"864\" \/>Ph\u00f9 h\u1ee3p \u0103n v\u1eb7t, \u0111i ch\u01a1i, du l\u1ecbch, l\u00e0m qu\u00e0 bi\u1ebfu.<\/p>\n<hr data-start=\"913\" data-end=\"916\" \/>\n<h2 data-section-id=\"1qfx1au\" data-start=\"918\" data-end=\"934\">\ud83c\udf7d\ufe0f C\u00c1CH D\u00d9NG<\/h2>\n<p data-start=\"936\" data-end=\"963\">\u0102n tr\u1ef1c ti\u1ebfp ho\u1eb7c bi\u1ebfn t\u1ea5u:<\/p>\n<ul data-start=\"964\" data-end=\"1053\">\n<li data-section-id=\"c6dfk9\" data-start=\"964\" data-end=\"997\">Cu\u1ed1n rau s\u1ed1ng + ch\u1ea5m mu\u1ed1i t\u00f4m<\/li>\n<li data-section-id=\"8knh30\" data-start=\"998\" data-end=\"1026\">Tr\u1ed9n sa t\u1ebf, b\u01a1, h\u00e0nh phi<\/li>\n<li data-section-id=\"327ydv\" data-start=\"1027\" data-end=\"1053\">\u0102n k\u00e8m xo\u00e0i, tr\u1ee9ng c\u00fat<\/li>\n<\/ul>\n<p data-start=\"1055\" data-end=\"1078\">\ud83d\udc49 C\u00e0ng \u0103n c\u00e0ng cu\u1ed1n \ud83d\ude0f<\/p>\n<hr data-start=\"1080\" data-end=\"1083\" \/>\n<h2 data-section-id=\"jpy237\" data-start=\"1085\" data-end=\"1098\">\ud83d\udcaa L\u1ee2I \u00cdCH<\/h2>\n<ul data-start=\"1100\" data-end=\"1182\">\n<li data-section-id=\"1grqtc3\" data-start=\"1100\" data-end=\"1128\">B\u1ed5 sung n\u0103ng l\u01b0\u1ee3ng nhanh<\/li>\n<li data-section-id=\"8nj8uo\" data-start=\"1129\" data-end=\"1157\">\u0102n vui mi\u1ec7ng, kh\u00f4ng ng\u00e1n<\/li>\n<li data-section-id=\"3634gy\" data-start=\"1158\" data-end=\"1182\">Ph\u00f9 h\u1ee3p m\u1ecdi l\u1ee9a tu\u1ed5i<\/li>\n<\/ul>\n<hr data-start=\"1184\" data-end=\"1187\" \/>\n<h2 data-section-id=\"1elftya\" data-start=\"1189\" data-end=\"1203\">\ud83c\udf81 K\u1ebeT LU\u1eacN<\/h2>\n<p data-start=\"1205\" data-end=\"1304\"><strong data-start=\"1205\" data-end=\"1246\">B\u00e1nh tr\u00e1ng d\u1ebbo t\u00f4m T\u00e2y Ninh \u2013 Gia B\u1ea3o<\/strong> l\u00e0 l\u1ef1a ch\u1ecdn ho\u00e0n h\u1ea3o:<br data-start=\"1268\" data-end=\"1271\" \/>\ud83d\udc49 Ngon \u2013 d\u1ebbo \u2013 s\u1ea1ch \u2013 chu\u1ea9n v\u1ecb<\/p>\n<p data-start=\"1306\" data-end=\"1333\">\ud83d\udd25 \u0102n th\u1eed 1 l\u1ea7n l\u00e0 nh\u1edb m\u00e3i!<\/p>\n","protected":false},"excerpt":{"rendered":"<p>\ud83e\udd90 B\u00c1NH TR\u00c1NG D\u1ebaO T\u00d4M T\u00c2Y NINH \u2013 GIA B\u1ea2O (T\u00daI 500G) Ch\u00e0o m\u1eebng b\u1ea1n \u0111\u1ebfn v\u1edbi d\u00f2ng b\u00e1nh tr\u00e1ng d\u1ebbo t\u00f4m cao c\u1ea5p t\u1eeb th\u01b0\u01a1ng hi\u1ec7u B\u00e1nh Tr\u00e1ng Gia B\u1ea3o \u2013 chu\u1ea9n v\u1ecb T\u00e2y Ninh, th\u01a1m ngon kh\u00f3 c\u01b0\u1ee1ng. S\u1ea3n ph\u1ea9m \u0111\u01b0\u1ee3c \u0111\u00f3ng g\u00f3i h\u00fat ch\u00e2n kh\u00f4ng, gi\u00fap gi\u1eef tr\u1ecdn \u0111\u1ed9 d\u1ebbo, th\u01a1m v\u00e0 [&#8230;]\n","protected":false},"featured_media":320,"comment_status":"open","ping_status":"closed","template":"","meta":[],"product_brand":[],"product_cat":[41],"product_tag":[],"class_list":{"0":"post-319","1":"product","2":"type-product","3":"status-publish","4":"has-post-thumbnail","6":"product_cat-banh-trang-an-lien","8":"first","9":"instock","10":"sale","11":"shipping-taxable","12":"purchasable","13":"product-type-variable"},"yoast_head":"<!-- This site is optimized with the Yoast SEO plugin v27.0 - https:\/\/yoast.com\/product\/yoast-seo-wordpress\/ -->\n<title>B\u00e1nh tr\u00e1ng d\u1ebbo t\u00f4m t\u00fai 500G cao c\u1ea5p c\u1ef1c ngon l\u00e0m t\u1eeb Gia B\u1ea3o<\/title>\n<meta name=\"description\" content=\"H\u00e3y th\u01b0\u1edfng th\u1ee9c B\u00e1nh Trang D\u1ebbo T\u00f4m Gia B\u1ea3o \u0111\u1ec3 c\u1ea3m nh\u1eadn s\u1ef1 tinh t\u00fay c\u1ee7a \u1ea9m th\u1ef1c Vi\u1ec7t Nam v\u00e0 chia s\u1ebb ni\u1ec1m vui \u1ea9m th\u1ef1c c\u00f9ng nh\u1eefng ng\u01b0\u1eddi th\u00e2n y\u00eau\" \/>\n<meta name=\"robots\" content=\"index, follow, max-snippet:-1, max-image-preview:large, max-video-preview:-1\" \/>\n<link rel=\"canonical\" href=\"https:\/\/xn--trngiaminh-bl3e.azdigi.shop\/?product=banh-trang-deo-tom\" \/>\n<meta property=\"og:locale\" content=\"vi_VN\" \/>\n<meta property=\"og:type\" content=\"article\" \/>\n<meta property=\"og:title\" content=\"B\u00e1nh tr\u00e1ng d\u1ebbo t\u00f4m t\u00fai 500G cao c\u1ea5p c\u1ef1c ngon l\u00e0m t\u1eeb Gia B\u1ea3o\" \/>\n<meta property=\"og:description\" content=\"H\u00e3y th\u01b0\u1edfng th\u1ee9c B\u00e1nh Trang D\u1ebbo T\u00f4m Gia B\u1ea3o \u0111\u1ec3 c\u1ea3m nh\u1eadn s\u1ef1 tinh t\u00fay c\u1ee7a \u1ea9m th\u1ef1c Vi\u1ec7t Nam v\u00e0 chia s\u1ebb ni\u1ec1m vui \u1ea9m th\u1ef1c c\u00f9ng nh\u1eefng ng\u01b0\u1eddi th\u00e2n y\u00eau\" \/>\n<meta property=\"og:url\" content=\"https:\/\/xn--trngiaminh-bl3e.azdigi.shop\/?product=banh-trang-deo-tom\" \/>\n<meta property=\"og:site_name\" content=\"banhtrang\" \/>\n<meta property=\"article:modified_time\" content=\"2026-04-23T17:06:06+00:00\" \/>\n<meta property=\"og:image\" content=\"https:\/\/xn--trngiaminh-bl3e.azdigi.shop\/wp-content\/uploads\/2026\/04\/Gemini_Generated_Image_im78xmim78xmim78.png\" \/>\n\t<meta property=\"og:image:width\" content=\"1024\" \/>\n\t<meta property=\"og:image:height\" content=\"1025\" \/>\n\t<meta property=\"og:image:type\" content=\"image\/png\" \/>\n<meta name=\"twitter:card\" content=\"summary_large_image\" \/>\n<meta name=\"twitter:label1\" content=\"\u01af\u1edbc t\u00ednh th\u1eddi gian \u0111\u1ecdc\" \/>\n\t<meta name=\"twitter:data1\" content=\"2 ph\u00fat\" \/>\n<script type=\"application\/ld+json\" class=\"yoast-schema-graph\">{\"@context\":\"https:\/\/schema.org\",\"@graph\":[{\"@type\":\"WebPage\",\"@id\":\"https:\/\/xn--trngiaminh-bl3e.azdigi.shop\/?product=banh-trang-deo-tom\",\"url\":\"https:\/\/xn--trngiaminh-bl3e.azdigi.shop\/?product=banh-trang-deo-tom\",\"name\":\"B\u00e1nh tr\u00e1ng d\u1ebbo t\u00f4m t\u00fai 500G cao c\u1ea5p c\u1ef1c ngon l\u00e0m t\u1eeb Gia B\u1ea3o\",\"isPartOf\":{\"@id\":\"https:\/\/xn--trngiaminh-bl3e.azdigi.shop\/#website\"},\"primaryImageOfPage\":{\"@id\":\"https:\/\/xn--trngiaminh-bl3e.azdigi.shop\/?product=banh-trang-deo-tom#primaryimage\"},\"image\":{\"@id\":\"https:\/\/xn--trngiaminh-bl3e.azdigi.shop\/?product=banh-trang-deo-tom#primaryimage\"},\"thumbnailUrl\":\"https:\/\/xn--trngiaminh-bl3e.azdigi.shop\/wp-content\/uploads\/2026\/04\/Gemini_Generated_Image_im78xmim78xmim78.png\",\"datePublished\":\"2026-04-11T17:38:03+00:00\",\"dateModified\":\"2026-04-23T17:06:06+00:00\",\"description\":\"H\u00e3y th\u01b0\u1edfng th\u1ee9c B\u00e1nh Trang D\u1ebbo T\u00f4m Gia B\u1ea3o \u0111\u1ec3 c\u1ea3m nh\u1eadn s\u1ef1 tinh t\u00fay c\u1ee7a \u1ea9m th\u1ef1c Vi\u1ec7t Nam v\u00e0 chia s\u1ebb ni\u1ec1m vui \u1ea9m th\u1ef1c c\u00f9ng nh\u1eefng ng\u01b0\u1eddi th\u00e2n y\u00eau\",\"breadcrumb\":{\"@id\":\"https:\/\/xn--trngiaminh-bl3e.azdigi.shop\/?product=banh-trang-deo-tom#breadcrumb\"},\"inLanguage\":\"vi\",\"potentialAction\":[{\"@type\":\"ReadAction\",\"target\":[\"https:\/\/xn--trngiaminh-bl3e.azdigi.shop\/?product=banh-trang-deo-tom\"]}]},{\"@type\":\"ImageObject\",\"inLanguage\":\"vi\",\"@id\":\"https:\/\/xn--trngiaminh-bl3e.azdigi.shop\/?product=banh-trang-deo-tom#primaryimage\",\"url\":\"https:\/\/xn--trngiaminh-bl3e.azdigi.shop\/wp-content\/uploads\/2026\/04\/Gemini_Generated_Image_im78xmim78xmim78.png\",\"contentUrl\":\"https:\/\/xn--trngiaminh-bl3e.azdigi.shop\/wp-content\/uploads\/2026\/04\/Gemini_Generated_Image_im78xmim78xmim78.png\",\"width\":1024,\"height\":1025},{\"@type\":\"BreadcrumbList\",\"@id\":\"https:\/\/xn--trngiaminh-bl3e.azdigi.shop\/?product=banh-trang-deo-tom#breadcrumb\",\"itemListElement\":[{\"@type\":\"ListItem\",\"position\":1,\"name\":\"Trang ch\u1ee7\",\"item\":\"https:\/\/xn--trngiaminh-bl3e.azdigi.shop\/\"},{\"@type\":\"ListItem\",\"position\":2,\"name\":\"C\u1eeda h\u00e0ng\",\"item\":\"https:\/\/xn--trngiaminh-bl3e.azdigi.shop\/?page_id=220\"},{\"@type\":\"ListItem\",\"position\":3,\"name\":\"B\u00e1nh tr\u00e1ng d\u1ebbo t\u00f4m T\u00fai 500G cao c\u1ea5p d\u1ebbo m\u1ec1m ngon th\u01b0\u01a1ng hi\u1ec7u \u0111\u1eb3ng c\u1ea5p h\u00e0ng \u0111\u1ea7u b\u00e1nh tr\u00e1ng Gia B\u1ea3o\"}]},{\"@type\":\"WebSite\",\"@id\":\"https:\/\/xn--trngiaminh-bl3e.azdigi.shop\/#website\",\"url\":\"https:\/\/xn--trngiaminh-bl3e.azdigi.shop\/\",\"name\":\"banhtrang\",\"description\":\"Mua \u0110i \u0110\u1eebng Ng\u1ea1i\",\"potentialAction\":[{\"@type\":\"SearchAction\",\"target\":{\"@type\":\"EntryPoint\",\"urlTemplate\":\"https:\/\/xn--trngiaminh-bl3e.azdigi.shop\/?s={search_term_string}\"},\"query-input\":{\"@type\":\"PropertyValueSpecification\",\"valueRequired\":true,\"valueName\":\"search_term_string\"}}],\"inLanguage\":\"vi\"}]}<\/script>\n<!-- \/ Yoast SEO plugin. -->","yoast_head_json":{"title":"B\u00e1nh tr\u00e1ng d\u1ebbo t\u00f4m t\u00fai 500G cao c\u1ea5p c\u1ef1c ngon l\u00e0m t\u1eeb Gia B\u1ea3o","description":"H\u00e3y th\u01b0\u1edfng th\u1ee9c B\u00e1nh Trang D\u1ebbo T\u00f4m Gia B\u1ea3o \u0111\u1ec3 c\u1ea3m nh\u1eadn s\u1ef1 tinh t\u00fay c\u1ee7a \u1ea9m th\u1ef1c Vi\u1ec7t Nam v\u00e0 chia s\u1ebb ni\u1ec1m vui \u1ea9m th\u1ef1c c\u00f9ng nh\u1eefng ng\u01b0\u1eddi th\u00e2n y\u00eau","robots":{"index":"index","follow":"follow","max-snippet":"max-snippet:-1","max-image-preview":"max-image-preview:large","max-video-preview":"max-video-preview:-1"},"canonical":"https:\/\/xn--trngiaminh-bl3e.azdigi.shop\/?product=banh-trang-deo-tom","og_locale":"vi_VN","og_type":"article","og_title":"B\u00e1nh tr\u00e1ng d\u1ebbo t\u00f4m t\u00fai 500G cao c\u1ea5p c\u1ef1c ngon l\u00e0m t\u1eeb Gia B\u1ea3o","og_description":"H\u00e3y th\u01b0\u1edfng th\u1ee9c B\u00e1nh Trang D\u1ebbo T\u00f4m Gia B\u1ea3o \u0111\u1ec3 c\u1ea3m nh\u1eadn s\u1ef1 tinh t\u00fay c\u1ee7a \u1ea9m th\u1ef1c Vi\u1ec7t Nam v\u00e0 chia s\u1ebb ni\u1ec1m vui \u1ea9m th\u1ef1c c\u00f9ng nh\u1eefng ng\u01b0\u1eddi th\u00e2n y\u00eau","og_url":"https:\/\/xn--trngiaminh-bl3e.azdigi.shop\/?product=banh-trang-deo-tom","og_site_name":"banhtrang","article_modified_time":"2026-04-23T17:06:06+00:00","og_image":[{"width":1024,"height":1025,"url":"https:\/\/xn--trngiaminh-bl3e.azdigi.shop\/wp-content\/uploads\/2026\/04\/Gemini_Generated_Image_im78xmim78xmim78.png","type":"image\/png"}],"twitter_card":"summary_large_image","twitter_misc":{"\u01af\u1edbc t\u00ednh th\u1eddi gian \u0111\u1ecdc":"2 ph\u00fat"},"schema":{"@context":"https:\/\/schema.org","@graph":[{"@type":"WebPage","@id":"https:\/\/xn--trngiaminh-bl3e.azdigi.shop\/?product=banh-trang-deo-tom","url":"https:\/\/xn--trngiaminh-bl3e.azdigi.shop\/?product=banh-trang-deo-tom","name":"B\u00e1nh tr\u00e1ng d\u1ebbo t\u00f4m t\u00fai 500G cao c\u1ea5p c\u1ef1c ngon l\u00e0m t\u1eeb Gia B\u1ea3o","isPartOf":{"@id":"https:\/\/xn--trngiaminh-bl3e.azdigi.shop\/#website"},"primaryImageOfPage":{"@id":"https:\/\/xn--trngiaminh-bl3e.azdigi.shop\/?product=banh-trang-deo-tom#primaryimage"},"image":{"@id":"https:\/\/xn--trngiaminh-bl3e.azdigi.shop\/?product=banh-trang-deo-tom#primaryimage"},"thumbnailUrl":"https:\/\/xn--trngiaminh-bl3e.azdigi.shop\/wp-content\/uploads\/2026\/04\/Gemini_Generated_Image_im78xmim78xmim78.png","datePublished":"2026-04-11T17:38:03+00:00","dateModified":"2026-04-23T17:06:06+00:00","description":"H\u00e3y th\u01b0\u1edfng th\u1ee9c B\u00e1nh Trang D\u1ebbo T\u00f4m Gia B\u1ea3o \u0111\u1ec3 c\u1ea3m nh\u1eadn s\u1ef1 tinh t\u00fay c\u1ee7a \u1ea9m th\u1ef1c Vi\u1ec7t Nam v\u00e0 chia s\u1ebb ni\u1ec1m vui \u1ea9m th\u1ef1c c\u00f9ng nh\u1eefng ng\u01b0\u1eddi th\u00e2n y\u00eau","breadcrumb":{"@id":"https:\/\/xn--trngiaminh-bl3e.azdigi.shop\/?product=banh-trang-deo-tom#breadcrumb"},"inLanguage":"vi","potentialAction":[{"@type":"ReadAction","target":["https:\/\/xn--trngiaminh-bl3e.azdigi.shop\/?product=banh-trang-deo-tom"]}]},{"@type":"ImageObject","inLanguage":"vi","@id":"https:\/\/xn--trngiaminh-bl3e.azdigi.shop\/?product=banh-trang-deo-tom#primaryimage","url":"https:\/\/xn--trngiaminh-bl3e.azdigi.shop\/wp-content\/uploads\/2026\/04\/Gemini_Generated_Image_im78xmim78xmim78.png","contentUrl":"https:\/\/xn--trngiaminh-bl3e.azdigi.shop\/wp-content\/uploads\/2026\/04\/Gemini_Generated_Image_im78xmim78xmim78.png","width":1024,"height":1025},{"@type":"BreadcrumbList","@id":"https:\/\/xn--trngiaminh-bl3e.azdigi.shop\/?product=banh-trang-deo-tom#breadcrumb","itemListElement":[{"@type":"ListItem","position":1,"name":"Trang ch\u1ee7","item":"https:\/\/xn--trngiaminh-bl3e.azdigi.shop\/"},{"@type":"ListItem","position":2,"name":"C\u1eeda h\u00e0ng","item":"https:\/\/xn--trngiaminh-bl3e.azdigi.shop\/?page_id=220"},{"@type":"ListItem","position":3,"name":"B\u00e1nh tr\u00e1ng d\u1ebbo t\u00f4m T\u00fai 500G cao c\u1ea5p d\u1ebbo m\u1ec1m ngon th\u01b0\u01a1ng hi\u1ec7u \u0111\u1eb3ng c\u1ea5p h\u00e0ng \u0111\u1ea7u b\u00e1nh tr\u00e1ng Gia B\u1ea3o"}]},{"@type":"WebSite","@id":"https:\/\/xn--trngiaminh-bl3e.azdigi.shop\/#website","url":"https:\/\/xn--trngiaminh-bl3e.azdigi.shop\/","name":"banhtrang","description":"Mua \u0110i \u0110\u1eebng Ng\u1ea1i","potentialAction":[{"@type":"SearchAction","target":{"@type":"EntryPoint","urlTemplate":"https:\/\/xn--trngiaminh-bl3e.azdigi.shop\/?s={search_term_string}"},"query-input":{"@type":"PropertyValueSpecification","valueRequired":true,"valueName":"search_term_string"}}],"inLanguage":"vi"}]}},"_links":{"self":[{"href":"https:\/\/xn--trngiaminh-bl3e.azdigi.shop\/index.php?rest_route=\/wp\/v2\/product\/319","targetHints":{"allow":["GET"]}}],"collection":[{"href":"https:\/\/xn--trngiaminh-bl3e.azdigi.shop\/index.php?rest_route=\/wp\/v2\/product"}],"about":[{"href":"https:\/\/xn--trngiaminh-bl3e.azdigi.shop\/index.php?rest_route=\/wp\/v2\/types\/product"}],"replies":[{"embeddable":true,"href":"https:\/\/xn--trngiaminh-bl3e.azdigi.shop\/index.php?rest_route=%2Fwp%2Fv2%2Fcomments&post=319"}],"wp:featuredmedia":[{"embeddable":true,"href":"https:\/\/xn--trngiaminh-bl3e.azdigi.shop\/index.php?rest_route=\/wp\/v2\/media\/320"}],"wp:attachment":[{"href":"https:\/\/xn--trngiaminh-bl3e.azdigi.shop\/index.php?rest_route=%2Fwp%2Fv2%2Fmedia&parent=319"}],"wp:term":[{"taxonomy":"product_brand","embeddable":true,"href":"https:\/\/xn--trngiaminh-bl3e.azdigi.shop\/index.php?rest_route=%2Fwp%2Fv2%2Fproduct_brand&post=319"},{"taxonomy":"product_cat","embeddable":true,"href":"https:\/\/xn--trngiaminh-bl3e.azdigi.shop\/index.php?rest_route=%2Fwp%2Fv2%2Fproduct_cat&post=319"},{"taxonomy":"product_tag","embeddable":true,"href":"https:\/\/xn--trngiaminh-bl3e.azdigi.shop\/index.php?rest_route=%2Fwp%2Fv2%2Fproduct_tag&post=319"}],"curies":[{"name":"wp","href":"https:\/\/api.w.org\/{rel}","templated":true}]}}