{"id":250,"date":"2026-04-01T15:41:13","date_gmt":"2026-04-01T15:41:13","guid":{"rendered":"https:\/\/xn--trngiaminh-bl3e.azdigi.shop\/?post_type=product&#038;p=250"},"modified":"2026-04-23T17:06:26","modified_gmt":"2026-04-23T17:06:26","slug":"banhtrang-sate-hanhphi","status":"publish","type":"product","link":"https:\/\/xn--trngiaminh-bl3e.azdigi.shop\/?product=banhtrang-sate-hanhphi","title":{"rendered":"B\u00e1nh tr\u00e1ng sa t\u1ebf h\u00e0nh phi (5 T\u00fai) c\u1ef1c ngon l\u00e0m t\u1eeb b\u00e1nh tr\u00e1ng ph\u01a1i s\u01b0\u01a1ng d\u1ebbo m\u1ec1m b\u00e1nh tr\u00e1ng Gia B\u1ea3o"},"content":{"rendered":"<h2 style=\"text-align: left;\"><strong>B\u00e1nh Tr\u00e1ng Sa T\u1ebf H\u00e0nh Phi Gia B\u1ea3o\u00a0 \u2013 H\u01b0\u01a1ng V\u1ecb Truy\u1ec1n Th\u1ed1ng \u0110\u1eadm \u0110\u00e0<\/strong><\/h2>\n<h2 style=\"text-align: left;\"><strong> Gi\u1edbi Thi\u1ec7u S\u1ea3n Ph\u1ea9m<\/strong><\/h2>\n<ul>\n<li style=\"text-align: left;\"><a href=\"https:\/\/vi.wikipedia.org\/wiki\/B%C3%A1nh_tr%C3%A1ng\"> B\u00e1nh Tr\u00e1ng<\/a> Sa T\u1ebf H\u00e0nh Phi Gia\u00a0 l\u00e0 s\u1ef1 k\u1ebft h\u1ee3p ho\u00e0n h\u1ea3o gi\u1eefa truy\u1ec1n th\u1ed1ng v\u00e0 hi\u1ec7n \u0111\u1ea1i, mang \u0111\u1ebfn cho b\u1ea1n m\u1ed9t m\u00f3n \u0103n v\u1eb7t th\u01a1m ngon, h\u1ea5p d\u1eabn. S\u1ea3n ph\u1ea9m \u0111\u01b0\u1ee3c l\u00e0m t\u1eeb b\u00e1nh tr\u00e1ng ph\u01a1i s\u01b0\u01a1ng cao c\u1ea5p, kh\u00f4ng ch\u1ec9 gi\u1eef \u0111\u01b0\u1ee3c \u0111\u1ed9 dai m\u1ec1m \u0111\u1eb7c tr\u01b0ng m\u00e0 c\u00f2n th\u1ea5m \u0111\u01b0\u1ee3m h\u01b0\u01a1ng v\u1ecb sa t\u1ebf cay n\u1ed3ng v\u00e0 h\u00e0nh phi gi\u00f2n tan. \u0110\u00e2y ch\u1eafc ch\u1eafn l\u00e0 s\u1ef1 l\u1ef1a ch\u1ecdn tuy\u1ec7t v\u1eddi \u0111\u1ec3 th\u01b0\u1edfng th\u1ee9c v\u00e0 chia s\u1ebb c\u00f9ng b\u1ea1n b\u00e8, ng\u01b0\u1eddi th\u00e2n.<\/li>\n<\/ul>\n<h2 data-section-id=\"1lmrkdh\" data-start=\"84\" data-end=\"130\"><span role=\"text\"> <strong data-start=\"90\" data-end=\"130\">B\u00c1NH TR\u00c1NG SA T\u1ebe H\u00c0NH PHI Gia B\u1ea3o<\/strong><\/span><\/h2>\n<h3 data-section-id=\"70xzkk\" data-start=\"132\" data-end=\"158\"><span role=\"text\">\u2728 <strong data-start=\"138\" data-end=\"158\">\u0110\u1eb7c \u0110i\u1ec3m N\u1ed5i B\u1eadt<\/strong><\/span><\/h3>\n<ul data-start=\"159\" data-end=\"329\">\n<li data-section-id=\"my76zi\" data-start=\"159\" data-end=\"255\"><strong data-start=\"161\" data-end=\"184\">Ch\u1ea5t l\u01b0\u1ee3ng cao c\u1ea5p:<\/strong> B\u00e1nh tr\u00e1ng ph\u01a1i s\u01b0\u01a1ng t\u1eeb nguy\u00ean li\u1ec7u t\u1ef1 nhi\u00ean, an to\u00e0n cho s\u1ee9c kh\u1ecfe.<\/li>\n<li data-section-id=\"p7681t\" data-start=\"256\" data-end=\"329\"><strong data-start=\"258\" data-end=\"277\">S\u1ea3n xu\u1ea5t t\u1ec9 m\u1ec9:<\/strong> Quy tr\u00ecnh c\u00f4ng phu, gi\u1eef tr\u1ecdn h\u01b0\u01a1ng v\u1ecb truy\u1ec1n th\u1ed1ng.<\/li>\n<\/ul>\n<hr data-start=\"331\" data-end=\"334\" \/>\n<h3 data-section-id=\"1bnnavu\" data-start=\"336\" data-end=\"364\"><span role=\"text\">\ud83c\udf36\ufe0f <strong data-start=\"344\" data-end=\"364\">H\u01b0\u01a1ng V\u1ecb \u0110\u1ed9c \u0110\u00e1o<\/strong><\/span><\/h3>\n<ul data-start=\"365\" data-end=\"496\">\n<li data-section-id=\"1w0o5jv\" data-start=\"365\" data-end=\"417\">Sa t\u1ebf cay n\u1ed3ng h\u00f2a quy\u1ec7n c\u00f9ng h\u00e0nh phi gi\u00f2n r\u1ee5m.<\/li>\n<li data-section-id=\"fce8i4\" data-start=\"418\" data-end=\"460\">V\u1ecb m\u1eb7n m\u00e0, cay nh\u1eb9 k\u00edch th\u00edch v\u1ecb gi\u00e1c.<\/li>\n<li data-section-id=\"oyyvx1\" data-start=\"461\" data-end=\"496\">Ph\u00f9 h\u1ee3p cho t\u00edn \u0111\u1ed3 \u0103n v\u1eb7t \u0111\u1eadm \u0111\u00e0.<\/li>\n<\/ul>\n<hr data-start=\"498\" data-end=\"501\" \/>\n<h3 data-section-id=\"ih1zvc\" data-start=\"503\" data-end=\"531\"><span role=\"text\">\ud83d\udce6 <strong data-start=\"510\" data-end=\"531\">\u0110\u00f3ng G\u00f3i Ti\u1ec7n L\u1ee3i<\/strong><\/span><\/h3>\n<ul data-start=\"532\" data-end=\"641\">\n<li data-section-id=\"1qu53wq\" data-start=\"532\" data-end=\"584\">H\u1ed9p g\u1ed3m <strong data-start=\"542\" data-end=\"555\">5 t\u00fai nh\u1ecf<\/strong>, d\u1ec5 mang theo v\u00e0 b\u1ea3o qu\u1ea3n.<\/li>\n<li data-section-id=\"1kdjeei\" data-start=\"585\" data-end=\"641\">Thi\u1ebft k\u1ebf \u0111\u1eb9p m\u1eaft, sang tr\u1ecdng \u2013 th\u00edch h\u1ee3p l\u00e0m qu\u00e0 t\u1eb7ng.<\/li>\n<\/ul>\n<hr data-start=\"643\" data-end=\"646\" \/>\n<h3 data-section-id=\"fglwq5\" data-start=\"648\" data-end=\"676\"><span role=\"text\">\ud83c\udf7d\ufe0f <strong data-start=\"656\" data-end=\"676\">C\u00e1ch Th\u01b0\u1edfng Th\u1ee9c<\/strong><\/span><\/h3>\n<ul data-start=\"677\" data-end=\"806\">\n<li data-section-id=\"1v31zsy\" data-start=\"677\" data-end=\"731\"><strong data-start=\"679\" data-end=\"691\">\u0102n li\u1ec1n:<\/strong> Kh\u00f4ng c\u1ea7n ch\u1ebf bi\u1ebfn, ti\u1ec7n l\u1ee3i m\u1ecdi l\u00fac.<\/li>\n<li data-section-id=\"kzwhcv\" data-start=\"732\" data-end=\"806\"><strong data-start=\"734\" data-end=\"754\">K\u1ebft h\u1ee3p \u0111a d\u1ea1ng:<\/strong>\n<ul data-start=\"759\" data-end=\"806\">\n<li data-section-id=\"1yrflnj\" data-start=\"759\" data-end=\"777\">L\u00e0m g\u1ecfi, salad<\/li>\n<li data-section-id=\"njoprp\" data-start=\"780\" data-end=\"806\">\u0102n k\u00e8m c\u00e1c lo\u1ea1i s\u1ed1t ch\u1ea5m<\/li>\n<\/ul>\n<\/li>\n<\/ul>\n<hr data-start=\"808\" data-end=\"811\" \/>\n<h3 data-section-id=\"lmqr5d\" data-start=\"813\" data-end=\"831\"><span role=\"text\">\ud83d\udcaa <strong data-start=\"820\" data-end=\"831\">L\u1ee3i \u00cdch<\/strong><\/span><\/h3>\n<ul data-start=\"832\" data-end=\"957\">\n<li data-section-id=\"1axzz9t\" data-start=\"832\" data-end=\"898\"><strong data-start=\"834\" data-end=\"859\">Nguy\u00ean li\u1ec7u t\u1ef1 nhi\u00ean:<\/strong> Kh\u00f4ng ch\u1ea5t b\u1ea3o qu\u1ea3n, kh\u00f4ng ph\u1ea9m m\u00e0u.<\/li>\n<li data-section-id=\"qpaumt\" data-start=\"899\" data-end=\"957\"><strong data-start=\"901\" data-end=\"925\">Cung c\u1ea5p n\u0103ng l\u01b0\u1ee3ng:<\/strong> N\u1ea1p n\u0103ng l\u01b0\u1ee3ng nhanh, ti\u1ec7n l\u1ee3i.<\/li>\n<\/ul>\n<hr data-start=\"959\" data-end=\"962\" \/>\n<h3 data-section-id=\"1mfnnsa\" data-start=\"964\" data-end=\"991\"><span role=\"text\">\u2b50 <strong data-start=\"970\" data-end=\"991\">T\u1ea1i Sao N\u00ean Ch\u1ecdn?<\/strong><\/span><\/h3>\n<ul data-start=\"992\" data-end=\"1156\">\n<li data-section-id=\"1na41gh\" data-start=\"992\" data-end=\"1046\"><strong data-start=\"994\" data-end=\"1017\">Th\u01b0\u01a1ng hi\u1ec7u uy t\u00edn:<\/strong> \u0110\u01b0\u1ee3c nhi\u1ec1u ng\u01b0\u1eddi tin d\u00f9ng.<\/li>\n<li data-section-id=\"726mqr\" data-start=\"1047\" data-end=\"1103\"><strong data-start=\"1049\" data-end=\"1070\">H\u01b0\u01a1ng v\u1ecb \u0111\u1eb7c s\u1eafc:<\/strong> S\u1ef1 k\u1ebft h\u1ee3p ho\u00e0n h\u1ea3o, kh\u00f3 qu\u00ean.<\/li>\n<li data-section-id=\"qcd8xs\" data-start=\"1104\" data-end=\"1156\"><strong data-start=\"1106\" data-end=\"1129\">Ti\u1ec7n l\u1ee3i &amp; \u0111a d\u1ee5ng:<\/strong> Ph\u00f9 h\u1ee3p v\u1edbi m\u1ecdi \u0111\u1ed1i t\u01b0\u1ee3ng.<\/li>\n<\/ul>\n<hr data-start=\"1158\" data-end=\"1161\" \/>\n<h3 data-section-id=\"1qdvzkt\" data-start=\"1163\" data-end=\"1190\"><span role=\"text\">\ud83d\uded2 <strong data-start=\"1170\" data-end=\"1190\">Mua H\u00e0ng D\u1ec5 D\u00e0ng<\/strong><\/span><\/h3>\n<p data-start=\"1191\" data-end=\"1211\">S\u1ea3n ph\u1ea9m c\u00f3 m\u1eb7t t\u1ea1i:<\/p>\n<ul data-start=\"1212\" data-end=\"1274\">\n<li data-section-id=\"oawpg\" data-start=\"1212\" data-end=\"1234\">C\u1eeda h\u00e0ng th\u1ef1c ph\u1ea9m<\/li>\n<li data-section-id=\"2rttlm\" data-start=\"1235\" data-end=\"1247\">Si\u00eau th\u1ecb<\/li>\n<li data-section-id=\"rz9z24\" data-start=\"1248\" data-end=\"1274\">S\u00e0n th\u01b0\u01a1ng m\u1ea1i \u0111i\u1ec7n t\u1eed<\/li>\n<\/ul>\n<p data-start=\"1276\" data-end=\"1328\">\ud83d\udc49 \u0110\u1eb7t online nhanh ch\u00f3ng \u2013 nh\u1eadn h\u00e0ng lu\u00f4n t\u01b0\u01a1i m\u1edbi!<\/p>\n","protected":false},"excerpt":{"rendered":"<p>B\u00e1nh Tr\u00e1ng Sa T\u1ebf H\u00e0nh Phi Gia B\u1ea3o\u00a0 \u2013 H\u01b0\u01a1ng V\u1ecb Truy\u1ec1n Th\u1ed1ng \u0110\u1eadm \u0110\u00e0 Gi\u1edbi Thi\u1ec7u S\u1ea3n Ph\u1ea9m B\u00e1nh Tr\u00e1ng Sa T\u1ebf H\u00e0nh Phi Gia\u00a0 l\u00e0 s\u1ef1 k\u1ebft h\u1ee3p ho\u00e0n h\u1ea3o gi\u1eefa truy\u1ec1n th\u1ed1ng v\u00e0 hi\u1ec7n \u0111\u1ea1i, mang \u0111\u1ebfn cho b\u1ea1n m\u1ed9t m\u00f3n \u0103n v\u1eb7t th\u01a1m ngon, h\u1ea5p d\u1eabn. S\u1ea3n ph\u1ea9m \u0111\u01b0\u1ee3c l\u00e0m t\u1eeb [&#8230;]\n","protected":false},"featured_media":251,"comment_status":"open","ping_status":"closed","template":"","meta":[],"product_brand":[],"product_cat":[41],"product_tag":[],"class_list":{"0":"post-250","1":"product","2":"type-product","3":"status-publish","4":"has-post-thumbnail","6":"product_cat-banh-trang-an-lien","8":"first","9":"instock","10":"sale","11":"shipping-taxable","12":"purchasable","13":"product-type-variable"},"yoast_head":"<!-- This site is optimized with the Yoast SEO plugin v27.0 - https:\/\/yoast.com\/product\/yoast-seo-wordpress\/ -->\n<title>B\u00e1nh tr\u00e1ng sa t\u1ebf h\u00e0nh phi (5 T\u00fai) c\u1ef1c ngon l\u00e0m t\u1eeb Gia B\u1ea3o<\/title>\n<meta name=\"description\" content=\"H\u00e3y th\u01b0\u1edfng th\u1ee9c B\u00e1nh Tr\u00e1ng Sa T\u1ebf H\u00e0nh Phi Gia B\u1ea3o \u0111\u1ec3 c\u1ea3m nh\u1eadn s\u1ef1 tinh t\u00fay c\u1ee7a \u1ea9m th\u1ef1c Vi\u1ec7t Nam v\u00e0 chia s\u1ebb ni\u1ec1m vui \u1ea9m th\u1ef1c c\u00f9ng nh\u1eefng ng\u01b0\u1eddi th\u00e2n y\u00eau\" \/>\n<meta name=\"robots\" content=\"index, follow, max-snippet:-1, max-image-preview:large, max-video-preview:-1\" \/>\n<link rel=\"canonical\" href=\"https:\/\/xn--trngiaminh-bl3e.azdigi.shop\/?product=banhtrang-sate-hanhphi\" \/>\n<meta property=\"og:locale\" content=\"vi_VN\" \/>\n<meta property=\"og:type\" content=\"article\" \/>\n<meta property=\"og:title\" content=\"B\u00e1nh tr\u00e1ng sa t\u1ebf h\u00e0nh phi (5 T\u00fai) c\u1ef1c ngon l\u00e0m t\u1eeb Gia B\u1ea3o\" \/>\n<meta property=\"og:description\" content=\"H\u00e3y th\u01b0\u1edfng th\u1ee9c B\u00e1nh Tr\u00e1ng Sa T\u1ebf H\u00e0nh Phi Gia B\u1ea3o \u0111\u1ec3 c\u1ea3m nh\u1eadn s\u1ef1 tinh t\u00fay c\u1ee7a \u1ea9m th\u1ef1c Vi\u1ec7t Nam v\u00e0 chia s\u1ebb ni\u1ec1m vui \u1ea9m th\u1ef1c c\u00f9ng nh\u1eefng ng\u01b0\u1eddi th\u00e2n y\u00eau\" \/>\n<meta property=\"og:url\" content=\"https:\/\/xn--trngiaminh-bl3e.azdigi.shop\/?product=banhtrang-sate-hanhphi\" \/>\n<meta property=\"og:site_name\" content=\"banhtrang\" \/>\n<meta property=\"article:modified_time\" content=\"2026-04-23T17:06:26+00:00\" \/>\n<meta property=\"og:image\" content=\"https:\/\/xn--trngiaminh-bl3e.azdigi.shop\/wp-content\/uploads\/2026\/04\/Gemini_Generated_Image_y8p25oy8p25oy8p2.png\" \/>\n\t<meta property=\"og:image:width\" content=\"1024\" \/>\n\t<meta property=\"og:image:height\" content=\"1030\" \/>\n\t<meta property=\"og:image:type\" content=\"image\/png\" \/>\n<meta name=\"twitter:card\" content=\"summary_large_image\" \/>\n<meta name=\"twitter:label1\" content=\"\u01af\u1edbc t\u00ednh th\u1eddi gian \u0111\u1ecdc\" \/>\n\t<meta name=\"twitter:data1\" content=\"2 ph\u00fat\" \/>\n<script type=\"application\/ld+json\" class=\"yoast-schema-graph\">{\"@context\":\"https:\/\/schema.org\",\"@graph\":[{\"@type\":\"WebPage\",\"@id\":\"https:\/\/xn--trngiaminh-bl3e.azdigi.shop\/?product=banhtrang-sate-hanhphi\",\"url\":\"https:\/\/xn--trngiaminh-bl3e.azdigi.shop\/?product=banhtrang-sate-hanhphi\",\"name\":\"B\u00e1nh tr\u00e1ng sa t\u1ebf h\u00e0nh phi (5 T\u00fai) c\u1ef1c ngon l\u00e0m t\u1eeb Gia B\u1ea3o\",\"isPartOf\":{\"@id\":\"https:\/\/xn--trngiaminh-bl3e.azdigi.shop\/#website\"},\"primaryImageOfPage\":{\"@id\":\"https:\/\/xn--trngiaminh-bl3e.azdigi.shop\/?product=banhtrang-sate-hanhphi#primaryimage\"},\"image\":{\"@id\":\"https:\/\/xn--trngiaminh-bl3e.azdigi.shop\/?product=banhtrang-sate-hanhphi#primaryimage\"},\"thumbnailUrl\":\"https:\/\/xn--trngiaminh-bl3e.azdigi.shop\/wp-content\/uploads\/2026\/04\/Gemini_Generated_Image_y8p25oy8p25oy8p2.png\",\"datePublished\":\"2026-04-01T15:41:13+00:00\",\"dateModified\":\"2026-04-23T17:06:26+00:00\",\"description\":\"H\u00e3y th\u01b0\u1edfng th\u1ee9c B\u00e1nh Tr\u00e1ng Sa T\u1ebf H\u00e0nh Phi Gia B\u1ea3o \u0111\u1ec3 c\u1ea3m nh\u1eadn s\u1ef1 tinh t\u00fay c\u1ee7a \u1ea9m th\u1ef1c Vi\u1ec7t Nam v\u00e0 chia s\u1ebb ni\u1ec1m vui \u1ea9m th\u1ef1c c\u00f9ng nh\u1eefng ng\u01b0\u1eddi th\u00e2n y\u00eau\",\"breadcrumb\":{\"@id\":\"https:\/\/xn--trngiaminh-bl3e.azdigi.shop\/?product=banhtrang-sate-hanhphi#breadcrumb\"},\"inLanguage\":\"vi\",\"potentialAction\":[{\"@type\":\"ReadAction\",\"target\":[\"https:\/\/xn--trngiaminh-bl3e.azdigi.shop\/?product=banhtrang-sate-hanhphi\"]}]},{\"@type\":\"ImageObject\",\"inLanguage\":\"vi\",\"@id\":\"https:\/\/xn--trngiaminh-bl3e.azdigi.shop\/?product=banhtrang-sate-hanhphi#primaryimage\",\"url\":\"https:\/\/xn--trngiaminh-bl3e.azdigi.shop\/wp-content\/uploads\/2026\/04\/Gemini_Generated_Image_y8p25oy8p25oy8p2.png\",\"contentUrl\":\"https:\/\/xn--trngiaminh-bl3e.azdigi.shop\/wp-content\/uploads\/2026\/04\/Gemini_Generated_Image_y8p25oy8p25oy8p2.png\",\"width\":1024,\"height\":1030},{\"@type\":\"BreadcrumbList\",\"@id\":\"https:\/\/xn--trngiaminh-bl3e.azdigi.shop\/?product=banhtrang-sate-hanhphi#breadcrumb\",\"itemListElement\":[{\"@type\":\"ListItem\",\"position\":1,\"name\":\"Trang ch\u1ee7\",\"item\":\"https:\/\/xn--trngiaminh-bl3e.azdigi.shop\/\"},{\"@type\":\"ListItem\",\"position\":2,\"name\":\"C\u1eeda h\u00e0ng\",\"item\":\"https:\/\/xn--trngiaminh-bl3e.azdigi.shop\/?page_id=220\"},{\"@type\":\"ListItem\",\"position\":3,\"name\":\"B\u00e1nh tr\u00e1ng sa t\u1ebf h\u00e0nh phi (5 T\u00fai) c\u1ef1c ngon l\u00e0m t\u1eeb b\u00e1nh tr\u00e1ng ph\u01a1i s\u01b0\u01a1ng d\u1ebbo m\u1ec1m b\u00e1nh tr\u00e1ng Gia B\u1ea3o\"}]},{\"@type\":\"WebSite\",\"@id\":\"https:\/\/xn--trngiaminh-bl3e.azdigi.shop\/#website\",\"url\":\"https:\/\/xn--trngiaminh-bl3e.azdigi.shop\/\",\"name\":\"banhtrang\",\"description\":\"Mua \u0110i \u0110\u1eebng Ng\u1ea1i\",\"potentialAction\":[{\"@type\":\"SearchAction\",\"target\":{\"@type\":\"EntryPoint\",\"urlTemplate\":\"https:\/\/xn--trngiaminh-bl3e.azdigi.shop\/?s={search_term_string}\"},\"query-input\":{\"@type\":\"PropertyValueSpecification\",\"valueRequired\":true,\"valueName\":\"search_term_string\"}}],\"inLanguage\":\"vi\"}]}<\/script>\n<!-- \/ Yoast SEO plugin. -->","yoast_head_json":{"title":"B\u00e1nh tr\u00e1ng sa t\u1ebf h\u00e0nh phi (5 T\u00fai) c\u1ef1c ngon l\u00e0m t\u1eeb Gia B\u1ea3o","description":"H\u00e3y th\u01b0\u1edfng th\u1ee9c B\u00e1nh Tr\u00e1ng Sa T\u1ebf H\u00e0nh Phi Gia B\u1ea3o \u0111\u1ec3 c\u1ea3m nh\u1eadn s\u1ef1 tinh t\u00fay c\u1ee7a \u1ea9m th\u1ef1c Vi\u1ec7t Nam v\u00e0 chia s\u1ebb ni\u1ec1m vui \u1ea9m th\u1ef1c c\u00f9ng nh\u1eefng ng\u01b0\u1eddi th\u00e2n y\u00eau","robots":{"index":"index","follow":"follow","max-snippet":"max-snippet:-1","max-image-preview":"max-image-preview:large","max-video-preview":"max-video-preview:-1"},"canonical":"https:\/\/xn--trngiaminh-bl3e.azdigi.shop\/?product=banhtrang-sate-hanhphi","og_locale":"vi_VN","og_type":"article","og_title":"B\u00e1nh tr\u00e1ng sa t\u1ebf h\u00e0nh phi (5 T\u00fai) c\u1ef1c ngon l\u00e0m t\u1eeb Gia B\u1ea3o","og_description":"H\u00e3y th\u01b0\u1edfng th\u1ee9c B\u00e1nh Tr\u00e1ng Sa T\u1ebf H\u00e0nh Phi Gia B\u1ea3o \u0111\u1ec3 c\u1ea3m nh\u1eadn s\u1ef1 tinh t\u00fay c\u1ee7a \u1ea9m th\u1ef1c Vi\u1ec7t Nam v\u00e0 chia s\u1ebb ni\u1ec1m vui \u1ea9m th\u1ef1c c\u00f9ng nh\u1eefng ng\u01b0\u1eddi th\u00e2n y\u00eau","og_url":"https:\/\/xn--trngiaminh-bl3e.azdigi.shop\/?product=banhtrang-sate-hanhphi","og_site_name":"banhtrang","article_modified_time":"2026-04-23T17:06:26+00:00","og_image":[{"width":1024,"height":1030,"url":"https:\/\/xn--trngiaminh-bl3e.azdigi.shop\/wp-content\/uploads\/2026\/04\/Gemini_Generated_Image_y8p25oy8p25oy8p2.png","type":"image\/png"}],"twitter_card":"summary_large_image","twitter_misc":{"\u01af\u1edbc t\u00ednh th\u1eddi gian \u0111\u1ecdc":"2 ph\u00fat"},"schema":{"@context":"https:\/\/schema.org","@graph":[{"@type":"WebPage","@id":"https:\/\/xn--trngiaminh-bl3e.azdigi.shop\/?product=banhtrang-sate-hanhphi","url":"https:\/\/xn--trngiaminh-bl3e.azdigi.shop\/?product=banhtrang-sate-hanhphi","name":"B\u00e1nh tr\u00e1ng sa t\u1ebf h\u00e0nh phi (5 T\u00fai) c\u1ef1c ngon l\u00e0m t\u1eeb Gia B\u1ea3o","isPartOf":{"@id":"https:\/\/xn--trngiaminh-bl3e.azdigi.shop\/#website"},"primaryImageOfPage":{"@id":"https:\/\/xn--trngiaminh-bl3e.azdigi.shop\/?product=banhtrang-sate-hanhphi#primaryimage"},"image":{"@id":"https:\/\/xn--trngiaminh-bl3e.azdigi.shop\/?product=banhtrang-sate-hanhphi#primaryimage"},"thumbnailUrl":"https:\/\/xn--trngiaminh-bl3e.azdigi.shop\/wp-content\/uploads\/2026\/04\/Gemini_Generated_Image_y8p25oy8p25oy8p2.png","datePublished":"2026-04-01T15:41:13+00:00","dateModified":"2026-04-23T17:06:26+00:00","description":"H\u00e3y th\u01b0\u1edfng th\u1ee9c B\u00e1nh Tr\u00e1ng Sa T\u1ebf H\u00e0nh Phi Gia B\u1ea3o \u0111\u1ec3 c\u1ea3m nh\u1eadn s\u1ef1 tinh t\u00fay c\u1ee7a \u1ea9m th\u1ef1c Vi\u1ec7t Nam v\u00e0 chia s\u1ebb ni\u1ec1m vui \u1ea9m th\u1ef1c c\u00f9ng nh\u1eefng ng\u01b0\u1eddi th\u00e2n y\u00eau","breadcrumb":{"@id":"https:\/\/xn--trngiaminh-bl3e.azdigi.shop\/?product=banhtrang-sate-hanhphi#breadcrumb"},"inLanguage":"vi","potentialAction":[{"@type":"ReadAction","target":["https:\/\/xn--trngiaminh-bl3e.azdigi.shop\/?product=banhtrang-sate-hanhphi"]}]},{"@type":"ImageObject","inLanguage":"vi","@id":"https:\/\/xn--trngiaminh-bl3e.azdigi.shop\/?product=banhtrang-sate-hanhphi#primaryimage","url":"https:\/\/xn--trngiaminh-bl3e.azdigi.shop\/wp-content\/uploads\/2026\/04\/Gemini_Generated_Image_y8p25oy8p25oy8p2.png","contentUrl":"https:\/\/xn--trngiaminh-bl3e.azdigi.shop\/wp-content\/uploads\/2026\/04\/Gemini_Generated_Image_y8p25oy8p25oy8p2.png","width":1024,"height":1030},{"@type":"BreadcrumbList","@id":"https:\/\/xn--trngiaminh-bl3e.azdigi.shop\/?product=banhtrang-sate-hanhphi#breadcrumb","itemListElement":[{"@type":"ListItem","position":1,"name":"Trang ch\u1ee7","item":"https:\/\/xn--trngiaminh-bl3e.azdigi.shop\/"},{"@type":"ListItem","position":2,"name":"C\u1eeda h\u00e0ng","item":"https:\/\/xn--trngiaminh-bl3e.azdigi.shop\/?page_id=220"},{"@type":"ListItem","position":3,"name":"B\u00e1nh tr\u00e1ng sa t\u1ebf h\u00e0nh phi (5 T\u00fai) c\u1ef1c ngon l\u00e0m t\u1eeb b\u00e1nh tr\u00e1ng ph\u01a1i s\u01b0\u01a1ng d\u1ebbo m\u1ec1m b\u00e1nh tr\u00e1ng Gia B\u1ea3o"}]},{"@type":"WebSite","@id":"https:\/\/xn--trngiaminh-bl3e.azdigi.shop\/#website","url":"https:\/\/xn--trngiaminh-bl3e.azdigi.shop\/","name":"banhtrang","description":"Mua \u0110i \u0110\u1eebng Ng\u1ea1i","potentialAction":[{"@type":"SearchAction","target":{"@type":"EntryPoint","urlTemplate":"https:\/\/xn--trngiaminh-bl3e.azdigi.shop\/?s={search_term_string}"},"query-input":{"@type":"PropertyValueSpecification","valueRequired":true,"valueName":"search_term_string"}}],"inLanguage":"vi"}]}},"_links":{"self":[{"href":"https:\/\/xn--trngiaminh-bl3e.azdigi.shop\/index.php?rest_route=\/wp\/v2\/product\/250","targetHints":{"allow":["GET"]}}],"collection":[{"href":"https:\/\/xn--trngiaminh-bl3e.azdigi.shop\/index.php?rest_route=\/wp\/v2\/product"}],"about":[{"href":"https:\/\/xn--trngiaminh-bl3e.azdigi.shop\/index.php?rest_route=\/wp\/v2\/types\/product"}],"replies":[{"embeddable":true,"href":"https:\/\/xn--trngiaminh-bl3e.azdigi.shop\/index.php?rest_route=%2Fwp%2Fv2%2Fcomments&post=250"}],"wp:featuredmedia":[{"embeddable":true,"href":"https:\/\/xn--trngiaminh-bl3e.azdigi.shop\/index.php?rest_route=\/wp\/v2\/media\/251"}],"wp:attachment":[{"href":"https:\/\/xn--trngiaminh-bl3e.azdigi.shop\/index.php?rest_route=%2Fwp%2Fv2%2Fmedia&parent=250"}],"wp:term":[{"taxonomy":"product_brand","embeddable":true,"href":"https:\/\/xn--trngiaminh-bl3e.azdigi.shop\/index.php?rest_route=%2Fwp%2Fv2%2Fproduct_brand&post=250"},{"taxonomy":"product_cat","embeddable":true,"href":"https:\/\/xn--trngiaminh-bl3e.azdigi.shop\/index.php?rest_route=%2Fwp%2Fv2%2Fproduct_cat&post=250"},{"taxonomy":"product_tag","embeddable":true,"href":"https:\/\/xn--trngiaminh-bl3e.azdigi.shop\/index.php?rest_route=%2Fwp%2Fv2%2Fproduct_tag&post=250"}],"curies":[{"name":"wp","href":"https:\/\/api.w.org\/{rel}","templated":true}]}}