{"id":230,"date":"2026-03-29T08:48:50","date_gmt":"2026-03-29T08:48:50","guid":{"rendered":"https:\/\/xn--trngiaminh-bl3e.azdigi.shop\/?post_type=product&#038;p=230"},"modified":"2026-04-23T17:06:36","modified_gmt":"2026-04-23T17:06:36","slug":"banhtrang-phoisuong-sieucay-3","status":"publish","type":"product","link":"https:\/\/xn--trngiaminh-bl3e.azdigi.shop\/?product=banhtrang-phoisuong-sieucay-3","title":{"rendered":"B\u00e1nh tr\u00e1ng si\u00eau cay (5 T\u00fai) c\u1ef1c ngon l\u00e0m t\u1eeb b\u00e1nh tr\u00e1ng ph\u01a1i s\u01b0\u01a1ng d\u1ebbo m\u1ec1m b\u00e1nh tr\u00e1ng Gia B\u1ea3o"},"content":{"rendered":"<h2><strong><a href=\"https:\/\/en.wikipedia.org\/wiki\/B%C3%A1nh_tr%C3%A1ng\">B\u00e1nh tr\u00e1ng<\/a> si\u00eau cay c\u1ef1c ngon \u2013 H\u1ed9p 5 t\u00fai, b\u00e1nh tr\u00e1ng ph\u01a1i s\u01b0\u01a1ng cao c\u1ea5p\u00a0<\/strong><\/h2>\n<p>B\u1ea1n \u0111am m\u00ea s\u1ef1 cay \u0111\u1eadm \u0111\u00e0? B\u00e1nh tr\u00e1ng n\u00e0y s\u1ebd l\u00e0 s\u1ef1 l\u1ef1a ch\u1ecdn ho\u00e0n h\u1ea3o cho b\u1ea1n! V\u1edbi h\u01b0\u01a1ng v\u1ecb \u0111\u1eadm \u0111\u00e0, m\u00f3n b\u00e1nh tr\u00e1ng n\u00e0y kh\u00f4ng ch\u1ec9 l\u00e0m b\u1ea1n th\u00edch th\u00fa m\u00e0 c\u00f2n khi\u1ebfn b\u1ea1n kh\u00f3 qu\u00ean.<\/p>\n<h2><strong>B\u00e1nh tr\u00e1ng si\u00eau cay c\u1ef1c ngon<\/strong><\/h2>\n<p>\u0110\u01b0\u1ee3c s\u1ea3n xu\u1ea5t t\u1eeb nguy\u00ean li\u1ec7u ch\u1ea5t l\u01b0\u1ee3ng cao v\u00e0 c\u00f4ng ngh\u1ec7 hi\u1ec7n \u0111\u1ea1i, b\u00e1nh tr\u00e1ng si\u00eau h\u1ea5p d\u1eabn c\u1ee7a ch\u00fang t\u00f4i h\u1ee9a h\u1eb9n mang \u0111\u1ebfn cho b\u1ea1n m\u1ed9t tr\u1ea3i nghi\u1ec7m \u1ea9m th\u1ef1c \u0111\u00edch th\u1ef1c. V\u1edbi c\u1ea3m gi\u00e1c gi\u00f2n r\u1ee5m v\u00e0 v\u1ecb cay n\u1ed3ng n\u00e0n, m\u1ed7i mi\u1ebfng b\u00e1nh tr\u00e1ng l\u00e0 m\u1ed9t th\u01b0\u1edfng th\u1ee9c \u0111\u1eb7c bi\u1ec7t cho c\u00e1c t\u00edn \u0111\u1ed3 \u1ea9m th\u1ef1c.<\/p>\n<h2><strong>H\u1ed9p 5 t\u00fai ti\u1ec7n l\u1ee3i<\/strong><\/h2>\n<p>\u0110\u1ec3 b\u1ea1n c\u00f3 th\u1ec3 d\u1ec5 d\u00e0ng mang theo v\u00e0 th\u01b0\u1edfng th\u1ee9c b\u1ea5t c\u1ee9 khi n\u00e0o b\u1ea1n mu\u1ed1n, b\u00e1nh tr\u00e1ng si\u00eau cay \u0111\u01b0\u1ee3c \u0111\u00f3ng g\u00f3i trong h\u1ed9p ch\u1ee9a 5 t\u00fai. \u0110\u00e2y l\u00e0 l\u1ef1a ch\u1ecdn l\u00fd t\u01b0\u1edfng cho nh\u1eefng chuy\u1ebfn d\u00e3 ngo\u1ea1i, ti\u1ec7c t\u00f9ng hay ch\u1ec9 \u0111\u01a1n gi\u1ea3n l\u00e0 trong gia \u0111\u00ecnh.<\/p>\n<h2><strong>B\u00e1nh tr\u00e1ng ph\u01a1i s\u01b0\u01a1ng cao c\u1ea5p<\/strong><\/h2>\n<p>Ch\u00fang t\u00f4i cam k\u1ebft s\u1eed d\u1ee5ng nh\u1eefng l\u00e1 b\u00e1nh tr\u00e1ng ph\u01a1i s\u01b0\u01a1ng ch\u1ea5t l\u01b0\u1ee3ng nh\u1ea5t \u0111\u1ec3 \u0111\u1ea3m b\u1ea3o m\u1ed7i mi\u1ebfng b\u00e1nh tr\u00e1ng kh\u00f4ng ch\u1ec9 gi\u00f2n r\u1ee5m m\u00e0 c\u00f2n th\u01a1m ngon v\u00e0 \u0111\u1eadm \u0111\u00e0.<\/p>\n<h2><strong>B\u00e1nh tr\u00e1ng Gia B\u1ea3o<\/strong><\/h2>\n<p>V\u1edbi th\u01b0\u01a1ng hi\u1ec7u uy t\u00edn v\u00e0 ch\u1ea5t l\u01b0\u1ee3ng v\u01b0\u1ee3t tr\u1ed9i, b\u00e1nh tr\u00e1ng Gia B\u1ea3o \u0111\u00e3 kh\u1eb3ng \u0111\u1ecbnh v\u1ecb th\u1ebf c\u1ee7a m\u00ecnh trong l\u00f2ng kh\u00e1ch h\u00e0ng. S\u1ef1 k\u1ebft h\u1ee3p h\u00e0i h\u00f2a gi\u1eefa truy\u1ec1n th\u1ed1ng v\u00e0 hi\u1ec7n \u0111\u1ea1i \u0111\u00e3 t\u1ea1o n\u00ean m\u1ed9t s\u1ea3n ph\u1ea9m b\u00e1nh tr\u00e1ng \u0111\u1ed9c \u0111\u00e1o v\u00e0 \u0111\u00e1ng tr\u1ea3i nghi\u1ec7m.<\/p>\n<p>H\u00e3y \u0111\u1ec3 b\u00e1nh tr\u00e1ng si\u00eau cay c\u1ef1c ngon t\u1eeb Gia B\u1ea3o chinh ph\u1ee5c v\u1ecb gi\u00e1c c\u1ee7a b\u1ea1n ngay h\u00f4m nay! \u0110\u1eb7t h\u00e0ng ngay \u0111\u1ec3 tr\u1ea3i nghi\u1ec7m h\u01b0\u01a1ng v\u1ecb \u0111\u1eb7c bi\u1ec7t n\u00e0y v\u00e0 chia s\u1ebb c\u1ea3m nh\u1eadn c\u1ee7a b\u1ea1n v\u1edbi ch\u00fang t\u00f4i. B\u1ea1n s\u1ebd kh\u00f4ng h\u1ed1i ti\u1ebfc v\u00ec s\u1ef1 l\u1ef1a ch\u1ecdn n\u00e0y!<\/p>\n","protected":false},"excerpt":{"rendered":"<p>\u0103n \u0111i l\u00e0 ghi\u1ec1n<\/p>\n","protected":false},"featured_media":227,"comment_status":"open","ping_status":"closed","template":"","meta":[],"product_brand":[],"product_cat":[41],"product_tag":[],"class_list":{"0":"post-230","1":"product","2":"type-product","3":"status-publish","4":"has-post-thumbnail","6":"product_cat-banh-trang-an-lien","8":"first","9":"instock","10":"sale","11":"shipping-taxable","12":"purchasable","13":"product-type-variable"},"yoast_head":"<!-- This site is optimized with the Yoast SEO plugin v27.0 - https:\/\/yoast.com\/product\/yoast-seo-wordpress\/ -->\n<title>B\u00e1nh tr\u00e1ng ph\u01a1i s\u01b0\u01a1ng si\u00eau cay (5 T\u00fai) c\u1ef1c ngon \u0111\u1ea3m b\u1ea3o ghi\u1ec1n<\/title>\n<meta name=\"description\" content=\"B\u1ea1n \u0111am m\u00ea s\u1ef1 cay \u0111\u1eadm \u0111\u00e0? B\u00e1nh tr\u00e1ng si\u00eau cay t\u1eeb Gia B\u1ea3o v\u1edbi h\u01b0\u01a1ng v\u1ecb \u0111\u1eadm \u0111\u00e0 s\u1ebd l\u00e0 l\u1ef1a ch\u1ecdn ho\u00e0n h\u1ea3o cho b\u1ea1n. Kh\u00f4ng ch\u1ec9 l\u00e0m b\u1ea1n th\u00edch th\u00fa m\u00e0 c\u00f2n kh\u00f3 qu\u00ean\" \/>\n<meta name=\"robots\" content=\"index, follow, max-snippet:-1, max-image-preview:large, max-video-preview:-1\" \/>\n<link rel=\"canonical\" href=\"https:\/\/xn--trngiaminh-bl3e.azdigi.shop\/?product=banhtrang-phoisuong-sieucay-3\" \/>\n<meta property=\"og:locale\" content=\"vi_VN\" \/>\n<meta property=\"og:type\" content=\"article\" \/>\n<meta property=\"og:title\" content=\"B\u00e1nh tr\u00e1ng ph\u01a1i s\u01b0\u01a1ng si\u00eau cay (5 T\u00fai) c\u1ef1c ngon \u0111\u1ea3m b\u1ea3o ghi\u1ec1n\" \/>\n<meta property=\"og:description\" content=\"B\u1ea1n \u0111am m\u00ea s\u1ef1 cay \u0111\u1eadm \u0111\u00e0? B\u00e1nh tr\u00e1ng si\u00eau cay t\u1eeb Gia B\u1ea3o v\u1edbi h\u01b0\u01a1ng v\u1ecb \u0111\u1eadm \u0111\u00e0 s\u1ebd l\u00e0 l\u1ef1a ch\u1ecdn ho\u00e0n h\u1ea3o cho b\u1ea1n. Kh\u00f4ng ch\u1ec9 l\u00e0m b\u1ea1n th\u00edch th\u00fa m\u00e0 c\u00f2n kh\u00f3 qu\u00ean\" \/>\n<meta property=\"og:url\" content=\"https:\/\/xn--trngiaminh-bl3e.azdigi.shop\/?product=banhtrang-phoisuong-sieucay-3\" \/>\n<meta property=\"og:site_name\" content=\"banhtrang\" \/>\n<meta property=\"article:modified_time\" content=\"2026-04-23T17:06:36+00:00\" \/>\n<meta property=\"og:image\" content=\"https:\/\/xn--trngiaminh-bl3e.azdigi.shop\/wp-content\/uploads\/2026\/03\/Gemini_Generated_Image_l3olfxl3olfxl3ol.png\" \/>\n\t<meta property=\"og:image:width\" content=\"1024\" \/>\n\t<meta property=\"og:image:height\" content=\"1024\" \/>\n\t<meta property=\"og:image:type\" content=\"image\/png\" \/>\n<meta name=\"twitter:card\" content=\"summary_large_image\" \/>\n<meta name=\"twitter:label1\" content=\"\u01af\u1edbc t\u00ednh th\u1eddi gian \u0111\u1ecdc\" \/>\n\t<meta name=\"twitter:data1\" content=\"2 ph\u00fat\" \/>\n<script type=\"application\/ld+json\" class=\"yoast-schema-graph\">{\"@context\":\"https:\/\/schema.org\",\"@graph\":[{\"@type\":\"WebPage\",\"@id\":\"https:\/\/xn--trngiaminh-bl3e.azdigi.shop\/?product=banhtrang-phoisuong-sieucay-3\",\"url\":\"https:\/\/xn--trngiaminh-bl3e.azdigi.shop\/?product=banhtrang-phoisuong-sieucay-3\",\"name\":\"B\u00e1nh tr\u00e1ng ph\u01a1i s\u01b0\u01a1ng si\u00eau cay (5 T\u00fai) c\u1ef1c ngon \u0111\u1ea3m b\u1ea3o ghi\u1ec1n\",\"isPartOf\":{\"@id\":\"https:\/\/xn--trngiaminh-bl3e.azdigi.shop\/#website\"},\"primaryImageOfPage\":{\"@id\":\"https:\/\/xn--trngiaminh-bl3e.azdigi.shop\/?product=banhtrang-phoisuong-sieucay-3#primaryimage\"},\"image\":{\"@id\":\"https:\/\/xn--trngiaminh-bl3e.azdigi.shop\/?product=banhtrang-phoisuong-sieucay-3#primaryimage\"},\"thumbnailUrl\":\"https:\/\/xn--trngiaminh-bl3e.azdigi.shop\/wp-content\/uploads\/2026\/03\/Gemini_Generated_Image_l3olfxl3olfxl3ol.png\",\"datePublished\":\"2026-03-29T08:48:50+00:00\",\"dateModified\":\"2026-04-23T17:06:36+00:00\",\"description\":\"B\u1ea1n \u0111am m\u00ea s\u1ef1 cay \u0111\u1eadm \u0111\u00e0? B\u00e1nh tr\u00e1ng si\u00eau cay t\u1eeb Gia B\u1ea3o v\u1edbi h\u01b0\u01a1ng v\u1ecb \u0111\u1eadm \u0111\u00e0 s\u1ebd l\u00e0 l\u1ef1a ch\u1ecdn ho\u00e0n h\u1ea3o cho b\u1ea1n. Kh\u00f4ng ch\u1ec9 l\u00e0m b\u1ea1n th\u00edch th\u00fa m\u00e0 c\u00f2n kh\u00f3 qu\u00ean\",\"breadcrumb\":{\"@id\":\"https:\/\/xn--trngiaminh-bl3e.azdigi.shop\/?product=banhtrang-phoisuong-sieucay-3#breadcrumb\"},\"inLanguage\":\"vi\",\"potentialAction\":[{\"@type\":\"ReadAction\",\"target\":[\"https:\/\/xn--trngiaminh-bl3e.azdigi.shop\/?product=banhtrang-phoisuong-sieucay-3\"]}]},{\"@type\":\"ImageObject\",\"inLanguage\":\"vi\",\"@id\":\"https:\/\/xn--trngiaminh-bl3e.azdigi.shop\/?product=banhtrang-phoisuong-sieucay-3#primaryimage\",\"url\":\"https:\/\/xn--trngiaminh-bl3e.azdigi.shop\/wp-content\/uploads\/2026\/03\/Gemini_Generated_Image_l3olfxl3olfxl3ol.png\",\"contentUrl\":\"https:\/\/xn--trngiaminh-bl3e.azdigi.shop\/wp-content\/uploads\/2026\/03\/Gemini_Generated_Image_l3olfxl3olfxl3ol.png\",\"width\":1024,\"height\":1024},{\"@type\":\"BreadcrumbList\",\"@id\":\"https:\/\/xn--trngiaminh-bl3e.azdigi.shop\/?product=banhtrang-phoisuong-sieucay-3#breadcrumb\",\"itemListElement\":[{\"@type\":\"ListItem\",\"position\":1,\"name\":\"Trang ch\u1ee7\",\"item\":\"https:\/\/xn--trngiaminh-bl3e.azdigi.shop\/\"},{\"@type\":\"ListItem\",\"position\":2,\"name\":\"C\u1eeda h\u00e0ng\",\"item\":\"https:\/\/xn--trngiaminh-bl3e.azdigi.shop\/?page_id=220\"},{\"@type\":\"ListItem\",\"position\":3,\"name\":\"B\u00e1nh tr\u00e1ng si\u00eau cay (5 T\u00fai) c\u1ef1c ngon l\u00e0m t\u1eeb b\u00e1nh tr\u00e1ng ph\u01a1i s\u01b0\u01a1ng d\u1ebbo m\u1ec1m b\u00e1nh tr\u00e1ng Gia B\u1ea3o\"}]},{\"@type\":\"WebSite\",\"@id\":\"https:\/\/xn--trngiaminh-bl3e.azdigi.shop\/#website\",\"url\":\"https:\/\/xn--trngiaminh-bl3e.azdigi.shop\/\",\"name\":\"banhtrang\",\"description\":\"Mua \u0110i \u0110\u1eebng Ng\u1ea1i\",\"potentialAction\":[{\"@type\":\"SearchAction\",\"target\":{\"@type\":\"EntryPoint\",\"urlTemplate\":\"https:\/\/xn--trngiaminh-bl3e.azdigi.shop\/?s={search_term_string}\"},\"query-input\":{\"@type\":\"PropertyValueSpecification\",\"valueRequired\":true,\"valueName\":\"search_term_string\"}}],\"inLanguage\":\"vi\"}]}<\/script>\n<!-- \/ Yoast SEO plugin. -->","yoast_head_json":{"title":"B\u00e1nh tr\u00e1ng ph\u01a1i s\u01b0\u01a1ng si\u00eau cay (5 T\u00fai) c\u1ef1c ngon \u0111\u1ea3m b\u1ea3o ghi\u1ec1n","description":"B\u1ea1n \u0111am m\u00ea s\u1ef1 cay \u0111\u1eadm \u0111\u00e0? B\u00e1nh tr\u00e1ng si\u00eau cay t\u1eeb Gia B\u1ea3o v\u1edbi h\u01b0\u01a1ng v\u1ecb \u0111\u1eadm \u0111\u00e0 s\u1ebd l\u00e0 l\u1ef1a ch\u1ecdn ho\u00e0n h\u1ea3o cho b\u1ea1n. Kh\u00f4ng ch\u1ec9 l\u00e0m b\u1ea1n th\u00edch th\u00fa m\u00e0 c\u00f2n kh\u00f3 qu\u00ean","robots":{"index":"index","follow":"follow","max-snippet":"max-snippet:-1","max-image-preview":"max-image-preview:large","max-video-preview":"max-video-preview:-1"},"canonical":"https:\/\/xn--trngiaminh-bl3e.azdigi.shop\/?product=banhtrang-phoisuong-sieucay-3","og_locale":"vi_VN","og_type":"article","og_title":"B\u00e1nh tr\u00e1ng ph\u01a1i s\u01b0\u01a1ng si\u00eau cay (5 T\u00fai) c\u1ef1c ngon \u0111\u1ea3m b\u1ea3o ghi\u1ec1n","og_description":"B\u1ea1n \u0111am m\u00ea s\u1ef1 cay \u0111\u1eadm \u0111\u00e0? B\u00e1nh tr\u00e1ng si\u00eau cay t\u1eeb Gia B\u1ea3o v\u1edbi h\u01b0\u01a1ng v\u1ecb \u0111\u1eadm \u0111\u00e0 s\u1ebd l\u00e0 l\u1ef1a ch\u1ecdn ho\u00e0n h\u1ea3o cho b\u1ea1n. Kh\u00f4ng ch\u1ec9 l\u00e0m b\u1ea1n th\u00edch th\u00fa m\u00e0 c\u00f2n kh\u00f3 qu\u00ean","og_url":"https:\/\/xn--trngiaminh-bl3e.azdigi.shop\/?product=banhtrang-phoisuong-sieucay-3","og_site_name":"banhtrang","article_modified_time":"2026-04-23T17:06:36+00:00","og_image":[{"width":1024,"height":1024,"url":"https:\/\/xn--trngiaminh-bl3e.azdigi.shop\/wp-content\/uploads\/2026\/03\/Gemini_Generated_Image_l3olfxl3olfxl3ol.png","type":"image\/png"}],"twitter_card":"summary_large_image","twitter_misc":{"\u01af\u1edbc t\u00ednh th\u1eddi gian \u0111\u1ecdc":"2 ph\u00fat"},"schema":{"@context":"https:\/\/schema.org","@graph":[{"@type":"WebPage","@id":"https:\/\/xn--trngiaminh-bl3e.azdigi.shop\/?product=banhtrang-phoisuong-sieucay-3","url":"https:\/\/xn--trngiaminh-bl3e.azdigi.shop\/?product=banhtrang-phoisuong-sieucay-3","name":"B\u00e1nh tr\u00e1ng ph\u01a1i s\u01b0\u01a1ng si\u00eau cay (5 T\u00fai) c\u1ef1c ngon \u0111\u1ea3m b\u1ea3o ghi\u1ec1n","isPartOf":{"@id":"https:\/\/xn--trngiaminh-bl3e.azdigi.shop\/#website"},"primaryImageOfPage":{"@id":"https:\/\/xn--trngiaminh-bl3e.azdigi.shop\/?product=banhtrang-phoisuong-sieucay-3#primaryimage"},"image":{"@id":"https:\/\/xn--trngiaminh-bl3e.azdigi.shop\/?product=banhtrang-phoisuong-sieucay-3#primaryimage"},"thumbnailUrl":"https:\/\/xn--trngiaminh-bl3e.azdigi.shop\/wp-content\/uploads\/2026\/03\/Gemini_Generated_Image_l3olfxl3olfxl3ol.png","datePublished":"2026-03-29T08:48:50+00:00","dateModified":"2026-04-23T17:06:36+00:00","description":"B\u1ea1n \u0111am m\u00ea s\u1ef1 cay \u0111\u1eadm \u0111\u00e0? B\u00e1nh tr\u00e1ng si\u00eau cay t\u1eeb Gia B\u1ea3o v\u1edbi h\u01b0\u01a1ng v\u1ecb \u0111\u1eadm \u0111\u00e0 s\u1ebd l\u00e0 l\u1ef1a ch\u1ecdn ho\u00e0n h\u1ea3o cho b\u1ea1n. Kh\u00f4ng ch\u1ec9 l\u00e0m b\u1ea1n th\u00edch th\u00fa m\u00e0 c\u00f2n kh\u00f3 qu\u00ean","breadcrumb":{"@id":"https:\/\/xn--trngiaminh-bl3e.azdigi.shop\/?product=banhtrang-phoisuong-sieucay-3#breadcrumb"},"inLanguage":"vi","potentialAction":[{"@type":"ReadAction","target":["https:\/\/xn--trngiaminh-bl3e.azdigi.shop\/?product=banhtrang-phoisuong-sieucay-3"]}]},{"@type":"ImageObject","inLanguage":"vi","@id":"https:\/\/xn--trngiaminh-bl3e.azdigi.shop\/?product=banhtrang-phoisuong-sieucay-3#primaryimage","url":"https:\/\/xn--trngiaminh-bl3e.azdigi.shop\/wp-content\/uploads\/2026\/03\/Gemini_Generated_Image_l3olfxl3olfxl3ol.png","contentUrl":"https:\/\/xn--trngiaminh-bl3e.azdigi.shop\/wp-content\/uploads\/2026\/03\/Gemini_Generated_Image_l3olfxl3olfxl3ol.png","width":1024,"height":1024},{"@type":"BreadcrumbList","@id":"https:\/\/xn--trngiaminh-bl3e.azdigi.shop\/?product=banhtrang-phoisuong-sieucay-3#breadcrumb","itemListElement":[{"@type":"ListItem","position":1,"name":"Trang ch\u1ee7","item":"https:\/\/xn--trngiaminh-bl3e.azdigi.shop\/"},{"@type":"ListItem","position":2,"name":"C\u1eeda h\u00e0ng","item":"https:\/\/xn--trngiaminh-bl3e.azdigi.shop\/?page_id=220"},{"@type":"ListItem","position":3,"name":"B\u00e1nh tr\u00e1ng si\u00eau cay (5 T\u00fai) c\u1ef1c ngon l\u00e0m t\u1eeb b\u00e1nh tr\u00e1ng ph\u01a1i s\u01b0\u01a1ng d\u1ebbo m\u1ec1m b\u00e1nh tr\u00e1ng Gia B\u1ea3o"}]},{"@type":"WebSite","@id":"https:\/\/xn--trngiaminh-bl3e.azdigi.shop\/#website","url":"https:\/\/xn--trngiaminh-bl3e.azdigi.shop\/","name":"banhtrang","description":"Mua \u0110i \u0110\u1eebng Ng\u1ea1i","potentialAction":[{"@type":"SearchAction","target":{"@type":"EntryPoint","urlTemplate":"https:\/\/xn--trngiaminh-bl3e.azdigi.shop\/?s={search_term_string}"},"query-input":{"@type":"PropertyValueSpecification","valueRequired":true,"valueName":"search_term_string"}}],"inLanguage":"vi"}]}},"_links":{"self":[{"href":"https:\/\/xn--trngiaminh-bl3e.azdigi.shop\/index.php?rest_route=\/wp\/v2\/product\/230","targetHints":{"allow":["GET"]}}],"collection":[{"href":"https:\/\/xn--trngiaminh-bl3e.azdigi.shop\/index.php?rest_route=\/wp\/v2\/product"}],"about":[{"href":"https:\/\/xn--trngiaminh-bl3e.azdigi.shop\/index.php?rest_route=\/wp\/v2\/types\/product"}],"replies":[{"embeddable":true,"href":"https:\/\/xn--trngiaminh-bl3e.azdigi.shop\/index.php?rest_route=%2Fwp%2Fv2%2Fcomments&post=230"}],"wp:featuredmedia":[{"embeddable":true,"href":"https:\/\/xn--trngiaminh-bl3e.azdigi.shop\/index.php?rest_route=\/wp\/v2\/media\/227"}],"wp:attachment":[{"href":"https:\/\/xn--trngiaminh-bl3e.azdigi.shop\/index.php?rest_route=%2Fwp%2Fv2%2Fmedia&parent=230"}],"wp:term":[{"taxonomy":"product_brand","embeddable":true,"href":"https:\/\/xn--trngiaminh-bl3e.azdigi.shop\/index.php?rest_route=%2Fwp%2Fv2%2Fproduct_brand&post=230"},{"taxonomy":"product_cat","embeddable":true,"href":"https:\/\/xn--trngiaminh-bl3e.azdigi.shop\/index.php?rest_route=%2Fwp%2Fv2%2Fproduct_cat&post=230"},{"taxonomy":"product_tag","embeddable":true,"href":"https:\/\/xn--trngiaminh-bl3e.azdigi.shop\/index.php?rest_route=%2Fwp%2Fv2%2Fproduct_tag&post=230"}],"curies":[{"name":"wp","href":"https:\/\/api.w.org\/{rel}","templated":true}]}}