{"id":930,"date":"2026-04-22T09:17:44","date_gmt":"2026-04-22T09:17:44","guid":{"rendered":"https:\/\/xn--trngiaminh-bl3e.azdigi.shop\/?page_id=930"},"modified":"2026-04-23T11:02:22","modified_gmt":"2026-04-23T11:02:22","slug":"khuyen","status":"publish","type":"page","link":"https:\/\/xn--trngiaminh-bl3e.azdigi.shop\/?page_id=930","title":{"rendered":"KHUY\u1ebeN M\u00c3I"},"content":{"rendered":"<div style=\"padding: 40px 20px; border-radius: 12px;\">\n<h1 style=\"text-align: center; color: #d84315; font-size: 32px;\">\ud83d\udd25 KHUY\u1ebeN M\u00c3I HOT H\u00d4M NAY \ud83d\udd25<\/h1>\n<p style=\"text-align: center; font-size: 18px; margin-bottom: 30px;\">\u0102n ngon \u2013 gi\u00e1 r\u1ebb \u2013 \u01b0u \u0111\u00e3i ch\u1ec9 c\u00f3 h\u00f4m nay!<\/p>\n<p><!-- BOX 1 --><\/p>\n<div style=\"padding: 20px; margin-bottom: 20px; border-radius: 10px; border: 2px solid #ff7043;\">\n<h2 style=\"color: #e53935;\">\ud83d\udca5 GI\u1ea2M GI\u00c1 COMBO<\/h2>\n<p>Combo 1 ph\u1ea7n: <span style=\"text-decoration: line-through; color: #888;\">49.000\u0111<\/span> <b style=\"color: red;\">39.000\u0111<\/b><\/p>\n<p>Combo 2 ph\u1ea7n: <span style=\"text-decoration: line-through; color: #888;\">89.000\u0111<\/span> <b style=\"color: red;\">79.000\u0111<\/b><\/p>\n<p>Combo 3 ph\u1ea7n: <span style=\"text-decoration: line-through; color: #888;\">129.000\u0111<\/span> <b style=\"color: red;\">109.000\u0111<\/b><\/p>\n<p style=\"color: #e65100;\">\u23f0 \u00c1p d\u1ee5ng \u0111\u1ebfn h\u1ebft h\u00f4m nay<\/p>\n<p><a style=\"display: inline-block; margin-top: 15px; background: #ffca28; color: black; padding: 12px 25px; border-radius: 8px; font-weight: bold; text-decoration: none;\" href=\"\/gio-hang\"> \ud83d\uded2 MUA NGAY <\/a><\/p>\n<\/div>\n<p><!-- BOX 2 --><\/p>\n<div style=\"padding: 20px; margin-bottom: 20px; border-radius: 10px; border: 2px solid #ff7043;\">\n<h2 style=\"color: #e53935;\">\ud83c\udf81 MUA C\u00c0NG NHI\u1ec0U \u2013 T\u1eb6NG C\u00c0NG \u0110\u00c3<\/h2>\n<ul>\n<li>\u2714 Mua 2 combo \u2192 t\u1eb7ng topping<\/li>\n<li>\u2714 Mua 3 combo \u2192 mi\u1ec5n ph\u00ed ship<\/li>\n<li>\u2714 \u0110\u01a1n t\u1eeb 100K \u2192 t\u1eb7ng b\u00e1nh tr\u00e1ng mini<\/li>\n<\/ul>\n<\/div>\n<p><!-- BOX 3 --><\/p>\n<div style=\"padding: 20px; border-radius: 10px; border: 2px solid red;\">\n<h2 style=\"color: red;\">\u26a1 S\u1ed0 L\u01af\u1ee2NG C\u00d3 H\u1ea0N<\/h2>\n<p>Ch\u1ec9 50 combo\/ng\u00e0y \u2013 h\u1ebft l\u00e0 quay v\u1ec1 gi\u00e1 g\u1ed1c!<\/p>\n<p>\ud83d\udd25 \u0110\u00e3 b\u00e1n h\u01a1n 500+ \u0111\u01a1n tu\u1ea7n n\u00e0y<\/p>\n<\/div>\n<\/div>\n","protected":false},"excerpt":{"rendered":"<p>\ud83d\udd25 KHUY\u1ebeN M\u00c3I HOT H\u00d4M NAY \ud83d\udd25 \u0102n ngon \u2013 gi\u00e1 r\u1ebb \u2013 \u01b0u \u0111\u00e3i ch\u1ec9 c\u00f3 h\u00f4m nay! \ud83d\udca5 GI\u1ea2M GI\u00c1 COMBO Combo 1 ph\u1ea7n: 49.000\u0111 39.000\u0111 Combo 2 ph\u1ea7n: 89.000\u0111 79.000\u0111 Combo 3 ph\u1ea7n: 129.000\u0111 109.000\u0111 \u23f0 \u00c1p d\u1ee5ng \u0111\u1ebfn h\u1ebft h\u00f4m nay \ud83d\uded2 MUA NGAY \ud83c\udf81 MUA C\u00c0NG NHI\u1ec0U \u2013 T\u1eb6NG C\u00c0NG [&#8230;]\n","protected":false},"author":1,"featured_media":0,"parent":0,"menu_order":0,"comment_status":"closed","ping_status":"closed","template":"","meta":{"footnotes":""},"class_list":["post-930","page","type-page","status-publish","hentry"],"yoast_head":"<!-- This site is optimized with the Yoast SEO plugin v27.0 - https:\/\/yoast.com\/product\/yoast-seo-wordpress\/ -->\n<title>KHUY\u1ebeN M\u00c3I - banhtrang<\/title>\n<meta name=\"robots\" content=\"index, follow, max-snippet:-1, max-image-preview:large, max-video-preview:-1\" \/>\n<link rel=\"canonical\" href=\"https:\/\/xn--trngiaminh-bl3e.azdigi.shop\/?page_id=930\" \/>\n<meta property=\"og:locale\" content=\"vi_VN\" \/>\n<meta property=\"og:type\" content=\"article\" \/>\n<meta property=\"og:title\" content=\"KHUY\u1ebeN M\u00c3I - banhtrang\" \/>\n<meta property=\"og:description\" content=\"\ud83d\udd25 KHUY\u1ebeN M\u00c3I HOT H\u00d4M NAY \ud83d\udd25 \u0102n ngon \u2013 gi\u00e1 r\u1ebb \u2013 \u01b0u \u0111\u00e3i ch\u1ec9 c\u00f3 h\u00f4m nay! \ud83d\udca5 GI\u1ea2M GI\u00c1 COMBO Combo 1 ph\u1ea7n: 49.000\u0111 39.000\u0111 Combo 2 ph\u1ea7n: 89.000\u0111 79.000\u0111 Combo 3 ph\u1ea7n: 129.000\u0111 109.000\u0111 \u23f0 \u00c1p d\u1ee5ng \u0111\u1ebfn h\u1ebft h\u00f4m nay \ud83d\uded2 MUA NGAY \ud83c\udf81 MUA C\u00c0NG NHI\u1ec0U \u2013 T\u1eb6NG C\u00c0NG [...]\" \/>\n<meta property=\"og:url\" content=\"https:\/\/xn--trngiaminh-bl3e.azdigi.shop\/?page_id=930\" \/>\n<meta property=\"og:site_name\" content=\"banhtrang\" \/>\n<meta property=\"article:modified_time\" content=\"2026-04-23T11:02:22+00:00\" \/>\n<meta name=\"twitter:card\" content=\"summary_large_image\" \/>\n<meta name=\"twitter:label1\" content=\"\u01af\u1edbc t\u00ednh th\u1eddi gian \u0111\u1ecdc\" \/>\n\t<meta name=\"twitter:data1\" content=\"1 ph\u00fat\" \/>\n<script type=\"application\/ld+json\" class=\"yoast-schema-graph\">{\"@context\":\"https:\/\/schema.org\",\"@graph\":[{\"@type\":\"WebPage\",\"@id\":\"https:\/\/xn--trngiaminh-bl3e.azdigi.shop\/?page_id=930\",\"url\":\"https:\/\/xn--trngiaminh-bl3e.azdigi.shop\/?page_id=930\",\"name\":\"KHUY\u1ebeN M\u00c3I - banhtrang\",\"isPartOf\":{\"@id\":\"https:\/\/xn--trngiaminh-bl3e.azdigi.shop\/#website\"},\"datePublished\":\"2026-04-22T09:17:44+00:00\",\"dateModified\":\"2026-04-23T11:02:22+00:00\",\"breadcrumb\":{\"@id\":\"https:\/\/xn--trngiaminh-bl3e.azdigi.shop\/?page_id=930#breadcrumb\"},\"inLanguage\":\"vi\",\"potentialAction\":[{\"@type\":\"ReadAction\",\"target\":[\"https:\/\/xn--trngiaminh-bl3e.azdigi.shop\/?page_id=930\"]}]},{\"@type\":\"BreadcrumbList\",\"@id\":\"https:\/\/xn--trngiaminh-bl3e.azdigi.shop\/?page_id=930#breadcrumb\",\"itemListElement\":[{\"@type\":\"ListItem\",\"position\":1,\"name\":\"Trang ch\u1ee7\",\"item\":\"https:\/\/xn--trngiaminh-bl3e.azdigi.shop\/\"},{\"@type\":\"ListItem\",\"position\":2,\"name\":\"KHUY\u1ebeN M\u00c3I\"}]},{\"@type\":\"WebSite\",\"@id\":\"https:\/\/xn--trngiaminh-bl3e.azdigi.shop\/#website\",\"url\":\"https:\/\/xn--trngiaminh-bl3e.azdigi.shop\/\",\"name\":\"banhtrang\",\"description\":\"Mua \u0110i \u0110\u1eebng Ng\u1ea1i\",\"potentialAction\":[{\"@type\":\"SearchAction\",\"target\":{\"@type\":\"EntryPoint\",\"urlTemplate\":\"https:\/\/xn--trngiaminh-bl3e.azdigi.shop\/?s={search_term_string}\"},\"query-input\":{\"@type\":\"PropertyValueSpecification\",\"valueRequired\":true,\"valueName\":\"search_term_string\"}}],\"inLanguage\":\"vi\"}]}<\/script>\n<!-- \/ Yoast SEO plugin. -->","yoast_head_json":{"title":"KHUY\u1ebeN M\u00c3I - banhtrang","robots":{"index":"index","follow":"follow","max-snippet":"max-snippet:-1","max-image-preview":"max-image-preview:large","max-video-preview":"max-video-preview:-1"},"canonical":"https:\/\/xn--trngiaminh-bl3e.azdigi.shop\/?page_id=930","og_locale":"vi_VN","og_type":"article","og_title":"KHUY\u1ebeN M\u00c3I - banhtrang","og_description":"\ud83d\udd25 KHUY\u1ebeN M\u00c3I HOT H\u00d4M NAY \ud83d\udd25 \u0102n ngon \u2013 gi\u00e1 r\u1ebb \u2013 \u01b0u \u0111\u00e3i ch\u1ec9 c\u00f3 h\u00f4m nay! \ud83d\udca5 GI\u1ea2M GI\u00c1 COMBO Combo 1 ph\u1ea7n: 49.000\u0111 39.000\u0111 Combo 2 ph\u1ea7n: 89.000\u0111 79.000\u0111 Combo 3 ph\u1ea7n: 129.000\u0111 109.000\u0111 \u23f0 \u00c1p d\u1ee5ng \u0111\u1ebfn h\u1ebft h\u00f4m nay \ud83d\uded2 MUA NGAY \ud83c\udf81 MUA C\u00c0NG NHI\u1ec0U \u2013 T\u1eb6NG C\u00c0NG [...]","og_url":"https:\/\/xn--trngiaminh-bl3e.azdigi.shop\/?page_id=930","og_site_name":"banhtrang","article_modified_time":"2026-04-23T11:02:22+00:00","twitter_card":"summary_large_image","twitter_misc":{"\u01af\u1edbc t\u00ednh th\u1eddi gian \u0111\u1ecdc":"1 ph\u00fat"},"schema":{"@context":"https:\/\/schema.org","@graph":[{"@type":"WebPage","@id":"https:\/\/xn--trngiaminh-bl3e.azdigi.shop\/?page_id=930","url":"https:\/\/xn--trngiaminh-bl3e.azdigi.shop\/?page_id=930","name":"KHUY\u1ebeN M\u00c3I - banhtrang","isPartOf":{"@id":"https:\/\/xn--trngiaminh-bl3e.azdigi.shop\/#website"},"datePublished":"2026-04-22T09:17:44+00:00","dateModified":"2026-04-23T11:02:22+00:00","breadcrumb":{"@id":"https:\/\/xn--trngiaminh-bl3e.azdigi.shop\/?page_id=930#breadcrumb"},"inLanguage":"vi","potentialAction":[{"@type":"ReadAction","target":["https:\/\/xn--trngiaminh-bl3e.azdigi.shop\/?page_id=930"]}]},{"@type":"BreadcrumbList","@id":"https:\/\/xn--trngiaminh-bl3e.azdigi.shop\/?page_id=930#breadcrumb","itemListElement":[{"@type":"ListItem","position":1,"name":"Trang ch\u1ee7","item":"https:\/\/xn--trngiaminh-bl3e.azdigi.shop\/"},{"@type":"ListItem","position":2,"name":"KHUY\u1ebeN M\u00c3I"}]},{"@type":"WebSite","@id":"https:\/\/xn--trngiaminh-bl3e.azdigi.shop\/#website","url":"https:\/\/xn--trngiaminh-bl3e.azdigi.shop\/","name":"banhtrang","description":"Mua \u0110i \u0110\u1eebng Ng\u1ea1i","potentialAction":[{"@type":"SearchAction","target":{"@type":"EntryPoint","urlTemplate":"https:\/\/xn--trngiaminh-bl3e.azdigi.shop\/?s={search_term_string}"},"query-input":{"@type":"PropertyValueSpecification","valueRequired":true,"valueName":"search_term_string"}}],"inLanguage":"vi"}]}},"_links":{"self":[{"href":"https:\/\/xn--trngiaminh-bl3e.azdigi.shop\/index.php?rest_route=\/wp\/v2\/pages\/930","targetHints":{"allow":["GET"]}}],"collection":[{"href":"https:\/\/xn--trngiaminh-bl3e.azdigi.shop\/index.php?rest_route=\/wp\/v2\/pages"}],"about":[{"href":"https:\/\/xn--trngiaminh-bl3e.azdigi.shop\/index.php?rest_route=\/wp\/v2\/types\/page"}],"author":[{"embeddable":true,"href":"https:\/\/xn--trngiaminh-bl3e.azdigi.shop\/index.php?rest_route=\/wp\/v2\/users\/1"}],"replies":[{"embeddable":true,"href":"https:\/\/xn--trngiaminh-bl3e.azdigi.shop\/index.php?rest_route=%2Fwp%2Fv2%2Fcomments&post=930"}],"version-history":[{"count":3,"href":"https:\/\/xn--trngiaminh-bl3e.azdigi.shop\/index.php?rest_route=\/wp\/v2\/pages\/930\/revisions"}],"predecessor-version":[{"id":1215,"href":"https:\/\/xn--trngiaminh-bl3e.azdigi.shop\/index.php?rest_route=\/wp\/v2\/pages\/930\/revisions\/1215"}],"wp:attachment":[{"href":"https:\/\/xn--trngiaminh-bl3e.azdigi.shop\/index.php?rest_route=%2Fwp%2Fv2%2Fmedia&parent=930"}],"curies":[{"name":"wp","href":"https:\/\/api.w.org\/{rel}","templated":true}]}}