{"id":738,"date":"2026-04-19T13:57:01","date_gmt":"2026-04-19T13:57:01","guid":{"rendered":"https:\/\/xn--trngiaminh-bl3e.azdigi.shop\/?page_id=738"},"modified":"2026-04-19T13:57:01","modified_gmt":"2026-04-19T13:57:01","slug":"chinh-sach-van-chuyen-va-giao-nhan","status":"publish","type":"page","link":"https:\/\/xn--trngiaminh-bl3e.azdigi.shop\/?page_id=738","title":{"rendered":"Ch\u00ednh s\u00e1ch v\u1eadn chuy\u1ec3n v\u00e0 giao nh\u1eadn"},"content":{"rendered":"<header class=\"entry-header\">\n<h1 class=\"entry-title mb uppercase\">Ch\u00ednh s\u00e1ch v\u1eadn chuy\u1ec3n v\u00e0 giao nh\u1eadn<\/h1>\n<\/header>\n<ol>\n<li><strong>C\u00e1c ph\u01b0\u01a1ng th\u1ee9c giao h\u00e0ng<\/strong><\/li>\n<\/ol>\n<p>Ch\u00fang t\u00f4i s\u1eed d\u1ee5ng 02 ph\u01b0\u01a1ng th\u1ee9c giao h\u00e0ng:<\/p>\n<ul>\n<li>Kh\u00e1ch h\u00e0ng mua tr\u1ef1c ti\u1ebfp h\u00e0ng t\u1ea1i c\u00f4ng ty, c\u1eeda h\u00e0ng c\u1ee7a ch\u00fang t\u00f4i<\/li>\n<li>Ship h\u00e0ng<\/li>\n<\/ul>\n<p>&nbsp;<\/p>\n<ol start=\"2\">\n<li><strong>Th\u1eddi h\u1ea1n \u01b0\u1edbc t\u00ednh cho vi\u1ec7c giao h\u00e0ng<\/strong><\/li>\n<\/ol>\n<p>Th\u00f4ng th\u01b0\u1eddng sau khi nh\u1eadn \u0111\u01b0\u1ee3c th\u00f4ng tin \u0111\u1eb7t h\u00e0ng ch\u00fang t\u00f4i s\u1ebd x\u1eed l\u00fd \u0111\u01a1n h\u00e0ng trong v\u00f2ng 24h v\u00e0 ph\u1ea3n h\u1ed3i l\u1ea1i th\u00f4ng tin cho kh\u00e1ch h\u00e0ng v\u1ec1 vi\u1ec7c thanh to\u00e1n v\u00e0 giao nh\u1eadn.<\/p>\n<p>Th\u1eddi gian giao h\u00e0ng th\u01b0\u1eddng trong kho\u1ea3ng t\u1eeb 3-5 ng\u00e0y k\u1ec3 t\u1eeb ng\u00e0y ch\u1ed1t \u0111\u01a1n h\u00e0ng ho\u1eb7c theo th\u1ecfa thu\u1eadn v\u1edbi kh\u00e1ch khi \u0111\u1eb7t h\u00e0ng.<\/p>\n<p>Tuy nhi\u00ean, c\u0169ng c\u00f3 tr\u01b0\u1eddng h\u1ee3p vi\u1ec7c giao h\u00e0ng k\u00e9o d\u00e0i h\u01a1n nh\u01b0ng ch\u1ec9 x\u1ea3y ra trong nh\u1eefng t\u00ecnh hu\u1ed1ng b\u1ea5t kh\u1ea3 kh\u00e1ng nh\u01b0 sau:<\/p>\n<p>\u2013 Nh\u00e2n vi\u00ean ch\u00fang t\u00f4i li\u00ean l\u1ea1c v\u1edbi kh\u00e1ch h\u00e0ng qua \u0111i\u1ec7n tho\u1ea1i kh\u00f4ng \u0111\u01b0\u1ee3c n\u00ean kh\u00f4ng th\u1ec3 giao h\u00e0ng.<\/p>\n<p>\u2013 \u0110\u1ecba ch\u1ec9 giao h\u00e0ng b\u1ea1n cung c\u1ea5p kh\u00f4ng ch\u00ednh x\u00e1c ho\u1eb7c kh\u00f3 t\u00ecm.<\/p>\n<p>\u2013 S\u1ed1 l\u01b0\u1ee3ng \u0111\u01a1n h\u00e0ng t\u0103ng \u0111\u1ed9t bi\u1ebfn khi\u1ebfn vi\u1ec7c x\u1eed l\u00fd \u0111\u01a1n h\u00e0ng b\u1ecb ch\u1eadm.<\/p>\n<p>\u2013 \u0110\u1ed1i t\u00e1c cung c\u1ea5p h\u00e0ng ch\u1eadm h\u01a1n d\u1ef1 ki\u1ebfn khi\u1ebfn vi\u1ec7c giao h\u00e0ng b\u1ecb ch\u1eadm l\u1ea1i ho\u1eb7c \u0111\u1ed1i t\u00e1c v\u1eadn chuy\u1ec3n giao h\u00e0ng b\u1ecb ch\u1eadm<\/p>\n<p>V\u1ec1 ph\u00ed v\u1eadn chuy\u1ec3n, ch\u00fang t\u00f4i s\u1eed d\u1ee5ng d\u1ecbch v\u1ee5 v\u1eadn chuy\u1ec3n ngo\u00e0i n\u00ean c\u01b0\u1edbc ph\u00ed v\u1eadn chuy\u1ec3n s\u1ebd \u0111\u01b0\u1ee3c t\u00ednh theo ph\u00ed c\u1ee7a c\u00e1c \u0111\u01a1n v\u1ecb v\u1eadn chuy\u1ec3n t\u00f9y v\u00e0o v\u1ecb tr\u00ed v\u00e0 kh\u1ed1i l\u01b0\u1ee3ng c\u1ee7a \u0111\u01a1n h\u00e0ng, khi li\u00ean h\u1ec7 l\u1ea1i x\u00e1c nh\u1eadn \u0111\u01a1n h\u00e0ng v\u1edbi kh\u00e1ch s\u1ebd b\u00e1o m\u1ee9c ph\u00ed c\u1ee5 th\u1ec3 cho kh\u00e1ch h\u00e0ng.<\/p>\n<p>&nbsp;<\/p>\n<ol start=\"3\">\n<li><strong>C\u00e1c gi\u1edbi h\u1ea1n v\u1ec1 m\u1eb7t \u0111\u1ecba l\u00fd cho vi\u1ec7c giao h\u00e0ng<\/strong><\/li>\n<\/ol>\n<p>Ri\u00eang kh\u00e1ch t\u1ec9nh c\u00f3 nhu c\u1ea7u mua s\u1ed1 l\u01b0\u1ee3ng l\u1edbn ho\u1eb7c kh\u00e1ch bu\u00f4n s\u1ec9 n\u1ebfu c\u00f3 nhu c\u1ea7u mua s\u1ea3n ph\u1ea9m , ch\u00fang t\u00f4i s\u1ebd nh\u1edd d\u1ecbch v\u1ee5 giao nh\u1eadn c\u1ee7a c\u00e1c c\u00f4ng ty v\u1eadn chuy\u1ec3n v\u00e0 ph\u00ed s\u1ebd \u0111\u01b0\u1ee3c t\u00ednh theo ph\u00ed c\u1ee7a c\u00e1c \u0111\u01a1n v\u1ecb cung c\u1ea5p d\u1ecbch v\u1ee5 v\u1eadn chuy\u1ec3n ho\u1eb7c theo tho\u1ea3n thu\u1eadn h\u1ee3p \u0111\u1ed3ng gi\u1eefa 2 b\u00ean.<\/p>\n<ol start=\"4\">\n<li><strong>Ph\u00e2n \u0111\u1ecbnh tr\u00e1ch nhi\u1ec7m c\u1ee7a th\u01b0\u01a1ng nh\u00e2n, t\u1ed5 ch\u1ee9c cung \u1ee9ng d\u1ecbch v\u1ee5 logistics v\u1ec1 cung c\u1ea5p ch\u1ee9ng t\u1eeb h\u00e0ng h\u00f3a trong qu\u00e1 tr\u00ecnh giao nh\u1eadn.<\/strong><\/li>\n<\/ol>\n<p>T\u1ea5t c\u1ea3 c\u00e1c \u0111\u01a1n h\u00e0ng \u0111\u1ec1u \u0111\u01b0\u1ee3c \u0111\u00f3ng g\u00f3i s\u1eb5n s\u00e0ng tr\u01b0\u1edbc khi v\u1eadn chuy\u1ec3n, \u0111\u01b0\u1ee3c ni\u00eam phong b\u1edfi Cherrystore.com.vn .<\/p>\n<p>\u0110\u01a1n v\u1ecb v\u1eadn chuy\u1ec3n s\u1ebd ch\u1ec9 ch\u1ecbu tr\u00e1ch nhi\u1ec7m v\u1eadn chuy\u1ec3n h\u00e0ng h\u00f3a theo nguy\u00ean t\u1eafc \u201cnguy\u00ean \u0111ai, nguy\u00ean ki\u1ec7n<\/p>\n<p>Tr\u00ean bao b\u00ec t\u1ea5t c\u1ea3 c\u00e1c \u0111\u01a1n h\u00e0ng \u0111\u1ec1u c\u00f3 th\u00f4ng tin:<\/p>\n<p>Th\u00f4ng tin Ng\u01b0\u1eddi nh\u1eadn, bao g\u1ed3m: T\u00ean ng\u01b0\u1eddi nh\u1eadn, s\u1ed1 \u0111i\u1ec7n tho\u1ea1i v\u00e0 \u0111\u1ecba ch\u1ec9 ng\u01b0\u1eddi nh\u1eadn<\/p>\n<p>M\u00e3 v\u1eadn \u0111\u01a1n c\u1ee7a \u0111\u01a1n h\u00e0ng<\/p>\n<p>\u0110\u1ec3 \u0111\u1ea3m b\u1ea3o an to\u00e0n cho h\u00e0ng h\u00f3a, Cherrystore.com.vn s\u1ebd g\u1eedi k\u00e8m h\u00f3a \u0111\u01a1n t\u00e0i ch\u00ednh ho\u1eb7c phi\u1ebfu xu\u1ea5t kho h\u1ee3p l\u1ec7 c\u1ee7a s\u1ea3n ph\u1ea9m trong b\u01b0u ki\u1ec7n (n\u1ebfu c\u00f3).<\/p>\n<p>H\u00f3a \u0111\u01a1n t\u00e0i ch\u00ednh ho\u1eb7c phi\u1ebfu xu\u1ea5t kho l\u00e0 c\u0103n c\u1ee9 h\u1ed7 tr\u1ee3 qu\u00e1 tr\u00ecnh x\u1eed l\u00fd khi\u1ebfu n\u1ea1i nh\u01b0: x\u00e1c \u0111\u1ecbnh gi\u00e1 tr\u1ecb th\u1ecb tr\u01b0\u1eddng c\u1ee7a h\u00e0ng h\u00f3a, \u0111\u1ea3m b\u1ea3o h\u00e0ng h\u00f3a l\u01b0u th\u00f4ng h\u1ee3p l\u1ec7 v.v..<\/p>\n<ol start=\"5\">\n<li><strong>Tr\u00e1ch nhi\u1ec7m v\u1ec1 tr\u01b0\u1eddng h\u1ee3p h\u00e0ng b\u1ecb h\u01b0 h\u1ecfng do qu\u00e1 tr\u00ecnh v\u1eadn chuy\u1ec3n<\/strong><\/li>\n<\/ol>\n<p>V\u1ec1 vi\u1ec7c cung c\u1ea5p ch\u1ee9ng t\u1eeb h\u00e0ng h\u00f3a trong qu\u00e1 tr\u00ecnh giao nh\u1eadn.<\/p>\n<p>\u0110\u1ed1i v\u1edbi h\u00e0ng h\u00f3a b\u1ecb h\u01b0 h\u1ecfng do qu\u00e1 tr\u00ecnh v\u1eadn chuy\u1ec3n d\u00f9 l\u00e0 \u0111\u01a1n h\u00e0ng do ch\u00ednh c\u1eeda h\u00e0ng v\u1eadn chuy\u1ec3n hay do b\u00ean th\u1ee9 3 v\u1eadn chuy\u1ec3n th\u00ec ch\u00fang t\u00f4i s\u1ebd l\u00e0 b\u00ean \u0111\u1ee9ng ra ch\u1ecbu tr\u00e1ch nhi\u1ec7m gi\u1ea3i quy\u1ebft v\u1ea5n \u0111\u1ec1 cho kh\u00e1ch h\u00e0ng.<\/p>\n<p>Kh\u00e1ch h\u00e0ng c\u00f3 quy\u1ec1n t\u1eeb ch\u1ed1i nh\u1eadn s\u1ea3n ph\u1ea9m v\u00e0 y\u00eau c\u1ea7u \u0111\u1ed5i tr\u1ea3 theo quy \u0111\u1ecbnh \u201c\u00a0<strong><em>\u0111\u1ed5i tr\u1ea3 ho\u00e0n ph\u00ed<\/em><\/strong>\u201d c\u00f2n m\u1ecdi v\u1ea5n \u0111\u1ec1 ph\u00e1t sinh ch\u00fang t\u00f4i s\u1ebd l\u00e0m vi\u1ec7c l\u1ea1i v\u1edbi \u0111\u1ed1i t\u00e1c v\u1eadn chuy\u1ec3n \u0111\u1ec3 gi\u1ea3i quy\u1ebft \u0111\u1ec1n b\u00f9 cho \u0111\u01a1n h\u00e0ng theo th\u1ecfa thu\u1eadn h\u1ee3p t\u00e1c gi\u1eefa c\u00f4ng ty v\u1edbi \u0111\u1ed1i t\u00e1c th\u1ee9 3 cung c\u1ea5p d\u1ecbch v\u1ee5 v\u1eadn chuy\u1ec3n.<\/p>\n<p>&nbsp;<\/p>\n<p><strong>L\u01b0u \u00fd: Tr\u01b0\u1eddng h\u1ee3p ph\u00e1t sinh ch\u1eadm tr\u1ec5 trong vi\u1ec7c giao h\u00e0ng ch\u00fang t\u00f4i s\u1ebd th\u00f4ng tin k\u1ecbp th\u1eddi cho kh\u00e1ch h\u00e0ng v\u00e0 kh\u00e1ch h\u00e0ng c\u00f3 th\u1ec3 l\u1ef1a ch\u1ecdn gi\u1eefa vi\u1ec7c H\u1ee7y ho\u1eb7c ti\u1ebfp t\u1ee5c ch\u1edd h\u00e0ng.<\/strong><\/p>\n","protected":false},"excerpt":{"rendered":"<p>Ch\u00ednh s\u00e1ch v\u1eadn chuy\u1ec3n v\u00e0 giao nh\u1eadn C\u00e1c ph\u01b0\u01a1ng th\u1ee9c giao h\u00e0ng Ch\u00fang t\u00f4i s\u1eed d\u1ee5ng 02 ph\u01b0\u01a1ng th\u1ee9c giao h\u00e0ng: Kh\u00e1ch h\u00e0ng mua tr\u1ef1c ti\u1ebfp h\u00e0ng t\u1ea1i c\u00f4ng ty, c\u1eeda h\u00e0ng c\u1ee7a ch\u00fang t\u00f4i Ship h\u00e0ng &nbsp; Th\u1eddi h\u1ea1n \u01b0\u1edbc t\u00ednh cho vi\u1ec7c giao h\u00e0ng Th\u00f4ng th\u01b0\u1eddng sau khi nh\u1eadn \u0111\u01b0\u1ee3c th\u00f4ng tin \u0111\u1eb7t [&#8230;]\n","protected":false},"author":1,"featured_media":0,"parent":0,"menu_order":0,"comment_status":"closed","ping_status":"closed","template":"","meta":{"footnotes":""},"class_list":["post-738","page","type-page","status-publish","hentry"],"yoast_head":"<!-- This site is optimized with the Yoast SEO plugin v27.0 - https:\/\/yoast.com\/product\/yoast-seo-wordpress\/ -->\n<title>Ch\u00ednh s\u00e1ch v\u1eadn chuy\u1ec3n v\u00e0 giao nh\u1eadn - banhtrang<\/title>\n<meta name=\"robots\" content=\"index, follow, max-snippet:-1, max-image-preview:large, max-video-preview:-1\" \/>\n<link rel=\"canonical\" href=\"https:\/\/xn--trngiaminh-bl3e.azdigi.shop\/?page_id=738\" \/>\n<meta property=\"og:locale\" content=\"vi_VN\" \/>\n<meta property=\"og:type\" content=\"article\" \/>\n<meta property=\"og:title\" content=\"Ch\u00ednh s\u00e1ch v\u1eadn chuy\u1ec3n v\u00e0 giao nh\u1eadn - banhtrang\" \/>\n<meta property=\"og:description\" content=\"Ch\u00ednh s\u00e1ch v\u1eadn chuy\u1ec3n v\u00e0 giao nh\u1eadn C\u00e1c ph\u01b0\u01a1ng th\u1ee9c giao h\u00e0ng Ch\u00fang t\u00f4i s\u1eed d\u1ee5ng 02 ph\u01b0\u01a1ng th\u1ee9c giao h\u00e0ng: Kh\u00e1ch h\u00e0ng mua tr\u1ef1c ti\u1ebfp h\u00e0ng t\u1ea1i c\u00f4ng ty, c\u1eeda h\u00e0ng c\u1ee7a ch\u00fang t\u00f4i Ship h\u00e0ng &nbsp; Th\u1eddi h\u1ea1n \u01b0\u1edbc t\u00ednh cho vi\u1ec7c giao h\u00e0ng Th\u00f4ng th\u01b0\u1eddng sau khi nh\u1eadn \u0111\u01b0\u1ee3c th\u00f4ng tin \u0111\u1eb7t [...]\" \/>\n<meta property=\"og:url\" content=\"https:\/\/xn--trngiaminh-bl3e.azdigi.shop\/?page_id=738\" \/>\n<meta property=\"og:site_name\" content=\"banhtrang\" \/>\n<meta name=\"twitter:card\" content=\"summary_large_image\" \/>\n<meta name=\"twitter:label1\" content=\"\u01af\u1edbc t\u00ednh th\u1eddi gian \u0111\u1ecdc\" \/>\n\t<meta name=\"twitter:data1\" content=\"4 ph\u00fat\" \/>\n<script type=\"application\/ld+json\" class=\"yoast-schema-graph\">{\"@context\":\"https:\/\/schema.org\",\"@graph\":[{\"@type\":\"WebPage\",\"@id\":\"https:\/\/xn--trngiaminh-bl3e.azdigi.shop\/?page_id=738\",\"url\":\"https:\/\/xn--trngiaminh-bl3e.azdigi.shop\/?page_id=738\",\"name\":\"Ch\u00ednh s\u00e1ch v\u1eadn chuy\u1ec3n v\u00e0 giao nh\u1eadn - banhtrang\",\"isPartOf\":{\"@id\":\"https:\/\/xn--trngiaminh-bl3e.azdigi.shop\/#website\"},\"datePublished\":\"2026-04-19T13:57:01+00:00\",\"breadcrumb\":{\"@id\":\"https:\/\/xn--trngiaminh-bl3e.azdigi.shop\/?page_id=738#breadcrumb\"},\"inLanguage\":\"vi\",\"potentialAction\":[{\"@type\":\"ReadAction\",\"target\":[\"https:\/\/xn--trngiaminh-bl3e.azdigi.shop\/?page_id=738\"]}]},{\"@type\":\"BreadcrumbList\",\"@id\":\"https:\/\/xn--trngiaminh-bl3e.azdigi.shop\/?page_id=738#breadcrumb\",\"itemListElement\":[{\"@type\":\"ListItem\",\"position\":1,\"name\":\"Trang ch\u1ee7\",\"item\":\"https:\/\/xn--trngiaminh-bl3e.azdigi.shop\/\"},{\"@type\":\"ListItem\",\"position\":2,\"name\":\"Ch\u00ednh s\u00e1ch v\u1eadn chuy\u1ec3n v\u00e0 giao nh\u1eadn\"}]},{\"@type\":\"WebSite\",\"@id\":\"https:\/\/xn--trngiaminh-bl3e.azdigi.shop\/#website\",\"url\":\"https:\/\/xn--trngiaminh-bl3e.azdigi.shop\/\",\"name\":\"banhtrang\",\"description\":\"Mua \u0110i \u0110\u1eebng Ng\u1ea1i\",\"potentialAction\":[{\"@type\":\"SearchAction\",\"target\":{\"@type\":\"EntryPoint\",\"urlTemplate\":\"https:\/\/xn--trngiaminh-bl3e.azdigi.shop\/?s={search_term_string}\"},\"query-input\":{\"@type\":\"PropertyValueSpecification\",\"valueRequired\":true,\"valueName\":\"search_term_string\"}}],\"inLanguage\":\"vi\"}]}<\/script>\n<!-- \/ Yoast SEO plugin. -->","yoast_head_json":{"title":"Ch\u00ednh s\u00e1ch v\u1eadn chuy\u1ec3n v\u00e0 giao nh\u1eadn - banhtrang","robots":{"index":"index","follow":"follow","max-snippet":"max-snippet:-1","max-image-preview":"max-image-preview:large","max-video-preview":"max-video-preview:-1"},"canonical":"https:\/\/xn--trngiaminh-bl3e.azdigi.shop\/?page_id=738","og_locale":"vi_VN","og_type":"article","og_title":"Ch\u00ednh s\u00e1ch v\u1eadn chuy\u1ec3n v\u00e0 giao nh\u1eadn - banhtrang","og_description":"Ch\u00ednh s\u00e1ch v\u1eadn chuy\u1ec3n v\u00e0 giao nh\u1eadn C\u00e1c ph\u01b0\u01a1ng th\u1ee9c giao h\u00e0ng Ch\u00fang t\u00f4i s\u1eed d\u1ee5ng 02 ph\u01b0\u01a1ng th\u1ee9c giao h\u00e0ng: Kh\u00e1ch h\u00e0ng mua tr\u1ef1c ti\u1ebfp h\u00e0ng t\u1ea1i c\u00f4ng ty, c\u1eeda h\u00e0ng c\u1ee7a ch\u00fang t\u00f4i Ship h\u00e0ng &nbsp; Th\u1eddi h\u1ea1n \u01b0\u1edbc t\u00ednh cho vi\u1ec7c giao h\u00e0ng Th\u00f4ng th\u01b0\u1eddng sau khi nh\u1eadn \u0111\u01b0\u1ee3c th\u00f4ng tin \u0111\u1eb7t [...]","og_url":"https:\/\/xn--trngiaminh-bl3e.azdigi.shop\/?page_id=738","og_site_name":"banhtrang","twitter_card":"summary_large_image","twitter_misc":{"\u01af\u1edbc t\u00ednh th\u1eddi gian \u0111\u1ecdc":"4 ph\u00fat"},"schema":{"@context":"https:\/\/schema.org","@graph":[{"@type":"WebPage","@id":"https:\/\/xn--trngiaminh-bl3e.azdigi.shop\/?page_id=738","url":"https:\/\/xn--trngiaminh-bl3e.azdigi.shop\/?page_id=738","name":"Ch\u00ednh s\u00e1ch v\u1eadn chuy\u1ec3n v\u00e0 giao nh\u1eadn - banhtrang","isPartOf":{"@id":"https:\/\/xn--trngiaminh-bl3e.azdigi.shop\/#website"},"datePublished":"2026-04-19T13:57:01+00:00","breadcrumb":{"@id":"https:\/\/xn--trngiaminh-bl3e.azdigi.shop\/?page_id=738#breadcrumb"},"inLanguage":"vi","potentialAction":[{"@type":"ReadAction","target":["https:\/\/xn--trngiaminh-bl3e.azdigi.shop\/?page_id=738"]}]},{"@type":"BreadcrumbList","@id":"https:\/\/xn--trngiaminh-bl3e.azdigi.shop\/?page_id=738#breadcrumb","itemListElement":[{"@type":"ListItem","position":1,"name":"Trang ch\u1ee7","item":"https:\/\/xn--trngiaminh-bl3e.azdigi.shop\/"},{"@type":"ListItem","position":2,"name":"Ch\u00ednh s\u00e1ch v\u1eadn chuy\u1ec3n v\u00e0 giao nh\u1eadn"}]},{"@type":"WebSite","@id":"https:\/\/xn--trngiaminh-bl3e.azdigi.shop\/#website","url":"https:\/\/xn--trngiaminh-bl3e.azdigi.shop\/","name":"banhtrang","description":"Mua \u0110i \u0110\u1eebng Ng\u1ea1i","potentialAction":[{"@type":"SearchAction","target":{"@type":"EntryPoint","urlTemplate":"https:\/\/xn--trngiaminh-bl3e.azdigi.shop\/?s={search_term_string}"},"query-input":{"@type":"PropertyValueSpecification","valueRequired":true,"valueName":"search_term_string"}}],"inLanguage":"vi"}]}},"_links":{"self":[{"href":"https:\/\/xn--trngiaminh-bl3e.azdigi.shop\/index.php?rest_route=\/wp\/v2\/pages\/738","targetHints":{"allow":["GET"]}}],"collection":[{"href":"https:\/\/xn--trngiaminh-bl3e.azdigi.shop\/index.php?rest_route=\/wp\/v2\/pages"}],"about":[{"href":"https:\/\/xn--trngiaminh-bl3e.azdigi.shop\/index.php?rest_route=\/wp\/v2\/types\/page"}],"author":[{"embeddable":true,"href":"https:\/\/xn--trngiaminh-bl3e.azdigi.shop\/index.php?rest_route=\/wp\/v2\/users\/1"}],"replies":[{"embeddable":true,"href":"https:\/\/xn--trngiaminh-bl3e.azdigi.shop\/index.php?rest_route=%2Fwp%2Fv2%2Fcomments&post=738"}],"version-history":[{"count":1,"href":"https:\/\/xn--trngiaminh-bl3e.azdigi.shop\/index.php?rest_route=\/wp\/v2\/pages\/738\/revisions"}],"predecessor-version":[{"id":739,"href":"https:\/\/xn--trngiaminh-bl3e.azdigi.shop\/index.php?rest_route=\/wp\/v2\/pages\/738\/revisions\/739"}],"wp:attachment":[{"href":"https:\/\/xn--trngiaminh-bl3e.azdigi.shop\/index.php?rest_route=%2Fwp%2Fv2%2Fmedia&parent=738"}],"curies":[{"name":"wp","href":"https:\/\/api.w.org\/{rel}","templated":true}]}}