{"id":736,"date":"2026-04-19T13:53:56","date_gmt":"2026-04-19T13:53:56","guid":{"rendered":"https:\/\/xn--trngiaminh-bl3e.azdigi.shop\/?page_id=736"},"modified":"2026-04-19T13:54:05","modified_gmt":"2026-04-19T13:54:05","slug":"chinh-sach-xu-ly-khieu-nai","status":"publish","type":"page","link":"https:\/\/xn--trngiaminh-bl3e.azdigi.shop\/?page_id=736","title":{"rendered":"Ch\u00ednh s\u00e1ch x\u1eed l\u00fd khi\u1ebfu n\u1ea1i"},"content":{"rendered":"<header class=\"entry-header\">\n<h1 class=\"entry-title mb uppercase\">Ch\u00ednh s\u00e1ch x\u1eed l\u00fd khi\u1ebfu n\u1ea1i<\/h1>\n<\/header>\n<p>\u2013 Ti\u1ebfp nh\u1eadn m\u1ecdi khi\u1ebfu n\u1ea1i c\u1ee7a kh\u00e1ch h\u00e0ng li\u00ean quan \u0111\u1ebfn vi\u1ec7c s\u1eed d\u1ee5ng d\u1ecbch v\u1ee5 c\u1ee7a c\u00f4ng ty.<\/p>\n<p>\u2013 T\u1ea5t c\u1ea3 m\u1ecdi tr\u01b0\u1eddng h\u01a1p b\u1ea3o h\u00e0nh, qu\u00fd kh\u00e1ch c\u00f3 th\u1ec3 li\u00ean h\u1ec7 v\u1edbi ch\u00fang t\u00f4i\u00a0\u0111\u1ec3 l\u00e0m th\u1ee7 t\u1ee5c b\u1ea3o h\u00e0nh.<\/p>\n<p>\u2013 Th\u1eddi gian gi\u1ea3i quy\u1ebft khi\u1ebfu n\u1ea1i trong th\u1eddi h\u1ea1n t\u1ed1i \u0111a l\u00e0 03\u00a0(ba) ng\u00e0y l\u00e0m vi\u1ec7c k\u1ec3 t\u1eeb khi nh\u1eadn \u0111\u01b0\u1ee3c khi\u1ebfu n\u1ea1i c\u1ee7a c\u1ee7a kh\u00e1ch h\u00e0ng. Trong tr\u01b0\u1eddng h\u1ee3p b\u1ea5t kh\u1ea3 kh\u00e1ng 2 b\u00ean s\u1ebd t\u1ef1 th\u01b0\u01a1ng l\u01b0\u1ee3ng.<\/p>\n","protected":false},"excerpt":{"rendered":"<p>Ch\u00ednh s\u00e1ch x\u1eed l\u00fd khi\u1ebfu n\u1ea1i \u2013 Ti\u1ebfp nh\u1eadn m\u1ecdi khi\u1ebfu n\u1ea1i c\u1ee7a kh\u00e1ch h\u00e0ng li\u00ean quan \u0111\u1ebfn vi\u1ec7c s\u1eed d\u1ee5ng d\u1ecbch v\u1ee5 c\u1ee7a c\u00f4ng ty. \u2013 T\u1ea5t c\u1ea3 m\u1ecdi tr\u01b0\u1eddng h\u01a1p b\u1ea3o h\u00e0nh, qu\u00fd kh\u00e1ch c\u00f3 th\u1ec3 li\u00ean h\u1ec7 v\u1edbi ch\u00fang t\u00f4i\u00a0\u0111\u1ec3 l\u00e0m th\u1ee7 t\u1ee5c b\u1ea3o h\u00e0nh. \u2013 Th\u1eddi gian gi\u1ea3i quy\u1ebft khi\u1ebfu n\u1ea1i [&#8230;]\n","protected":false},"author":1,"featured_media":0,"parent":0,"menu_order":0,"comment_status":"closed","ping_status":"closed","template":"","meta":{"footnotes":""},"class_list":["post-736","page","type-page","status-publish","hentry"],"yoast_head":"<!-- This site is optimized with the Yoast SEO plugin v27.0 - https:\/\/yoast.com\/product\/yoast-seo-wordpress\/ -->\n<title>Ch\u00ednh s\u00e1ch x\u1eed l\u00fd khi\u1ebfu n\u1ea1i - banhtrang<\/title>\n<meta name=\"robots\" content=\"index, follow, max-snippet:-1, max-image-preview:large, max-video-preview:-1\" \/>\n<link rel=\"canonical\" href=\"https:\/\/xn--trngiaminh-bl3e.azdigi.shop\/?page_id=736\" \/>\n<meta property=\"og:locale\" content=\"vi_VN\" \/>\n<meta property=\"og:type\" content=\"article\" \/>\n<meta property=\"og:title\" content=\"Ch\u00ednh s\u00e1ch x\u1eed l\u00fd khi\u1ebfu n\u1ea1i - banhtrang\" \/>\n<meta property=\"og:description\" content=\"Ch\u00ednh s\u00e1ch x\u1eed l\u00fd khi\u1ebfu n\u1ea1i \u2013 Ti\u1ebfp nh\u1eadn m\u1ecdi khi\u1ebfu n\u1ea1i c\u1ee7a kh\u00e1ch h\u00e0ng li\u00ean quan \u0111\u1ebfn vi\u1ec7c s\u1eed d\u1ee5ng d\u1ecbch v\u1ee5 c\u1ee7a c\u00f4ng ty. \u2013 T\u1ea5t c\u1ea3 m\u1ecdi tr\u01b0\u1eddng h\u01a1p b\u1ea3o h\u00e0nh, qu\u00fd kh\u00e1ch c\u00f3 th\u1ec3 li\u00ean h\u1ec7 v\u1edbi ch\u00fang t\u00f4i\u00a0\u0111\u1ec3 l\u00e0m th\u1ee7 t\u1ee5c b\u1ea3o h\u00e0nh. \u2013 Th\u1eddi gian gi\u1ea3i quy\u1ebft khi\u1ebfu n\u1ea1i [...]\" \/>\n<meta property=\"og:url\" content=\"https:\/\/xn--trngiaminh-bl3e.azdigi.shop\/?page_id=736\" \/>\n<meta property=\"og:site_name\" content=\"banhtrang\" \/>\n<meta property=\"article:modified_time\" content=\"2026-04-19T13:54:05+00:00\" \/>\n<meta name=\"twitter:card\" content=\"summary_large_image\" \/>\n<meta name=\"twitter:label1\" content=\"\u01af\u1edbc t\u00ednh th\u1eddi gian \u0111\u1ecdc\" \/>\n\t<meta name=\"twitter:data1\" content=\"1 ph\u00fat\" \/>\n<script type=\"application\/ld+json\" class=\"yoast-schema-graph\">{\"@context\":\"https:\/\/schema.org\",\"@graph\":[{\"@type\":\"WebPage\",\"@id\":\"https:\/\/xn--trngiaminh-bl3e.azdigi.shop\/?page_id=736\",\"url\":\"https:\/\/xn--trngiaminh-bl3e.azdigi.shop\/?page_id=736\",\"name\":\"Ch\u00ednh s\u00e1ch x\u1eed l\u00fd khi\u1ebfu n\u1ea1i - banhtrang\",\"isPartOf\":{\"@id\":\"https:\/\/xn--trngiaminh-bl3e.azdigi.shop\/#website\"},\"datePublished\":\"2026-04-19T13:53:56+00:00\",\"dateModified\":\"2026-04-19T13:54:05+00:00\",\"breadcrumb\":{\"@id\":\"https:\/\/xn--trngiaminh-bl3e.azdigi.shop\/?page_id=736#breadcrumb\"},\"inLanguage\":\"vi\",\"potentialAction\":[{\"@type\":\"ReadAction\",\"target\":[\"https:\/\/xn--trngiaminh-bl3e.azdigi.shop\/?page_id=736\"]}]},{\"@type\":\"BreadcrumbList\",\"@id\":\"https:\/\/xn--trngiaminh-bl3e.azdigi.shop\/?page_id=736#breadcrumb\",\"itemListElement\":[{\"@type\":\"ListItem\",\"position\":1,\"name\":\"Trang ch\u1ee7\",\"item\":\"https:\/\/xn--trngiaminh-bl3e.azdigi.shop\/\"},{\"@type\":\"ListItem\",\"position\":2,\"name\":\"Ch\u00ednh s\u00e1ch x\u1eed l\u00fd khi\u1ebfu n\u1ea1i\"}]},{\"@type\":\"WebSite\",\"@id\":\"https:\/\/xn--trngiaminh-bl3e.azdigi.shop\/#website\",\"url\":\"https:\/\/xn--trngiaminh-bl3e.azdigi.shop\/\",\"name\":\"banhtrang\",\"description\":\"Mua \u0110i \u0110\u1eebng Ng\u1ea1i\",\"potentialAction\":[{\"@type\":\"SearchAction\",\"target\":{\"@type\":\"EntryPoint\",\"urlTemplate\":\"https:\/\/xn--trngiaminh-bl3e.azdigi.shop\/?s={search_term_string}\"},\"query-input\":{\"@type\":\"PropertyValueSpecification\",\"valueRequired\":true,\"valueName\":\"search_term_string\"}}],\"inLanguage\":\"vi\"}]}<\/script>\n<!-- \/ Yoast SEO plugin. -->","yoast_head_json":{"title":"Ch\u00ednh s\u00e1ch x\u1eed l\u00fd khi\u1ebfu n\u1ea1i - banhtrang","robots":{"index":"index","follow":"follow","max-snippet":"max-snippet:-1","max-image-preview":"max-image-preview:large","max-video-preview":"max-video-preview:-1"},"canonical":"https:\/\/xn--trngiaminh-bl3e.azdigi.shop\/?page_id=736","og_locale":"vi_VN","og_type":"article","og_title":"Ch\u00ednh s\u00e1ch x\u1eed l\u00fd khi\u1ebfu n\u1ea1i - banhtrang","og_description":"Ch\u00ednh s\u00e1ch x\u1eed l\u00fd khi\u1ebfu n\u1ea1i \u2013 Ti\u1ebfp nh\u1eadn m\u1ecdi khi\u1ebfu n\u1ea1i c\u1ee7a kh\u00e1ch h\u00e0ng li\u00ean quan \u0111\u1ebfn vi\u1ec7c s\u1eed d\u1ee5ng d\u1ecbch v\u1ee5 c\u1ee7a c\u00f4ng ty. \u2013 T\u1ea5t c\u1ea3 m\u1ecdi tr\u01b0\u1eddng h\u01a1p b\u1ea3o h\u00e0nh, qu\u00fd kh\u00e1ch c\u00f3 th\u1ec3 li\u00ean h\u1ec7 v\u1edbi ch\u00fang t\u00f4i\u00a0\u0111\u1ec3 l\u00e0m th\u1ee7 t\u1ee5c b\u1ea3o h\u00e0nh. \u2013 Th\u1eddi gian gi\u1ea3i quy\u1ebft khi\u1ebfu n\u1ea1i [...]","og_url":"https:\/\/xn--trngiaminh-bl3e.azdigi.shop\/?page_id=736","og_site_name":"banhtrang","article_modified_time":"2026-04-19T13:54:05+00:00","twitter_card":"summary_large_image","twitter_misc":{"\u01af\u1edbc t\u00ednh th\u1eddi gian \u0111\u1ecdc":"1 ph\u00fat"},"schema":{"@context":"https:\/\/schema.org","@graph":[{"@type":"WebPage","@id":"https:\/\/xn--trngiaminh-bl3e.azdigi.shop\/?page_id=736","url":"https:\/\/xn--trngiaminh-bl3e.azdigi.shop\/?page_id=736","name":"Ch\u00ednh s\u00e1ch x\u1eed l\u00fd khi\u1ebfu n\u1ea1i - banhtrang","isPartOf":{"@id":"https:\/\/xn--trngiaminh-bl3e.azdigi.shop\/#website"},"datePublished":"2026-04-19T13:53:56+00:00","dateModified":"2026-04-19T13:54:05+00:00","breadcrumb":{"@id":"https:\/\/xn--trngiaminh-bl3e.azdigi.shop\/?page_id=736#breadcrumb"},"inLanguage":"vi","potentialAction":[{"@type":"ReadAction","target":["https:\/\/xn--trngiaminh-bl3e.azdigi.shop\/?page_id=736"]}]},{"@type":"BreadcrumbList","@id":"https:\/\/xn--trngiaminh-bl3e.azdigi.shop\/?page_id=736#breadcrumb","itemListElement":[{"@type":"ListItem","position":1,"name":"Trang ch\u1ee7","item":"https:\/\/xn--trngiaminh-bl3e.azdigi.shop\/"},{"@type":"ListItem","position":2,"name":"Ch\u00ednh s\u00e1ch x\u1eed l\u00fd khi\u1ebfu n\u1ea1i"}]},{"@type":"WebSite","@id":"https:\/\/xn--trngiaminh-bl3e.azdigi.shop\/#website","url":"https:\/\/xn--trngiaminh-bl3e.azdigi.shop\/","name":"banhtrang","description":"Mua \u0110i \u0110\u1eebng Ng\u1ea1i","potentialAction":[{"@type":"SearchAction","target":{"@type":"EntryPoint","urlTemplate":"https:\/\/xn--trngiaminh-bl3e.azdigi.shop\/?s={search_term_string}"},"query-input":{"@type":"PropertyValueSpecification","valueRequired":true,"valueName":"search_term_string"}}],"inLanguage":"vi"}]}},"_links":{"self":[{"href":"https:\/\/xn--trngiaminh-bl3e.azdigi.shop\/index.php?rest_route=\/wp\/v2\/pages\/736","targetHints":{"allow":["GET"]}}],"collection":[{"href":"https:\/\/xn--trngiaminh-bl3e.azdigi.shop\/index.php?rest_route=\/wp\/v2\/pages"}],"about":[{"href":"https:\/\/xn--trngiaminh-bl3e.azdigi.shop\/index.php?rest_route=\/wp\/v2\/types\/page"}],"author":[{"embeddable":true,"href":"https:\/\/xn--trngiaminh-bl3e.azdigi.shop\/index.php?rest_route=\/wp\/v2\/users\/1"}],"replies":[{"embeddable":true,"href":"https:\/\/xn--trngiaminh-bl3e.azdigi.shop\/index.php?rest_route=%2Fwp%2Fv2%2Fcomments&post=736"}],"version-history":[{"count":1,"href":"https:\/\/xn--trngiaminh-bl3e.azdigi.shop\/index.php?rest_route=\/wp\/v2\/pages\/736\/revisions"}],"predecessor-version":[{"id":737,"href":"https:\/\/xn--trngiaminh-bl3e.azdigi.shop\/index.php?rest_route=\/wp\/v2\/pages\/736\/revisions\/737"}],"wp:attachment":[{"href":"https:\/\/xn--trngiaminh-bl3e.azdigi.shop\/index.php?rest_route=%2Fwp%2Fv2%2Fmedia&parent=736"}],"curies":[{"name":"wp","href":"https:\/\/api.w.org\/{rel}","templated":true}]}}