{"id":733,"date":"2026-04-19T13:47:03","date_gmt":"2026-04-19T13:47:03","guid":{"rendered":"https:\/\/xn--trngiaminh-bl3e.azdigi.shop\/?page_id=733"},"modified":"2026-04-19T13:49:00","modified_gmt":"2026-04-19T13:49:00","slug":"chinh-sach-thanh-toan","status":"publish","type":"page","link":"https:\/\/xn--trngiaminh-bl3e.azdigi.shop\/?page_id=733","title":{"rendered":"Ch\u00ednh s\u00e1ch thanh to\u00e1n"},"content":{"rendered":"<header class=\"entry-header\">\n<h1 class=\"entry-title mb uppercase\">Ch\u00ednh s\u00e1ch thanh to\u00e1n<\/h1>\n<\/header>\n<p>C\u00f3 3 h\u00ecnh th\u1ee9c thanh to\u00e1n, kh\u00e1ch h\u00e0ng c\u00f3 th\u1ec3 l\u1ef1a ch\u1ecdn h\u00ecnh th\u1ee9c thu\u1eadn ti\u1ec7n v\u00e0 ph\u00f9 h\u1ee3p v\u1edbi m\u00ecnh nh\u1ea5t:<\/p>\n<p>C\u00e1ch 1: Thanh to\u00e1n ti\u1ec1n m\u1eb7t tr\u1ef1c ti\u1ebfp \u0111\u1ecba ch\u1ec9 c\u1ee7a ch\u00fang t\u00f4i: Kh\u00e1ch h\u00e0ng mua h\u00e0ng t\u1ea1i \u0111\u1ecba \u0111i\u1ec3m kinh doanh c\u1ee7a ch\u00fang t\u00f4i, t\u1ea1i \u0111\u00e2y KH c\u00f3 th\u1ec3 thanh to\u00e1n tr\u1ef1c ti\u1ebfp.<\/p>\n<p>C\u00e1ch 2: Thanh to\u00e1n khi nh\u1eadn h\u00e0ng (COD): V\u1edbi h\u00ecnh th\u1ee9c n\u00e0y kh\u00e1ch h\u00e0ng xem h\u00e0ng t\u1ea1i nh\u00e0, thanh to\u00e1n ti\u1ec1n m\u1eb7t cho nh\u00e2n vi\u00ean giao nh\u1eadn h\u00e0ng<\/p>\n<p>C\u00e1ch 3: Chuy\u1ec3n kho\u1ea3n tr\u01b0\u1edbc: Qu\u00fd kh\u00e1ch chuy\u1ec3n kho\u1ea3n tr\u01b0\u1edbc, sau \u0111\u00f3 ch\u00fang t\u00f4i ti\u1ebfn h\u00e0nh giao h\u00e0ng theo th\u1ecfa thu\u1eadn ho\u1eb7c h\u1ee3p \u0111\u1ed3ng v\u1edbi Qu\u00fd kh\u00e1ch.<\/p>\n<p><strong>Th\u00f4ng tin t\u00e0i kho\u1ea3n:\u00a0<\/strong><\/p>\n<p>Ng\u00e2n h\u00e0ng: VIETCOMBANK<\/p>\n<p>Ch\u1ee7 T\u00e0i Kho\u1ea3n: Tr\u1ea7n Gia Minh<\/p>\n<p>S\u1ed1 T\u00e0i Kho\u1ea3n: 0837754038<\/p>\n<ul>\n<li><em><strong>L\u01b0u \u00fd<\/strong><\/em><\/li>\n<\/ul>\n<p>N\u1ed9i dung chuy\u1ec3n kho\u1ea3n : ghi r\u00f5\u00a0<strong>S\u1ed1 \u0111i\u1ec7n tho\u1ea1i\u00a0<\/strong>ho\u1eb7c\u00a0<strong>S\u1ed1 \u0111\u01a1n h\u00e0ng<br \/>\n<\/strong>Sau khi chuy\u1ec3n kho\u1ea3n, ch\u00fang t\u00f4i s\u1ebd li\u00ean h\u1ec7 x\u00e1c nh\u1eadn v\u00e0 ti\u1ebfn h\u00e0nh giao h\u00e0ng.<\/p>\n<p>N\u1ebfu sau th\u1eddi gian th\u1ecfa thu\u1eadn m\u00e0 ch\u00fang t\u00f4i kh\u00f4ng giao h\u00e0ng ho\u1eb7c kh\u00f4ng ph\u1ea3n h\u1ed3i l\u1ea1i, qu\u00fd kh\u00e1ch c\u00f3 th\u1ec3 g\u1eedi khi\u1ebfu n\u1ea1i tr\u1ef1c ti\u1ebfp v\u1ec1 \u0111\u1ecba ch\u1ec9 tr\u1ee5 s\u1edf<\/p>\n<p>\u0110\u1ed1i v\u1edbi kh\u00e1ch h\u00e0ng c\u00f3 nhu c\u1ea7u mua s\u1ed1 l\u01b0\u1ee3ng l\u1edbn \u0111\u1ec3 kinh doanh ho\u1eb7c bu\u00f4n s\u1ec9 vui l\u00f2ng li\u00ean h\u1ec7 tr\u1ef1c ti\u1ebfp v\u1edbi ch\u00fang t\u00f4i \u0111\u1ec3 c\u00f3 ch\u00ednh s\u00e1ch gi\u00e1 c\u1ea3 h\u1ee3p l\u00fd. V\u00e0 vi\u1ec7c thanh to\u00e1n s\u1ebd \u0111\u01b0\u1ee3c th\u1ef1c hi\u1ec7n theo h\u1ee3p \u0111\u1ed3ng.<\/p>\n<p><strong>Ch\u00fang t\u00f4i cam k\u1ebft kinh doanh minh b\u1ea1ch, h\u1ee3p ph\u00e1p, b\u00e1n h\u00e0ng ch\u1ea5t l\u01b0\u1ee3ng, c\u00f3 ngu\u1ed3n g\u1ed1c<\/strong><\/p>\n","protected":false},"excerpt":{"rendered":"<p>Ch\u00ednh s\u00e1ch thanh to\u00e1n C\u00f3 3 h\u00ecnh th\u1ee9c thanh to\u00e1n, kh\u00e1ch h\u00e0ng c\u00f3 th\u1ec3 l\u1ef1a ch\u1ecdn h\u00ecnh th\u1ee9c thu\u1eadn ti\u1ec7n v\u00e0 ph\u00f9 h\u1ee3p v\u1edbi m\u00ecnh nh\u1ea5t: C\u00e1ch 1: Thanh to\u00e1n ti\u1ec1n m\u1eb7t tr\u1ef1c ti\u1ebfp \u0111\u1ecba ch\u1ec9 c\u1ee7a ch\u00fang t\u00f4i: Kh\u00e1ch h\u00e0ng mua h\u00e0ng t\u1ea1i \u0111\u1ecba \u0111i\u1ec3m kinh doanh c\u1ee7a ch\u00fang t\u00f4i, t\u1ea1i \u0111\u00e2y KH c\u00f3 [&#8230;]\n","protected":false},"author":1,"featured_media":0,"parent":0,"menu_order":0,"comment_status":"closed","ping_status":"closed","template":"","meta":{"footnotes":""},"class_list":["post-733","page","type-page","status-publish","hentry"],"yoast_head":"<!-- This site is optimized with the Yoast SEO plugin v27.0 - https:\/\/yoast.com\/product\/yoast-seo-wordpress\/ -->\n<title>Ch\u00ednh s\u00e1ch thanh to\u00e1n - banhtrang<\/title>\n<meta name=\"robots\" content=\"index, follow, max-snippet:-1, max-image-preview:large, max-video-preview:-1\" \/>\n<link rel=\"canonical\" href=\"https:\/\/xn--trngiaminh-bl3e.azdigi.shop\/?page_id=733\" \/>\n<meta property=\"og:locale\" content=\"vi_VN\" \/>\n<meta property=\"og:type\" content=\"article\" \/>\n<meta property=\"og:title\" content=\"Ch\u00ednh s\u00e1ch thanh to\u00e1n - banhtrang\" \/>\n<meta property=\"og:description\" content=\"Ch\u00ednh s\u00e1ch thanh to\u00e1n C\u00f3 3 h\u00ecnh th\u1ee9c thanh to\u00e1n, kh\u00e1ch h\u00e0ng c\u00f3 th\u1ec3 l\u1ef1a ch\u1ecdn h\u00ecnh th\u1ee9c thu\u1eadn ti\u1ec7n v\u00e0 ph\u00f9 h\u1ee3p v\u1edbi m\u00ecnh nh\u1ea5t: C\u00e1ch 1: Thanh to\u00e1n ti\u1ec1n m\u1eb7t tr\u1ef1c ti\u1ebfp \u0111\u1ecba ch\u1ec9 c\u1ee7a ch\u00fang t\u00f4i: Kh\u00e1ch h\u00e0ng mua h\u00e0ng t\u1ea1i \u0111\u1ecba \u0111i\u1ec3m kinh doanh c\u1ee7a ch\u00fang t\u00f4i, t\u1ea1i \u0111\u00e2y KH c\u00f3 [...]\" \/>\n<meta property=\"og:url\" content=\"https:\/\/xn--trngiaminh-bl3e.azdigi.shop\/?page_id=733\" \/>\n<meta property=\"og:site_name\" content=\"banhtrang\" \/>\n<meta property=\"article:modified_time\" content=\"2026-04-19T13:49:00+00:00\" \/>\n<meta name=\"twitter:card\" content=\"summary_large_image\" \/>\n<meta name=\"twitter:label1\" content=\"\u01af\u1edbc t\u00ednh th\u1eddi gian \u0111\u1ecdc\" \/>\n\t<meta name=\"twitter:data1\" content=\"2 ph\u00fat\" \/>\n<script type=\"application\/ld+json\" class=\"yoast-schema-graph\">{\"@context\":\"https:\/\/schema.org\",\"@graph\":[{\"@type\":\"WebPage\",\"@id\":\"https:\/\/xn--trngiaminh-bl3e.azdigi.shop\/?page_id=733\",\"url\":\"https:\/\/xn--trngiaminh-bl3e.azdigi.shop\/?page_id=733\",\"name\":\"Ch\u00ednh s\u00e1ch thanh to\u00e1n - banhtrang\",\"isPartOf\":{\"@id\":\"https:\/\/xn--trngiaminh-bl3e.azdigi.shop\/#website\"},\"datePublished\":\"2026-04-19T13:47:03+00:00\",\"dateModified\":\"2026-04-19T13:49:00+00:00\",\"breadcrumb\":{\"@id\":\"https:\/\/xn--trngiaminh-bl3e.azdigi.shop\/?page_id=733#breadcrumb\"},\"inLanguage\":\"vi\",\"potentialAction\":[{\"@type\":\"ReadAction\",\"target\":[\"https:\/\/xn--trngiaminh-bl3e.azdigi.shop\/?page_id=733\"]}]},{\"@type\":\"BreadcrumbList\",\"@id\":\"https:\/\/xn--trngiaminh-bl3e.azdigi.shop\/?page_id=733#breadcrumb\",\"itemListElement\":[{\"@type\":\"ListItem\",\"position\":1,\"name\":\"Trang ch\u1ee7\",\"item\":\"https:\/\/xn--trngiaminh-bl3e.azdigi.shop\/\"},{\"@type\":\"ListItem\",\"position\":2,\"name\":\"Ch\u00ednh s\u00e1ch thanh to\u00e1n\"}]},{\"@type\":\"WebSite\",\"@id\":\"https:\/\/xn--trngiaminh-bl3e.azdigi.shop\/#website\",\"url\":\"https:\/\/xn--trngiaminh-bl3e.azdigi.shop\/\",\"name\":\"banhtrang\",\"description\":\"Mua \u0110i \u0110\u1eebng Ng\u1ea1i\",\"potentialAction\":[{\"@type\":\"SearchAction\",\"target\":{\"@type\":\"EntryPoint\",\"urlTemplate\":\"https:\/\/xn--trngiaminh-bl3e.azdigi.shop\/?s={search_term_string}\"},\"query-input\":{\"@type\":\"PropertyValueSpecification\",\"valueRequired\":true,\"valueName\":\"search_term_string\"}}],\"inLanguage\":\"vi\"}]}<\/script>\n<!-- \/ Yoast SEO plugin. -->","yoast_head_json":{"title":"Ch\u00ednh s\u00e1ch thanh to\u00e1n - banhtrang","robots":{"index":"index","follow":"follow","max-snippet":"max-snippet:-1","max-image-preview":"max-image-preview:large","max-video-preview":"max-video-preview:-1"},"canonical":"https:\/\/xn--trngiaminh-bl3e.azdigi.shop\/?page_id=733","og_locale":"vi_VN","og_type":"article","og_title":"Ch\u00ednh s\u00e1ch thanh to\u00e1n - banhtrang","og_description":"Ch\u00ednh s\u00e1ch thanh to\u00e1n C\u00f3 3 h\u00ecnh th\u1ee9c thanh to\u00e1n, kh\u00e1ch h\u00e0ng c\u00f3 th\u1ec3 l\u1ef1a ch\u1ecdn h\u00ecnh th\u1ee9c thu\u1eadn ti\u1ec7n v\u00e0 ph\u00f9 h\u1ee3p v\u1edbi m\u00ecnh nh\u1ea5t: C\u00e1ch 1: Thanh to\u00e1n ti\u1ec1n m\u1eb7t tr\u1ef1c ti\u1ebfp \u0111\u1ecba ch\u1ec9 c\u1ee7a ch\u00fang t\u00f4i: Kh\u00e1ch h\u00e0ng mua h\u00e0ng t\u1ea1i \u0111\u1ecba \u0111i\u1ec3m kinh doanh c\u1ee7a ch\u00fang t\u00f4i, t\u1ea1i \u0111\u00e2y KH c\u00f3 [...]","og_url":"https:\/\/xn--trngiaminh-bl3e.azdigi.shop\/?page_id=733","og_site_name":"banhtrang","article_modified_time":"2026-04-19T13:49:00+00:00","twitter_card":"summary_large_image","twitter_misc":{"\u01af\u1edbc t\u00ednh th\u1eddi gian \u0111\u1ecdc":"2 ph\u00fat"},"schema":{"@context":"https:\/\/schema.org","@graph":[{"@type":"WebPage","@id":"https:\/\/xn--trngiaminh-bl3e.azdigi.shop\/?page_id=733","url":"https:\/\/xn--trngiaminh-bl3e.azdigi.shop\/?page_id=733","name":"Ch\u00ednh s\u00e1ch thanh to\u00e1n - banhtrang","isPartOf":{"@id":"https:\/\/xn--trngiaminh-bl3e.azdigi.shop\/#website"},"datePublished":"2026-04-19T13:47:03+00:00","dateModified":"2026-04-19T13:49:00+00:00","breadcrumb":{"@id":"https:\/\/xn--trngiaminh-bl3e.azdigi.shop\/?page_id=733#breadcrumb"},"inLanguage":"vi","potentialAction":[{"@type":"ReadAction","target":["https:\/\/xn--trngiaminh-bl3e.azdigi.shop\/?page_id=733"]}]},{"@type":"BreadcrumbList","@id":"https:\/\/xn--trngiaminh-bl3e.azdigi.shop\/?page_id=733#breadcrumb","itemListElement":[{"@type":"ListItem","position":1,"name":"Trang ch\u1ee7","item":"https:\/\/xn--trngiaminh-bl3e.azdigi.shop\/"},{"@type":"ListItem","position":2,"name":"Ch\u00ednh s\u00e1ch thanh to\u00e1n"}]},{"@type":"WebSite","@id":"https:\/\/xn--trngiaminh-bl3e.azdigi.shop\/#website","url":"https:\/\/xn--trngiaminh-bl3e.azdigi.shop\/","name":"banhtrang","description":"Mua \u0110i \u0110\u1eebng Ng\u1ea1i","potentialAction":[{"@type":"SearchAction","target":{"@type":"EntryPoint","urlTemplate":"https:\/\/xn--trngiaminh-bl3e.azdigi.shop\/?s={search_term_string}"},"query-input":{"@type":"PropertyValueSpecification","valueRequired":true,"valueName":"search_term_string"}}],"inLanguage":"vi"}]}},"_links":{"self":[{"href":"https:\/\/xn--trngiaminh-bl3e.azdigi.shop\/index.php?rest_route=\/wp\/v2\/pages\/733","targetHints":{"allow":["GET"]}}],"collection":[{"href":"https:\/\/xn--trngiaminh-bl3e.azdigi.shop\/index.php?rest_route=\/wp\/v2\/pages"}],"about":[{"href":"https:\/\/xn--trngiaminh-bl3e.azdigi.shop\/index.php?rest_route=\/wp\/v2\/types\/page"}],"author":[{"embeddable":true,"href":"https:\/\/xn--trngiaminh-bl3e.azdigi.shop\/index.php?rest_route=\/wp\/v2\/users\/1"}],"replies":[{"embeddable":true,"href":"https:\/\/xn--trngiaminh-bl3e.azdigi.shop\/index.php?rest_route=%2Fwp%2Fv2%2Fcomments&post=733"}],"version-history":[{"count":2,"href":"https:\/\/xn--trngiaminh-bl3e.azdigi.shop\/index.php?rest_route=\/wp\/v2\/pages\/733\/revisions"}],"predecessor-version":[{"id":735,"href":"https:\/\/xn--trngiaminh-bl3e.azdigi.shop\/index.php?rest_route=\/wp\/v2\/pages\/733\/revisions\/735"}],"wp:attachment":[{"href":"https:\/\/xn--trngiaminh-bl3e.azdigi.shop\/index.php?rest_route=%2Fwp%2Fv2%2Fmedia&parent=733"}],"curies":[{"name":"wp","href":"https:\/\/api.w.org\/{rel}","templated":true}]}}