{"id":730,"date":"2026-04-19T13:39:42","date_gmt":"2026-04-19T13:39:42","guid":{"rendered":"https:\/\/xn--trngiaminh-bl3e.azdigi.shop\/?page_id=730"},"modified":"2026-04-19T13:39:42","modified_gmt":"2026-04-19T13:39:42","slug":"tuyen-dung","status":"publish","type":"page","link":"https:\/\/xn--trngiaminh-bl3e.azdigi.shop\/?page_id=730","title":{"rendered":"Tuy\u1ec3n D\u1ee5ng"},"content":{"rendered":"<h2 data-section-id=\"1d6szki\" data-start=\"206\" data-end=\"239\">Gia B\u1ea3o \u0111ang t\u00ecm ki\u1ebfm \u0111\u1ed3ng \u0111\u1ed9i<\/h2>\n<p data-start=\"241\" data-end=\"433\">Nh\u1eb1m m\u1edf r\u1ed9ng ho\u1ea1t \u0111\u1ed9ng kinh doanh, <strong data-start=\"276\" data-end=\"287\">Gia B\u1ea3o<\/strong> hi\u1ec7n \u0111ang tuy\u1ec3n d\u1ee5ng nh\u00e2n s\u1ef1 cho c\u00e1c v\u1ecb tr\u00ed sau. Ch\u00fang t\u00f4i mong mu\u1ed1n t\u00ecm ki\u1ebfm nh\u1eefng b\u1ea1n tr\u1ebb n\u0103ng \u0111\u1ed9ng, c\u00f3 tr\u00e1ch nhi\u1ec7m v\u00e0 s\u1eb5n s\u00e0ng g\u1eafn b\u00f3 l\u00e2u d\u00e0i.<\/p>\n<hr data-start=\"435\" data-end=\"438\" \/>\n<h2 data-section-id=\"xpqjda\" data-start=\"440\" data-end=\"486\">\ud83e\uddd1\u200d\ud83d\udcbc V\u1ecb tr\u00ed: Nh\u00e2n vi\u00ean b\u00e1n h\u00e0ng \/ \u0111\u00f3ng g\u00f3i<\/h2>\n<h3 data-section-id=\"lyqlzw\" data-start=\"488\" data-end=\"510\">\ud83d\udccc M\u00f4 t\u1ea3 c\u00f4ng vi\u1ec7c<\/h3>\n<ul data-start=\"511\" data-end=\"713\">\n<li data-section-id=\"oy0use\" data-start=\"511\" data-end=\"557\">T\u01b0 v\u1ea5n, h\u1ed7 tr\u1ee3 kh\u00e1ch h\u00e0ng khi mua s\u1ea3n ph\u1ea9m<\/li>\n<li data-section-id=\"1j1bly7\" data-start=\"558\" data-end=\"590\">So\u1ea1n h\u00e0ng, \u0111\u00f3ng g\u00f3i \u0111\u01a1n h\u00e0ng<\/li>\n<li data-section-id=\"1iqrh45\" data-start=\"591\" data-end=\"627\">Ki\u1ec3m tra s\u1ea3n ph\u1ea9m tr\u01b0\u1edbc khi giao<\/li>\n<li data-section-id=\"oaynam\" data-start=\"628\" data-end=\"670\">S\u1eafp x\u1ebfp, qu\u1ea3n l\u00fd h\u00e0ng h\u00f3a t\u1ea1i c\u1eeda h\u00e0ng<\/li>\n<li data-section-id=\"ugqq1i\" data-start=\"671\" data-end=\"713\">H\u1ed7 tr\u1ee3 c\u00e1c c\u00f4ng vi\u1ec7c kh\u00e1c theo y\u00eau c\u1ea7u<\/li>\n<\/ul>\n<hr data-start=\"715\" data-end=\"718\" \/>\n<h2 data-section-id=\"1p0l746\" data-start=\"720\" data-end=\"743\">\u23f0 Th\u1eddi gian l\u00e0m vi\u1ec7c<\/h2>\n<ul data-start=\"744\" data-end=\"835\">\n<li data-section-id=\"1pq96z0\" data-start=\"744\" data-end=\"788\">L\u00e0m vi\u1ec7c theo ca (full-time \/ part-time)<\/li>\n<li data-section-id=\"1gcz0wq\" data-start=\"789\" data-end=\"835\">Th\u1eddi gian c\u1ee5 th\u1ec3 s\u1ebd trao \u0111\u1ed5i khi ph\u1ecfng v\u1ea5n<\/li>\n<\/ul>\n<hr data-start=\"837\" data-end=\"840\" \/>\n<h2 data-section-id=\"nsqiws\" data-start=\"842\" data-end=\"857\">\ud83d\udcb0 Quy\u1ec1n l\u1ee3i<\/h2>\n<ul data-start=\"858\" data-end=\"1033\">\n<li data-section-id=\"16ueibf\" data-start=\"858\" data-end=\"898\">Thu nh\u1eadp c\u1ea1nh tranh (l\u01b0\u01a1ng + th\u01b0\u1edfng)<\/li>\n<li data-section-id=\"1cgb930\" data-start=\"899\" data-end=\"944\">M\u00f4i tr\u01b0\u1eddng l\u00e0m vi\u1ec7c th\u00e2n thi\u1ec7n, tho\u1ea3i m\u00e1i<\/li>\n<li data-section-id=\"rtewtq\" data-start=\"945\" data-end=\"993\">\u0110\u01b0\u1ee3c \u0111\u00e0o t\u1ea1o b\u00e0i b\u1ea3n khi ch\u01b0a c\u00f3 kinh nghi\u1ec7m<\/li>\n<li data-section-id=\"ul474a\" data-start=\"994\" data-end=\"1033\">C\u01a1 h\u1ed9i ph\u00e1t tri\u1ec3n v\u00e0 g\u1eafn b\u00f3 l\u00e2u d\u00e0i<\/li>\n<\/ul>\n<hr data-start=\"1035\" data-end=\"1038\" \/>\n<h2 data-section-id=\"bgc170\" data-start=\"1040\" data-end=\"1061\">\u2705 Y\u00eau c\u1ea7u \u1ee9ng vi\u00ean<\/h2>\n<ul data-start=\"1062\" data-end=\"1177\">\n<li data-section-id=\"jyx1r6\" data-start=\"1062\" data-end=\"1102\">Trung th\u1ef1c, ch\u0103m ch\u1ec9, c\u00f3 tr\u00e1ch nhi\u1ec7m<\/li>\n<li data-section-id=\"1wdo8pg\" data-start=\"1103\" data-end=\"1132\">Th\u00e1i \u0111\u1ed9 t\u1ed1t, ch\u1ecbu h\u1ecdc h\u1ecfi<\/li>\n<li data-section-id=\"gey06r\" data-start=\"1133\" data-end=\"1177\">\u01afu ti\u00ean \u1ee9ng vi\u00ean c\u00f3 th\u1ec3 l\u00e0m vi\u1ec7c l\u00e2u d\u00e0i<\/li>\n<\/ul>\n<hr data-start=\"1179\" data-end=\"1182\" \/>\n<h2 data-section-id=\"11n1swz\" data-start=\"1184\" data-end=\"1207\">\ud83d\udccd \u0110\u1ecba \u0111i\u1ec3m l\u00e0m vi\u1ec7c<\/h2>\n<ul data-start=\"1208\" data-end=\"1237\">\n<li data-section-id=\"16fhzcc\" data-start=\"1208\" data-end=\"1237\">Gia B\u1ea3o \u2013 27A Nguy\u1ec5n V\u0103n Dung<\/li>\n<\/ul>\n<hr data-start=\"1239\" data-end=\"1242\" \/>\n<h2 data-section-id=\"1hpfxcd\" data-start=\"1244\" data-end=\"1264\">\ud83d\udce9 C\u00e1ch \u1ee9ng tuy\u1ec3n<\/h2>\n<p data-start=\"1265\" data-end=\"1291\">\u1ee8ng vi\u00ean vui l\u00f2ng li\u00ean h\u1ec7:<\/p>\n<ul data-start=\"1293\" data-end=\"1392\">\n<li data-section-id=\"1q2zzs8\" data-start=\"1293\" data-end=\"1320\">\ud83d\udcde S\u0110T: [S\u1ed1 \u0111i\u1ec7n tho\u1ea1i]<\/li>\n<li data-section-id=\"1roydbi\" data-start=\"1321\" data-end=\"1342\">\ud83d\udce7 Email: [Email]<\/li>\n<li data-section-id=\"1k44vqg\" data-start=\"1343\" data-end=\"1392\">Ho\u1eb7c \u0111i\u1ec1n form \u0111\u0103ng k\u00fd tr\u1ef1c ti\u1ebfp tr\u00ean website<\/li>\n<\/ul>\n<hr data-start=\"1394\" data-end=\"1397\" \/>\n<h2 data-section-id=\"141u97f\" data-start=\"1399\" data-end=\"1434\">\ud83d\ude80 Gia nh\u1eadp Gia B\u1ea3o ngay h\u00f4m nay<\/h2>\n<p data-start=\"1435\" data-end=\"1554\">Ch\u00fang t\u00f4i lu\u00f4n ch\u00e0o \u0111\u00f3n nh\u1eefng b\u1ea1n tr\u1ebb nhi\u1ec7t huy\u1ebft, mong mu\u1ed1n ph\u00e1t tri\u1ec3n trong m\u00f4i tr\u01b0\u1eddng l\u00e0m vi\u1ec7c \u1ed5n \u0111\u1ecbnh v\u00e0 n\u0103ng \u0111\u1ed9ng.<\/p>\n","protected":false},"excerpt":{"rendered":"<p>Gia B\u1ea3o \u0111ang t\u00ecm ki\u1ebfm \u0111\u1ed3ng \u0111\u1ed9i Nh\u1eb1m m\u1edf r\u1ed9ng ho\u1ea1t \u0111\u1ed9ng kinh doanh, Gia B\u1ea3o hi\u1ec7n \u0111ang tuy\u1ec3n d\u1ee5ng nh\u00e2n s\u1ef1 cho c\u00e1c v\u1ecb tr\u00ed sau. Ch\u00fang t\u00f4i mong mu\u1ed1n t\u00ecm ki\u1ebfm nh\u1eefng b\u1ea1n tr\u1ebb n\u0103ng \u0111\u1ed9ng, c\u00f3 tr\u00e1ch nhi\u1ec7m v\u00e0 s\u1eb5n s\u00e0ng g\u1eafn b\u00f3 l\u00e2u d\u00e0i. \ud83e\uddd1\u200d\ud83d\udcbc V\u1ecb tr\u00ed: Nh\u00e2n vi\u00ean b\u00e1n h\u00e0ng [&#8230;]\n","protected":false},"author":1,"featured_media":0,"parent":0,"menu_order":0,"comment_status":"closed","ping_status":"closed","template":"","meta":{"footnotes":""},"class_list":["post-730","page","type-page","status-publish","hentry"],"yoast_head":"<!-- This site is optimized with the Yoast SEO plugin v27.0 - https:\/\/yoast.com\/product\/yoast-seo-wordpress\/ -->\n<title>Tuy\u1ec3n D\u1ee5ng - banhtrang<\/title>\n<meta name=\"robots\" content=\"index, follow, max-snippet:-1, max-image-preview:large, max-video-preview:-1\" \/>\n<link rel=\"canonical\" href=\"https:\/\/xn--trngiaminh-bl3e.azdigi.shop\/?page_id=730\" \/>\n<meta property=\"og:locale\" content=\"vi_VN\" \/>\n<meta property=\"og:type\" content=\"article\" \/>\n<meta property=\"og:title\" content=\"Tuy\u1ec3n D\u1ee5ng - banhtrang\" \/>\n<meta property=\"og:description\" content=\"Gia B\u1ea3o \u0111ang t\u00ecm ki\u1ebfm \u0111\u1ed3ng \u0111\u1ed9i Nh\u1eb1m m\u1edf r\u1ed9ng ho\u1ea1t \u0111\u1ed9ng kinh doanh, Gia B\u1ea3o hi\u1ec7n \u0111ang tuy\u1ec3n d\u1ee5ng nh\u00e2n s\u1ef1 cho c\u00e1c v\u1ecb tr\u00ed sau. Ch\u00fang t\u00f4i mong mu\u1ed1n t\u00ecm ki\u1ebfm nh\u1eefng b\u1ea1n tr\u1ebb n\u0103ng \u0111\u1ed9ng, c\u00f3 tr\u00e1ch nhi\u1ec7m v\u00e0 s\u1eb5n s\u00e0ng g\u1eafn b\u00f3 l\u00e2u d\u00e0i. \ud83e\uddd1\u200d\ud83d\udcbc V\u1ecb tr\u00ed: Nh\u00e2n vi\u00ean b\u00e1n h\u00e0ng [...]\" \/>\n<meta property=\"og:url\" content=\"https:\/\/xn--trngiaminh-bl3e.azdigi.shop\/?page_id=730\" \/>\n<meta property=\"og:site_name\" content=\"banhtrang\" \/>\n<meta name=\"twitter:card\" content=\"summary_large_image\" \/>\n<meta name=\"twitter:label1\" content=\"\u01af\u1edbc t\u00ednh th\u1eddi gian \u0111\u1ecdc\" \/>\n\t<meta name=\"twitter:data1\" content=\"2 ph\u00fat\" \/>\n<script type=\"application\/ld+json\" class=\"yoast-schema-graph\">{\"@context\":\"https:\/\/schema.org\",\"@graph\":[{\"@type\":\"WebPage\",\"@id\":\"https:\/\/xn--trngiaminh-bl3e.azdigi.shop\/?page_id=730\",\"url\":\"https:\/\/xn--trngiaminh-bl3e.azdigi.shop\/?page_id=730\",\"name\":\"Tuy\u1ec3n D\u1ee5ng - banhtrang\",\"isPartOf\":{\"@id\":\"https:\/\/xn--trngiaminh-bl3e.azdigi.shop\/#website\"},\"datePublished\":\"2026-04-19T13:39:42+00:00\",\"breadcrumb\":{\"@id\":\"https:\/\/xn--trngiaminh-bl3e.azdigi.shop\/?page_id=730#breadcrumb\"},\"inLanguage\":\"vi\",\"potentialAction\":[{\"@type\":\"ReadAction\",\"target\":[\"https:\/\/xn--trngiaminh-bl3e.azdigi.shop\/?page_id=730\"]}]},{\"@type\":\"BreadcrumbList\",\"@id\":\"https:\/\/xn--trngiaminh-bl3e.azdigi.shop\/?page_id=730#breadcrumb\",\"itemListElement\":[{\"@type\":\"ListItem\",\"position\":1,\"name\":\"Trang ch\u1ee7\",\"item\":\"https:\/\/xn--trngiaminh-bl3e.azdigi.shop\/\"},{\"@type\":\"ListItem\",\"position\":2,\"name\":\"Tuy\u1ec3n D\u1ee5ng\"}]},{\"@type\":\"WebSite\",\"@id\":\"https:\/\/xn--trngiaminh-bl3e.azdigi.shop\/#website\",\"url\":\"https:\/\/xn--trngiaminh-bl3e.azdigi.shop\/\",\"name\":\"banhtrang\",\"description\":\"Mua \u0110i \u0110\u1eebng Ng\u1ea1i\",\"potentialAction\":[{\"@type\":\"SearchAction\",\"target\":{\"@type\":\"EntryPoint\",\"urlTemplate\":\"https:\/\/xn--trngiaminh-bl3e.azdigi.shop\/?s={search_term_string}\"},\"query-input\":{\"@type\":\"PropertyValueSpecification\",\"valueRequired\":true,\"valueName\":\"search_term_string\"}}],\"inLanguage\":\"vi\"}]}<\/script>\n<!-- \/ Yoast SEO plugin. -->","yoast_head_json":{"title":"Tuy\u1ec3n D\u1ee5ng - banhtrang","robots":{"index":"index","follow":"follow","max-snippet":"max-snippet:-1","max-image-preview":"max-image-preview:large","max-video-preview":"max-video-preview:-1"},"canonical":"https:\/\/xn--trngiaminh-bl3e.azdigi.shop\/?page_id=730","og_locale":"vi_VN","og_type":"article","og_title":"Tuy\u1ec3n D\u1ee5ng - banhtrang","og_description":"Gia B\u1ea3o \u0111ang t\u00ecm ki\u1ebfm \u0111\u1ed3ng \u0111\u1ed9i Nh\u1eb1m m\u1edf r\u1ed9ng ho\u1ea1t \u0111\u1ed9ng kinh doanh, Gia B\u1ea3o hi\u1ec7n \u0111ang tuy\u1ec3n d\u1ee5ng nh\u00e2n s\u1ef1 cho c\u00e1c v\u1ecb tr\u00ed sau. Ch\u00fang t\u00f4i mong mu\u1ed1n t\u00ecm ki\u1ebfm nh\u1eefng b\u1ea1n tr\u1ebb n\u0103ng \u0111\u1ed9ng, c\u00f3 tr\u00e1ch nhi\u1ec7m v\u00e0 s\u1eb5n s\u00e0ng g\u1eafn b\u00f3 l\u00e2u d\u00e0i. \ud83e\uddd1\u200d\ud83d\udcbc V\u1ecb tr\u00ed: Nh\u00e2n vi\u00ean b\u00e1n h\u00e0ng [...]","og_url":"https:\/\/xn--trngiaminh-bl3e.azdigi.shop\/?page_id=730","og_site_name":"banhtrang","twitter_card":"summary_large_image","twitter_misc":{"\u01af\u1edbc t\u00ednh th\u1eddi gian \u0111\u1ecdc":"2 ph\u00fat"},"schema":{"@context":"https:\/\/schema.org","@graph":[{"@type":"WebPage","@id":"https:\/\/xn--trngiaminh-bl3e.azdigi.shop\/?page_id=730","url":"https:\/\/xn--trngiaminh-bl3e.azdigi.shop\/?page_id=730","name":"Tuy\u1ec3n D\u1ee5ng - banhtrang","isPartOf":{"@id":"https:\/\/xn--trngiaminh-bl3e.azdigi.shop\/#website"},"datePublished":"2026-04-19T13:39:42+00:00","breadcrumb":{"@id":"https:\/\/xn--trngiaminh-bl3e.azdigi.shop\/?page_id=730#breadcrumb"},"inLanguage":"vi","potentialAction":[{"@type":"ReadAction","target":["https:\/\/xn--trngiaminh-bl3e.azdigi.shop\/?page_id=730"]}]},{"@type":"BreadcrumbList","@id":"https:\/\/xn--trngiaminh-bl3e.azdigi.shop\/?page_id=730#breadcrumb","itemListElement":[{"@type":"ListItem","position":1,"name":"Trang ch\u1ee7","item":"https:\/\/xn--trngiaminh-bl3e.azdigi.shop\/"},{"@type":"ListItem","position":2,"name":"Tuy\u1ec3n D\u1ee5ng"}]},{"@type":"WebSite","@id":"https:\/\/xn--trngiaminh-bl3e.azdigi.shop\/#website","url":"https:\/\/xn--trngiaminh-bl3e.azdigi.shop\/","name":"banhtrang","description":"Mua \u0110i \u0110\u1eebng Ng\u1ea1i","potentialAction":[{"@type":"SearchAction","target":{"@type":"EntryPoint","urlTemplate":"https:\/\/xn--trngiaminh-bl3e.azdigi.shop\/?s={search_term_string}"},"query-input":{"@type":"PropertyValueSpecification","valueRequired":true,"valueName":"search_term_string"}}],"inLanguage":"vi"}]}},"_links":{"self":[{"href":"https:\/\/xn--trngiaminh-bl3e.azdigi.shop\/index.php?rest_route=\/wp\/v2\/pages\/730","targetHints":{"allow":["GET"]}}],"collection":[{"href":"https:\/\/xn--trngiaminh-bl3e.azdigi.shop\/index.php?rest_route=\/wp\/v2\/pages"}],"about":[{"href":"https:\/\/xn--trngiaminh-bl3e.azdigi.shop\/index.php?rest_route=\/wp\/v2\/types\/page"}],"author":[{"embeddable":true,"href":"https:\/\/xn--trngiaminh-bl3e.azdigi.shop\/index.php?rest_route=\/wp\/v2\/users\/1"}],"replies":[{"embeddable":true,"href":"https:\/\/xn--trngiaminh-bl3e.azdigi.shop\/index.php?rest_route=%2Fwp%2Fv2%2Fcomments&post=730"}],"version-history":[{"count":1,"href":"https:\/\/xn--trngiaminh-bl3e.azdigi.shop\/index.php?rest_route=\/wp\/v2\/pages\/730\/revisions"}],"predecessor-version":[{"id":731,"href":"https:\/\/xn--trngiaminh-bl3e.azdigi.shop\/index.php?rest_route=\/wp\/v2\/pages\/730\/revisions\/731"}],"wp:attachment":[{"href":"https:\/\/xn--trngiaminh-bl3e.azdigi.shop\/index.php?rest_route=%2Fwp%2Fv2%2Fmedia&parent=730"}],"curies":[{"name":"wp","href":"https:\/\/api.w.org\/{rel}","templated":true}]}}