{"id":721,"date":"2026-04-19T13:24:08","date_gmt":"2026-04-19T13:24:08","guid":{"rendered":"https:\/\/xn--trngiaminh-bl3e.azdigi.shop\/?page_id=721"},"modified":"2026-04-19T13:37:46","modified_gmt":"2026-04-19T13:37:46","slug":"dich-vu-cung-cap-hang-hoa-tu-thien","status":"publish","type":"page","link":"https:\/\/xn--trngiaminh-bl3e.azdigi.shop\/?page_id=721","title":{"rendered":"D\u1ecaCH V\u1ee4 CUNG C\u1ea4P H\u00c0NG H\u00d3A T\u1eea THI\u1ec6N CH\u1ea4T L\u01af\u1ee2NG \u2013 GI\u00c1 T\u1ed0T"},"content":{"rendered":"<h1 data-section-id=\"1oyekwh\" data-start=\"158\" data-end=\"218\"><\/h1>\n<h2 data-section-id=\"1ji1ntz\" data-start=\"220\" data-end=\"299\">Gi\u1ea3i ph\u00e1p tr\u1ecdn g\u00f3i cho c\u00e1c chuy\u1ebfn t\u1eeb thi\u1ec7n \u2013 Ti\u1ebft ki\u1ec7m, uy t\u00edn, nhanh ch\u00f3ng!<\/h2>\n<p data-start=\"301\" data-end=\"618\"><strong data-start=\"301\" data-end=\"312\">Gia B\u1ea3o<\/strong> t\u1ef1 h\u00e0o l\u00e0 \u0111\u01a1n v\u1ecb cung c\u1ea5p h\u00e0ng h\u00f3a t\u1eeb thi\u1ec7n uy t\u00edn, gi\u00e1 t\u1ed1t t\u1ea1i Vi\u1ec7t Nam.<br data-start=\"386\" data-end=\"389\" \/>V\u1edbi kinh nghi\u1ec7m trong vi\u1ec7c h\u1ed7 tr\u1ee3 c\u00e1c ch\u01b0\u01a1ng tr\u00ecnh thi\u1ec7n nguy\u1ec7n, ch\u00fang t\u00f4i hi\u1ec3u r\u1eb1ng m\u1ed9t chuy\u1ebfn \u0111i \u00fd ngh\u0129a kh\u00f4ng ch\u1ec9 c\u1ea7n <strong data-start=\"510\" data-end=\"541\">h\u00e0ng h\u00f3a \u0111\u1ea3m b\u1ea3o ch\u1ea5t l\u01b0\u1ee3ng<\/strong> m\u00e0 c\u00f2n c\u1ea7n <strong data-start=\"553\" data-end=\"585\">d\u1ecbch v\u1ee5 h\u1ed7 tr\u1ee3 chuy\u00ean nghi\u1ec7p<\/strong> t\u1eeb kh\u00e2u chu\u1ea9n b\u1ecb \u0111\u1ebfn v\u1eadn chuy\u1ec3n.<\/p>\n<hr data-start=\"620\" data-end=\"623\" \/>\n<h2 data-section-id=\"12i6a6m\" data-start=\"625\" data-end=\"654\">\u2b50 V\u00ec sao n\u00ean ch\u1ecdn Gia B\u1ea3o?<\/h2>\n<p data-start=\"656\" data-end=\"717\">Ch\u00fang t\u00f4i cam k\u1ebft mang \u0111\u1ebfn d\u1ecbch v\u1ee5 t\u1ed1t nh\u1ea5t v\u1edbi c\u00e1c ti\u00eau ch\u00ed:<\/p>\n<ul data-start=\"719\" data-end=\"1000\">\n<li data-section-id=\"1mznimh\" data-start=\"719\" data-end=\"786\"><strong data-start=\"721\" data-end=\"745\">Gi\u00e1 t\u1ed1t \u2013 minh b\u1ea1ch:<\/strong> B\u00e1o gi\u00e1 r\u00f5 r\u00e0ng, ph\u00f9 h\u1ee3p m\u1ecdi ng\u00e2n s\u00e1ch<\/li>\n<li data-section-id=\"1rwvl5l\" data-start=\"787\" data-end=\"855\"><strong data-start=\"789\" data-end=\"813\">H\u00e0ng h\u00f3a ch\u1ea5t l\u01b0\u1ee3ng:<\/strong> Ngu\u1ed3n h\u00e0ng \u0111\u1ea3m b\u1ea3o, an to\u00e0n, d\u1ec5 s\u1eed d\u1ee5ng<\/li>\n<li data-section-id=\"123hr1f\" data-start=\"856\" data-end=\"924\"><strong data-start=\"858\" data-end=\"891\">H\u1ed7 tr\u1ee3 \u0111\u00f3ng g\u00f3i \u2013 v\u1eadn chuy\u1ec3n:<\/strong> Giao h\u00e0ng t\u1eadn n\u01a1i theo y\u00eau c\u1ea7u<\/li>\n<li data-section-id=\"1dnexkt\" data-start=\"925\" data-end=\"1000\"><strong data-start=\"927\" data-end=\"946\">T\u01b0 v\u1ea5n t\u1eadn t\u00e2m:<\/strong> H\u1ed7 tr\u1ee3 l\u00ean danh s\u00e1ch h\u00e0ng ph\u00f9 h\u1ee3p t\u1eebng ch\u01b0\u01a1ng tr\u00ecnh<\/li>\n<\/ul>\n<hr data-start=\"1002\" data-end=\"1005\" \/>\n<h2 data-section-id=\"qwedz2\" data-start=\"1007\" data-end=\"1041\">\ud83c\udfaf Kh\u00e1ch h\u00e0ng tin t\u01b0\u1edfng Gia B\u1ea3o<\/h2>\n<p data-start=\"1042\" data-end=\"1149\">Gia B\u1ea3o \u0111\u00e3 \u0111\u1ed3ng h\u00e0nh c\u00f9ng nhi\u1ec1u c\u00e1 nh\u00e2n, nh\u00f3m thi\u1ec7n nguy\u1ec7n v\u00e0 t\u1ed5 ch\u1ee9c trong c\u00e1c ho\u1ea1t \u0111\u1ed9ng h\u1ed7 tr\u1ee3 c\u1ed9ng \u0111\u1ed3ng.<\/p>\n<p data-start=\"1151\" data-end=\"1277\">Ch\u00fang t\u00f4i lu\u00f4n h\u01b0\u1edbng \u0111\u1ebfn vi\u1ec7c <strong data-start=\"1181\" data-end=\"1209\">lan t\u1ecfa gi\u00e1 tr\u1ecb nh\u00e2n v\u0103n<\/strong>, g\u00f3p ph\u1ea7n gi\u00fap c\u00e1c chuy\u1ebfn t\u1eeb thi\u1ec7n tr\u1edf n\u00ean tr\u1ecdn v\u1eb9n v\u00e0 \u00fd ngh\u0129a h\u01a1n.<\/p>\n<hr data-start=\"1279\" data-end=\"1282\" \/>\n<h2 data-section-id=\"77use1\" data-start=\"1284\" data-end=\"1325\">\ud83d\udce6 Danh m\u1ee5c h\u00e0ng h\u00f3a t\u1eeb thi\u1ec7n ph\u1ed5 bi\u1ebfn<\/h2>\n<h3 data-section-id=\"qidmgg\" data-start=\"1327\" data-end=\"1349\">\ud83c\udf5c M\u00ec g\u00f3i c\u00e1c lo\u1ea1i<\/h3>\n<p data-start=\"1350\" data-end=\"1423\">D\u1ec5 b\u1ea3o qu\u1ea3n, ti\u1ec7n l\u1ee3i, gi\u00e1 h\u1ee3p l\u00fd \u2013 ph\u00f9 h\u1ee3p cho c\u00e1c ch\u01b0\u01a1ng tr\u00ecnh c\u1ee9u tr\u1ee3.<\/p>\n<h3 data-section-id=\"11or9ad\" data-start=\"1425\" data-end=\"1448\">\ud83e\uddc2 Gia v\u1ecb thi\u1ebft y\u1ebfu<\/h3>\n<p data-start=\"1449\" data-end=\"1518\">N\u01b0\u1edbc m\u1eafm, n\u01b0\u1edbc t\u01b0\u01a1ng, h\u1ea1t n\u00eam\u2026 gi\u00fap b\u1eefa \u0103n th\u00eam \u0111\u1ea7y \u0111\u1ee7 v\u00e0 ngon mi\u1ec7ng.<\/p>\n<h3 data-section-id=\"li2v8t\" data-start=\"1520\" data-end=\"1534\">\ud83d\udee2\ufe0f D\u1ea7u \u0103n<\/h3>\n<p data-start=\"1535\" data-end=\"1598\">Nguy\u00ean li\u1ec7u kh\u00f4ng th\u1ec3 thi\u1ebfu trong ch\u1ebf bi\u1ebfn th\u1ef1c ph\u1ea9m h\u1eb1ng ng\u00e0y.<\/p>\n<h3 data-section-id=\"1w7dduk\" data-start=\"1600\" data-end=\"1623\">\ud83c\udf5a G\u1ea1o, mu\u1ed1i, \u0111\u01b0\u1eddng<\/h3>\n<p data-start=\"1624\" data-end=\"1695\">Nh\u00f3m th\u1ef1c ph\u1ea9m c\u01a1 b\u1ea3n, quan tr\u1ecdng cho c\u00e1c ch\u01b0\u01a1ng tr\u00ecnh h\u1ed7 tr\u1ee3 d\u00e0i ng\u00e0y.<\/p>\n<h3 data-section-id=\"4jryid\" data-start=\"1697\" data-end=\"1718\">\ud83c\udf6a B\u00e1nh, k\u1eb9o, s\u1eefa<\/h3>\n<p data-start=\"1719\" data-end=\"1782\">B\u1ed5 sung n\u0103ng l\u01b0\u1ee3ng nhanh, ph\u00f9 h\u1ee3p cho tr\u1ebb em v\u00e0 ng\u01b0\u1eddi l\u1edbn tu\u1ed5i.<\/p>\n<h3 data-section-id=\"1cscfyq\" data-start=\"1784\" data-end=\"1814\">\ud83e\udd6b \u0110\u1ed3 kh\u00f4 &amp; th\u1ef1c ph\u1ea9m kh\u00e1c<\/h3>\n<p data-start=\"1815\" data-end=\"1873\">Mi\u1ebfn, b\u00fan kh\u00f4, \u0111\u1eadu, h\u00e0nh kh\u00f4\u2026 d\u1ec5 b\u1ea3o qu\u1ea3n v\u00e0 ti\u1ec7n s\u1eed d\u1ee5ng.<\/p>\n<hr data-start=\"1875\" data-end=\"1878\" \/>\n<h2 data-section-id=\"1sj3r4m\" data-start=\"1880\" data-end=\"1916\">\u2699\ufe0f Quy tr\u00ecnh cung c\u1ea5p t\u1ea1i Gia B\u1ea3o<\/h2>\n<ol data-start=\"1918\" data-end=\"2114\">\n<li data-section-id=\"1also7x\" data-start=\"1918\" data-end=\"1972\">Ti\u1ebfp nh\u1eadn nhu c\u1ea7u (s\u1ed1 l\u01b0\u1ee3ng, lo\u1ea1i h\u00e0ng, \u0111\u1ecba \u0111i\u1ec3m)<\/li>\n<li data-section-id=\"pmlxiy\" data-start=\"1973\" data-end=\"2006\">B\u00e1o gi\u00e1 nhanh ch\u00f3ng, r\u00f5 r\u00e0ng<\/li>\n<li data-section-id=\"15nmd9x\" data-start=\"2007\" data-end=\"2042\">\u0110\u00f3ng g\u00f3i c\u1ea9n th\u1eadn theo y\u00eau c\u1ea7u<\/li>\n<li data-section-id=\"s49weq\" data-start=\"2043\" data-end=\"2074\">Giao h\u00e0ng t\u1eadn n\u01a1i \u0111\u00fang h\u1eb9n<\/li>\n<li data-section-id=\"k7nhlj\" data-start=\"2075\" data-end=\"2114\">H\u1ed7 tr\u1ee3 h\u00f3a \u0111\u01a1n, ch\u1ee9ng t\u1eeb (n\u1ebfu c\u1ea7n)<\/li>\n<\/ol>\n<hr data-start=\"2116\" data-end=\"2119\" \/>\n<h2 data-section-id=\"1r03qh7\" data-start=\"2121\" data-end=\"2145\">\u2705 Cam k\u1ebft c\u1ee7a Gia B\u1ea3o<\/h2>\n<ul data-start=\"2147\" data-end=\"2298\">\n<li data-section-id=\"1d9c6iz\" data-start=\"2147\" data-end=\"2174\">Uy t\u00edn \u0111\u1eb7t l\u00ean h\u00e0ng \u0111\u1ea7u<\/li>\n<li data-section-id=\"qs4vsn\" data-start=\"2175\" data-end=\"2206\">S\u1ea3n ph\u1ea9m \u0111\u1ea3m b\u1ea3o ch\u1ea5t l\u01b0\u1ee3ng<\/li>\n<li data-section-id=\"1xb6jvg\" data-start=\"2207\" data-end=\"2238\">Giao h\u00e0ng nhanh \u2013 \u0111\u00fang \u2013 \u0111\u1ee7<\/li>\n<li data-section-id=\"hh1m68\" data-start=\"2239\" data-end=\"2298\">Gi\u00e1 c\u1ea3 h\u1ee3p l\u00fd, h\u1ed7 tr\u1ee3 t\u1ed1i \u0111a cho ho\u1ea1t \u0111\u1ed9ng thi\u1ec7n nguy\u1ec7n<\/li>\n<\/ul>\n","protected":false},"excerpt":{"rendered":"<p>Gi\u1ea3i ph\u00e1p tr\u1ecdn g\u00f3i cho c\u00e1c chuy\u1ebfn t\u1eeb thi\u1ec7n \u2013 Ti\u1ebft ki\u1ec7m, uy t\u00edn, nhanh ch\u00f3ng! Gia B\u1ea3o t\u1ef1 h\u00e0o l\u00e0 \u0111\u01a1n v\u1ecb cung c\u1ea5p h\u00e0ng h\u00f3a t\u1eeb thi\u1ec7n uy t\u00edn, gi\u00e1 t\u1ed1t t\u1ea1i Vi\u1ec7t Nam.V\u1edbi kinh nghi\u1ec7m trong vi\u1ec7c h\u1ed7 tr\u1ee3 c\u00e1c ch\u01b0\u01a1ng tr\u00ecnh thi\u1ec7n nguy\u1ec7n, ch\u00fang t\u00f4i hi\u1ec3u r\u1eb1ng m\u1ed9t chuy\u1ebfn \u0111i \u00fd [&#8230;]\n","protected":false},"author":1,"featured_media":0,"parent":0,"menu_order":0,"comment_status":"closed","ping_status":"closed","template":"","meta":{"footnotes":""},"class_list":["post-721","page","type-page","status-publish","hentry"],"yoast_head":"<!-- This site is optimized with the Yoast SEO plugin v27.0 - https:\/\/yoast.com\/product\/yoast-seo-wordpress\/ -->\n<title>D\u1ecaCH V\u1ee4 CUNG C\u1ea4P H\u00c0NG H\u00d3A T\u1eea THI\u1ec6N CH\u1ea4T L\u01af\u1ee2NG \u2013 GI\u00c1 T\u1ed0T - banhtrang<\/title>\n<meta name=\"robots\" content=\"index, follow, max-snippet:-1, max-image-preview:large, max-video-preview:-1\" \/>\n<link rel=\"canonical\" href=\"https:\/\/xn--trngiaminh-bl3e.azdigi.shop\/?page_id=721\" \/>\n<meta property=\"og:locale\" content=\"vi_VN\" \/>\n<meta property=\"og:type\" content=\"article\" \/>\n<meta property=\"og:title\" content=\"D\u1ecaCH V\u1ee4 CUNG C\u1ea4P H\u00c0NG H\u00d3A T\u1eea THI\u1ec6N CH\u1ea4T L\u01af\u1ee2NG \u2013 GI\u00c1 T\u1ed0T - banhtrang\" \/>\n<meta property=\"og:description\" content=\"Gi\u1ea3i ph\u00e1p tr\u1ecdn g\u00f3i cho c\u00e1c chuy\u1ebfn t\u1eeb thi\u1ec7n \u2013 Ti\u1ebft ki\u1ec7m, uy t\u00edn, nhanh ch\u00f3ng! Gia B\u1ea3o t\u1ef1 h\u00e0o l\u00e0 \u0111\u01a1n v\u1ecb cung c\u1ea5p h\u00e0ng h\u00f3a t\u1eeb thi\u1ec7n uy t\u00edn, gi\u00e1 t\u1ed1t t\u1ea1i Vi\u1ec7t Nam.V\u1edbi kinh nghi\u1ec7m trong vi\u1ec7c h\u1ed7 tr\u1ee3 c\u00e1c ch\u01b0\u01a1ng tr\u00ecnh thi\u1ec7n nguy\u1ec7n, ch\u00fang t\u00f4i hi\u1ec3u r\u1eb1ng m\u1ed9t chuy\u1ebfn \u0111i \u00fd [...]\" \/>\n<meta property=\"og:url\" content=\"https:\/\/xn--trngiaminh-bl3e.azdigi.shop\/?page_id=721\" \/>\n<meta property=\"og:site_name\" content=\"banhtrang\" \/>\n<meta property=\"article:modified_time\" content=\"2026-04-19T13:37:46+00:00\" \/>\n<meta name=\"twitter:card\" content=\"summary_large_image\" \/>\n<meta name=\"twitter:label1\" content=\"\u01af\u1edbc t\u00ednh th\u1eddi gian \u0111\u1ecdc\" \/>\n\t<meta name=\"twitter:data1\" content=\"3 ph\u00fat\" \/>\n<script type=\"application\/ld+json\" class=\"yoast-schema-graph\">{\"@context\":\"https:\/\/schema.org\",\"@graph\":[{\"@type\":\"WebPage\",\"@id\":\"https:\/\/xn--trngiaminh-bl3e.azdigi.shop\/?page_id=721\",\"url\":\"https:\/\/xn--trngiaminh-bl3e.azdigi.shop\/?page_id=721\",\"name\":\"D\u1ecaCH V\u1ee4 CUNG C\u1ea4P H\u00c0NG H\u00d3A T\u1eea THI\u1ec6N CH\u1ea4T L\u01af\u1ee2NG \u2013 GI\u00c1 T\u1ed0T - banhtrang\",\"isPartOf\":{\"@id\":\"https:\/\/xn--trngiaminh-bl3e.azdigi.shop\/#website\"},\"datePublished\":\"2026-04-19T13:24:08+00:00\",\"dateModified\":\"2026-04-19T13:37:46+00:00\",\"breadcrumb\":{\"@id\":\"https:\/\/xn--trngiaminh-bl3e.azdigi.shop\/?page_id=721#breadcrumb\"},\"inLanguage\":\"vi\",\"potentialAction\":[{\"@type\":\"ReadAction\",\"target\":[\"https:\/\/xn--trngiaminh-bl3e.azdigi.shop\/?page_id=721\"]}]},{\"@type\":\"BreadcrumbList\",\"@id\":\"https:\/\/xn--trngiaminh-bl3e.azdigi.shop\/?page_id=721#breadcrumb\",\"itemListElement\":[{\"@type\":\"ListItem\",\"position\":1,\"name\":\"Trang ch\u1ee7\",\"item\":\"https:\/\/xn--trngiaminh-bl3e.azdigi.shop\/\"},{\"@type\":\"ListItem\",\"position\":2,\"name\":\"D\u1ecaCH V\u1ee4 CUNG C\u1ea4P H\u00c0NG H\u00d3A T\u1eea THI\u1ec6N CH\u1ea4T L\u01af\u1ee2NG \u2013 GI\u00c1 T\u1ed0T\"}]},{\"@type\":\"WebSite\",\"@id\":\"https:\/\/xn--trngiaminh-bl3e.azdigi.shop\/#website\",\"url\":\"https:\/\/xn--trngiaminh-bl3e.azdigi.shop\/\",\"name\":\"banhtrang\",\"description\":\"Mua \u0110i \u0110\u1eebng Ng\u1ea1i\",\"potentialAction\":[{\"@type\":\"SearchAction\",\"target\":{\"@type\":\"EntryPoint\",\"urlTemplate\":\"https:\/\/xn--trngiaminh-bl3e.azdigi.shop\/?s={search_term_string}\"},\"query-input\":{\"@type\":\"PropertyValueSpecification\",\"valueRequired\":true,\"valueName\":\"search_term_string\"}}],\"inLanguage\":\"vi\"}]}<\/script>\n<!-- \/ Yoast SEO plugin. -->","yoast_head_json":{"title":"D\u1ecaCH V\u1ee4 CUNG C\u1ea4P H\u00c0NG H\u00d3A T\u1eea THI\u1ec6N CH\u1ea4T L\u01af\u1ee2NG \u2013 GI\u00c1 T\u1ed0T - banhtrang","robots":{"index":"index","follow":"follow","max-snippet":"max-snippet:-1","max-image-preview":"max-image-preview:large","max-video-preview":"max-video-preview:-1"},"canonical":"https:\/\/xn--trngiaminh-bl3e.azdigi.shop\/?page_id=721","og_locale":"vi_VN","og_type":"article","og_title":"D\u1ecaCH V\u1ee4 CUNG C\u1ea4P H\u00c0NG H\u00d3A T\u1eea THI\u1ec6N CH\u1ea4T L\u01af\u1ee2NG \u2013 GI\u00c1 T\u1ed0T - banhtrang","og_description":"Gi\u1ea3i ph\u00e1p tr\u1ecdn g\u00f3i cho c\u00e1c chuy\u1ebfn t\u1eeb thi\u1ec7n \u2013 Ti\u1ebft ki\u1ec7m, uy t\u00edn, nhanh ch\u00f3ng! Gia B\u1ea3o t\u1ef1 h\u00e0o l\u00e0 \u0111\u01a1n v\u1ecb cung c\u1ea5p h\u00e0ng h\u00f3a t\u1eeb thi\u1ec7n uy t\u00edn, gi\u00e1 t\u1ed1t t\u1ea1i Vi\u1ec7t Nam.V\u1edbi kinh nghi\u1ec7m trong vi\u1ec7c h\u1ed7 tr\u1ee3 c\u00e1c ch\u01b0\u01a1ng tr\u00ecnh thi\u1ec7n nguy\u1ec7n, ch\u00fang t\u00f4i hi\u1ec3u r\u1eb1ng m\u1ed9t chuy\u1ebfn \u0111i \u00fd [...]","og_url":"https:\/\/xn--trngiaminh-bl3e.azdigi.shop\/?page_id=721","og_site_name":"banhtrang","article_modified_time":"2026-04-19T13:37:46+00:00","twitter_card":"summary_large_image","twitter_misc":{"\u01af\u1edbc t\u00ednh th\u1eddi gian \u0111\u1ecdc":"3 ph\u00fat"},"schema":{"@context":"https:\/\/schema.org","@graph":[{"@type":"WebPage","@id":"https:\/\/xn--trngiaminh-bl3e.azdigi.shop\/?page_id=721","url":"https:\/\/xn--trngiaminh-bl3e.azdigi.shop\/?page_id=721","name":"D\u1ecaCH V\u1ee4 CUNG C\u1ea4P H\u00c0NG H\u00d3A T\u1eea THI\u1ec6N CH\u1ea4T L\u01af\u1ee2NG \u2013 GI\u00c1 T\u1ed0T - banhtrang","isPartOf":{"@id":"https:\/\/xn--trngiaminh-bl3e.azdigi.shop\/#website"},"datePublished":"2026-04-19T13:24:08+00:00","dateModified":"2026-04-19T13:37:46+00:00","breadcrumb":{"@id":"https:\/\/xn--trngiaminh-bl3e.azdigi.shop\/?page_id=721#breadcrumb"},"inLanguage":"vi","potentialAction":[{"@type":"ReadAction","target":["https:\/\/xn--trngiaminh-bl3e.azdigi.shop\/?page_id=721"]}]},{"@type":"BreadcrumbList","@id":"https:\/\/xn--trngiaminh-bl3e.azdigi.shop\/?page_id=721#breadcrumb","itemListElement":[{"@type":"ListItem","position":1,"name":"Trang ch\u1ee7","item":"https:\/\/xn--trngiaminh-bl3e.azdigi.shop\/"},{"@type":"ListItem","position":2,"name":"D\u1ecaCH V\u1ee4 CUNG C\u1ea4P H\u00c0NG H\u00d3A T\u1eea THI\u1ec6N CH\u1ea4T L\u01af\u1ee2NG \u2013 GI\u00c1 T\u1ed0T"}]},{"@type":"WebSite","@id":"https:\/\/xn--trngiaminh-bl3e.azdigi.shop\/#website","url":"https:\/\/xn--trngiaminh-bl3e.azdigi.shop\/","name":"banhtrang","description":"Mua \u0110i \u0110\u1eebng Ng\u1ea1i","potentialAction":[{"@type":"SearchAction","target":{"@type":"EntryPoint","urlTemplate":"https:\/\/xn--trngiaminh-bl3e.azdigi.shop\/?s={search_term_string}"},"query-input":{"@type":"PropertyValueSpecification","valueRequired":true,"valueName":"search_term_string"}}],"inLanguage":"vi"}]}},"_links":{"self":[{"href":"https:\/\/xn--trngiaminh-bl3e.azdigi.shop\/index.php?rest_route=\/wp\/v2\/pages\/721","targetHints":{"allow":["GET"]}}],"collection":[{"href":"https:\/\/xn--trngiaminh-bl3e.azdigi.shop\/index.php?rest_route=\/wp\/v2\/pages"}],"about":[{"href":"https:\/\/xn--trngiaminh-bl3e.azdigi.shop\/index.php?rest_route=\/wp\/v2\/types\/page"}],"author":[{"embeddable":true,"href":"https:\/\/xn--trngiaminh-bl3e.azdigi.shop\/index.php?rest_route=\/wp\/v2\/users\/1"}],"replies":[{"embeddable":true,"href":"https:\/\/xn--trngiaminh-bl3e.azdigi.shop\/index.php?rest_route=%2Fwp%2Fv2%2Fcomments&post=721"}],"version-history":[{"count":2,"href":"https:\/\/xn--trngiaminh-bl3e.azdigi.shop\/index.php?rest_route=\/wp\/v2\/pages\/721\/revisions"}],"predecessor-version":[{"id":729,"href":"https:\/\/xn--trngiaminh-bl3e.azdigi.shop\/index.php?rest_route=\/wp\/v2\/pages\/721\/revisions\/729"}],"wp:attachment":[{"href":"https:\/\/xn--trngiaminh-bl3e.azdigi.shop\/index.php?rest_route=%2Fwp%2Fv2%2Fmedia&parent=721"}],"curies":[{"name":"wp","href":"https:\/\/api.w.org\/{rel}","templated":true}]}}