{"id":113,"date":"2026-03-07T20:00:43","date_gmt":"2026-03-07T20:00:43","guid":{"rendered":"http:\/\/localhost\/banhtrang\/?page_id=113"},"modified":"2026-04-18T00:32:22","modified_gmt":"2026-04-18T00:32:22","slug":"lien-he","status":"publish","type":"page","link":"https:\/\/xn--trngiaminh-bl3e.azdigi.shop\/?page_id=113","title":{"rendered":"LI\u00caN H\u1ec6"},"content":{"rendered":"<h1 data-section-id=\"2z32fm\" data-start=\"91\" data-end=\"124\">LI\u00caN H\u1ec6 \u2013 B\u00c1NH TR\u00c1NG GIA B\u1ea2O<\/h1>\r\n<p data-start=\"126\" data-end=\"273\">C\u1ea3m \u01a1n b\u1ea1n \u0111\u00e3 quan t\u00e2m \u0111\u1ebfn <strong data-start=\"153\" data-end=\"175\">B\u00e1nh tr\u00e1ng Gia B\u1ea3o<\/strong> \ud83d\udc9a<br data-start=\"178\" data-end=\"181\" \/>N\u1ebfu b\u1ea1n c\u1ea7n t\u01b0 v\u1ea5n, \u0111\u1eb7t h\u00e0ng ho\u1eb7c h\u1ee3p t\u00e1c, h\u00e3y li\u00ean h\u1ec7 v\u1edbi ch\u00fang t\u00f4i qua th\u00f4ng tin b\u00ean d\u01b0\u1edbi.<\/p>\r\n<hr data-start=\"275\" data-end=\"278\" \/>\r\n<h2 data-section-id=\"fdfh9r\" data-start=\"280\" data-end=\"304\">\ud83c\udfea Th\u00f4ng tin c\u1eeda h\u00e0ng<\/h2>\r\n<ul data-start=\"306\" data-end=\"426\">\r\n<li data-section-id=\"1ubqplr\" data-start=\"306\" data-end=\"349\"><strong data-start=\"308\" data-end=\"328\">T\u00ean th\u01b0\u01a1ng hi\u1ec7u:<\/strong> B\u00e1nh tr\u00e1ng Gia B\u1ea3o<\/li>\r\n<li data-section-id=\"tdmera\" data-start=\"350\" data-end=\"381\"><strong data-start=\"352\" data-end=\"364\">\u0110\u1ecba ch\u1ec9:<\/strong> <strong>k<\/strong>hu ph\u1ed1 2, ph\u01b0\u1eddng T\u00e2n Ninh, h\u1ebbm 63, \u0110\u01b0\u01a1ng CMT8, Th\u00e0nh ph\u1ed1 T\u00e2y Ninh<\/li>\r\n<li data-section-id=\"1s1zmw7\" data-start=\"382\" data-end=\"426\"><strong data-start=\"384\" data-end=\"399\">Gi\u1edd m\u1edf c\u1eeda:<\/strong> 8:00 \u2013 22:00 (h\u00e0ng ng\u00e0y)<\/li>\r\n<\/ul>\r\n<hr data-start=\"428\" data-end=\"431\" \/>\r\n<h2 data-section-id=\"9w5klx\" data-start=\"433\" data-end=\"456\">\ud83d\udcf1 Th\u00f4ng tin li\u00ean h\u1ec7<\/h2>\r\n<ul data-start=\"458\" data-end=\"597\">\r\n<li data-section-id=\"1d3ojio\" data-start=\"458\" data-end=\"494\"><strong data-start=\"460\" data-end=\"479\">Hotline \/ Zalo:<\/strong>\u00a00837754038<\/li>\r\n<li data-section-id=\"1uyh7bw\" data-start=\"495\" data-end=\"526\"><strong data-start=\"497\" data-end=\"507\">Email:<\/strong>\u00a0bivabeo99<a class=\"decorated-link cursor-pointer\" rel=\"noopener\" data-start=\"508\" data-end=\"524\">@gmail.com<\/a><\/li>\r\n<li data-section-id=\"ti1tps\" data-start=\"527\" data-end=\"563\"><strong data-start=\"529\" data-end=\"542\">Facebook:<\/strong> B\u00e1nh tr\u00e1ng Gia B\u1ea3o<\/li>\r\n<li data-section-id=\"1p6neeq\" data-start=\"564\" data-end=\"597\"><strong data-start=\"566\" data-end=\"577\">TikTok:<\/strong> @giabao.banhtrang<\/li>\r\n<\/ul>\r\n<p data-start=\"599\" data-end=\"640\">\ud83d\udc49 H\u1ed7 tr\u1ee3 nhanh \u2013 ph\u1ea3n h\u1ed3i trong v\u00e0i ph\u00fat<\/p>\r\n<h2 data-section-id=\"f6c6pl\" data-start=\"647\" data-end=\"667\">\ud83d\uded2 \u0110\u1eb7t h\u00e0ng nhanh<\/h2>\r\n<p data-start=\"669\" data-end=\"699\">B\u1ea1n c\u00f3 th\u1ec3 \u0111\u1eb7t h\u00e0ng b\u1eb1ng c\u00e1ch:<\/p>\r\n<ul data-start=\"700\" data-end=\"782\">\r\n<li data-section-id=\"10oeaqo\" data-start=\"700\" data-end=\"740\">Nh\u1eafn tin tr\u1ef1c ti\u1ebfp qua Facebook\/Zalo<\/li>\r\n<li data-section-id=\"ww45g6\" data-start=\"741\" data-end=\"756\">G\u1ecdi hotline<\/li>\r\n<li data-section-id=\"c1g4yq\" data-start=\"757\" data-end=\"782\">Comment d\u01b0\u1edbi b\u00e0i vi\u1ebft<\/li>\r\n<\/ul>\r\n<p data-start=\"784\" data-end=\"832\">\ud83d\udc49 Ship nhanh \u2013 \u0111\u00f3ng g\u00f3i k\u1ef9 \u2013 \u0111\u1ea3m b\u1ea3o ch\u1ea5t l\u01b0\u1ee3ng<\/p>\r\n<h2 data-section-id=\"14x995s\" data-start=\"839\" data-end=\"860\">\ud83e\udd1d H\u1ee3p t\u00e1c &amp; s\u1ec9 l\u1ebb<\/h2>\r\n<p data-start=\"862\" data-end=\"886\">B\u00e1nh tr\u00e1ng Gia B\u1ea3o nh\u1eadn:<\/p>\r\n<ul data-start=\"887\" data-end=\"982\">\r\n<li data-section-id=\"1380ou\" data-start=\"887\" data-end=\"916\">B\u1ecf s\u1ec9 b\u00e1nh tr\u00e1ng c\u00e1c lo\u1ea1i<\/li>\r\n<li data-section-id=\"19uaz2e\" data-start=\"917\" data-end=\"944\">H\u1ee3p t\u00e1c b\u00e1n h\u00e0ng online<\/li>\r\n<li data-section-id=\"1jwjg6m\" data-start=\"945\" data-end=\"982\">Cung c\u1ea5p s\u1ed1 l\u01b0\u1ee3ng l\u1edbn cho qu\u00e1n \u0103n<\/li>\r\n<\/ul>\r\n<p data-start=\"984\" data-end=\"1029\">\ud83d\udce9 Li\u00ean h\u1ec7 tr\u1ef1c ti\u1ebfp \u0111\u1ec3 \u0111\u01b0\u1ee3c b\u00e1o gi\u00e1 t\u1ed1t nh\u1ea5t<\/p>\r\n<h2 data-section-id=\"1pmwaqz\" data-start=\"1036\" data-end=\"1050\">\ud83d\udcac L\u1eddi nh\u1eafn<\/h2>\r\n<p data-start=\"1052\" data-end=\"1195\">Ch\u00fang t\u00f4i lu\u00f4n \u0111\u1eb7t <strong data-start=\"1071\" data-end=\"1115\">ch\u1ea5t l\u01b0\u1ee3ng v\u00e0 s\u1ef1 h\u00e0i l\u00f2ng c\u1ee7a kh\u00e1ch h\u00e0ng<\/strong> l\u00ean h\u00e0ng \u0111\u1ea7u.<br data-start=\"1129\" data-end=\"1132\" \/>M\u1ecdi \u00fd ki\u1ebfn \u0111\u00f3ng g\u00f3p s\u1ebd gi\u00fap Gia B\u1ea3o ng\u00e0y c\u00e0ng ho\u00e0n thi\u1ec7n h\u01a1n \ud83d\udc9a<\/p>\r\n","protected":false},"excerpt":{"rendered":"<p>LI\u00caN H\u1ec6 \u2013 B\u00c1NH TR\u00c1NG GIA B\u1ea2O C\u1ea3m \u01a1n b\u1ea1n \u0111\u00e3 quan t\u00e2m \u0111\u1ebfn B\u00e1nh tr\u00e1ng Gia B\u1ea3o \ud83d\udc9aN\u1ebfu b\u1ea1n c\u1ea7n t\u01b0 v\u1ea5n, \u0111\u1eb7t h\u00e0ng ho\u1eb7c h\u1ee3p t\u00e1c, h\u00e3y li\u00ean h\u1ec7 v\u1edbi ch\u00fang t\u00f4i qua th\u00f4ng tin b\u00ean d\u01b0\u1edbi. \ud83c\udfea Th\u00f4ng tin c\u1eeda h\u00e0ng T\u00ean th\u01b0\u01a1ng hi\u1ec7u: B\u00e1nh tr\u00e1ng Gia B\u1ea3o \u0110\u1ecba ch\u1ec9: khu ph\u1ed1 [&#8230;]\n","protected":false},"author":1,"featured_media":0,"parent":0,"menu_order":0,"comment_status":"closed","ping_status":"closed","template":"","meta":{"footnotes":""},"class_list":["post-113","page","type-page","status-publish","hentry"],"yoast_head":"<!-- This site is optimized with the Yoast SEO plugin v27.0 - https:\/\/yoast.com\/product\/yoast-seo-wordpress\/ -->\n<title>LI\u00caN H\u1ec6 - banhtrang<\/title>\n<meta name=\"robots\" content=\"index, follow, max-snippet:-1, max-image-preview:large, max-video-preview:-1\" \/>\n<link rel=\"canonical\" href=\"https:\/\/xn--trngiaminh-bl3e.azdigi.shop\/?page_id=113\" \/>\n<meta property=\"og:locale\" content=\"vi_VN\" \/>\n<meta property=\"og:type\" content=\"article\" \/>\n<meta property=\"og:title\" content=\"LI\u00caN H\u1ec6 - banhtrang\" \/>\n<meta property=\"og:description\" content=\"LI\u00caN H\u1ec6 \u2013 B\u00c1NH TR\u00c1NG GIA B\u1ea2O C\u1ea3m \u01a1n b\u1ea1n \u0111\u00e3 quan t\u00e2m \u0111\u1ebfn B\u00e1nh tr\u00e1ng Gia B\u1ea3o \ud83d\udc9aN\u1ebfu b\u1ea1n c\u1ea7n t\u01b0 v\u1ea5n, \u0111\u1eb7t h\u00e0ng ho\u1eb7c h\u1ee3p t\u00e1c, h\u00e3y li\u00ean h\u1ec7 v\u1edbi ch\u00fang t\u00f4i qua th\u00f4ng tin b\u00ean d\u01b0\u1edbi. \ud83c\udfea Th\u00f4ng tin c\u1eeda h\u00e0ng T\u00ean th\u01b0\u01a1ng hi\u1ec7u: B\u00e1nh tr\u00e1ng Gia B\u1ea3o \u0110\u1ecba ch\u1ec9: khu ph\u1ed1 [...]\" \/>\n<meta property=\"og:url\" content=\"https:\/\/xn--trngiaminh-bl3e.azdigi.shop\/?page_id=113\" \/>\n<meta property=\"og:site_name\" content=\"banhtrang\" \/>\n<meta property=\"article:modified_time\" content=\"2026-04-18T00:32:22+00:00\" \/>\n<meta name=\"twitter:card\" content=\"summary_large_image\" \/>\n<meta name=\"twitter:label1\" content=\"\u01af\u1edbc t\u00ednh th\u1eddi gian \u0111\u1ecdc\" \/>\n\t<meta name=\"twitter:data1\" content=\"2 ph\u00fat\" \/>\n<script type=\"application\/ld+json\" class=\"yoast-schema-graph\">{\"@context\":\"https:\/\/schema.org\",\"@graph\":[{\"@type\":\"WebPage\",\"@id\":\"https:\/\/xn--trngiaminh-bl3e.azdigi.shop\/?page_id=113\",\"url\":\"https:\/\/xn--trngiaminh-bl3e.azdigi.shop\/?page_id=113\",\"name\":\"LI\u00caN H\u1ec6 - banhtrang\",\"isPartOf\":{\"@id\":\"https:\/\/xn--trngiaminh-bl3e.azdigi.shop\/#website\"},\"datePublished\":\"2026-03-07T20:00:43+00:00\",\"dateModified\":\"2026-04-18T00:32:22+00:00\",\"breadcrumb\":{\"@id\":\"https:\/\/xn--trngiaminh-bl3e.azdigi.shop\/?page_id=113#breadcrumb\"},\"inLanguage\":\"vi\",\"potentialAction\":[{\"@type\":\"ReadAction\",\"target\":[\"https:\/\/xn--trngiaminh-bl3e.azdigi.shop\/?page_id=113\"]}]},{\"@type\":\"BreadcrumbList\",\"@id\":\"https:\/\/xn--trngiaminh-bl3e.azdigi.shop\/?page_id=113#breadcrumb\",\"itemListElement\":[{\"@type\":\"ListItem\",\"position\":1,\"name\":\"Trang ch\u1ee7\",\"item\":\"https:\/\/xn--trngiaminh-bl3e.azdigi.shop\/\"},{\"@type\":\"ListItem\",\"position\":2,\"name\":\"LI\u00caN H\u1ec6\"}]},{\"@type\":\"WebSite\",\"@id\":\"https:\/\/xn--trngiaminh-bl3e.azdigi.shop\/#website\",\"url\":\"https:\/\/xn--trngiaminh-bl3e.azdigi.shop\/\",\"name\":\"banhtrang\",\"description\":\"Mua \u0110i \u0110\u1eebng Ng\u1ea1i\",\"potentialAction\":[{\"@type\":\"SearchAction\",\"target\":{\"@type\":\"EntryPoint\",\"urlTemplate\":\"https:\/\/xn--trngiaminh-bl3e.azdigi.shop\/?s={search_term_string}\"},\"query-input\":{\"@type\":\"PropertyValueSpecification\",\"valueRequired\":true,\"valueName\":\"search_term_string\"}}],\"inLanguage\":\"vi\"}]}<\/script>\n<!-- \/ Yoast SEO plugin. -->","yoast_head_json":{"title":"LI\u00caN H\u1ec6 - banhtrang","robots":{"index":"index","follow":"follow","max-snippet":"max-snippet:-1","max-image-preview":"max-image-preview:large","max-video-preview":"max-video-preview:-1"},"canonical":"https:\/\/xn--trngiaminh-bl3e.azdigi.shop\/?page_id=113","og_locale":"vi_VN","og_type":"article","og_title":"LI\u00caN H\u1ec6 - banhtrang","og_description":"LI\u00caN H\u1ec6 \u2013 B\u00c1NH TR\u00c1NG GIA B\u1ea2O C\u1ea3m \u01a1n b\u1ea1n \u0111\u00e3 quan t\u00e2m \u0111\u1ebfn B\u00e1nh tr\u00e1ng Gia B\u1ea3o \ud83d\udc9aN\u1ebfu b\u1ea1n c\u1ea7n t\u01b0 v\u1ea5n, \u0111\u1eb7t h\u00e0ng ho\u1eb7c h\u1ee3p t\u00e1c, h\u00e3y li\u00ean h\u1ec7 v\u1edbi ch\u00fang t\u00f4i qua th\u00f4ng tin b\u00ean d\u01b0\u1edbi. \ud83c\udfea Th\u00f4ng tin c\u1eeda h\u00e0ng T\u00ean th\u01b0\u01a1ng hi\u1ec7u: B\u00e1nh tr\u00e1ng Gia B\u1ea3o \u0110\u1ecba ch\u1ec9: khu ph\u1ed1 [...]","og_url":"https:\/\/xn--trngiaminh-bl3e.azdigi.shop\/?page_id=113","og_site_name":"banhtrang","article_modified_time":"2026-04-18T00:32:22+00:00","twitter_card":"summary_large_image","twitter_misc":{"\u01af\u1edbc t\u00ednh th\u1eddi gian \u0111\u1ecdc":"2 ph\u00fat"},"schema":{"@context":"https:\/\/schema.org","@graph":[{"@type":"WebPage","@id":"https:\/\/xn--trngiaminh-bl3e.azdigi.shop\/?page_id=113","url":"https:\/\/xn--trngiaminh-bl3e.azdigi.shop\/?page_id=113","name":"LI\u00caN H\u1ec6 - banhtrang","isPartOf":{"@id":"https:\/\/xn--trngiaminh-bl3e.azdigi.shop\/#website"},"datePublished":"2026-03-07T20:00:43+00:00","dateModified":"2026-04-18T00:32:22+00:00","breadcrumb":{"@id":"https:\/\/xn--trngiaminh-bl3e.azdigi.shop\/?page_id=113#breadcrumb"},"inLanguage":"vi","potentialAction":[{"@type":"ReadAction","target":["https:\/\/xn--trngiaminh-bl3e.azdigi.shop\/?page_id=113"]}]},{"@type":"BreadcrumbList","@id":"https:\/\/xn--trngiaminh-bl3e.azdigi.shop\/?page_id=113#breadcrumb","itemListElement":[{"@type":"ListItem","position":1,"name":"Trang ch\u1ee7","item":"https:\/\/xn--trngiaminh-bl3e.azdigi.shop\/"},{"@type":"ListItem","position":2,"name":"LI\u00caN H\u1ec6"}]},{"@type":"WebSite","@id":"https:\/\/xn--trngiaminh-bl3e.azdigi.shop\/#website","url":"https:\/\/xn--trngiaminh-bl3e.azdigi.shop\/","name":"banhtrang","description":"Mua \u0110i \u0110\u1eebng Ng\u1ea1i","potentialAction":[{"@type":"SearchAction","target":{"@type":"EntryPoint","urlTemplate":"https:\/\/xn--trngiaminh-bl3e.azdigi.shop\/?s={search_term_string}"},"query-input":{"@type":"PropertyValueSpecification","valueRequired":true,"valueName":"search_term_string"}}],"inLanguage":"vi"}]}},"_links":{"self":[{"href":"https:\/\/xn--trngiaminh-bl3e.azdigi.shop\/index.php?rest_route=\/wp\/v2\/pages\/113","targetHints":{"allow":["GET"]}}],"collection":[{"href":"https:\/\/xn--trngiaminh-bl3e.azdigi.shop\/index.php?rest_route=\/wp\/v2\/pages"}],"about":[{"href":"https:\/\/xn--trngiaminh-bl3e.azdigi.shop\/index.php?rest_route=\/wp\/v2\/types\/page"}],"author":[{"embeddable":true,"href":"https:\/\/xn--trngiaminh-bl3e.azdigi.shop\/index.php?rest_route=\/wp\/v2\/users\/1"}],"replies":[{"embeddable":true,"href":"https:\/\/xn--trngiaminh-bl3e.azdigi.shop\/index.php?rest_route=%2Fwp%2Fv2%2Fcomments&post=113"}],"version-history":[{"count":2,"href":"https:\/\/xn--trngiaminh-bl3e.azdigi.shop\/index.php?rest_route=\/wp\/v2\/pages\/113\/revisions"}],"predecessor-version":[{"id":690,"href":"https:\/\/xn--trngiaminh-bl3e.azdigi.shop\/index.php?rest_route=\/wp\/v2\/pages\/113\/revisions\/690"}],"wp:attachment":[{"href":"https:\/\/xn--trngiaminh-bl3e.azdigi.shop\/index.php?rest_route=%2Fwp%2Fv2%2Fmedia&parent=113"}],"curies":[{"name":"wp","href":"https:\/\/api.w.org\/{rel}","templated":true}]}}