{"id":111,"date":"2026-03-07T20:00:25","date_gmt":"2026-03-07T20:00:25","guid":{"rendered":"http:\/\/localhost\/banhtrang\/?page_id=111"},"modified":"2026-04-23T17:55:37","modified_gmt":"2026-04-23T17:55:37","slug":"dat-hang","status":"publish","type":"page","link":"https:\/\/xn--trngiaminh-bl3e.azdigi.shop\/?page_id=111","title":{"rendered":"\u0110\u1eb6T H\u00c0NG"},"content":{"rendered":"<h2 data-section-id=\"uncggc\" data-start=\"246\" data-end=\"270\">\ud83d\udccc H\u01b0\u1edbng d\u1eabn \u0111\u1eb7t h\u00e0ng<\/h2>\r\n<h3 data-section-id=\"1jqy3m3\" data-start=\"272\" data-end=\"297\">1. Nh\u1eafn tin tr\u1ef1c ti\u1ebfp<\/h3>\r\n<p data-start=\"298\" data-end=\"334\">Inbox qua Facebook ho\u1eb7c Zalo v\u00e0 g\u1eedi:<\/p>\r\n<ul data-start=\"335\" data-end=\"386\">\r\n<li data-section-id=\"11onkey\" data-start=\"335\" data-end=\"351\">T\u00ean s\u1ea3n ph\u1ea9m<\/li>\r\n<li data-section-id=\"jy8au4\" data-start=\"352\" data-end=\"364\">S\u1ed1 l\u01b0\u1ee3ng<\/li>\r\n<li data-section-id=\"1oki39w\" data-start=\"365\" data-end=\"386\">\u0110\u1ecba ch\u1ec9 nh\u1eadn h\u00e0ng<\/li>\r\n<\/ul>\r\n<p data-start=\"388\" data-end=\"459\">\ud83d\udc49 Nh\u00e2n vi\u00ean s\u1ebd ki\u1ec3m tra v\u00e0 x\u00e1c nh\u1eadn \u0111\u01a1n ngay trong th\u1eddi gian s\u1edbm nh\u1ea5t.<\/p>\r\n<h3 data-section-id=\"1aujg5g\" data-start=\"466\" data-end=\"484\">2. G\u1ecdi hotline<\/h3>\r\n<p data-start=\"485\" data-end=\"506\">\ud83d\udcde <b>08377504038<\/b><\/p>\r\n<p data-start=\"508\" data-end=\"594\">\ud83d\udc49 Ph\u00f9 h\u1ee3p khi c\u1ea7n \u0111\u1eb7t nhanh ho\u1eb7c c\u1ea7n t\u01b0 v\u1ea5n th\u00eam v\u1ec1 s\u1ea3n ph\u1ea9m, combo, \u0111\u1ed9 cay, topping\u2026<\/p>\r\n<h3 data-section-id=\"3c391b\" data-start=\"601\" data-end=\"625\">3. \u0110\u1eb7t qua b\u00ecnh lu\u1eadn<\/h3>\r\n<p data-start=\"626\" data-end=\"717\">B\u1ea1n c\u00f3 th\u1ec3 comment tr\u1ef1c ti\u1ebfp d\u01b0\u1edbi b\u00e0i vi\u1ebft theo m\u1eabu:<br data-start=\"678\" data-end=\"681\" \/>\ud83d\udc49 <em data-start=\"684\" data-end=\"715\">T\u00ean s\u1ea3n ph\u1ea9m + S\u1ed1 l\u01b0\u1ee3ng + S\u0110T<\/em><\/p>\r\n<p data-start=\"719\" data-end=\"780\">\ud83d\udc49 Nh\u00e2n vi\u00ean s\u1ebd ch\u1ee7 \u0111\u1ed9ng li\u00ean h\u1ec7 l\u1ea1i \u0111\u1ec3 x\u00e1c nh\u1eadn v\u00e0 ch\u1ed1t \u0111\u01a1n.<\/p>\r\n<h2 data-section-id=\"be63ay\" data-start=\"787\" data-end=\"813\">\ud83d\ude9a Ch\u00ednh s\u00e1ch giao h\u00e0ng<\/h2>\r\n<ul data-start=\"815\" data-end=\"953\">\r\n<li data-section-id=\"1cjr5r2\" data-start=\"815\" data-end=\"847\">Khu v\u1ef1c g\u1ea7n: giao trong ng\u00e0y<\/li>\r\n<li data-section-id=\"17fxdte\" data-start=\"848\" data-end=\"885\">To\u00e0n qu\u1ed1c: 2 \u2013 4 ng\u00e0y t\u00f9y khu v\u1ef1c<\/li>\r\n<li data-section-id=\"1tzbu5c\" data-start=\"886\" data-end=\"953\">S\u1ea3n ph\u1ea9m \u0111\u01b0\u1ee3c \u0111\u00f3ng g\u00f3i k\u1ef9, \u0111\u1ea3m b\u1ea3o v\u1ec7 sinh v\u00e0 gi\u1eef tr\u1ecdn h\u01b0\u01a1ng v\u1ecb<\/li>\r\n<\/ul>\r\n<h2 data-section-id=\"1pjq2l2\" data-start=\"960\" data-end=\"986\">\ud83d\udcb5 H\u00ecnh th\u1ee9c thanh to\u00e1n<\/h2>\r\n<ul data-start=\"988\" data-end=\"1049\">\r\n<li data-section-id=\"1h8yb0g\" data-start=\"988\" data-end=\"1022\">Thanh to\u00e1n khi nh\u1eadn h\u00e0ng (COD)<\/li>\r\n<li data-section-id=\"iq30qv\" data-start=\"1023\" data-end=\"1049\">Chuy\u1ec3n kho\u1ea3n ng\u00e2n h\u00e0ng<\/li>\r\n<\/ul>\r\n<h2 data-section-id=\"wadxmv\" data-start=\"1056\" data-end=\"1080\">\u26a0\ufe0f L\u01b0u \u00fd khi \u0111\u1eb7t h\u00e0ng<\/h2>\r\n<ul data-start=\"1082\" data-end=\"1250\">\r\n<li data-section-id=\"525wyj\" data-start=\"1082\" data-end=\"1139\">Vui l\u00f2ng ki\u1ec3m tra k\u1ef9 th\u00f4ng tin tr\u01b0\u1edbc khi x\u00e1c nh\u1eadn \u0111\u01a1n<\/li>\r\n<li data-section-id=\"jhjhq3\" data-start=\"1140\" data-end=\"1187\">Gi\u1eef \u0111i\u1ec7n tho\u1ea1i \u0111\u1ec3 shipper li\u00ean h\u1ec7 giao h\u00e0ng<\/li>\r\n<li data-section-id=\"15rtfkc\" data-start=\"1188\" data-end=\"1250\">N\u1ebfu c\u00f3 v\u1ea5n \u0111\u1ec1 v\u1ec1 s\u1ea3n ph\u1ea9m, h\u00e3y li\u00ean h\u1ec7 ngay \u0111\u1ec3 \u0111\u01b0\u1ee3c h\u1ed7 tr\u1ee3<\/li>\r\n<\/ul>\r\n<h2 data-section-id=\"jk1ozc\" data-start=\"1257\" data-end=\"1279\">\ud83d\udd25 \u0110\u1eb7t ngay h\u00f4m nay<\/h2>\r\n<p data-start=\"1281\" data-end=\"1420\">\ud83d\udc49 \u201c\u0102n l\u00e0 ghi\u1ec1n \u2013 kh\u00f4ng ngon kh\u00f4ng l\u1ea5y ti\u1ec1n\u201d<br data-start=\"1325\" data-end=\"1328\" \/>\ud83d\udc49 \u201cB\u00e1nh tr\u00e1ng full topping \u2013 chu\u1ea9n v\u1ecb, gi\u00e1 h\u1ecdc sinh\u201d<br data-start=\"1381\" data-end=\"1384\" \/>\ud83d\udc49 \u201c\u0110\u1eb7t nhanh \u2013 ship li\u1ec1n \u2013 \u0103n li\u1ec1n\u201d<\/p>\r\n<form class=\"margin-bottom-0\" action=\"https:\/\/www.banhtrangthechang.vn\/cart\" method=\"post\" novalidate=\"\">\r\n<div class=\"header-cart\">\r\n<div class=\"alert green-alert section\" role=\"alert\">\r\n<div class=\"title-cart \">\r\n<h1>Gi\u1ecf h\u00e0ng<\/h1>\r\n<p>(Ch\u01b0a c\u00f3 s\u1ea3n ph\u1ea9m n\u00e0o) nh\u1ea5n v\u00e0o\u00a0<a class=\"link text-primary\" title=\"c\u1eeda h\u00e0ng\" href=\"https:\/xn--trngiaminh-bl3e.azdigi.shop\/?page_id=111\">c\u1eeda h\u00e0ng<\/a>\u00a0\u0111\u1ec3 mua h\u00e0ng<\/p>\r\n<\/div>\r\n<\/div>\r\n<\/div>\r\n<div class=\"header-cart-content pl-md-0\">\u00a0<\/div>\r\n<\/form>\r\n<div class=\"bottom-cart px-md-0\">\r\n<div class=\"back-index\">\r\n<div class=\"gift-list\">\r\n<p><label class=\"h5\"><i class=\"fas fa-gift mr-2\"><\/i>\u00a0Si\u00eau \u01afu \u0110\u00e3i<\/label><\/p>\r\n<ul class=\"free-gifts\">\r\n<li class=\"mb-3 \"><span class=\"align-items-baseline \"><span class=\"mb-2\">Nh\u1eadp m\u00e3 GIABAO \u0111\u1ec3 \u0111\u01b0\u1ee3c gi\u1ea3m 5% s\u1ea3n ph\u1ea9m th\u01b0\u01a1ng hi\u1ec7u GIA BAO\u00a0<\/span><\/span><\/li>\r\n<li class=\"mb-3 \"><span class=\"align-items-baseline \"><span class=\"mb-2\">Nh\u1eadp m\u00e3 GIABAO\u00a0\u0111\u1ec3 \u0111\u01b0\u1ee3c gi\u1ea3m 15% t\u1ed5ng gi\u00e1 tr\u1ecb \u0111\u01a1n h\u00e0ng. S\u1ed1 l\u01b0\u1ee3ng c\u00f3 h\u1ea1n\u00a0<\/span><\/span><\/li>\r\n<li class=\"mb-3 \"><span class=\"align-items-baseline \"><span class=\"mb-2\">Nh\u1eadp m\u00e3 GIABAO\u00a0\u0111\u1ec3 \u0111\u01b0\u1ee3c gi\u1ea3m 5% khi mua h\u00e0ng tr\u00ean website\u00a0<\/span><\/span><\/li>\r\n<\/ul>\r\n<\/div>\r\n<\/div>\r\n<\/div>\r\n","protected":false},"excerpt":{"rendered":"<p>\ud83d\udccc H\u01b0\u1edbng d\u1eabn \u0111\u1eb7t h\u00e0ng 1. Nh\u1eafn tin tr\u1ef1c ti\u1ebfp Inbox qua Facebook ho\u1eb7c Zalo v\u00e0 g\u1eedi: T\u00ean s\u1ea3n ph\u1ea9m S\u1ed1 l\u01b0\u1ee3ng \u0110\u1ecba ch\u1ec9 nh\u1eadn h\u00e0ng \ud83d\udc49 Nh\u00e2n vi\u00ean s\u1ebd ki\u1ec3m tra v\u00e0 x\u00e1c nh\u1eadn \u0111\u01a1n ngay trong th\u1eddi gian s\u1edbm nh\u1ea5t. 2. G\u1ecdi hotline \ud83d\udcde 08377504038 \ud83d\udc49 Ph\u00f9 h\u1ee3p khi c\u1ea7n \u0111\u1eb7t nhanh ho\u1eb7c [&#8230;]\n","protected":false},"author":1,"featured_media":0,"parent":0,"menu_order":0,"comment_status":"closed","ping_status":"closed","template":"","meta":{"footnotes":""},"class_list":["post-111","page","type-page","status-publish","hentry"],"yoast_head":"<!-- This site is optimized with the Yoast SEO plugin v27.0 - https:\/\/yoast.com\/product\/yoast-seo-wordpress\/ -->\n<title>\u0110\u1eb6T H\u00c0NG - banhtrang<\/title>\n<meta name=\"robots\" content=\"index, follow, max-snippet:-1, max-image-preview:large, max-video-preview:-1\" \/>\n<link rel=\"canonical\" href=\"https:\/\/xn--trngiaminh-bl3e.azdigi.shop\/?page_id=111\" \/>\n<meta property=\"og:locale\" content=\"vi_VN\" \/>\n<meta property=\"og:type\" content=\"article\" \/>\n<meta property=\"og:title\" content=\"\u0110\u1eb6T H\u00c0NG - banhtrang\" \/>\n<meta property=\"og:description\" content=\"\ud83d\udccc H\u01b0\u1edbng d\u1eabn \u0111\u1eb7t h\u00e0ng 1. Nh\u1eafn tin tr\u1ef1c ti\u1ebfp Inbox qua Facebook ho\u1eb7c Zalo v\u00e0 g\u1eedi: T\u00ean s\u1ea3n ph\u1ea9m S\u1ed1 l\u01b0\u1ee3ng \u0110\u1ecba ch\u1ec9 nh\u1eadn h\u00e0ng \ud83d\udc49 Nh\u00e2n vi\u00ean s\u1ebd ki\u1ec3m tra v\u00e0 x\u00e1c nh\u1eadn \u0111\u01a1n ngay trong th\u1eddi gian s\u1edbm nh\u1ea5t. 2. G\u1ecdi hotline \ud83d\udcde 08377504038 \ud83d\udc49 Ph\u00f9 h\u1ee3p khi c\u1ea7n \u0111\u1eb7t nhanh ho\u1eb7c [...]\" \/>\n<meta property=\"og:url\" content=\"https:\/\/xn--trngiaminh-bl3e.azdigi.shop\/?page_id=111\" \/>\n<meta property=\"og:site_name\" content=\"banhtrang\" \/>\n<meta property=\"article:modified_time\" content=\"2026-04-23T17:55:37+00:00\" \/>\n<meta name=\"twitter:card\" content=\"summary_large_image\" \/>\n<meta name=\"twitter:label1\" content=\"\u01af\u1edbc t\u00ednh th\u1eddi gian \u0111\u1ecdc\" \/>\n\t<meta name=\"twitter:data1\" content=\"2 ph\u00fat\" \/>\n<script type=\"application\/ld+json\" class=\"yoast-schema-graph\">{\"@context\":\"https:\/\/schema.org\",\"@graph\":[{\"@type\":\"WebPage\",\"@id\":\"https:\/\/xn--trngiaminh-bl3e.azdigi.shop\/?page_id=111\",\"url\":\"https:\/\/xn--trngiaminh-bl3e.azdigi.shop\/?page_id=111\",\"name\":\"\u0110\u1eb6T H\u00c0NG - banhtrang\",\"isPartOf\":{\"@id\":\"https:\/\/xn--trngiaminh-bl3e.azdigi.shop\/#website\"},\"datePublished\":\"2026-03-07T20:00:25+00:00\",\"dateModified\":\"2026-04-23T17:55:37+00:00\",\"breadcrumb\":{\"@id\":\"https:\/\/xn--trngiaminh-bl3e.azdigi.shop\/?page_id=111#breadcrumb\"},\"inLanguage\":\"vi\",\"potentialAction\":[{\"@type\":\"ReadAction\",\"target\":[\"https:\/\/xn--trngiaminh-bl3e.azdigi.shop\/?page_id=111\"]}]},{\"@type\":\"BreadcrumbList\",\"@id\":\"https:\/\/xn--trngiaminh-bl3e.azdigi.shop\/?page_id=111#breadcrumb\",\"itemListElement\":[{\"@type\":\"ListItem\",\"position\":1,\"name\":\"Trang ch\u1ee7\",\"item\":\"https:\/\/xn--trngiaminh-bl3e.azdigi.shop\/\"},{\"@type\":\"ListItem\",\"position\":2,\"name\":\"\u0110\u1eb6T H\u00c0NG\"}]},{\"@type\":\"WebSite\",\"@id\":\"https:\/\/xn--trngiaminh-bl3e.azdigi.shop\/#website\",\"url\":\"https:\/\/xn--trngiaminh-bl3e.azdigi.shop\/\",\"name\":\"banhtrang\",\"description\":\"Mua \u0110i \u0110\u1eebng Ng\u1ea1i\",\"potentialAction\":[{\"@type\":\"SearchAction\",\"target\":{\"@type\":\"EntryPoint\",\"urlTemplate\":\"https:\/\/xn--trngiaminh-bl3e.azdigi.shop\/?s={search_term_string}\"},\"query-input\":{\"@type\":\"PropertyValueSpecification\",\"valueRequired\":true,\"valueName\":\"search_term_string\"}}],\"inLanguage\":\"vi\"}]}<\/script>\n<!-- \/ Yoast SEO plugin. -->","yoast_head_json":{"title":"\u0110\u1eb6T H\u00c0NG - banhtrang","robots":{"index":"index","follow":"follow","max-snippet":"max-snippet:-1","max-image-preview":"max-image-preview:large","max-video-preview":"max-video-preview:-1"},"canonical":"https:\/\/xn--trngiaminh-bl3e.azdigi.shop\/?page_id=111","og_locale":"vi_VN","og_type":"article","og_title":"\u0110\u1eb6T H\u00c0NG - banhtrang","og_description":"\ud83d\udccc H\u01b0\u1edbng d\u1eabn \u0111\u1eb7t h\u00e0ng 1. Nh\u1eafn tin tr\u1ef1c ti\u1ebfp Inbox qua Facebook ho\u1eb7c Zalo v\u00e0 g\u1eedi: T\u00ean s\u1ea3n ph\u1ea9m S\u1ed1 l\u01b0\u1ee3ng \u0110\u1ecba ch\u1ec9 nh\u1eadn h\u00e0ng \ud83d\udc49 Nh\u00e2n vi\u00ean s\u1ebd ki\u1ec3m tra v\u00e0 x\u00e1c nh\u1eadn \u0111\u01a1n ngay trong th\u1eddi gian s\u1edbm nh\u1ea5t. 2. G\u1ecdi hotline \ud83d\udcde 08377504038 \ud83d\udc49 Ph\u00f9 h\u1ee3p khi c\u1ea7n \u0111\u1eb7t nhanh ho\u1eb7c [...]","og_url":"https:\/\/xn--trngiaminh-bl3e.azdigi.shop\/?page_id=111","og_site_name":"banhtrang","article_modified_time":"2026-04-23T17:55:37+00:00","twitter_card":"summary_large_image","twitter_misc":{"\u01af\u1edbc t\u00ednh th\u1eddi gian \u0111\u1ecdc":"2 ph\u00fat"},"schema":{"@context":"https:\/\/schema.org","@graph":[{"@type":"WebPage","@id":"https:\/\/xn--trngiaminh-bl3e.azdigi.shop\/?page_id=111","url":"https:\/\/xn--trngiaminh-bl3e.azdigi.shop\/?page_id=111","name":"\u0110\u1eb6T H\u00c0NG - banhtrang","isPartOf":{"@id":"https:\/\/xn--trngiaminh-bl3e.azdigi.shop\/#website"},"datePublished":"2026-03-07T20:00:25+00:00","dateModified":"2026-04-23T17:55:37+00:00","breadcrumb":{"@id":"https:\/\/xn--trngiaminh-bl3e.azdigi.shop\/?page_id=111#breadcrumb"},"inLanguage":"vi","potentialAction":[{"@type":"ReadAction","target":["https:\/\/xn--trngiaminh-bl3e.azdigi.shop\/?page_id=111"]}]},{"@type":"BreadcrumbList","@id":"https:\/\/xn--trngiaminh-bl3e.azdigi.shop\/?page_id=111#breadcrumb","itemListElement":[{"@type":"ListItem","position":1,"name":"Trang ch\u1ee7","item":"https:\/\/xn--trngiaminh-bl3e.azdigi.shop\/"},{"@type":"ListItem","position":2,"name":"\u0110\u1eb6T H\u00c0NG"}]},{"@type":"WebSite","@id":"https:\/\/xn--trngiaminh-bl3e.azdigi.shop\/#website","url":"https:\/\/xn--trngiaminh-bl3e.azdigi.shop\/","name":"banhtrang","description":"Mua \u0110i \u0110\u1eebng Ng\u1ea1i","potentialAction":[{"@type":"SearchAction","target":{"@type":"EntryPoint","urlTemplate":"https:\/\/xn--trngiaminh-bl3e.azdigi.shop\/?s={search_term_string}"},"query-input":{"@type":"PropertyValueSpecification","valueRequired":true,"valueName":"search_term_string"}}],"inLanguage":"vi"}]}},"_links":{"self":[{"href":"https:\/\/xn--trngiaminh-bl3e.azdigi.shop\/index.php?rest_route=\/wp\/v2\/pages\/111","targetHints":{"allow":["GET"]}}],"collection":[{"href":"https:\/\/xn--trngiaminh-bl3e.azdigi.shop\/index.php?rest_route=\/wp\/v2\/pages"}],"about":[{"href":"https:\/\/xn--trngiaminh-bl3e.azdigi.shop\/index.php?rest_route=\/wp\/v2\/types\/page"}],"author":[{"embeddable":true,"href":"https:\/\/xn--trngiaminh-bl3e.azdigi.shop\/index.php?rest_route=\/wp\/v2\/users\/1"}],"replies":[{"embeddable":true,"href":"https:\/\/xn--trngiaminh-bl3e.azdigi.shop\/index.php?rest_route=%2Fwp%2Fv2%2Fcomments&post=111"}],"version-history":[{"count":5,"href":"https:\/\/xn--trngiaminh-bl3e.azdigi.shop\/index.php?rest_route=\/wp\/v2\/pages\/111\/revisions"}],"predecessor-version":[{"id":1258,"href":"https:\/\/xn--trngiaminh-bl3e.azdigi.shop\/index.php?rest_route=\/wp\/v2\/pages\/111\/revisions\/1258"}],"wp:attachment":[{"href":"https:\/\/xn--trngiaminh-bl3e.azdigi.shop\/index.php?rest_route=%2Fwp%2Fv2%2Fmedia&parent=111"}],"curies":[{"name":"wp","href":"https:\/\/api.w.org\/{rel}","templated":true}]}}