{"id":101,"date":"2026-03-07T19:55:00","date_gmt":"2026-03-07T19:55:00","guid":{"rendered":"http:\/\/localhost\/banhtrang\/?page_id=101"},"modified":"2026-04-18T00:02:16","modified_gmt":"2026-04-18T00:02:16","slug":"gioi","status":"publish","type":"page","link":"https:\/\/xn--trngiaminh-bl3e.azdigi.shop\/?page_id=101","title":{"rendered":"GI\u1edaI THI\u1ec6U"},"content":{"rendered":"<h1 data-section-id=\"jwoe4g\" data-start=\"70\" data-end=\"127\">Trinh Ph\u1ee5c \u01af\u1edbc M\u01a1 \u2013 Gi\u1edbi Thi\u1ec7u V\u1ec1 B\u00e1nh Tr\u00e1ng Gia B\u1ea3o<\/h1>\r\n<p data-start=\"129\" data-end=\"370\"><strong data-start=\"129\" data-end=\"151\">B\u00e1nh tr\u00e1ng Gia B\u1ea3o<\/strong> l\u00e0 m\u1ed9t th\u01b0\u01a1ng hi\u1ec7u \u0111\u00e3 kh\u1eb3ng \u0111\u1ecbnh \u0111\u01b0\u1ee3c v\u1ecb th\u1ebf tr\u00ean th\u1ecb tr\u01b0\u1eddng \u1ea9m th\u1ef1c Vi\u1ec7t Nam. T\u1eeb m\u1ed9t c\u1eeda h\u00e0ng nh\u1ecf l\u1ebb, th\u01b0\u01a1ng hi\u1ec7u n\u00e0y \u0111\u00e3 ph\u00e1t tri\u1ec3n m\u1ea1nh m\u1ebd, mang \u0111\u1ebfn h\u01a1n <strong data-start=\"307\" data-end=\"349\">100 s\u1ea3n ph\u1ea9m b\u00e1nh tr\u00e1ng ch\u1ea5t l\u01b0\u1ee3ng cao<\/strong> cho ng\u01b0\u1eddi ti\u00eau d\u00f9ng.<\/p>\r\n<h2 data-section-id=\"1kd8nrs\" data-start=\"377\" data-end=\"401\">\ud83c\udf31 Kh\u1edfi \u0111\u1ea7u khi\u00eam t\u1ed1n<\/h2>\r\n<p data-start=\"403\" data-end=\"525\">C\u00e2u chuy\u1ec7n b\u1eaft \u0111\u1ea7u t\u1eeb m\u1ed9t c\u1eeda h\u00e0ng nh\u1ecf, n\u01a1i t\u1eebng chi\u1ebfc b\u00e1nh tr\u00e1ng \u0111\u01b0\u1ee3c l\u00e0m th\u1ee7 c\u00f4ng v\u1edbi s\u1ef1 t\u00e2m huy\u1ebft c\u1ee7a ng\u01b0\u1eddi s\u00e1ng l\u1eadp.<\/p>\r\n<p data-start=\"527\" data-end=\"626\">Nh\u1edd ch\u1ea5t l\u01b0\u1ee3ng ngon, an to\u00e0n v\u00e0 h\u1ee3p kh\u1ea9u v\u1ecb, c\u1eeda h\u00e0ng d\u1ea7n \u0111\u01b0\u1ee3c nhi\u1ec1u kh\u00e1ch h\u00e0ng bi\u1ebft \u0111\u1ebfn v\u00e0 \u1ee7ng h\u1ed9.<\/p>\r\n<h2 data-section-id=\"11tszg1\" data-start=\"633\" data-end=\"660\">\ud83d\ude80 Ph\u00e1t tri\u1ec3n v\u00e0 m\u1edf r\u1ed9ng<\/h2>\r\n<p data-start=\"662\" data-end=\"699\">Sau nhi\u1ec1u n\u0103m, B\u00e1nh tr\u00e1ng Gia B\u1ea3o \u0111\u00e3:<\/p>\r\n<ul data-start=\"700\" data-end=\"808\">\r\n<li data-section-id=\"10rth4k\" data-start=\"700\" data-end=\"729\">M\u1edf r\u1ed9ng quy m\u00f4 kinh doanh<\/li>\r\n<li data-section-id=\"p4e0ep\" data-start=\"730\" data-end=\"769\">\u0110a d\u1ea1ng h\u00f3a s\u1ea3n ph\u1ea9m (h\u01a1n 100 lo\u1ea1i)<\/li>\r\n<li data-section-id=\"1esc3ld\" data-start=\"770\" data-end=\"808\">Ph\u1ee5c v\u1ee5 nhi\u1ec1u \u0111\u1ed1i t\u01b0\u1ee3ng kh\u00e1ch h\u00e0ng<\/li>\r\n<\/ul>\r\n<p data-start=\"810\" data-end=\"915\">T\u1ea5t c\u1ea3 s\u1ea3n ph\u1ea9m \u0111\u1ec1u s\u1eed d\u1ee5ng <strong data-start=\"838\" data-end=\"865\">nguy\u00ean li\u1ec7u ch\u1ecdn l\u1ecdc k\u1ef9<\/strong>, \u0111\u1ea3m b\u1ea3o ch\u1ea5t l\u01b0\u1ee3ng v\u00e0 v\u1ec7 sinh an to\u00e0n th\u1ef1c ph\u1ea9m.<\/p>\r\n<h2 data-section-id=\"1uoqqp\" data-start=\"922\" data-end=\"943\">\ud83c\udfed Quy m\u00f4 hi\u1ec7n \u0111\u1ea1i<\/h2>\r\n<p data-start=\"945\" data-end=\"974\">Hi\u1ec7n t\u1ea1i, th\u01b0\u01a1ng hi\u1ec7u s\u1edf h\u1eefu:<\/p>\r\n<ul data-start=\"975\" data-end=\"1104\">\r\n<li data-section-id=\"re7ked\" data-start=\"975\" data-end=\"1005\">Nh\u00e0 kho r\u1ed9ng r\u00e3i, hi\u1ec7n \u0111\u1ea1i<\/li>\r\n<li data-section-id=\"1jxkef0\" data-start=\"1006\" data-end=\"1054\">H\u1ec7 th\u1ed1ng l\u01b0u tr\u1eef \u0111\u1ea3m b\u1ea3o ch\u1ea5t l\u01b0\u1ee3ng s\u1ea3n ph\u1ea9m<\/li>\r\n<li data-section-id=\"uuq1id\" data-start=\"1055\" data-end=\"1104\">\u0110\u1ed9i ng\u0169 kho\u1ea3ng <strong data-start=\"1072\" data-end=\"1102\">60 nh\u00e2n vi\u00ean chuy\u00ean nghi\u1ec7p<\/strong><\/li>\r\n<\/ul>\r\n<p data-start=\"1106\" data-end=\"1164\">Nh\u1edd \u0111\u00f3, s\u1ea3n ph\u1ea9m lu\u00f4n \u1ed5n \u0111\u1ecbnh v\u1ec1 ngu\u1ed3n cung v\u00e0 ch\u1ea5t l\u01b0\u1ee3ng.<\/p>\r\n<h2 data-section-id=\"1ohmqyn\" data-start=\"1171\" data-end=\"1201\">\u2699\ufe0f Trang thi\u1ebft b\u1ecb ti\u00ean ti\u1ebfn<\/h2>\r\n<p data-start=\"1203\" data-end=\"1236\">B\u00e1nh tr\u00e1ng Gia B\u1ea3o \u0111\u00e3 \u0111\u1ea7u t\u01b0 v\u00e0o:<\/p>\r\n<ul data-start=\"1237\" data-end=\"1304\">\r\n<li data-section-id=\"sv88b5\" data-start=\"1237\" data-end=\"1257\">M\u00e1y m\u00f3c hi\u1ec7n \u0111\u1ea1i<\/li>\r\n<li data-section-id=\"1ooa0g1\" data-start=\"1258\" data-end=\"1304\">Quy tr\u00ecnh s\u1ea3n xu\u1ea5t \u0111\u01b0\u1ee3c ki\u1ec3m so\u00e1t ch\u1eb7t ch\u1ebd<\/li>\r\n<\/ul>\r\n<p data-start=\"1306\" data-end=\"1378\">\ud83d\udc49 Gi\u00fap t\u0103ng n\u0103ng su\u1ea5t v\u00e0 \u0111\u1ea3m b\u1ea3o s\u1ea3n ph\u1ea9m \u0111\u1ed3ng \u0111\u1ec1u, \u0111\u1ea1t ti\u00eau chu\u1ea9n cao.<\/p>\r\n<h2 data-section-id=\"1ebkodg\" data-start=\"1385\" data-end=\"1408\">\ud83c\udfc6 Kh\u1eb3ng \u0111\u1ecbnh v\u1ecb th\u1ebf<\/h2>\r\n<p data-start=\"1410\" data-end=\"1434\">Th\u01b0\u01a1ng hi\u1ec7u kh\u00f4ng ng\u1eebng:<\/p>\r\n<ul data-start=\"1435\" data-end=\"1499\">\r\n<li data-section-id=\"1uy1v3j\" data-start=\"1435\" data-end=\"1456\">C\u1ea3i ti\u1ebfn s\u1ea3n ph\u1ea9m<\/li>\r\n<li data-section-id=\"10wuhng\" data-start=\"1457\" data-end=\"1499\">K\u1ebft h\u1ee3p gi\u1eefa truy\u1ec1n th\u1ed1ng v\u00e0 c\u00f4ng ngh\u1ec7<\/li>\r\n<\/ul>\r\n<p data-start=\"1501\" data-end=\"1592\">V\u1edbi ph\u01b0\u01a1ng ch\u00e2m: <strong data-start=\"1518\" data-end=\"1545\">\u201cCh\u1ea5t l\u01b0\u1ee3ng l\u00e0 danh d\u1ef1\u201d<\/strong>, B\u00e1nh tr\u00e1ng Gia B\u1ea3o cam k\u1ebft mang \u0111\u1ebfn s\u1ea3n ph\u1ea9m:<\/p>\r\n<ul data-start=\"1593\" data-end=\"1632\">\r\n<li data-section-id=\"1sw3w9s\" data-start=\"1593\" data-end=\"1601\">Ngon<\/li>\r\n<li data-section-id=\"82wq2a\" data-start=\"1602\" data-end=\"1613\">An to\u00e0n<\/li>\r\n<li data-section-id=\"16xv8yx\" data-start=\"1614\" data-end=\"1632\">Ch\u1ea5t l\u01b0\u1ee3ng cao<\/li>\r\n<\/ul>\r\n<h2 data-section-id=\"qk13u6\" data-start=\"1639\" data-end=\"1653\">\ud83d\udccc K\u1ebft lu\u1eadn<\/h2>\r\n<p data-start=\"1655\" data-end=\"1738\">T\u1eeb m\u1ed9t kh\u1edfi \u0111\u1ea7u nh\u1ecf, B\u00e1nh tr\u00e1ng Gia B\u1ea3o \u0111\u00e3 v\u01b0\u01a1n l\u00ean tr\u1edf th\u00e0nh th\u01b0\u01a1ng hi\u1ec7u uy t\u00edn.<\/p>\r\n<p data-start=\"1740\" data-end=\"1873\">Trong t\u01b0\u01a1ng lai, th\u01b0\u01a1ng hi\u1ec7u ti\u1ebfp t\u1ee5c ph\u00e1t tri\u1ec3n v\u00e0 m\u1edf r\u1ed9ng \u0111\u1ec3 kh\u1eb3ng \u0111\u1ecbnh v\u1ecb th\u1ebf kh\u00f4ng ch\u1ec9 trong n\u01b0\u1edbc m\u00e0 c\u00f2n tr\u00ean th\u1ecb tr\u01b0\u1eddng qu\u1ed1c t\u1ebf.<\/p>\r\n","protected":false},"excerpt":{"rendered":"<p>Trinh Ph\u1ee5c \u01af\u1edbc M\u01a1 \u2013 Gi\u1edbi Thi\u1ec7u V\u1ec1 B\u00e1nh Tr\u00e1ng Gia B\u1ea3o B\u00e1nh tr\u00e1ng Gia B\u1ea3o l\u00e0 m\u1ed9t th\u01b0\u01a1ng hi\u1ec7u \u0111\u00e3 kh\u1eb3ng \u0111\u1ecbnh \u0111\u01b0\u1ee3c v\u1ecb th\u1ebf tr\u00ean th\u1ecb tr\u01b0\u1eddng \u1ea9m th\u1ef1c Vi\u1ec7t Nam. T\u1eeb m\u1ed9t c\u1eeda h\u00e0ng nh\u1ecf l\u1ebb, th\u01b0\u01a1ng hi\u1ec7u n\u00e0y \u0111\u00e3 ph\u00e1t tri\u1ec3n m\u1ea1nh m\u1ebd, mang \u0111\u1ebfn h\u01a1n 100 s\u1ea3n ph\u1ea9m b\u00e1nh tr\u00e1ng [&#8230;]\n","protected":false},"author":1,"featured_media":0,"parent":0,"menu_order":0,"comment_status":"closed","ping_status":"closed","template":"","meta":{"footnotes":""},"class_list":["post-101","page","type-page","status-publish","hentry"],"yoast_head":"<!-- This site is optimized with the Yoast SEO plugin v27.0 - https:\/\/yoast.com\/product\/yoast-seo-wordpress\/ -->\n<title>GI\u1edaI THI\u1ec6U - banhtrang<\/title>\n<meta name=\"robots\" content=\"index, follow, max-snippet:-1, max-image-preview:large, max-video-preview:-1\" \/>\n<link rel=\"canonical\" href=\"https:\/\/xn--trngiaminh-bl3e.azdigi.shop\/?page_id=101\" \/>\n<meta property=\"og:locale\" content=\"vi_VN\" \/>\n<meta property=\"og:type\" content=\"article\" \/>\n<meta property=\"og:title\" content=\"GI\u1edaI THI\u1ec6U - banhtrang\" \/>\n<meta property=\"og:description\" content=\"Trinh Ph\u1ee5c \u01af\u1edbc M\u01a1 \u2013 Gi\u1edbi Thi\u1ec7u V\u1ec1 B\u00e1nh Tr\u00e1ng Gia B\u1ea3o B\u00e1nh tr\u00e1ng Gia B\u1ea3o l\u00e0 m\u1ed9t th\u01b0\u01a1ng hi\u1ec7u \u0111\u00e3 kh\u1eb3ng \u0111\u1ecbnh \u0111\u01b0\u1ee3c v\u1ecb th\u1ebf tr\u00ean th\u1ecb tr\u01b0\u1eddng \u1ea9m th\u1ef1c Vi\u1ec7t Nam. T\u1eeb m\u1ed9t c\u1eeda h\u00e0ng nh\u1ecf l\u1ebb, th\u01b0\u01a1ng hi\u1ec7u n\u00e0y \u0111\u00e3 ph\u00e1t tri\u1ec3n m\u1ea1nh m\u1ebd, mang \u0111\u1ebfn h\u01a1n 100 s\u1ea3n ph\u1ea9m b\u00e1nh tr\u00e1ng [...]\" \/>\n<meta property=\"og:url\" content=\"https:\/\/xn--trngiaminh-bl3e.azdigi.shop\/?page_id=101\" \/>\n<meta property=\"og:site_name\" content=\"banhtrang\" \/>\n<meta property=\"article:modified_time\" content=\"2026-04-18T00:02:16+00:00\" \/>\n<meta name=\"twitter:card\" content=\"summary_large_image\" \/>\n<meta name=\"twitter:label1\" content=\"\u01af\u1edbc t\u00ednh th\u1eddi gian \u0111\u1ecdc\" \/>\n\t<meta name=\"twitter:data1\" content=\"2 ph\u00fat\" \/>\n<script type=\"application\/ld+json\" class=\"yoast-schema-graph\">{\"@context\":\"https:\/\/schema.org\",\"@graph\":[{\"@type\":\"WebPage\",\"@id\":\"https:\/\/xn--trngiaminh-bl3e.azdigi.shop\/?page_id=101\",\"url\":\"https:\/\/xn--trngiaminh-bl3e.azdigi.shop\/?page_id=101\",\"name\":\"GI\u1edaI THI\u1ec6U - banhtrang\",\"isPartOf\":{\"@id\":\"https:\/\/xn--trngiaminh-bl3e.azdigi.shop\/#website\"},\"datePublished\":\"2026-03-07T19:55:00+00:00\",\"dateModified\":\"2026-04-18T00:02:16+00:00\",\"breadcrumb\":{\"@id\":\"https:\/\/xn--trngiaminh-bl3e.azdigi.shop\/?page_id=101#breadcrumb\"},\"inLanguage\":\"vi\",\"potentialAction\":[{\"@type\":\"ReadAction\",\"target\":[\"https:\/\/xn--trngiaminh-bl3e.azdigi.shop\/?page_id=101\"]}]},{\"@type\":\"BreadcrumbList\",\"@id\":\"https:\/\/xn--trngiaminh-bl3e.azdigi.shop\/?page_id=101#breadcrumb\",\"itemListElement\":[{\"@type\":\"ListItem\",\"position\":1,\"name\":\"Trang ch\u1ee7\",\"item\":\"https:\/\/xn--trngiaminh-bl3e.azdigi.shop\/\"},{\"@type\":\"ListItem\",\"position\":2,\"name\":\"GI\u1edaI THI\u1ec6U\"}]},{\"@type\":\"WebSite\",\"@id\":\"https:\/\/xn--trngiaminh-bl3e.azdigi.shop\/#website\",\"url\":\"https:\/\/xn--trngiaminh-bl3e.azdigi.shop\/\",\"name\":\"banhtrang\",\"description\":\"Mua \u0110i \u0110\u1eebng Ng\u1ea1i\",\"potentialAction\":[{\"@type\":\"SearchAction\",\"target\":{\"@type\":\"EntryPoint\",\"urlTemplate\":\"https:\/\/xn--trngiaminh-bl3e.azdigi.shop\/?s={search_term_string}\"},\"query-input\":{\"@type\":\"PropertyValueSpecification\",\"valueRequired\":true,\"valueName\":\"search_term_string\"}}],\"inLanguage\":\"vi\"}]}<\/script>\n<!-- \/ Yoast SEO plugin. -->","yoast_head_json":{"title":"GI\u1edaI THI\u1ec6U - banhtrang","robots":{"index":"index","follow":"follow","max-snippet":"max-snippet:-1","max-image-preview":"max-image-preview:large","max-video-preview":"max-video-preview:-1"},"canonical":"https:\/\/xn--trngiaminh-bl3e.azdigi.shop\/?page_id=101","og_locale":"vi_VN","og_type":"article","og_title":"GI\u1edaI THI\u1ec6U - banhtrang","og_description":"Trinh Ph\u1ee5c \u01af\u1edbc M\u01a1 \u2013 Gi\u1edbi Thi\u1ec7u V\u1ec1 B\u00e1nh Tr\u00e1ng Gia B\u1ea3o B\u00e1nh tr\u00e1ng Gia B\u1ea3o l\u00e0 m\u1ed9t th\u01b0\u01a1ng hi\u1ec7u \u0111\u00e3 kh\u1eb3ng \u0111\u1ecbnh \u0111\u01b0\u1ee3c v\u1ecb th\u1ebf tr\u00ean th\u1ecb tr\u01b0\u1eddng \u1ea9m th\u1ef1c Vi\u1ec7t Nam. T\u1eeb m\u1ed9t c\u1eeda h\u00e0ng nh\u1ecf l\u1ebb, th\u01b0\u01a1ng hi\u1ec7u n\u00e0y \u0111\u00e3 ph\u00e1t tri\u1ec3n m\u1ea1nh m\u1ebd, mang \u0111\u1ebfn h\u01a1n 100 s\u1ea3n ph\u1ea9m b\u00e1nh tr\u00e1ng [...]","og_url":"https:\/\/xn--trngiaminh-bl3e.azdigi.shop\/?page_id=101","og_site_name":"banhtrang","article_modified_time":"2026-04-18T00:02:16+00:00","twitter_card":"summary_large_image","twitter_misc":{"\u01af\u1edbc t\u00ednh th\u1eddi gian \u0111\u1ecdc":"2 ph\u00fat"},"schema":{"@context":"https:\/\/schema.org","@graph":[{"@type":"WebPage","@id":"https:\/\/xn--trngiaminh-bl3e.azdigi.shop\/?page_id=101","url":"https:\/\/xn--trngiaminh-bl3e.azdigi.shop\/?page_id=101","name":"GI\u1edaI THI\u1ec6U - banhtrang","isPartOf":{"@id":"https:\/\/xn--trngiaminh-bl3e.azdigi.shop\/#website"},"datePublished":"2026-03-07T19:55:00+00:00","dateModified":"2026-04-18T00:02:16+00:00","breadcrumb":{"@id":"https:\/\/xn--trngiaminh-bl3e.azdigi.shop\/?page_id=101#breadcrumb"},"inLanguage":"vi","potentialAction":[{"@type":"ReadAction","target":["https:\/\/xn--trngiaminh-bl3e.azdigi.shop\/?page_id=101"]}]},{"@type":"BreadcrumbList","@id":"https:\/\/xn--trngiaminh-bl3e.azdigi.shop\/?page_id=101#breadcrumb","itemListElement":[{"@type":"ListItem","position":1,"name":"Trang ch\u1ee7","item":"https:\/\/xn--trngiaminh-bl3e.azdigi.shop\/"},{"@type":"ListItem","position":2,"name":"GI\u1edaI THI\u1ec6U"}]},{"@type":"WebSite","@id":"https:\/\/xn--trngiaminh-bl3e.azdigi.shop\/#website","url":"https:\/\/xn--trngiaminh-bl3e.azdigi.shop\/","name":"banhtrang","description":"Mua \u0110i \u0110\u1eebng Ng\u1ea1i","potentialAction":[{"@type":"SearchAction","target":{"@type":"EntryPoint","urlTemplate":"https:\/\/xn--trngiaminh-bl3e.azdigi.shop\/?s={search_term_string}"},"query-input":{"@type":"PropertyValueSpecification","valueRequired":true,"valueName":"search_term_string"}}],"inLanguage":"vi"}]}},"_links":{"self":[{"href":"https:\/\/xn--trngiaminh-bl3e.azdigi.shop\/index.php?rest_route=\/wp\/v2\/pages\/101","targetHints":{"allow":["GET"]}}],"collection":[{"href":"https:\/\/xn--trngiaminh-bl3e.azdigi.shop\/index.php?rest_route=\/wp\/v2\/pages"}],"about":[{"href":"https:\/\/xn--trngiaminh-bl3e.azdigi.shop\/index.php?rest_route=\/wp\/v2\/types\/page"}],"author":[{"embeddable":true,"href":"https:\/\/xn--trngiaminh-bl3e.azdigi.shop\/index.php?rest_route=\/wp\/v2\/users\/1"}],"replies":[{"embeddable":true,"href":"https:\/\/xn--trngiaminh-bl3e.azdigi.shop\/index.php?rest_route=%2Fwp%2Fv2%2Fcomments&post=101"}],"version-history":[{"count":5,"href":"https:\/\/xn--trngiaminh-bl3e.azdigi.shop\/index.php?rest_route=\/wp\/v2\/pages\/101\/revisions"}],"predecessor-version":[{"id":683,"href":"https:\/\/xn--trngiaminh-bl3e.azdigi.shop\/index.php?rest_route=\/wp\/v2\/pages\/101\/revisions\/683"}],"wp:attachment":[{"href":"https:\/\/xn--trngiaminh-bl3e.azdigi.shop\/index.php?rest_route=%2Fwp%2Fv2%2Fmedia&parent=101"}],"curies":[{"name":"wp","href":"https:\/\/api.w.org\/{rel}","templated":true}]}}